{"id":3,"date":"2022-01-17T13:05:13","date_gmt":"2022-01-17T12:05:13","guid":{"rendered":"https:\/\/pmza.sk\/?page_id=3"},"modified":"2022-02-19T16:57:06","modified_gmt":"2022-02-19T15:57:06","slug":"ochrana-sukromia","status":"publish","type":"page","link":"https:\/\/pmza.sk\/?page_id=3","title":{"rendered":"Z\u00e1sady ochrany osobn\u00fdch \u00fadajov"},"content":{"rendered":"<div class=\"cli_pg_page_contaner\">\n<h3>O t\u00fdchto z\u00e1sad\u00e1ch pou\u017e\u00edvania s\u00faborov cookie<\/h3>\n<div>Tieto Z\u00e1sady pou\u017e\u00edvania s\u00faborov cookie vysvet\u013euj\u00fa, \u010do s\u00fa s\u00fabory cookie a ako ich pou\u017e\u00edvame, typy s\u00faborov cookie, ktor\u00e9 pou\u017e\u00edvame, t. j. inform\u00e1cie, ktor\u00e9 zhroma\u017e\u010fujeme pomocou s\u00faborov cookie a ako sa tieto inform\u00e1cie pou\u017e\u00edvaj\u00fa, a ako ovl\u00e1da\u0165 preferencie s\u00faborov cookie. \u010eal\u0161ie inform\u00e1cie o tom, ako pou\u017e\u00edvame, uchov\u00e1vame a uchov\u00e1vame va\u0161e osobn\u00e9 \u00fadaje v bezpe\u010d\u00ed, n\u00e1jdete v na\u0161ich Z\u00e1sad\u00e1ch ochrany osobn\u00fdch \u00fadajov. Svoj s\u00fahlas s vyhl\u00e1sen\u00edm o s\u00faboroch cookie na na\u0161ej webovej lokalite m\u00f4\u017eete kedyko\u013evek zmeni\u0165 alebo odvola\u0165 Zistite viac o tom, kto sme, ako n\u00e1s m\u00f4\u017eete kontaktova\u0165 a ako sprac\u00favame osobn\u00e9 \u00fadaje v na\u0161ich Z\u00e1sad\u00e1ch ochrany osobn\u00fdch \u00fadajov. V\u00e1\u0161 s\u00fahlas sa vz\u0165ahuje na nasleduj\u00face dom\u00e9ny: msdedinska.zilina.sk<\/div>\n<h3>\u010co s\u00fa cookies?<\/h3>\n<div>Cookies s\u00fa mal\u00e9 textov\u00e9 s\u00fabory, ktor\u00e9 sa pou\u017e\u00edvaj\u00fa na ukladanie mal\u00fdch k\u00faskov inform\u00e1ci\u00ed. S\u00fa ulo\u017een\u00e9 vo va\u0161om zariaden\u00ed, ke\u010f sa webov\u00e1 str\u00e1nka na\u010d\u00edta do v\u00e1\u0161ho prehliada\u010da. Tieto s\u00fabory cookie n\u00e1m pom\u00e1haj\u00fa spr\u00e1vne fungova\u0165, zvy\u0161ova\u0165 bezpe\u010dnos\u0165, poskytova\u0165 lep\u0161iu pou\u017e\u00edvate\u013esk\u00fa sk\u00fasenos\u0165 a porozumie\u0165 tomu, ako webov\u00e1 str\u00e1nka funguje, a analyzova\u0165, \u010do funguje a kde je potrebn\u00e9 zlep\u0161i\u0165.<\/div>\n<h3>Ako pou\u017e\u00edvame cookies?<\/h3>\n<div>Ako v\u00e4\u010d\u0161ina online slu\u017eieb, aj na\u0161a webov\u00e1 str\u00e1nka pou\u017e\u00edva cookies prvej a tretej strany na nieko\u013eko \u00fa\u010delov. S\u00fabory cookie prvej strany s\u00fa v\u00e4\u010d\u0161inou potrebn\u00e9 na spr\u00e1vne fungovanie webovej lokality a nezhroma\u017e\u010fuj\u00fa \u017eiadne va\u0161e osobne identifikovate\u013en\u00e9 \u00fadaje. S\u00fabory cookie tret\u00edch str\u00e1n pou\u017e\u00edvan\u00e9 na na\u0161ej webovej lokalite sl\u00fa\u017eia najm\u00e4 na pochopenie toho, ako webov\u00e1 lokalita funguje, ako s \u0148ou komunikujete. na\u0161u webov\u00fa str\u00e1nku, udr\u017eiavanie na\u0161ich slu\u017eieb v bezpe\u010d\u00ed, poskytovanie rekl\u00e1m, ktor\u00e9 s\u00fa pre v\u00e1s relevantn\u00e9, a to v\u0161etko v\u00e1m poskytuje lep\u0161iu a vylep\u0161en\u00fa pou\u017e\u00edvate\u013esk\u00fa sk\u00fasenos\u0165 a pom\u00e1ha ur\u00fdchli\u0165 va\u0161u bud\u00facu interakciu s na\u0161ou webovou str\u00e1nkou.<\/div>\n<h3>Ak\u00e9 typy cookies pou\u017e\u00edvame?<\/h3>\n<div>Nevyhnutn\u00e9: Niektor\u00e9 s\u00fabory cookie s\u00fa nevyhnutn\u00e9 na to, aby ste mohli vyu\u017e\u00edva\u0165 pln\u00fa funk\u010dnos\u0165 na\u0161ej str\u00e1nky. Umo\u017e\u0148uj\u00fa n\u00e1m udr\u017eiava\u0165 pou\u017e\u00edvate\u013esk\u00e9 rel\u00e1cie a predch\u00e1dza\u0165 ak\u00fdmko\u013evek bezpe\u010dnostn\u00fdm hrozb\u00e1m. Nezhroma\u017e\u010fuj\u00fa ani neuchov\u00e1vaj\u00fa \u017eiadne osobn\u00e9 \u00fadaje. Tieto s\u00fabory cookie v\u00e1m napr\u00edklad umo\u017e\u0148uj\u00fa prihl\u00e1si\u0165 sa do svojho \u00fa\u010dtu a prida\u0165 produkty do ko\u0161\u00edka a bezpe\u010dne zaplati\u0165.<\/div>\n<div><strong>\u0160tatistika:<\/strong> Tieto s\u00fabory cookie ukladaj\u00fa inform\u00e1cie, ako je po\u010det n\u00e1v\u0161tevn\u00edkov webovej lokality, po\u010det jedine\u010dn\u00fdch n\u00e1v\u0161tevn\u00edkov, ktor\u00e9 str\u00e1nky boli nav\u0161t\u00edven\u00e9 webov\u00e9 str\u00e1nky, zdroj n\u00e1v\u0161tevy at\u010f. Tieto \u00fadaje n\u00e1m pom\u00e1haj\u00fa pochopi\u0165 a analyzova\u0165, ako dobre webov\u00e1 lokalita funguje a kde je potrebn\u00e9 ju zlep\u0161i\u0165.<\/div>\n<div><strong>Marketing:<\/strong> Na\u0161a webov\u00e1 str\u00e1nka zobrazuje reklamy. Tieto s\u00fabory cookie sa pou\u017e\u00edvaj\u00fa na prisp\u00f4sobenie rekl\u00e1m, ktor\u00e9 v\u00e1m zobrazujeme, aby boli pre v\u00e1s zmyslupln\u00e9. Tieto s\u00fabory cookie n\u00e1m tie\u017e pom\u00e1haj\u00fa sledova\u0165 efektivitu t\u00fdchto reklamn\u00fdch kampan\u00ed. Inform\u00e1cie ulo\u017een\u00e9 v t\u00fdchto s\u00faboroch cookie m\u00f4\u017eu pou\u017ei\u0165 aj poskytovatelia rekl\u00e1m tret\u00edch str\u00e1n, aby v\u00e1m zobrazovali reklamy aj na in\u00fdch webov\u00fdch str\u00e1nkach v prehliada\u010di.<\/div>\n<div><strong>Funk\u010dn\u00e9:<\/strong> Toto s\u00fa cookies, ktor\u00e9 pom\u00e1haj\u00fa ur\u010dit\u00fdm nepodstatn\u00fdm funkci\u00e1m na na\u0161ej webovej str\u00e1nke. Tieto funkcie zah\u0155\u0148aj\u00fa vkladanie obsahu, ako s\u00fa vide\u00e1 alebo zdie\u013eanie obsahu webovej str\u00e1nky na platform\u00e1ch soci\u00e1lnych m\u00e9di\u00ed.<\/div>\n<div><strong>Predvo\u013eby:<\/strong> Tieto s\u00fabory cookie n\u00e1m pom\u00e1haj\u00fa uklada\u0165 va\u0161e nastavenia a preferencie prehliadania, ako s\u00fa jazykov\u00e9 predvo\u013eby, aby ste pri bud\u00facich n\u00e1v\u0161tev\u00e1ch webovej lokality mali lep\u0161iu a efekt\u00edvnej\u0161iu sk\u00fasenos\u0165.<\/div>\n<h3>Ako m\u00f4\u017eem kontrolova\u0165 preferencie s\u00faborov cookie?<\/h3>\n<div>Ak sa nesk\u00f4r rozhodnete zmeni\u0165 svoje predvo\u013eby po\u010das rel\u00e1cie prehliadania, m\u00f4\u017eete klikn\u00fa\u0165 na kartu \u201eZ\u00e1sady ochrany osobn\u00fdch \u00fadajov a s\u00faborov cookie\u201c na va\u0161ej obrazovke. T\u00fdm sa znova zobraz\u00ed ozn\u00e1menie o s\u00fahlase, ktor\u00e9 v\u00e1m umo\u017en\u00ed zmeni\u0165 va\u0161e preferencie alebo \u00faplne odvola\u0165 v\u00e1\u0161 s\u00fahlas. Okrem toho r\u00f4zne prehliada\u010de poskytuj\u00fa r\u00f4zne sp\u00f4soby blokovania a odstra\u0148ovania s\u00faborov cookie pou\u017e\u00edvan\u00fdch webov\u00fdmi str\u00e1nkami. M\u00f4\u017eete zmeni\u0165 nastavenia svojho prehliada\u010da tak, aby blokoval\/vymaz\u00e1val cookies. Ak sa chcete dozvedie\u0165 viac o tom, ako spravova\u0165 a odstra\u0148ova\u0165 s\u00fabory cookie, nav\u0161t\u00edvte str\u00e1nku wikipedia.org, www.allaboutcookies.org.<\/div>\n<\/div>\n","protected":false},"excerpt":{"rendered":"<p>O t\u00fdchto z\u00e1sad\u00e1ch pou\u017e\u00edvania s\u00faborov cookie Tieto Z\u00e1sady pou\u017e\u00edvania s\u00faborov cookie vysvet\u013euj\u00fa, \u010do s\u00fa s\u00fabory cookie a ako ich pou\u017e\u00edvame, typy s\u00faborov cookie, ktor\u00e9 pou\u017e\u00edvame, t. j. inform\u00e1cie, ktor\u00e9 zhroma\u017e\u010fujeme pomocou s\u00faborov cookie a ako sa tieto inform\u00e1cie pou\u017e\u00edvaj\u00fa, a ako ovl\u00e1da\u0165 preferencie s\u00faborov cookie. \u010eal\u0161ie inform\u00e1cie o tom, ako pou\u017e\u00edvame, uchov\u00e1vame a uchov\u00e1vame va\u0161e [&hellip;]<\/p>\n","protected":false},"author":1,"featured_media":0,"parent":0,"menu_order":96,"comment_status":"closed","ping_status":"open","template":"elementor_theme","meta":{"site-sidebar-layout":"default","site-content-layout":"default","ast-site-content-layout":"","site-content-style":"default","site-sidebar-style":"default","ast-global-header-display":"","ast-banner-title-visibility":"","ast-main-header-display":"","ast-hfb-above-header-display":"","ast-hfb-below-header-display":"","ast-hfb-mobile-header-display":"","site-post-title":"","ast-breadcrumbs-content":"","ast-featured-img":"","footer-sml-layout":"","theme-transparent-header-meta":"default","adv-header-id-meta":"","stick-header-meta":"default","header-above-stick-meta":"","header-main-stick-meta":"","header-below-stick-meta":"","astra-migrate-meta-layouts":"default","ast-page-background-enabled":"default","ast-page-background-meta":{"desktop":{"background-color":"var(--ast-global-color-4)","background-image":"","background-repeat":"repeat","background-position":"center center","background-size":"auto","background-attachment":"scroll","background-type":"","background-media":"","overlay-type":"","overlay-color":"","overlay-opacity":"","overlay-gradient":""},"tablet":{"background-color":"","background-image":"","background-repeat":"repeat","background-position":"center center","background-size":"auto","background-attachment":"scroll","background-type":"","background-media":"","overlay-type":"","overlay-color":"","overlay-opacity":"","overlay-gradient":""},"mobile":{"background-color":"","background-image":"","background-repeat":"repeat","background-position":"center center","background-size":"auto","background-attachment":"scroll","background-type":"","background-media":"","overlay-type":"","overlay-color":"","overlay-opacity":"","overlay-gradient":""}},"ast-content-background-meta":{"desktop":{"background-color":"var(--ast-global-color-5)","background-image":"","background-repeat":"repeat","background-position":"center center","background-size":"auto","background-attachment":"scroll","background-type":"","background-media":"","overlay-type":"","overlay-color":"","overlay-opacity":"","overlay-gradient":""},"tablet":{"background-color":"var(--ast-global-color-5)","background-image":"","background-repeat":"repeat","background-position":"center center","background-size":"auto","background-attachment":"scroll","background-type":"","background-media":"","overlay-type":"","overlay-color":"","overlay-opacity":"","overlay-gradient":""},"mobile":{"background-color":"var(--ast-global-color-5)","background-image":"","background-repeat":"repeat","background-position":"center center","background-size":"auto","background-attachment":"scroll","background-type":"","background-media":"","overlay-type":"","overlay-color":"","overlay-opacity":"","overlay-gradient":""}},"footnotes":""},"class_list":["post-3","page","type-page","status-publish","hentry"],"yoast_head":"<!-- This site is optimized with the Yoast SEO plugin v27.4 - https:\/\/yoast.com\/product\/yoast-seo-wordpress\/ -->\n<title>Z\u00e1sady ochrany osobn\u00fdch \u00fadajov - Pova\u017esk\u00e9 m\u00fazeum<\/title>\n<meta name=\"robots\" content=\"index, follow, max-snippet:-1, max-image-preview:large, max-video-preview:-1\" \/>\n<link rel=\"canonical\" href=\"https:\/\/pmza.sk\/?page_id=3\" \/>\n<meta property=\"og:locale\" content=\"sk_SK\" \/>\n<meta property=\"og:type\" content=\"article\" \/>\n<meta property=\"og:title\" content=\"Z\u00e1sady ochrany osobn\u00fdch \u00fadajov - Pova\u017esk\u00e9 m\u00fazeum\" \/>\n<meta property=\"og:description\" content=\"O t\u00fdchto z\u00e1sad\u00e1ch pou\u017e\u00edvania s\u00faborov cookie Tieto Z\u00e1sady pou\u017e\u00edvania s\u00faborov cookie vysvet\u013euj\u00fa, \u010do s\u00fa s\u00fabory cookie a ako ich pou\u017e\u00edvame, typy s\u00faborov cookie, ktor\u00e9 pou\u017e\u00edvame, t. j. inform\u00e1cie, ktor\u00e9 zhroma\u017e\u010fujeme pomocou s\u00faborov cookie a ako sa tieto inform\u00e1cie pou\u017e\u00edvaj\u00fa, a ako ovl\u00e1da\u0165 preferencie s\u00faborov cookie. \u010eal\u0161ie inform\u00e1cie o tom, ako pou\u017e\u00edvame, uchov\u00e1vame a uchov\u00e1vame va\u0161e [&hellip;]\" \/>\n<meta property=\"og:url\" content=\"https:\/\/pmza.sk\/?page_id=3\" \/>\n<meta property=\"og:site_name\" content=\"Pova\u017esk\u00e9 m\u00fazeum\" \/>\n<meta property=\"article:publisher\" content=\"https:\/\/www.facebook.com\/povazskemuzeum\" \/>\n<meta property=\"article:modified_time\" content=\"2022-02-19T15:57:06+00:00\" \/>\n<meta name=\"twitter:card\" content=\"summary_large_image\" \/>\n<meta name=\"twitter:label1\" content=\"Predpokladan\u00fd \u010das \u010d\u00edtania\" \/>\n\t<meta name=\"twitter:data1\" content=\"4 min\u00faty\" \/>\n<script type=\"application\/ld+json\" class=\"yoast-schema-graph\">{\"@context\":\"https:\\\/\\\/schema.org\",\"@graph\":[{\"@type\":\"WebPage\",\"@id\":\"https:\\\/\\\/pmza.sk\\\/?page_id=3\",\"url\":\"https:\\\/\\\/pmza.sk\\\/?page_id=3\",\"name\":\"Z\u00e1sady ochrany osobn\u00fdch \u00fadajov - Pova\u017esk\u00e9 m\u00fazeum\",\"isPartOf\":{\"@id\":\"https:\\\/\\\/pmza.sk\\\/#website\"},\"datePublished\":\"2022-01-17T12:05:13+00:00\",\"dateModified\":\"2022-02-19T15:57:06+00:00\",\"breadcrumb\":{\"@id\":\"https:\\\/\\\/pmza.sk\\\/?page_id=3#breadcrumb\"},\"inLanguage\":\"sk-SK\",\"potentialAction\":[{\"@type\":\"ReadAction\",\"target\":[\"https:\\\/\\\/pmza.sk\\\/?page_id=3\"]}]},{\"@type\":\"BreadcrumbList\",\"@id\":\"https:\\\/\\\/pmza.sk\\\/?page_id=3#breadcrumb\",\"itemListElement\":[{\"@type\":\"ListItem\",\"position\":1,\"name\":\"Domovsk\u00e1 str\u00e1nka\",\"item\":\"https:\\\/\\\/pmza.sk\\\/\"},{\"@type\":\"ListItem\",\"position\":2,\"name\":\"Z\u00e1sady ochrany osobn\u00fdch \u00fadajov\"}]},{\"@type\":\"WebSite\",\"@id\":\"https:\\\/\\\/pmza.sk\\\/#website\",\"url\":\"https:\\\/\\\/pmza.sk\\\/\",\"name\":\"Pova\u017esk\u00e9 m\u00fazeum\",\"description\":\"Pova\u017esk\u00e9 m\u00fazeum v \u017diline je region\u00e1lne m\u00fazeum so s\u00eddlom v Budat\u00edne. Jeho expoz\u00edcie s\u00fa zameran\u00e9 na dejiny slovensk\u00e9ho umenia, kult\u00fary a dopravy.\",\"publisher\":{\"@id\":\"https:\\\/\\\/pmza.sk\\\/#organization\"},\"potentialAction\":[{\"@type\":\"SearchAction\",\"target\":{\"@type\":\"EntryPoint\",\"urlTemplate\":\"https:\\\/\\\/pmza.sk\\\/?s={search_term_string}\"},\"query-input\":{\"@type\":\"PropertyValueSpecification\",\"valueRequired\":true,\"valueName\":\"search_term_string\"}}],\"inLanguage\":\"sk-SK\"},{\"@type\":\"Organization\",\"@id\":\"https:\\\/\\\/pmza.sk\\\/#organization\",\"name\":\"Pova\u017esk\u00e9 m\u00fazeum\",\"url\":\"https:\\\/\\\/pmza.sk\\\/\",\"logo\":{\"@type\":\"ImageObject\",\"inLanguage\":\"sk-SK\",\"@id\":\"https:\\\/\\\/pmza.sk\\\/#\\\/schema\\\/logo\\\/image\\\/\",\"url\":\"https:\\\/\\\/pmza.sk\\\/wp-content\\\/uploads\\\/2022\\\/01\\\/logo_PM_horizontal.jpg\",\"contentUrl\":\"https:\\\/\\\/pmza.sk\\\/wp-content\\\/uploads\\\/2022\\\/01\\\/logo_PM_horizontal.jpg\",\"width\":231,\"height\":142,\"caption\":\"Pova\u017esk\u00e9 m\u00fazeum\"},\"image\":{\"@id\":\"https:\\\/\\\/pmza.sk\\\/#\\\/schema\\\/logo\\\/image\\\/\"},\"sameAs\":[\"https:\\\/\\\/www.facebook.com\\\/povazskemuzeum\",\"https:\\\/\\\/www.instagram.com\\\/povazskemuzeum\\\/\"]}]}<\/script>\n<!-- \/ Yoast SEO plugin. -->","yoast_head_json":{"title":"Z\u00e1sady ochrany osobn\u00fdch \u00fadajov - Pova\u017esk\u00e9 m\u00fazeum","robots":{"index":"index","follow":"follow","max-snippet":"max-snippet:-1","max-image-preview":"max-image-preview:large","max-video-preview":"max-video-preview:-1"},"canonical":"https:\/\/pmza.sk\/?page_id=3","og_locale":"sk_SK","og_type":"article","og_title":"Z\u00e1sady ochrany osobn\u00fdch \u00fadajov - Pova\u017esk\u00e9 m\u00fazeum","og_description":"O t\u00fdchto z\u00e1sad\u00e1ch pou\u017e\u00edvania s\u00faborov cookie Tieto Z\u00e1sady pou\u017e\u00edvania s\u00faborov cookie vysvet\u013euj\u00fa, \u010do s\u00fa s\u00fabory cookie a ako ich pou\u017e\u00edvame, typy s\u00faborov cookie, ktor\u00e9 pou\u017e\u00edvame, t. j. inform\u00e1cie, ktor\u00e9 zhroma\u017e\u010fujeme pomocou s\u00faborov cookie a ako sa tieto inform\u00e1cie pou\u017e\u00edvaj\u00fa, a ako ovl\u00e1da\u0165 preferencie s\u00faborov cookie. \u010eal\u0161ie inform\u00e1cie o tom, ako pou\u017e\u00edvame, uchov\u00e1vame a uchov\u00e1vame va\u0161e [&hellip;]","og_url":"https:\/\/pmza.sk\/?page_id=3","og_site_name":"Pova\u017esk\u00e9 m\u00fazeum","article_publisher":"https:\/\/www.facebook.com\/povazskemuzeum","article_modified_time":"2022-02-19T15:57:06+00:00","twitter_card":"summary_large_image","twitter_misc":{"Predpokladan\u00fd \u010das \u010d\u00edtania":"4 min\u00faty"},"schema":{"@context":"https:\/\/schema.org","@graph":[{"@type":"WebPage","@id":"https:\/\/pmza.sk\/?page_id=3","url":"https:\/\/pmza.sk\/?page_id=3","name":"Z\u00e1sady ochrany osobn\u00fdch \u00fadajov - Pova\u017esk\u00e9 m\u00fazeum","isPartOf":{"@id":"https:\/\/pmza.sk\/#website"},"datePublished":"2022-01-17T12:05:13+00:00","dateModified":"2022-02-19T15:57:06+00:00","breadcrumb":{"@id":"https:\/\/pmza.sk\/?page_id=3#breadcrumb"},"inLanguage":"sk-SK","potentialAction":[{"@type":"ReadAction","target":["https:\/\/pmza.sk\/?page_id=3"]}]},{"@type":"BreadcrumbList","@id":"https:\/\/pmza.sk\/?page_id=3#breadcrumb","itemListElement":[{"@type":"ListItem","position":1,"name":"Domovsk\u00e1 str\u00e1nka","item":"https:\/\/pmza.sk\/"},{"@type":"ListItem","position":2,"name":"Z\u00e1sady ochrany osobn\u00fdch \u00fadajov"}]},{"@type":"WebSite","@id":"https:\/\/pmza.sk\/#website","url":"https:\/\/pmza.sk\/","name":"Pova\u017esk\u00e9 m\u00fazeum","description":"Pova\u017esk\u00e9 m\u00fazeum v \u017diline je region\u00e1lne m\u00fazeum so s\u00eddlom v Budat\u00edne. Jeho expoz\u00edcie s\u00fa zameran\u00e9 na dejiny slovensk\u00e9ho umenia, kult\u00fary a dopravy.","publisher":{"@id":"https:\/\/pmza.sk\/#organization"},"potentialAction":[{"@type":"SearchAction","target":{"@type":"EntryPoint","urlTemplate":"https:\/\/pmza.sk\/?s={search_term_string}"},"query-input":{"@type":"PropertyValueSpecification","valueRequired":true,"valueName":"search_term_string"}}],"inLanguage":"sk-SK"},{"@type":"Organization","@id":"https:\/\/pmza.sk\/#organization","name":"Pova\u017esk\u00e9 m\u00fazeum","url":"https:\/\/pmza.sk\/","logo":{"@type":"ImageObject","inLanguage":"sk-SK","@id":"https:\/\/pmza.sk\/#\/schema\/logo\/image\/","url":"https:\/\/pmza.sk\/wp-content\/uploads\/2022\/01\/logo_PM_horizontal.jpg","contentUrl":"https:\/\/pmza.sk\/wp-content\/uploads\/2022\/01\/logo_PM_horizontal.jpg","width":231,"height":142,"caption":"Pova\u017esk\u00e9 m\u00fazeum"},"image":{"@id":"https:\/\/pmza.sk\/#\/schema\/logo\/image\/"},"sameAs":["https:\/\/www.facebook.com\/povazskemuzeum","https:\/\/www.instagram.com\/povazskemuzeum\/"]}]}},"_links":{"self":[{"href":"https:\/\/pmza.sk\/index.php?rest_route=\/wp\/v2\/pages\/3","targetHints":{"allow":["GET"]}}],"collection":[{"href":"https:\/\/pmza.sk\/index.php?rest_route=\/wp\/v2\/pages"}],"about":[{"href":"https:\/\/pmza.sk\/index.php?rest_route=\/wp\/v2\/types\/page"}],"author":[{"embeddable":true,"href":"https:\/\/pmza.sk\/index.php?rest_route=\/wp\/v2\/users\/1"}],"replies":[{"embeddable":true,"href":"https:\/\/pmza.sk\/index.php?rest_route=%2Fwp%2Fv2%2Fcomments&post=3"}],"version-history":[{"count":0,"href":"https:\/\/pmza.sk\/index.php?rest_route=\/wp\/v2\/pages\/3\/revisions"}],"wp:attachment":[{"href":"https:\/\/pmza.sk\/index.php?rest_route=%2Fwp%2Fv2%2Fmedia&parent=3"}],"curies":[{"name":"wp","href":"https:\/\/api.w.org\/{rel}","templated":true}]}}