{"id":49346,"date":"2022-01-30T12:37:45","date_gmt":"2022-01-30T11:37:45","guid":{"rendered":"https:\/\/pmza.sk\/?page_id=49346"},"modified":"2025-09-03T15:10:52","modified_gmt":"2025-09-03T13:10:52","slug":"akvizicna-cinnost","status":"publish","type":"page","link":"https:\/\/pmza.sk\/?page_id=49346","title":{"rendered":"Akvizi\u010dn\u00e1 \u010dinnos\u0165"},"content":{"rendered":"\t\t<div data-elementor-type=\"wp-post\" data-elementor-id=\"49346\" class=\"elementor elementor-49346\">\n\t\t\t\t\t\t<section class=\"elementor-section elementor-top-section elementor-element elementor-element-688ad38 elementor-section-content-middle elementor-section-boxed elementor-section-height-default elementor-section-height-default\" data-id=\"688ad38\" data-element_type=\"section\" data-settings=\"{&quot;background_background&quot;:&quot;classic&quot;}\">\n\t\t\t\t\t\t\t<div class=\"elementor-background-overlay\"><\/div>\n\t\t\t\t\t\t\t<div class=\"elementor-container elementor-column-gap-no\">\n\t\t\t\t\t<div class=\"elementor-column elementor-col-100 elementor-top-column elementor-element elementor-element-148e58a\" data-id=\"148e58a\" data-element_type=\"column\">\n\t\t\t<div class=\"elementor-widget-wrap elementor-element-populated\">\n\t\t\t\t\t\t<div class=\"elementor-element elementor-element-d915ffa elementor-widget elementor-widget-heading\" data-id=\"d915ffa\" data-element_type=\"widget\" data-widget_type=\"heading.default\">\n\t\t\t\t<div class=\"elementor-widget-container\">\n\t\t\t\t\t<h1 class=\"elementor-heading-title elementor-size-default\">Akvizi\u010dn\u00e1 \u010dinnos\u0165<\/h1>\t\t\t\t<\/div>\n\t\t\t\t<\/div>\n\t\t\t\t\t<\/div>\n\t\t<\/div>\n\t\t\t\t\t<\/div>\n\t\t<\/section>\n\t\t\t\t<section class=\"elementor-section elementor-top-section elementor-element elementor-element-303906c elementor-section-content-top elementor-section-boxed elementor-section-height-default elementor-section-height-default\" data-id=\"303906c\" data-element_type=\"section\">\n\t\t\t\t\t\t<div class=\"elementor-container elementor-column-gap-no\">\n\t\t\t\t\t<div class=\"elementor-column elementor-col-100 elementor-top-column elementor-element elementor-element-79e7669\" data-id=\"79e7669\" data-element_type=\"column\">\n\t\t\t<div class=\"elementor-widget-wrap elementor-element-populated\">\n\t\t\t\t\t\t<div class=\"elementor-element elementor-element-c1c9279 elementor-widget elementor-widget-text-editor\" data-id=\"c1c9279\" data-element_type=\"widget\" data-widget_type=\"text-editor.default\">\n\t\t\t\t<div class=\"elementor-widget-container\">\n\t\t\t\t\t\t\t\t\t<h4><strong>Pova\u017esk\u00e9 m\u00fazeum neust\u00e1le a systematicky dop\u013a\u0148a svoje zbierky o predmety kult\u00farnej hodnoty pod\u013ea nasledovn\u00fdch krit\u00e9ri\u00ed: <\/strong><\/h4><ul><li>oblas\u0165 hist\u00f3ria, etnol\u00f3gia, zool\u00f3gia, geol\u00f3gia, botanika, drot\u00e1rstvo, doprava<\/li><li>s\u00favislos\u0165 s regi\u00f3nom \u017dilina a Byt\u010da (Horn\u00e9 Pova\u017eie) alebo s oblas\u0165ou drot\u00e1rstva a dopravy (ktor\u00fdko\u013evek regi\u00f3n Slovenska)<\/li><li>vek najmenej 50 rokov (historick\u00e9 zbierky)<\/li><li>zachoval\u00fd stav<\/li><\/ul>\t\t\t\t\t\t\t\t<\/div>\n\t\t\t\t<\/div>\n\t\t\t\t<div class=\"elementor-element elementor-element-b98fe74 elementor-widget elementor-widget-text-editor\" data-id=\"b98fe74\" data-element_type=\"widget\" data-widget_type=\"text-editor.default\">\n\t\t\t\t<div class=\"elementor-widget-container\">\n\t\t\t\t\t\t\t\t\t<h4>V\u00fdzva<\/h4><p>Pova\u017esk\u00e9 m\u00fazeum<strong>\u00a0s v\u010fakou prijme do daru<\/strong> predmety, ktor\u00e9 sa svoj\u00edm charakterom radia medzi muze\u00e1lne zbierky, pod\u013ea vy\u0161\u0161ie uveden\u00fdch krit\u00e9ri\u00ed. Predmety ob\u010danmi prinesen\u00e9 do m\u00fazea do daru, bud\u00fa v danom kalend\u00e1rnom roku pos\u00faden\u00e9 odbornou Komisiou pre tvorbu zbierok, ktor\u00e1 ur\u010d\u00ed ich zaradenie. Zasad\u00e1 spravidla jedenkr\u00e1t do roka (november). <strong>M\u00fazeum vopred \u010fakuje darcom za pr\u00ednos v snahe zachova\u0165 kult\u00farne hodnoty.<\/strong><\/p>\t\t\t\t\t\t\t\t<\/div>\n\t\t\t\t<\/div>\n\t\t\t\t<div class=\"elementor-element elementor-element-478b8aa elementor-widget elementor-widget-text-editor\" data-id=\"478b8aa\" data-element_type=\"widget\" data-widget_type=\"text-editor.default\">\n\t\t\t\t<div class=\"elementor-widget-container\">\n\t\t\t\t\t\t\t\t\t<h4>Upozornenie<\/h4><p><strong>Nie je mo\u017en\u00e9 nadob\u00fada\u0165 ako zbierkov\u00e9 predmety<\/strong>\u00a0tie predmety kult\u00farnej hodnoty, ktor\u00e9 s\u00fa\u00a0hnute\u013en\u00fdmi archeologick\u00fdmi n\u00e1lezmi poch\u00e1dzaj\u00facimi z nepovolen\u00fdch v\u00fdskumov a v\u00fdkopov alebo poch\u00e1dzaj\u00fa z inej trestnej \u010dinnosti. Ak sa predmet n\u00e1jde\u00a0mimo povolen\u00e9ho v\u00fdskumu,\u00a0<strong>mus\u00ed<\/strong>\u00a0to\u00a0<strong>n\u00e1lezca<\/strong>\u00a0ohl\u00e1si\u0165 Krajsk\u00e9mu pamiatkov\u00e9mu \u00faradu v \u017diline. N\u00e1lez sa mus\u00ed ponecha\u0165 bez zmeny a\u017e do obhliadky Krajsk\u00fdm pamiatkov\u00fdm \u00faradom alebo n\u00edm poverenou odborne sp\u00f4sobilou osobou. Archeologick\u00fd n\u00e1lez m\u00f4\u017ee vyzdvihn\u00fa\u0165 a premiestni\u0165 z p\u00f4vodn\u00e9ho miesta a z n\u00e1lezov\u00fdch s\u00favislost\u00ed iba\u00a0<strong>opr\u00e1vnen\u00e1 osoba<\/strong> met\u00f3dami archeologick\u00e9ho v\u00fdskumu. Archeologick\u00fd n\u00e1lez je vlastn\u00edctvom Slovenskej republiky. Spr\u00e1vcom archeologick\u00e9ho n\u00e1lezu je pamiatkov\u00fd \u00farad.<\/p>\t\t\t\t\t\t\t\t<\/div>\n\t\t\t\t<\/div>\n\t\t\t\t<div class=\"elementor-element elementor-element-d31ef34 elementor-widget elementor-widget-text-editor\" data-id=\"d31ef34\" data-element_type=\"widget\" data-widget_type=\"text-editor.default\">\n\t\t\t\t<div class=\"elementor-widget-container\">\n\t\t\t\t\t\t\t\t\t<h4>Zlo\u017eenie Komisie pre tvorbu zbierok, edi\u010dn\u00fa a vedecko-v\u00fdskumn\u00fa \u010dinnos\u0165 Pova\u017esk\u00e9ho m\u00fazea v \u017diline<\/h4><p><strong>Predseda:<\/strong><br \/>Mgr. Peter \u0160imko, PhD., historik dopravy, Pova\u017esk\u00e9 m\u00fazeum,<\/p><p><strong>\u010clenovia:<\/strong><br \/>Mgr. Monika V\u00e1lekov\u00e1, PhD., histori\u010dka umenia, SNM Martin,\u00a0<br \/>Mgr. et Mgr. Michal \u010cajka, PhD., historik umenia a archeol\u00f3g, riadite\u013e Oravskej gal\u00e9rie<br \/>PhDr. Martin Chmel\u00edk, historik, Oravsk\u00e9 m\u00fazeum P. O. Hviezdoslava v Dolnom Kub\u00edne<br \/>Mgr. Ing. Marek Sobola, PhD., heraldik a krajinn\u00fd architekt, etnol\u00f3g, Kysuck\u00e9 m\u00fazeum,\u00a0<br \/>Mgr. Andrea Slan\u00e1, PhD., geologi\u010dka, Pova\u017esk\u00e9 m\u00fazeum,\u00a0<br \/>Mgr. Katar\u00edna Hallonov\u00e1, histori\u010dka drot\u00e1rstva, Pova\u017esk\u00e9 m\u00fazeum,\u00a0<br \/>Viera S\u00fakenikov\u00e1,\u00a0 konzerv\u00e1torka, Pova\u017esk\u00e9 m\u00fazeum,<br \/>Mgr. Art. Barbora Lokajov\u00e1, re\u0161taur\u00e1torka, Pova\u017esk\u00e9 m\u00fazeum.<\/p><p><strong>Tajomn\u00ed\u010dka:<\/strong><br \/>Mgr. Jana Adamusov\u00e1, dokument\u00e1torka, Pova\u017esk\u00e9 m\u00fazeum v \u017diline.<\/p><p><strong>Dokumenty na stiahnutie: <\/strong><a href=\"https:\/\/pmza.sk\/wp-content\/uploads\/2025\/09\/Koncepcia-akvizicnej-cinnosti-do-roku-2027.pdf\">Koncepcia akvizi\u010dnej \u010dinnosti Pova\u017esk\u00e9ho m\u00fazea do roku 2027.\u00a0<\/a><\/p>\t\t\t\t\t\t\t\t<\/div>\n\t\t\t\t<\/div>\n\t\t\t\t\t<\/div>\n\t\t<\/div>\n\t\t\t\t\t<\/div>\n\t\t<\/section>\n\t\t\t\t<\/div>\n\t\t","protected":false},"excerpt":{"rendered":"<p>Akvizi\u010dn\u00e1 \u010dinnos\u0165 Pova\u017esk\u00e9 m\u00fazeum neust\u00e1le a systematicky dop\u013a\u0148a svoje zbierky o predmety kult\u00farnej hodnoty pod\u013ea nasledovn\u00fdch krit\u00e9ri\u00ed: oblas\u0165 hist\u00f3ria, etnol\u00f3gia, zool\u00f3gia, geol\u00f3gia, botanika, drot\u00e1rstvo, doprava s\u00favislos\u0165 s regi\u00f3nom \u017dilina a Byt\u010da (Horn\u00e9 Pova\u017eie) alebo s oblas\u0165ou drot\u00e1rstva a dopravy (ktor\u00fdko\u013evek regi\u00f3n Slovenska) vek najmenej 50 rokov (historick\u00e9 zbierky) zachoval\u00fd stav V\u00fdzva Pova\u017esk\u00e9 m\u00fazeum\u00a0s v\u010fakou prijme [&hellip;]<\/p>\n","protected":false},"author":1,"featured_media":0,"parent":0,"menu_order":15,"comment_status":"closed","ping_status":"closed","template":"","meta":{"site-sidebar-layout":"no-sidebar","site-content-layout":"page-builder","ast-site-content-layout":"","site-content-style":"default","site-sidebar-style":"default","ast-global-header-display":"","ast-banner-title-visibility":"","ast-main-header-display":"","ast-hfb-above-header-display":"","ast-hfb-below-header-display":"","ast-hfb-mobile-header-display":"","site-post-title":"disabled","ast-breadcrumbs-content":"","ast-featured-img":"disabled","footer-sml-layout":"","theme-transparent-header-meta":"enabled","adv-header-id-meta":"","stick-header-meta":"","header-above-stick-meta":"","header-main-stick-meta":"","header-below-stick-meta":"","astra-migrate-meta-layouts":"default","ast-page-background-enabled":"default","ast-page-background-meta":{"desktop":{"background-color":"var(--ast-global-color-4)","background-image":"","background-repeat":"repeat","background-position":"center center","background-size":"auto","background-attachment":"scroll","background-type":"","background-media":"","overlay-type":"","overlay-color":"","overlay-opacity":"","overlay-gradient":""},"tablet":{"background-color":"","background-image":"","background-repeat":"repeat","background-position":"center center","background-size":"auto","background-attachment":"scroll","background-type":"","background-media":"","overlay-type":"","overlay-color":"","overlay-opacity":"","overlay-gradient":""},"mobile":{"background-color":"","background-image":"","background-repeat":"repeat","background-position":"center center","background-size":"auto","background-attachment":"scroll","background-type":"","background-media":"","overlay-type":"","overlay-color":"","overlay-opacity":"","overlay-gradient":""}},"ast-content-background-meta":{"desktop":{"background-color":"var(--ast-global-color-5)","background-image":"","background-repeat":"repeat","background-position":"center center","background-size":"auto","background-attachment":"scroll","background-type":"","background-media":"","overlay-type":"","overlay-color":"","overlay-opacity":"","overlay-gradient":""},"tablet":{"background-color":"var(--ast-global-color-5)","background-image":"","background-repeat":"repeat","background-position":"center center","background-size":"auto","background-attachment":"scroll","background-type":"","background-media":"","overlay-type":"","overlay-color":"","overlay-opacity":"","overlay-gradient":""},"mobile":{"background-color":"var(--ast-global-color-5)","background-image":"","background-repeat":"repeat","background-position":"center center","background-size":"auto","background-attachment":"scroll","background-type":"","background-media":"","overlay-type":"","overlay-color":"","overlay-opacity":"","overlay-gradient":""}},"footnotes":""},"class_list":["post-49346","page","type-page","status-publish","hentry"],"yoast_head":"<!-- This site is optimized with the Yoast SEO plugin v27.4 - https:\/\/yoast.com\/product\/yoast-seo-wordpress\/ -->\n<title>Akvizi\u010dn\u00e1 \u010dinnos\u0165 - Pova\u017esk\u00e9 m\u00fazeum<\/title>\n<meta name=\"robots\" content=\"index, follow, max-snippet:-1, max-image-preview:large, max-video-preview:-1\" \/>\n<link rel=\"canonical\" href=\"https:\/\/pmza.sk\/?page_id=49346\" \/>\n<meta property=\"og:locale\" content=\"sk_SK\" \/>\n<meta property=\"og:type\" content=\"article\" \/>\n<meta property=\"og:title\" content=\"Akvizi\u010dn\u00e1 \u010dinnos\u0165 - Pova\u017esk\u00e9 m\u00fazeum\" \/>\n<meta property=\"og:description\" content=\"Akvizi\u010dn\u00e1 \u010dinnos\u0165 Pova\u017esk\u00e9 m\u00fazeum neust\u00e1le a systematicky dop\u013a\u0148a svoje zbierky o predmety kult\u00farnej hodnoty pod\u013ea nasledovn\u00fdch krit\u00e9ri\u00ed: oblas\u0165 hist\u00f3ria, etnol\u00f3gia, zool\u00f3gia, geol\u00f3gia, botanika, drot\u00e1rstvo, doprava s\u00favislos\u0165 s regi\u00f3nom \u017dilina a Byt\u010da (Horn\u00e9 Pova\u017eie) alebo s oblas\u0165ou drot\u00e1rstva a dopravy (ktor\u00fdko\u013evek regi\u00f3n Slovenska) vek najmenej 50 rokov (historick\u00e9 zbierky) zachoval\u00fd stav V\u00fdzva Pova\u017esk\u00e9 m\u00fazeum\u00a0s v\u010fakou prijme [&hellip;]\" \/>\n<meta property=\"og:url\" content=\"https:\/\/pmza.sk\/?page_id=49346\" \/>\n<meta property=\"og:site_name\" content=\"Pova\u017esk\u00e9 m\u00fazeum\" \/>\n<meta property=\"article:publisher\" content=\"https:\/\/www.facebook.com\/povazskemuzeum\" \/>\n<meta property=\"article:modified_time\" content=\"2025-09-03T13:10:52+00:00\" \/>\n<meta name=\"twitter:card\" content=\"summary_large_image\" \/>\n<meta name=\"twitter:label1\" content=\"Predpokladan\u00fd \u010das \u010d\u00edtania\" \/>\n\t<meta name=\"twitter:data1\" content=\"2 min\u00faty\" \/>\n<script type=\"application\/ld+json\" class=\"yoast-schema-graph\">{\"@context\":\"https:\\\/\\\/schema.org\",\"@graph\":[{\"@type\":\"WebPage\",\"@id\":\"https:\\\/\\\/pmza.sk\\\/?page_id=49346\",\"url\":\"https:\\\/\\\/pmza.sk\\\/?page_id=49346\",\"name\":\"Akvizi\u010dn\u00e1 \u010dinnos\u0165 - Pova\u017esk\u00e9 m\u00fazeum\",\"isPartOf\":{\"@id\":\"https:\\\/\\\/pmza.sk\\\/#website\"},\"datePublished\":\"2022-01-30T11:37:45+00:00\",\"dateModified\":\"2025-09-03T13:10:52+00:00\",\"breadcrumb\":{\"@id\":\"https:\\\/\\\/pmza.sk\\\/?page_id=49346#breadcrumb\"},\"inLanguage\":\"sk-SK\",\"potentialAction\":[{\"@type\":\"ReadAction\",\"target\":[\"https:\\\/\\\/pmza.sk\\\/?page_id=49346\"]}]},{\"@type\":\"BreadcrumbList\",\"@id\":\"https:\\\/\\\/pmza.sk\\\/?page_id=49346#breadcrumb\",\"itemListElement\":[{\"@type\":\"ListItem\",\"position\":1,\"name\":\"Domovsk\u00e1 str\u00e1nka\",\"item\":\"https:\\\/\\\/pmza.sk\\\/\"},{\"@type\":\"ListItem\",\"position\":2,\"name\":\"Akvizi\u010dn\u00e1 \u010dinnos\u0165\"}]},{\"@type\":\"WebSite\",\"@id\":\"https:\\\/\\\/pmza.sk\\\/#website\",\"url\":\"https:\\\/\\\/pmza.sk\\\/\",\"name\":\"Pova\u017esk\u00e9 m\u00fazeum\",\"description\":\"Pova\u017esk\u00e9 m\u00fazeum v \u017diline je region\u00e1lne m\u00fazeum so s\u00eddlom v Budat\u00edne. Jeho expoz\u00edcie s\u00fa zameran\u00e9 na dejiny slovensk\u00e9ho umenia, kult\u00fary a dopravy.\",\"publisher\":{\"@id\":\"https:\\\/\\\/pmza.sk\\\/#organization\"},\"potentialAction\":[{\"@type\":\"SearchAction\",\"target\":{\"@type\":\"EntryPoint\",\"urlTemplate\":\"https:\\\/\\\/pmza.sk\\\/?s={search_term_string}\"},\"query-input\":{\"@type\":\"PropertyValueSpecification\",\"valueRequired\":true,\"valueName\":\"search_term_string\"}}],\"inLanguage\":\"sk-SK\"},{\"@type\":\"Organization\",\"@id\":\"https:\\\/\\\/pmza.sk\\\/#organization\",\"name\":\"Pova\u017esk\u00e9 m\u00fazeum\",\"url\":\"https:\\\/\\\/pmza.sk\\\/\",\"logo\":{\"@type\":\"ImageObject\",\"inLanguage\":\"sk-SK\",\"@id\":\"https:\\\/\\\/pmza.sk\\\/#\\\/schema\\\/logo\\\/image\\\/\",\"url\":\"https:\\\/\\\/pmza.sk\\\/wp-content\\\/uploads\\\/2022\\\/01\\\/logo_PM_horizontal.jpg\",\"contentUrl\":\"https:\\\/\\\/pmza.sk\\\/wp-content\\\/uploads\\\/2022\\\/01\\\/logo_PM_horizontal.jpg\",\"width\":231,\"height\":142,\"caption\":\"Pova\u017esk\u00e9 m\u00fazeum\"},\"image\":{\"@id\":\"https:\\\/\\\/pmza.sk\\\/#\\\/schema\\\/logo\\\/image\\\/\"},\"sameAs\":[\"https:\\\/\\\/www.facebook.com\\\/povazskemuzeum\",\"https:\\\/\\\/www.instagram.com\\\/povazskemuzeum\\\/\"]}]}<\/script>\n<!-- \/ Yoast SEO plugin. -->","yoast_head_json":{"title":"Akvizi\u010dn\u00e1 \u010dinnos\u0165 - Pova\u017esk\u00e9 m\u00fazeum","robots":{"index":"index","follow":"follow","max-snippet":"max-snippet:-1","max-image-preview":"max-image-preview:large","max-video-preview":"max-video-preview:-1"},"canonical":"https:\/\/pmza.sk\/?page_id=49346","og_locale":"sk_SK","og_type":"article","og_title":"Akvizi\u010dn\u00e1 \u010dinnos\u0165 - Pova\u017esk\u00e9 m\u00fazeum","og_description":"Akvizi\u010dn\u00e1 \u010dinnos\u0165 Pova\u017esk\u00e9 m\u00fazeum neust\u00e1le a systematicky dop\u013a\u0148a svoje zbierky o predmety kult\u00farnej hodnoty pod\u013ea nasledovn\u00fdch krit\u00e9ri\u00ed: oblas\u0165 hist\u00f3ria, etnol\u00f3gia, zool\u00f3gia, geol\u00f3gia, botanika, drot\u00e1rstvo, doprava s\u00favislos\u0165 s regi\u00f3nom \u017dilina a Byt\u010da (Horn\u00e9 Pova\u017eie) alebo s oblas\u0165ou drot\u00e1rstva a dopravy (ktor\u00fdko\u013evek regi\u00f3n Slovenska) vek najmenej 50 rokov (historick\u00e9 zbierky) zachoval\u00fd stav V\u00fdzva Pova\u017esk\u00e9 m\u00fazeum\u00a0s v\u010fakou prijme [&hellip;]","og_url":"https:\/\/pmza.sk\/?page_id=49346","og_site_name":"Pova\u017esk\u00e9 m\u00fazeum","article_publisher":"https:\/\/www.facebook.com\/povazskemuzeum","article_modified_time":"2025-09-03T13:10:52+00:00","twitter_card":"summary_large_image","twitter_misc":{"Predpokladan\u00fd \u010das \u010d\u00edtania":"2 min\u00faty"},"schema":{"@context":"https:\/\/schema.org","@graph":[{"@type":"WebPage","@id":"https:\/\/pmza.sk\/?page_id=49346","url":"https:\/\/pmza.sk\/?page_id=49346","name":"Akvizi\u010dn\u00e1 \u010dinnos\u0165 - Pova\u017esk\u00e9 m\u00fazeum","isPartOf":{"@id":"https:\/\/pmza.sk\/#website"},"datePublished":"2022-01-30T11:37:45+00:00","dateModified":"2025-09-03T13:10:52+00:00","breadcrumb":{"@id":"https:\/\/pmza.sk\/?page_id=49346#breadcrumb"},"inLanguage":"sk-SK","potentialAction":[{"@type":"ReadAction","target":["https:\/\/pmza.sk\/?page_id=49346"]}]},{"@type":"BreadcrumbList","@id":"https:\/\/pmza.sk\/?page_id=49346#breadcrumb","itemListElement":[{"@type":"ListItem","position":1,"name":"Domovsk\u00e1 str\u00e1nka","item":"https:\/\/pmza.sk\/"},{"@type":"ListItem","position":2,"name":"Akvizi\u010dn\u00e1 \u010dinnos\u0165"}]},{"@type":"WebSite","@id":"https:\/\/pmza.sk\/#website","url":"https:\/\/pmza.sk\/","name":"Pova\u017esk\u00e9 m\u00fazeum","description":"Pova\u017esk\u00e9 m\u00fazeum v \u017diline je region\u00e1lne m\u00fazeum so s\u00eddlom v Budat\u00edne. Jeho expoz\u00edcie s\u00fa zameran\u00e9 na dejiny slovensk\u00e9ho umenia, kult\u00fary a dopravy.","publisher":{"@id":"https:\/\/pmza.sk\/#organization"},"potentialAction":[{"@type":"SearchAction","target":{"@type":"EntryPoint","urlTemplate":"https:\/\/pmza.sk\/?s={search_term_string}"},"query-input":{"@type":"PropertyValueSpecification","valueRequired":true,"valueName":"search_term_string"}}],"inLanguage":"sk-SK"},{"@type":"Organization","@id":"https:\/\/pmza.sk\/#organization","name":"Pova\u017esk\u00e9 m\u00fazeum","url":"https:\/\/pmza.sk\/","logo":{"@type":"ImageObject","inLanguage":"sk-SK","@id":"https:\/\/pmza.sk\/#\/schema\/logo\/image\/","url":"https:\/\/pmza.sk\/wp-content\/uploads\/2022\/01\/logo_PM_horizontal.jpg","contentUrl":"https:\/\/pmza.sk\/wp-content\/uploads\/2022\/01\/logo_PM_horizontal.jpg","width":231,"height":142,"caption":"Pova\u017esk\u00e9 m\u00fazeum"},"image":{"@id":"https:\/\/pmza.sk\/#\/schema\/logo\/image\/"},"sameAs":["https:\/\/www.facebook.com\/povazskemuzeum","https:\/\/www.instagram.com\/povazskemuzeum\/"]}]}},"_links":{"self":[{"href":"https:\/\/pmza.sk\/index.php?rest_route=\/wp\/v2\/pages\/49346","targetHints":{"allow":["GET"]}}],"collection":[{"href":"https:\/\/pmza.sk\/index.php?rest_route=\/wp\/v2\/pages"}],"about":[{"href":"https:\/\/pmza.sk\/index.php?rest_route=\/wp\/v2\/types\/page"}],"author":[{"embeddable":true,"href":"https:\/\/pmza.sk\/index.php?rest_route=\/wp\/v2\/users\/1"}],"replies":[{"embeddable":true,"href":"https:\/\/pmza.sk\/index.php?rest_route=%2Fwp%2Fv2%2Fcomments&post=49346"}],"version-history":[{"count":0,"href":"https:\/\/pmza.sk\/index.php?rest_route=\/wp\/v2\/pages\/49346\/revisions"}],"wp:attachment":[{"href":"https:\/\/pmza.sk\/index.php?rest_route=%2Fwp%2Fv2%2Fmedia&parent=49346"}],"curies":[{"name":"wp","href":"https:\/\/api.w.org\/{rel}","templated":true}]}}