{"id":49354,"date":"2022-01-30T12:39:56","date_gmt":"2022-01-30T11:39:56","guid":{"rendered":"https:\/\/pmza.sk\/?page_id=49354"},"modified":"2026-03-26T12:01:08","modified_gmt":"2026-03-26T11:01:08","slug":"historia-dopravy","status":"publish","type":"page","link":"https:\/\/pmza.sk\/?page_id=49354","title":{"rendered":"Hist\u00f3ria dopravy"},"content":{"rendered":"\t\t<div data-elementor-type=\"wp-post\" data-elementor-id=\"49354\" class=\"elementor elementor-49354\">\n\t\t\t\t\t\t<section class=\"elementor-section elementor-top-section elementor-element elementor-element-688ad38 elementor-section-content-middle elementor-section-boxed elementor-section-height-default elementor-section-height-default\" data-id=\"688ad38\" data-element_type=\"section\" data-settings=\"{&quot;background_background&quot;:&quot;classic&quot;}\">\n\t\t\t\t\t\t\t<div class=\"elementor-background-overlay\"><\/div>\n\t\t\t\t\t\t\t<div class=\"elementor-container elementor-column-gap-no\">\n\t\t\t\t\t<div class=\"elementor-column elementor-col-100 elementor-top-column elementor-element elementor-element-148e58a\" data-id=\"148e58a\" data-element_type=\"column\">\n\t\t\t<div class=\"elementor-widget-wrap elementor-element-populated\">\n\t\t\t\t\t\t<div class=\"elementor-element elementor-element-d915ffa elementor-widget elementor-widget-heading\" data-id=\"d915ffa\" data-element_type=\"widget\" data-widget_type=\"heading.default\">\n\t\t\t\t<div class=\"elementor-widget-container\">\n\t\t\t\t\t<h1 class=\"elementor-heading-title elementor-size-default\">Hist\u00f3ria dopravy<\/h1>\t\t\t\t<\/div>\n\t\t\t\t<\/div>\n\t\t\t\t\t<\/div>\n\t\t<\/div>\n\t\t\t\t\t<\/div>\n\t\t<\/section>\n\t\t\t\t<section class=\"elementor-section elementor-top-section elementor-element elementor-element-303906c elementor-section-content-top elementor-section-boxed elementor-section-height-default elementor-section-height-default\" data-id=\"303906c\" data-element_type=\"section\">\n\t\t\t\t\t\t<div class=\"elementor-container elementor-column-gap-no\">\n\t\t\t\t\t<div class=\"elementor-column elementor-col-100 elementor-top-column elementor-element elementor-element-79e7669\" data-id=\"79e7669\" data-element_type=\"column\">\n\t\t\t<div class=\"elementor-widget-wrap elementor-element-populated\">\n\t\t\t\t\t\t<div class=\"elementor-element elementor-element-c1c9279 elementor-widget elementor-widget-text-editor\" data-id=\"c1c9279\" data-element_type=\"widget\" data-widget_type=\"text-editor.default\">\n\t\t\t\t<div class=\"elementor-widget-container\">\n\t\t\t\t\t\t\t\t\t<p>Odborn\u00e9 pracovisko s celoslovenskou p\u00f4sobnos\u0165ou pre oblas\u0165 hist\u00f3rie dopravy sa od roku 1964 zaober\u00e1 m\u00fazejnou \u010dinnos\u0165ou v oblasti dej\u00edn dopravy. K tomuto kroku m\u00fazeum podnietila aj strategick\u00e1 poloha \u017diliny ako mesta s bohatou dopravnou hist\u00f3riou a rozvinutou infra\u0161trukt\u00farou. \u010cinnos\u0165 sa s\u00fastre\u010fuje na:<\/p><div id=\"content\" class=\"site-content boxed extra-boxed\"><div class=\"container\"><div id=\"primary\" class=\"content-area\"><article id=\"post-32317\" class=\"clearfix post-32317 page type-page status-publish hentry\"><div class=\"entry-content\"><ul class=\"default-lists\"><li><strong>nadob\u00fadanie<\/strong>\u00a0zbierkov\u00fdch predmetov z oblasti hist\u00f3rie dopravy z cel\u00e9ho \u00fazemia Slovenska. Budeme v\u010fa\u010dn\u00ed za ak\u00fdko\u013evek dar alebo n\u00e1vrh na nadobudnutie zauj\u00edmav\u00e9ho expon\u00e1tu, ktor\u00fd vhodne dopln\u00ed a dokompletizuje na\u0161u zbierku. M\u00e1me z\u00e1ujem o historick\u00e9 dopravn\u00e9 prostriedky (motocykle, vozy, ko\u010de), prvky cestnej infra\u0161trukt\u00fary, predmety vyra\u010fovan\u00e9 z be\u017enej prev\u00e1dzky na \u017eeleznici a v cestnej doprave (oblas\u0165 tarifn\u00e9ho odbavenia cestuj\u00facich, oznamovacia a zabezpe\u010dovacia technika).<\/li><li><strong>spr\u00e1vu zbierkov\u00e9ho fondu doprava<\/strong>\u00a0\u2013 fond je tvoren\u00fd najm\u00e4 predmetmi z oblasti \u017eelezni\u010dnej dopravy (n\u00e1vestn\u00e1, oznamovacia a zabezpe\u010dovacia technika, predmety z prev\u00e1dzky a \u00fadr\u017eby, s\u00fa\u010diastky parn\u00fdch ru\u0161\u0148ov a voz\u0148ov), \u010falej dokumenta\u010dn\u00e9ho materi\u00e1lu (p\u00edsomnosti, obrazov\u00fd materi\u00e1l, modely), symbolov, odevov a nemotorov\u00fdch dopravn\u00fdch prostriedkov.<\/li><li><strong>prezent\u00e1ciu<\/strong>\u00a0fondu hist\u00f3rie dopravy v\u00a0<a href=\"https:\/\/pmza.sk\/?page_id=48564\">M\u00fazeu dopravy<\/a> na \u017eelezni\u010dnej zast\u00e1vke Rajeck\u00e9 Teplice. M\u00fazeum je spolo\u010dn\u00fdm dielom Pova\u017esk\u00e9ho m\u00fazea a Slovensk\u00e9ho Ariel klubu. Vzniklo a je prev\u00e1dzkovan\u00e9 v\u010faka nezi\u0161tnej pr\u00e1ci a pomoci viacer\u00fdch dobrovo\u013en\u00edkov i zamestnancov m\u00fazea.<\/li><li><strong>vedecko-v\u00fdskumn\u00e9 aktivity<\/strong>\u00a0najm\u00e4 v oblasti cestnej dopravy (aktu\u00e1lne rie\u0161en\u00e9 vedecko-v\u00fdskumn\u00e9 \u00falohy: Hist\u00f3ria verejnej cestnej a mestskej dopravy na Slovensku; V\u00fdvoj \u017eilinsk\u00e9ho \u017eelezni\u010dn\u00e9ho uzla 1870 \u2013 2019).<\/li><li><strong>organiz\u00e1ciu odborn\u00fdch konferenci\u00ed<\/strong>\u00a0(v rokoch 2014 a 2017 sme pripravili konferencie na t\u00e9mu Dejiny cestnej dopravy na Slovensku I a II, z ktor\u00fdch boli vydan\u00e9 dva zborn\u00edky \u2013\u00a01. diel,\u00a02. diel)\u00a0<\/li><li><strong>edi\u010dn\u00fa \u010dinnos\u0165<\/strong>\u00a0\u2013 publik\u00e1cie \u017dilina \u2013 dejiny mestskej hromadnej dopravy, \u017deleznice na star\u00fdch poh\u013eadniciach, Po ko\u013eajniciach do Rajca.<\/li><li><strong>organiz\u00e1ciu podujatia<\/strong>\u00a0Rajeck\u00e1 An\u010da spojen\u00fa s jazdou historick\u00e9ho vlaku na trati \u017dilina \u2013 Rajec.<\/li><\/ul><\/div><\/article><\/div><\/div><\/div><footer id=\"footer\" class=\"site-footer wide\" role=\"contentinfo\"><div id=\"totop\">\u00a0<\/div><div id=\"static-area-footer-top\" class=\"footer-top static-area\"><div class=\"container\"><div class=\"row\"><div class=\"static-footer-sidebars\">\u00a0<\/div><\/div><\/div><\/div><\/footer>\t\t\t\t\t\t\t\t<\/div>\n\t\t\t\t<\/div>\n\t\t\t\t\t<\/div>\n\t\t<\/div>\n\t\t\t\t\t<\/div>\n\t\t<\/section>\n\t\t\t\t<\/div>\n\t\t","protected":false},"excerpt":{"rendered":"<p>Hist\u00f3ria dopravy Odborn\u00e9 pracovisko s celoslovenskou p\u00f4sobnos\u0165ou pre oblas\u0165 hist\u00f3rie dopravy sa od roku 1964 zaober\u00e1 m\u00fazejnou \u010dinnos\u0165ou v oblasti dej\u00edn dopravy. K tomuto kroku m\u00fazeum podnietila aj strategick\u00e1 poloha \u017diliny ako mesta s bohatou dopravnou hist\u00f3riou a rozvinutou infra\u0161trukt\u00farou. \u010cinnos\u0165 sa s\u00fastre\u010fuje na: nadob\u00fadanie\u00a0zbierkov\u00fdch predmetov z oblasti hist\u00f3rie dopravy z cel\u00e9ho \u00fazemia Slovenska. Budeme [&hellip;]<\/p>\n","protected":false},"author":1,"featured_media":0,"parent":0,"menu_order":45,"comment_status":"closed","ping_status":"closed","template":"","meta":{"site-sidebar-layout":"no-sidebar","site-content-layout":"page-builder","ast-site-content-layout":"","site-content-style":"default","site-sidebar-style":"default","ast-global-header-display":"","ast-banner-title-visibility":"","ast-main-header-display":"","ast-hfb-above-header-display":"","ast-hfb-below-header-display":"","ast-hfb-mobile-header-display":"","site-post-title":"disabled","ast-breadcrumbs-content":"","ast-featured-img":"disabled","footer-sml-layout":"","theme-transparent-header-meta":"enabled","adv-header-id-meta":"","stick-header-meta":"","header-above-stick-meta":"","header-main-stick-meta":"","header-below-stick-meta":"","astra-migrate-meta-layouts":"default","ast-page-background-enabled":"default","ast-page-background-meta":{"desktop":{"background-color":"var(--ast-global-color-4)","background-image":"","background-repeat":"repeat","background-position":"center center","background-size":"auto","background-attachment":"scroll","background-type":"","background-media":"","overlay-type":"","overlay-color":"","overlay-opacity":"","overlay-gradient":""},"tablet":{"background-color":"","background-image":"","background-repeat":"repeat","background-position":"center center","background-size":"auto","background-attachment":"scroll","background-type":"","background-media":"","overlay-type":"","overlay-color":"","overlay-opacity":"","overlay-gradient":""},"mobile":{"background-color":"","background-image":"","background-repeat":"repeat","background-position":"center center","background-size":"auto","background-attachment":"scroll","background-type":"","background-media":"","overlay-type":"","overlay-color":"","overlay-opacity":"","overlay-gradient":""}},"ast-content-background-meta":{"desktop":{"background-color":"var(--ast-global-color-5)","background-image":"","background-repeat":"repeat","background-position":"center center","background-size":"auto","background-attachment":"scroll","background-type":"","background-media":"","overlay-type":"","overlay-color":"","overlay-opacity":"","overlay-gradient":""},"tablet":{"background-color":"var(--ast-global-color-5)","background-image":"","background-repeat":"repeat","background-position":"center center","background-size":"auto","background-attachment":"scroll","background-type":"","background-media":"","overlay-type":"","overlay-color":"","overlay-opacity":"","overlay-gradient":""},"mobile":{"background-color":"var(--ast-global-color-5)","background-image":"","background-repeat":"repeat","background-position":"center center","background-size":"auto","background-attachment":"scroll","background-type":"","background-media":"","overlay-type":"","overlay-color":"","overlay-opacity":"","overlay-gradient":""}},"footnotes":""},"class_list":["post-49354","page","type-page","status-publish","hentry"],"yoast_head":"<!-- This site is optimized with the Yoast SEO plugin v27.4 - https:\/\/yoast.com\/product\/yoast-seo-wordpress\/ -->\n<title>Hist\u00f3ria dopravy - Pova\u017esk\u00e9 m\u00fazeum<\/title>\n<meta name=\"robots\" content=\"index, follow, max-snippet:-1, max-image-preview:large, max-video-preview:-1\" \/>\n<link rel=\"canonical\" href=\"https:\/\/pmza.sk\/?page_id=49354\" \/>\n<meta property=\"og:locale\" content=\"sk_SK\" \/>\n<meta property=\"og:type\" content=\"article\" \/>\n<meta property=\"og:title\" content=\"Hist\u00f3ria dopravy - Pova\u017esk\u00e9 m\u00fazeum\" \/>\n<meta property=\"og:description\" content=\"Hist\u00f3ria dopravy Odborn\u00e9 pracovisko s celoslovenskou p\u00f4sobnos\u0165ou pre oblas\u0165 hist\u00f3rie dopravy sa od roku 1964 zaober\u00e1 m\u00fazejnou \u010dinnos\u0165ou v oblasti dej\u00edn dopravy. K tomuto kroku m\u00fazeum podnietila aj strategick\u00e1 poloha \u017diliny ako mesta s bohatou dopravnou hist\u00f3riou a rozvinutou infra\u0161trukt\u00farou. \u010cinnos\u0165 sa s\u00fastre\u010fuje na: nadob\u00fadanie\u00a0zbierkov\u00fdch predmetov z oblasti hist\u00f3rie dopravy z cel\u00e9ho \u00fazemia Slovenska. Budeme [&hellip;]\" \/>\n<meta property=\"og:url\" content=\"https:\/\/pmza.sk\/?page_id=49354\" \/>\n<meta property=\"og:site_name\" content=\"Pova\u017esk\u00e9 m\u00fazeum\" \/>\n<meta property=\"article:publisher\" content=\"https:\/\/www.facebook.com\/povazskemuzeum\" \/>\n<meta property=\"article:modified_time\" content=\"2026-03-26T11:01:08+00:00\" \/>\n<meta name=\"twitter:card\" content=\"summary_large_image\" \/>\n<meta name=\"twitter:label1\" content=\"Predpokladan\u00fd \u010das \u010d\u00edtania\" \/>\n\t<meta name=\"twitter:data1\" content=\"2 min\u00faty\" \/>\n<script type=\"application\/ld+json\" class=\"yoast-schema-graph\">{\"@context\":\"https:\\\/\\\/schema.org\",\"@graph\":[{\"@type\":\"WebPage\",\"@id\":\"https:\\\/\\\/pmza.sk\\\/?page_id=49354\",\"url\":\"https:\\\/\\\/pmza.sk\\\/?page_id=49354\",\"name\":\"Hist\u00f3ria dopravy - Pova\u017esk\u00e9 m\u00fazeum\",\"isPartOf\":{\"@id\":\"https:\\\/\\\/pmza.sk\\\/#website\"},\"datePublished\":\"2022-01-30T11:39:56+00:00\",\"dateModified\":\"2026-03-26T11:01:08+00:00\",\"breadcrumb\":{\"@id\":\"https:\\\/\\\/pmza.sk\\\/?page_id=49354#breadcrumb\"},\"inLanguage\":\"sk-SK\",\"potentialAction\":[{\"@type\":\"ReadAction\",\"target\":[\"https:\\\/\\\/pmza.sk\\\/?page_id=49354\"]}]},{\"@type\":\"BreadcrumbList\",\"@id\":\"https:\\\/\\\/pmza.sk\\\/?page_id=49354#breadcrumb\",\"itemListElement\":[{\"@type\":\"ListItem\",\"position\":1,\"name\":\"Domovsk\u00e1 str\u00e1nka\",\"item\":\"https:\\\/\\\/pmza.sk\\\/\"},{\"@type\":\"ListItem\",\"position\":2,\"name\":\"Hist\u00f3ria dopravy\"}]},{\"@type\":\"WebSite\",\"@id\":\"https:\\\/\\\/pmza.sk\\\/#website\",\"url\":\"https:\\\/\\\/pmza.sk\\\/\",\"name\":\"Pova\u017esk\u00e9 m\u00fazeum\",\"description\":\"Pova\u017esk\u00e9 m\u00fazeum v \u017diline je region\u00e1lne m\u00fazeum so s\u00eddlom v Budat\u00edne. Jeho expoz\u00edcie s\u00fa zameran\u00e9 na dejiny slovensk\u00e9ho umenia, kult\u00fary a dopravy.\",\"publisher\":{\"@id\":\"https:\\\/\\\/pmza.sk\\\/#organization\"},\"potentialAction\":[{\"@type\":\"SearchAction\",\"target\":{\"@type\":\"EntryPoint\",\"urlTemplate\":\"https:\\\/\\\/pmza.sk\\\/?s={search_term_string}\"},\"query-input\":{\"@type\":\"PropertyValueSpecification\",\"valueRequired\":true,\"valueName\":\"search_term_string\"}}],\"inLanguage\":\"sk-SK\"},{\"@type\":\"Organization\",\"@id\":\"https:\\\/\\\/pmza.sk\\\/#organization\",\"name\":\"Pova\u017esk\u00e9 m\u00fazeum\",\"url\":\"https:\\\/\\\/pmza.sk\\\/\",\"logo\":{\"@type\":\"ImageObject\",\"inLanguage\":\"sk-SK\",\"@id\":\"https:\\\/\\\/pmza.sk\\\/#\\\/schema\\\/logo\\\/image\\\/\",\"url\":\"https:\\\/\\\/pmza.sk\\\/wp-content\\\/uploads\\\/2022\\\/01\\\/logo_PM_horizontal.jpg\",\"contentUrl\":\"https:\\\/\\\/pmza.sk\\\/wp-content\\\/uploads\\\/2022\\\/01\\\/logo_PM_horizontal.jpg\",\"width\":231,\"height\":142,\"caption\":\"Pova\u017esk\u00e9 m\u00fazeum\"},\"image\":{\"@id\":\"https:\\\/\\\/pmza.sk\\\/#\\\/schema\\\/logo\\\/image\\\/\"},\"sameAs\":[\"https:\\\/\\\/www.facebook.com\\\/povazskemuzeum\",\"https:\\\/\\\/www.instagram.com\\\/povazskemuzeum\\\/\"]}]}<\/script>\n<!-- \/ Yoast SEO plugin. -->","yoast_head_json":{"title":"Hist\u00f3ria dopravy - Pova\u017esk\u00e9 m\u00fazeum","robots":{"index":"index","follow":"follow","max-snippet":"max-snippet:-1","max-image-preview":"max-image-preview:large","max-video-preview":"max-video-preview:-1"},"canonical":"https:\/\/pmza.sk\/?page_id=49354","og_locale":"sk_SK","og_type":"article","og_title":"Hist\u00f3ria dopravy - Pova\u017esk\u00e9 m\u00fazeum","og_description":"Hist\u00f3ria dopravy Odborn\u00e9 pracovisko s celoslovenskou p\u00f4sobnos\u0165ou pre oblas\u0165 hist\u00f3rie dopravy sa od roku 1964 zaober\u00e1 m\u00fazejnou \u010dinnos\u0165ou v oblasti dej\u00edn dopravy. K tomuto kroku m\u00fazeum podnietila aj strategick\u00e1 poloha \u017diliny ako mesta s bohatou dopravnou hist\u00f3riou a rozvinutou infra\u0161trukt\u00farou. \u010cinnos\u0165 sa s\u00fastre\u010fuje na: nadob\u00fadanie\u00a0zbierkov\u00fdch predmetov z oblasti hist\u00f3rie dopravy z cel\u00e9ho \u00fazemia Slovenska. Budeme [&hellip;]","og_url":"https:\/\/pmza.sk\/?page_id=49354","og_site_name":"Pova\u017esk\u00e9 m\u00fazeum","article_publisher":"https:\/\/www.facebook.com\/povazskemuzeum","article_modified_time":"2026-03-26T11:01:08+00:00","twitter_card":"summary_large_image","twitter_misc":{"Predpokladan\u00fd \u010das \u010d\u00edtania":"2 min\u00faty"},"schema":{"@context":"https:\/\/schema.org","@graph":[{"@type":"WebPage","@id":"https:\/\/pmza.sk\/?page_id=49354","url":"https:\/\/pmza.sk\/?page_id=49354","name":"Hist\u00f3ria dopravy - Pova\u017esk\u00e9 m\u00fazeum","isPartOf":{"@id":"https:\/\/pmza.sk\/#website"},"datePublished":"2022-01-30T11:39:56+00:00","dateModified":"2026-03-26T11:01:08+00:00","breadcrumb":{"@id":"https:\/\/pmza.sk\/?page_id=49354#breadcrumb"},"inLanguage":"sk-SK","potentialAction":[{"@type":"ReadAction","target":["https:\/\/pmza.sk\/?page_id=49354"]}]},{"@type":"BreadcrumbList","@id":"https:\/\/pmza.sk\/?page_id=49354#breadcrumb","itemListElement":[{"@type":"ListItem","position":1,"name":"Domovsk\u00e1 str\u00e1nka","item":"https:\/\/pmza.sk\/"},{"@type":"ListItem","position":2,"name":"Hist\u00f3ria dopravy"}]},{"@type":"WebSite","@id":"https:\/\/pmza.sk\/#website","url":"https:\/\/pmza.sk\/","name":"Pova\u017esk\u00e9 m\u00fazeum","description":"Pova\u017esk\u00e9 m\u00fazeum v \u017diline je region\u00e1lne m\u00fazeum so s\u00eddlom v Budat\u00edne. Jeho expoz\u00edcie s\u00fa zameran\u00e9 na dejiny slovensk\u00e9ho umenia, kult\u00fary a dopravy.","publisher":{"@id":"https:\/\/pmza.sk\/#organization"},"potentialAction":[{"@type":"SearchAction","target":{"@type":"EntryPoint","urlTemplate":"https:\/\/pmza.sk\/?s={search_term_string}"},"query-input":{"@type":"PropertyValueSpecification","valueRequired":true,"valueName":"search_term_string"}}],"inLanguage":"sk-SK"},{"@type":"Organization","@id":"https:\/\/pmza.sk\/#organization","name":"Pova\u017esk\u00e9 m\u00fazeum","url":"https:\/\/pmza.sk\/","logo":{"@type":"ImageObject","inLanguage":"sk-SK","@id":"https:\/\/pmza.sk\/#\/schema\/logo\/image\/","url":"https:\/\/pmza.sk\/wp-content\/uploads\/2022\/01\/logo_PM_horizontal.jpg","contentUrl":"https:\/\/pmza.sk\/wp-content\/uploads\/2022\/01\/logo_PM_horizontal.jpg","width":231,"height":142,"caption":"Pova\u017esk\u00e9 m\u00fazeum"},"image":{"@id":"https:\/\/pmza.sk\/#\/schema\/logo\/image\/"},"sameAs":["https:\/\/www.facebook.com\/povazskemuzeum","https:\/\/www.instagram.com\/povazskemuzeum\/"]}]}},"_links":{"self":[{"href":"https:\/\/pmza.sk\/index.php?rest_route=\/wp\/v2\/pages\/49354","targetHints":{"allow":["GET"]}}],"collection":[{"href":"https:\/\/pmza.sk\/index.php?rest_route=\/wp\/v2\/pages"}],"about":[{"href":"https:\/\/pmza.sk\/index.php?rest_route=\/wp\/v2\/types\/page"}],"author":[{"embeddable":true,"href":"https:\/\/pmza.sk\/index.php?rest_route=\/wp\/v2\/users\/1"}],"replies":[{"embeddable":true,"href":"https:\/\/pmza.sk\/index.php?rest_route=%2Fwp%2Fv2%2Fcomments&post=49354"}],"version-history":[{"count":3,"href":"https:\/\/pmza.sk\/index.php?rest_route=\/wp\/v2\/pages\/49354\/revisions"}],"predecessor-version":[{"id":76763,"href":"https:\/\/pmza.sk\/index.php?rest_route=\/wp\/v2\/pages\/49354\/revisions\/76763"}],"wp:attachment":[{"href":"https:\/\/pmza.sk\/index.php?rest_route=%2Fwp%2Fv2%2Fmedia&parent=49354"}],"curies":[{"name":"wp","href":"https:\/\/api.w.org\/{rel}","templated":true}]}}