{"id":13314,"date":"2010-11-26T11:51:49","date_gmt":"2010-11-26T10:51:49","guid":{"rendered":"https:\/\/pmza.sk.sk\/pl\/?post_type=product&#038;p=144"},"modified":"2022-11-07T10:41:46","modified_gmt":"2022-11-07T09:41:46","slug":"drotarstvo-velka-kniha-o-slovenskom-drotarstve","status":"publish","type":"product","link":"https:\/\/pmza.sk\/?product=drotarstvo-velka-kniha-o-slovenskom-drotarstve","title":{"rendered":"Drot\u00e1rstvo. Ve\u013ek\u00e1 kniha o slovenskom drot\u00e1rstve."},"content":{"rendered":"<p>Katar\u00edna Hallonov\u00e1 \u2013 Monika V\u00e1lekov\u00e1 \u2013 Katar\u00edna Kendrov\u00e1 \u2013 Janka Adamusov\u00e1 \u2013 Alojz Kontr\u00edk<\/p>\n<p><strong>Drot\u00e1rstvo. Ve\u013ek\u00e1 kniha o slovenskom drot\u00e1rstve.<\/strong><\/p>\n<p>Vydalo Vydavate\u013estvo Matice slovenskej, Pova\u017esk\u00e9 m\u00fazeum v\u00a0\u017diline, Kysuck\u00e9 m\u00fazeum v\u00a0\u010cadci, Martin 2010,<\/p>\n<p>160 str\u00e1n, farebn\u00e9 a\u00a0\u010dierno-biele fotografie, anglick\u00e9 resum\u00e9.<\/p>\n<p>Reprezentat\u00edvna monografia systematicky pribli\u017euje \u0161pecifick\u00fd slovensk\u00fd fenom\u00e9n \u2013 drot\u00e1rske remeslo. Predstavuje jeho bohat\u00fa hist\u00f3riu, najv\u00fdznamnej\u0161ie stredisk\u00e1 i osobnosti. Zaober\u00e1 odevom drot\u00e1rov, ich ka\u017edodenn\u00fdm \u017eivotom i\u00a0\u013eudov\u00fdmi zvykmi. Publik\u00e1cia podrobne mapuje odraz drot\u00e1rskeho remesla vo v\u00fdtvarnom umen\u00ed a\u00a0\u010diasto\u010dne aj v\u00a0literat\u00fare 19. a\u00a0prvej polovice 20. storo\u010dia. Venuje sa tie\u017e s\u00fa\u010dasn\u00fdm remeseln\u00fdm a\u00a0umelecko-remeseln\u00fdm pr\u00e1cam z\u00a0dr\u00f4tu i\u00a0presahom drot\u00e1rstva do v\u00fdtvarn\u00e9ho umenia. Publik\u00e1cia vy\u0161la s\u00a0finan\u010dnou podporou Ministerstva kult\u00fary Slovenskej republiky, \u017dilinsk\u00e9ho samospr\u00e1vneho kraja a\u00a0vydavate\u013eov.<\/p>\n","protected":false},"excerpt":{"rendered":"<p>Katar\u00edna Hallonov\u00e1 \u2013 Monika V\u00e1lekov\u00e1 \u2013 Katar\u00edna Kendrov\u00e1 \u2013 Janka Adamusov\u00e1 \u2013 Alojz Kontr\u00edk Drot\u00e1rstvo. Ve\u013ek\u00e1 kniha o slovenskom drot\u00e1rstve. Vydalo Vydavate\u013estvo Matice slovenskej, Pova\u017esk\u00e9 m\u00fazeum v\u00a0\u017diline, Kysuck\u00e9 m\u00fazeum v\u00a0\u010cadci, Martin 2010, 160 str\u00e1n, farebn\u00e9 a\u00a0\u010dierno-biele fotografie, anglick\u00e9 resum\u00e9. Reprezentat\u00edvna monografia systematicky pribli\u017euje \u0161pecifick\u00fd slovensk\u00fd fenom\u00e9n \u2013 drot\u00e1rske remeslo. Predstavuje jeho bohat\u00fa hist\u00f3riu, najv\u00fdznamnej\u0161ie stredisk\u00e1 [&hellip;]<\/p>\n","protected":false},"featured_media":34095,"template":"","meta":{"site-sidebar-layout":"default","site-content-layout":"","ast-site-content-layout":"","site-content-style":"default","site-sidebar-style":"default","ast-global-header-display":"","ast-banner-title-visibility":"","ast-main-header-display":"","ast-hfb-above-header-display":"","ast-hfb-below-header-display":"","ast-hfb-mobile-header-display":"","site-post-title":"","ast-breadcrumbs-content":"","ast-featured-img":"","footer-sml-layout":"","theme-transparent-header-meta":"","adv-header-id-meta":"","stick-header-meta":"","header-above-stick-meta":"","header-main-stick-meta":"","header-below-stick-meta":"","astra-migrate-meta-layouts":"default","ast-page-background-enabled":"default","ast-page-background-meta":{"desktop":{"background-color":"var(--ast-global-color-4)","background-image":"","background-repeat":"repeat","background-position":"center center","background-size":"auto","background-attachment":"scroll","background-type":"","background-media":"","overlay-type":"","overlay-color":"","overlay-opacity":"","overlay-gradient":""},"tablet":{"background-color":"","background-image":"","background-repeat":"repeat","background-position":"center center","background-size":"auto","background-attachment":"scroll","background-type":"","background-media":"","overlay-type":"","overlay-color":"","overlay-opacity":"","overlay-gradient":""},"mobile":{"background-color":"","background-image":"","background-repeat":"repeat","background-position":"center center","background-size":"auto","background-attachment":"scroll","background-type":"","background-media":"","overlay-type":"","overlay-color":"","overlay-opacity":"","overlay-gradient":""}},"ast-content-background-meta":{"desktop":{"background-color":"var(--ast-global-color-5)","background-image":"","background-repeat":"repeat","background-position":"center center","background-size":"auto","background-attachment":"scroll","background-type":"","background-media":"","overlay-type":"","overlay-color":"","overlay-opacity":"","overlay-gradient":""},"tablet":{"background-color":"var(--ast-global-color-5)","background-image":"","background-repeat":"repeat","background-position":"center center","background-size":"auto","background-attachment":"scroll","background-type":"","background-media":"","overlay-type":"","overlay-color":"","overlay-opacity":"","overlay-gradient":""},"mobile":{"background-color":"var(--ast-global-color-5)","background-image":"","background-repeat":"repeat","background-position":"center center","background-size":"auto","background-attachment":"scroll","background-type":"","background-media":"","overlay-type":"","overlay-color":"","overlay-opacity":"","overlay-gradient":""}}},"product_cat":[21],"product_tag":[],"class_list":{"0":"post-13314","1":"product","2":"type-product","3":"status-publish","4":"has-post-thumbnail","6":"product_cat-velke-knihy","7":"desktop-align-left","8":"tablet-align-left","9":"mobile-align-left","10":"ast-product-gallery-layout-horizontal-slider","11":"ast-product-gallery-with-no-image","12":"ast-magnify-disabled","13":"ast-product-tabs-layout-horizontal","15":"first","16":"instock","17":"sale","18":"shipping-taxable","19":"purchasable","20":"product-type-simple"},"yoast_head":"<!-- This site is optimized with the Yoast SEO plugin v27.4 - https:\/\/yoast.com\/product\/yoast-seo-wordpress\/ -->\n<title>Drot\u00e1rstvo. Ve\u013ek\u00e1 kniha o slovenskom drot\u00e1rstve. - Pova\u017esk\u00e9 m\u00fazeum<\/title>\n<meta name=\"robots\" content=\"index, follow, max-snippet:-1, max-image-preview:large, max-video-preview:-1\" \/>\n<link rel=\"canonical\" href=\"https:\/\/pmza.sk\/?product=drotarstvo-velka-kniha-o-slovenskom-drotarstve\" \/>\n<meta property=\"og:locale\" content=\"sk_SK\" \/>\n<meta property=\"og:type\" content=\"article\" \/>\n<meta property=\"og:title\" content=\"Drot\u00e1rstvo. Ve\u013ek\u00e1 kniha o slovenskom drot\u00e1rstve. - Pova\u017esk\u00e9 m\u00fazeum\" \/>\n<meta property=\"og:description\" content=\"Katar\u00edna Hallonov\u00e1 \u2013 Monika V\u00e1lekov\u00e1 \u2013 Katar\u00edna Kendrov\u00e1 \u2013 Janka Adamusov\u00e1 \u2013 Alojz Kontr\u00edk Drot\u00e1rstvo. Ve\u013ek\u00e1 kniha o slovenskom drot\u00e1rstve. Vydalo Vydavate\u013estvo Matice slovenskej, Pova\u017esk\u00e9 m\u00fazeum v\u00a0\u017diline, Kysuck\u00e9 m\u00fazeum v\u00a0\u010cadci, Martin 2010, 160 str\u00e1n, farebn\u00e9 a\u00a0\u010dierno-biele fotografie, anglick\u00e9 resum\u00e9. Reprezentat\u00edvna monografia systematicky pribli\u017euje \u0161pecifick\u00fd slovensk\u00fd fenom\u00e9n \u2013 drot\u00e1rske remeslo. Predstavuje jeho bohat\u00fa hist\u00f3riu, najv\u00fdznamnej\u0161ie stredisk\u00e1 [&hellip;]\" \/>\n<meta property=\"og:url\" content=\"https:\/\/pmza.sk\/?product=drotarstvo-velka-kniha-o-slovenskom-drotarstve\" \/>\n<meta property=\"og:site_name\" content=\"Pova\u017esk\u00e9 m\u00fazeum\" \/>\n<meta property=\"article:publisher\" content=\"https:\/\/www.facebook.com\/povazskemuzeum\" \/>\n<meta property=\"article:modified_time\" content=\"2022-11-07T09:41:46+00:00\" \/>\n<meta property=\"og:image\" content=\"https:\/\/pmza.sk\/wp-content\/uploads\/2013\/11\/drotarstvo-1.jpg\" \/>\n\t<meta property=\"og:image:width\" content=\"435\" \/>\n\t<meta property=\"og:image:height\" content=\"599\" \/>\n\t<meta property=\"og:image:type\" content=\"image\/jpeg\" \/>\n<meta name=\"twitter:card\" content=\"summary_large_image\" \/>\n<meta name=\"twitter:label1\" content=\"Predpokladan\u00fd \u010das \u010d\u00edtania\" \/>\n\t<meta name=\"twitter:data1\" content=\"1 min\u00fata\" \/>\n<script type=\"application\/ld+json\" class=\"yoast-schema-graph\">{\"@context\":\"https:\\\/\\\/schema.org\",\"@graph\":[{\"@type\":\"WebPage\",\"@id\":\"https:\\\/\\\/pmza.sk\\\/?product=drotarstvo-velka-kniha-o-slovenskom-drotarstve\",\"url\":\"https:\\\/\\\/pmza.sk\\\/?product=drotarstvo-velka-kniha-o-slovenskom-drotarstve\",\"name\":\"Drot\u00e1rstvo. Ve\u013ek\u00e1 kniha o slovenskom drot\u00e1rstve. - Pova\u017esk\u00e9 m\u00fazeum\",\"isPartOf\":{\"@id\":\"https:\\\/\\\/pmza.sk\\\/#website\"},\"primaryImageOfPage\":{\"@id\":\"https:\\\/\\\/pmza.sk\\\/?product=drotarstvo-velka-kniha-o-slovenskom-drotarstve#primaryimage\"},\"image\":{\"@id\":\"https:\\\/\\\/pmza.sk\\\/?product=drotarstvo-velka-kniha-o-slovenskom-drotarstve#primaryimage\"},\"thumbnailUrl\":\"https:\\\/\\\/pmza.sk\\\/wp-content\\\/uploads\\\/2013\\\/11\\\/drotarstvo-1.jpg\",\"datePublished\":\"2010-11-26T10:51:49+00:00\",\"dateModified\":\"2022-11-07T09:41:46+00:00\",\"breadcrumb\":{\"@id\":\"https:\\\/\\\/pmza.sk\\\/?product=drotarstvo-velka-kniha-o-slovenskom-drotarstve#breadcrumb\"},\"inLanguage\":\"sk-SK\",\"potentialAction\":[{\"@type\":\"ReadAction\",\"target\":[\"https:\\\/\\\/pmza.sk\\\/?product=drotarstvo-velka-kniha-o-slovenskom-drotarstve\"]}]},{\"@type\":\"ImageObject\",\"inLanguage\":\"sk-SK\",\"@id\":\"https:\\\/\\\/pmza.sk\\\/?product=drotarstvo-velka-kniha-o-slovenskom-drotarstve#primaryimage\",\"url\":\"https:\\\/\\\/pmza.sk\\\/wp-content\\\/uploads\\\/2013\\\/11\\\/drotarstvo-1.jpg\",\"contentUrl\":\"https:\\\/\\\/pmza.sk\\\/wp-content\\\/uploads\\\/2013\\\/11\\\/drotarstvo-1.jpg\",\"width\":435,\"height\":599},{\"@type\":\"BreadcrumbList\",\"@id\":\"https:\\\/\\\/pmza.sk\\\/?product=drotarstvo-velka-kniha-o-slovenskom-drotarstve#breadcrumb\",\"itemListElement\":[{\"@type\":\"ListItem\",\"position\":1,\"name\":\"Domovsk\u00e1 str\u00e1nka\",\"item\":\"https:\\\/\\\/pmza.sk\\\/\"},{\"@type\":\"ListItem\",\"position\":2,\"name\":\"Obchod\",\"item\":\"https:\\\/\\\/pmza.sk\\\/?page_id=7\"},{\"@type\":\"ListItem\",\"position\":3,\"name\":\"Drot\u00e1rstvo. Ve\u013ek\u00e1 kniha o slovenskom drot\u00e1rstve.\"}]},{\"@type\":\"WebSite\",\"@id\":\"https:\\\/\\\/pmza.sk\\\/#website\",\"url\":\"https:\\\/\\\/pmza.sk\\\/\",\"name\":\"Pova\u017esk\u00e9 m\u00fazeum\",\"description\":\"Pova\u017esk\u00e9 m\u00fazeum v \u017diline je region\u00e1lne m\u00fazeum so s\u00eddlom v Budat\u00edne. Jeho expoz\u00edcie s\u00fa zameran\u00e9 na dejiny slovensk\u00e9ho umenia, kult\u00fary a dopravy.\",\"publisher\":{\"@id\":\"https:\\\/\\\/pmza.sk\\\/#organization\"},\"potentialAction\":[{\"@type\":\"SearchAction\",\"target\":{\"@type\":\"EntryPoint\",\"urlTemplate\":\"https:\\\/\\\/pmza.sk\\\/?s={search_term_string}\"},\"query-input\":{\"@type\":\"PropertyValueSpecification\",\"valueRequired\":true,\"valueName\":\"search_term_string\"}}],\"inLanguage\":\"sk-SK\"},{\"@type\":\"Organization\",\"@id\":\"https:\\\/\\\/pmza.sk\\\/#organization\",\"name\":\"Pova\u017esk\u00e9 m\u00fazeum\",\"url\":\"https:\\\/\\\/pmza.sk\\\/\",\"logo\":{\"@type\":\"ImageObject\",\"inLanguage\":\"sk-SK\",\"@id\":\"https:\\\/\\\/pmza.sk\\\/#\\\/schema\\\/logo\\\/image\\\/\",\"url\":\"https:\\\/\\\/pmza.sk\\\/wp-content\\\/uploads\\\/2022\\\/01\\\/logo_PM_horizontal.jpg\",\"contentUrl\":\"https:\\\/\\\/pmza.sk\\\/wp-content\\\/uploads\\\/2022\\\/01\\\/logo_PM_horizontal.jpg\",\"width\":231,\"height\":142,\"caption\":\"Pova\u017esk\u00e9 m\u00fazeum\"},\"image\":{\"@id\":\"https:\\\/\\\/pmza.sk\\\/#\\\/schema\\\/logo\\\/image\\\/\"},\"sameAs\":[\"https:\\\/\\\/www.facebook.com\\\/povazskemuzeum\",\"https:\\\/\\\/www.instagram.com\\\/povazskemuzeum\\\/\"]}]}<\/script>\n<!-- \/ Yoast SEO plugin. -->","yoast_head_json":{"title":"Drot\u00e1rstvo. Ve\u013ek\u00e1 kniha o slovenskom drot\u00e1rstve. - Pova\u017esk\u00e9 m\u00fazeum","robots":{"index":"index","follow":"follow","max-snippet":"max-snippet:-1","max-image-preview":"max-image-preview:large","max-video-preview":"max-video-preview:-1"},"canonical":"https:\/\/pmza.sk\/?product=drotarstvo-velka-kniha-o-slovenskom-drotarstve","og_locale":"sk_SK","og_type":"article","og_title":"Drot\u00e1rstvo. Ve\u013ek\u00e1 kniha o slovenskom drot\u00e1rstve. - Pova\u017esk\u00e9 m\u00fazeum","og_description":"Katar\u00edna Hallonov\u00e1 \u2013 Monika V\u00e1lekov\u00e1 \u2013 Katar\u00edna Kendrov\u00e1 \u2013 Janka Adamusov\u00e1 \u2013 Alojz Kontr\u00edk Drot\u00e1rstvo. Ve\u013ek\u00e1 kniha o slovenskom drot\u00e1rstve. Vydalo Vydavate\u013estvo Matice slovenskej, Pova\u017esk\u00e9 m\u00fazeum v\u00a0\u017diline, Kysuck\u00e9 m\u00fazeum v\u00a0\u010cadci, Martin 2010, 160 str\u00e1n, farebn\u00e9 a\u00a0\u010dierno-biele fotografie, anglick\u00e9 resum\u00e9. Reprezentat\u00edvna monografia systematicky pribli\u017euje \u0161pecifick\u00fd slovensk\u00fd fenom\u00e9n \u2013 drot\u00e1rske remeslo. Predstavuje jeho bohat\u00fa hist\u00f3riu, najv\u00fdznamnej\u0161ie stredisk\u00e1 [&hellip;]","og_url":"https:\/\/pmza.sk\/?product=drotarstvo-velka-kniha-o-slovenskom-drotarstve","og_site_name":"Pova\u017esk\u00e9 m\u00fazeum","article_publisher":"https:\/\/www.facebook.com\/povazskemuzeum","article_modified_time":"2022-11-07T09:41:46+00:00","og_image":[{"width":435,"height":599,"url":"https:\/\/pmza.sk\/wp-content\/uploads\/2013\/11\/drotarstvo-1.jpg","type":"image\/jpeg"}],"twitter_card":"summary_large_image","twitter_misc":{"Predpokladan\u00fd \u010das \u010d\u00edtania":"1 min\u00fata"},"schema":{"@context":"https:\/\/schema.org","@graph":[{"@type":"WebPage","@id":"https:\/\/pmza.sk\/?product=drotarstvo-velka-kniha-o-slovenskom-drotarstve","url":"https:\/\/pmza.sk\/?product=drotarstvo-velka-kniha-o-slovenskom-drotarstve","name":"Drot\u00e1rstvo. Ve\u013ek\u00e1 kniha o slovenskom drot\u00e1rstve. - Pova\u017esk\u00e9 m\u00fazeum","isPartOf":{"@id":"https:\/\/pmza.sk\/#website"},"primaryImageOfPage":{"@id":"https:\/\/pmza.sk\/?product=drotarstvo-velka-kniha-o-slovenskom-drotarstve#primaryimage"},"image":{"@id":"https:\/\/pmza.sk\/?product=drotarstvo-velka-kniha-o-slovenskom-drotarstve#primaryimage"},"thumbnailUrl":"https:\/\/pmza.sk\/wp-content\/uploads\/2013\/11\/drotarstvo-1.jpg","datePublished":"2010-11-26T10:51:49+00:00","dateModified":"2022-11-07T09:41:46+00:00","breadcrumb":{"@id":"https:\/\/pmza.sk\/?product=drotarstvo-velka-kniha-o-slovenskom-drotarstve#breadcrumb"},"inLanguage":"sk-SK","potentialAction":[{"@type":"ReadAction","target":["https:\/\/pmza.sk\/?product=drotarstvo-velka-kniha-o-slovenskom-drotarstve"]}]},{"@type":"ImageObject","inLanguage":"sk-SK","@id":"https:\/\/pmza.sk\/?product=drotarstvo-velka-kniha-o-slovenskom-drotarstve#primaryimage","url":"https:\/\/pmza.sk\/wp-content\/uploads\/2013\/11\/drotarstvo-1.jpg","contentUrl":"https:\/\/pmza.sk\/wp-content\/uploads\/2013\/11\/drotarstvo-1.jpg","width":435,"height":599},{"@type":"BreadcrumbList","@id":"https:\/\/pmza.sk\/?product=drotarstvo-velka-kniha-o-slovenskom-drotarstve#breadcrumb","itemListElement":[{"@type":"ListItem","position":1,"name":"Domovsk\u00e1 str\u00e1nka","item":"https:\/\/pmza.sk\/"},{"@type":"ListItem","position":2,"name":"Obchod","item":"https:\/\/pmza.sk\/?page_id=7"},{"@type":"ListItem","position":3,"name":"Drot\u00e1rstvo. Ve\u013ek\u00e1 kniha o slovenskom drot\u00e1rstve."}]},{"@type":"WebSite","@id":"https:\/\/pmza.sk\/#website","url":"https:\/\/pmza.sk\/","name":"Pova\u017esk\u00e9 m\u00fazeum","description":"Pova\u017esk\u00e9 m\u00fazeum v \u017diline je region\u00e1lne m\u00fazeum so s\u00eddlom v Budat\u00edne. Jeho expoz\u00edcie s\u00fa zameran\u00e9 na dejiny slovensk\u00e9ho umenia, kult\u00fary a dopravy.","publisher":{"@id":"https:\/\/pmza.sk\/#organization"},"potentialAction":[{"@type":"SearchAction","target":{"@type":"EntryPoint","urlTemplate":"https:\/\/pmza.sk\/?s={search_term_string}"},"query-input":{"@type":"PropertyValueSpecification","valueRequired":true,"valueName":"search_term_string"}}],"inLanguage":"sk-SK"},{"@type":"Organization","@id":"https:\/\/pmza.sk\/#organization","name":"Pova\u017esk\u00e9 m\u00fazeum","url":"https:\/\/pmza.sk\/","logo":{"@type":"ImageObject","inLanguage":"sk-SK","@id":"https:\/\/pmza.sk\/#\/schema\/logo\/image\/","url":"https:\/\/pmza.sk\/wp-content\/uploads\/2022\/01\/logo_PM_horizontal.jpg","contentUrl":"https:\/\/pmza.sk\/wp-content\/uploads\/2022\/01\/logo_PM_horizontal.jpg","width":231,"height":142,"caption":"Pova\u017esk\u00e9 m\u00fazeum"},"image":{"@id":"https:\/\/pmza.sk\/#\/schema\/logo\/image\/"},"sameAs":["https:\/\/www.facebook.com\/povazskemuzeum","https:\/\/www.instagram.com\/povazskemuzeum\/"]}]}},"_links":{"self":[{"href":"https:\/\/pmza.sk\/index.php?rest_route=\/wp\/v2\/product\/13314","targetHints":{"allow":["GET"]}}],"collection":[{"href":"https:\/\/pmza.sk\/index.php?rest_route=\/wp\/v2\/product"}],"about":[{"href":"https:\/\/pmza.sk\/index.php?rest_route=\/wp\/v2\/types\/product"}],"wp:featuredmedia":[{"embeddable":true,"href":"https:\/\/pmza.sk\/index.php?rest_route=\/wp\/v2\/media\/34095"}],"wp:attachment":[{"href":"https:\/\/pmza.sk\/index.php?rest_route=%2Fwp%2Fv2%2Fmedia&parent=13314"}],"wp:term":[{"taxonomy":"product_cat","embeddable":true,"href":"https:\/\/pmza.sk\/index.php?rest_route=%2Fwp%2Fv2%2Fproduct_cat&post=13314"},{"taxonomy":"product_tag","embeddable":true,"href":"https:\/\/pmza.sk\/index.php?rest_route=%2Fwp%2Fv2%2Fproduct_tag&post=13314"}],"curies":[{"name":"wp","href":"https:\/\/api.w.org\/{rel}","templated":true}]}}