{"id":13316,"date":"2011-11-26T13:26:48","date_gmt":"2011-11-26T12:26:48","guid":{"rendered":"https:\/\/pmza.sk.sk\/pl\/?post_type=product&#038;p=150"},"modified":"2022-11-07T10:18:36","modified_gmt":"2022-11-07T09:18:36","slug":"vlastivedny-zbornik-povazia-xxv","status":"publish","type":"product","link":"https:\/\/pmza.sk\/?product=vlastivedny-zbornik-povazia-xxv","title":{"rendered":"Vlastivedn\u00fd zborn\u00edk Pova\u017eia XXV"},"content":{"rendered":"<p><strong>Vlastivedn\u00fd zborn\u00edk Pova\u017eia XXV <\/strong><\/p>\n<p>\u017dilina, Pova\u017esk\u00e9 m\u00fazeum, 2011<\/p>\n<p>256 s. \u2013 rozmery 16,5 x 23,8 \u2013 bro\u017eovan\u00e1 v\u00e4zba, s\u010dasti vo farbe<\/p>\n<p>&nbsp;<\/p>\n<p>&nbsp;<\/p>\n<p><strong>Z obsahu<\/strong>:<\/p>\n<p>HL\u00d4\u0160KA, L.: \u010casopriestorov\u00e9 zmeny taxocen\u00f3zy mikromam\u00e1li\u00ed horsk\u00e9ho \u00fadolia Kriv\u00e1nskej rizne v N\u00e1rodnom parku Mal\u00e1 Fatra;<\/p>\n<p>HL\u00d4\u0160KA, L.: Monitoring potenci\u00e1lneho vplyvu prev\u00e1dzky vetern\u00fdch elektr\u00e1rn\u00ed na distrib\u00faciu drobn\u00fdch zemn\u00fdch cicavcov \u2013 Rodentia, Sociomorpha;<\/p>\n<p>JURECK\u00dd, M.: Kostol sv. Barbory v \u017diline;<\/p>\n<p>KALA\u0160, M.: Doprava a jej vplyv na popul\u00e1ciu medve\u010fa hned\u00e9ho v \u0161ir\u0161ej oblasti N\u00e1rodn\u00e9ho parku Mal\u00e1 Fatra\u00a0<em>a \u010fal\u0161ie v kapitol\u00e1ch Akviz\u00edcie, Ochrana zbierok a Spomienky. <\/em><\/p>\n<p>KENDROV\u00c1, K.: \u013dudov\u00e9 lie\u010denie vo Ve\u013ekom Rovnom;<\/p>\n<p>MARCINOV\u00c1, J.: \u013dudov\u00fd odev v \u010ci\u010dmanoch. Porovnanie stavu minulosti a s\u00fa\u010dasnosti a transform\u00e1cia odevnej motiviky na \u013eudovo-umeleck\u00fdch v\u00fdrobkoch;<\/p>\n<p>OK\u00c1NIKOV\u00c1, M.: \u017divnostn\u00edci v \u017diline v rokoch 1918 \u2013 1948;<\/p>\n<p>PAR\u00c1\u010cOV\u00c1, A.: Revolu\u010dn\u00e9 roky 1848 \u2013 1849 v \u017diline a na Kysuciach;<\/p>\n<p>\u0160IMKO, P.: Cestn\u00e1 doprava v okresoch \u017dilina a Byt\u010da v 2. polovici 18. storo\u010dia a v 1. polovici 19. storo\u010dia na z\u00e1klade historick\u00fdch m\u00e1p a opisov;<\/p>\n<p>URBANOV\u00c1, V.: Pr\u00edspevok k poznaniu mokra\u010fn\u00fdch spolo\u010denstiev v dolin\u00e1ch z\u00e1padnej \u010dasti L\u00fa\u010danskej Fatry;<\/p>\n<p>V\u00c1LEKOV\u00c1, M.: Drot\u00e1ri a severn\u00e9 Slovensko v tvorbe Jaroslava Vodr\u00e1\u017eku;<\/p>\n<p>V\u00c1LEKOV\u00c1, M.: \u017dilina vo v\u00fdtvarnom umen\u00ed;<\/p>\n<p>WETTER, R.: Hrad Lietava. Vybran\u00e9 charakteristiky fyzicko-geografick\u00fdch pomerov najbli\u017e\u0161ieho okolia hradu a ich vplyv na fyzick\u00fd stav hradnej ruiny;<\/p>\n<p>ZACHAR, J. \u2013 HOR\u0147\u00c1K, M.: Archeologick\u00fd v\u00fdskum na Kalin\u010diakovej ul. v \u017diline;<\/p>\n","protected":false},"excerpt":{"rendered":"<p>Vlastivedn\u00fd zborn\u00edk Pova\u017eia XXV \u017dilina, Pova\u017esk\u00e9 m\u00fazeum, 2011 256 s. \u2013 rozmery 16,5 x 23,8 \u2013 bro\u017eovan\u00e1 v\u00e4zba, s\u010dasti vo farbe &nbsp; &nbsp; Z obsahu: HL\u00d4\u0160KA, L.: \u010casopriestorov\u00e9 zmeny taxocen\u00f3zy mikromam\u00e1li\u00ed horsk\u00e9ho \u00fadolia Kriv\u00e1nskej rizne v N\u00e1rodnom parku Mal\u00e1 Fatra; HL\u00d4\u0160KA, L.: Monitoring potenci\u00e1lneho vplyvu prev\u00e1dzky vetern\u00fdch elektr\u00e1rn\u00ed na distrib\u00faciu drobn\u00fdch zemn\u00fdch cicavcov \u2013 Rodentia, [&hellip;]<\/p>\n","protected":false},"featured_media":34093,"template":"","meta":{"site-sidebar-layout":"default","site-content-layout":"","ast-site-content-layout":"","site-content-style":"default","site-sidebar-style":"default","ast-global-header-display":"","ast-banner-title-visibility":"","ast-main-header-display":"","ast-hfb-above-header-display":"","ast-hfb-below-header-display":"","ast-hfb-mobile-header-display":"","site-post-title":"","ast-breadcrumbs-content":"","ast-featured-img":"","footer-sml-layout":"","theme-transparent-header-meta":"","adv-header-id-meta":"","stick-header-meta":"","header-above-stick-meta":"","header-main-stick-meta":"","header-below-stick-meta":"","astra-migrate-meta-layouts":"default","ast-page-background-enabled":"default","ast-page-background-meta":{"desktop":{"background-color":"var(--ast-global-color-4)","background-image":"","background-repeat":"repeat","background-position":"center center","background-size":"auto","background-attachment":"scroll","background-type":"","background-media":"","overlay-type":"","overlay-color":"","overlay-opacity":"","overlay-gradient":""},"tablet":{"background-color":"","background-image":"","background-repeat":"repeat","background-position":"center center","background-size":"auto","background-attachment":"scroll","background-type":"","background-media":"","overlay-type":"","overlay-color":"","overlay-opacity":"","overlay-gradient":""},"mobile":{"background-color":"","background-image":"","background-repeat":"repeat","background-position":"center center","background-size":"auto","background-attachment":"scroll","background-type":"","background-media":"","overlay-type":"","overlay-color":"","overlay-opacity":"","overlay-gradient":""}},"ast-content-background-meta":{"desktop":{"background-color":"var(--ast-global-color-5)","background-image":"","background-repeat":"repeat","background-position":"center center","background-size":"auto","background-attachment":"scroll","background-type":"","background-media":"","overlay-type":"","overlay-color":"","overlay-opacity":"","overlay-gradient":""},"tablet":{"background-color":"var(--ast-global-color-5)","background-image":"","background-repeat":"repeat","background-position":"center center","background-size":"auto","background-attachment":"scroll","background-type":"","background-media":"","overlay-type":"","overlay-color":"","overlay-opacity":"","overlay-gradient":""},"mobile":{"background-color":"var(--ast-global-color-5)","background-image":"","background-repeat":"repeat","background-position":"center center","background-size":"auto","background-attachment":"scroll","background-type":"","background-media":"","overlay-type":"","overlay-color":"","overlay-opacity":"","overlay-gradient":""}}},"product_cat":[22],"product_tag":[],"class_list":{"0":"post-13316","1":"product","2":"type-product","3":"status-publish","4":"has-post-thumbnail","6":"product_cat-vlastivedny-zbornik-povazia","7":"desktop-align-left","8":"tablet-align-left","9":"mobile-align-left","10":"ast-product-gallery-layout-horizontal-slider","11":"ast-product-gallery-with-no-image","12":"ast-magnify-disabled","13":"ast-product-tabs-layout-horizontal","15":"first","16":"instock","17":"shipping-taxable","18":"purchasable","19":"product-type-simple"},"yoast_head":"<!-- This site is optimized with the Yoast SEO plugin v27.4 - https:\/\/yoast.com\/product\/yoast-seo-wordpress\/ -->\n<title>Vlastivedn\u00fd zborn\u00edk Pova\u017eia XXV - Pova\u017esk\u00e9 m\u00fazeum<\/title>\n<meta name=\"robots\" content=\"index, follow, max-snippet:-1, max-image-preview:large, max-video-preview:-1\" \/>\n<link rel=\"canonical\" href=\"https:\/\/pmza.sk\/?product=vlastivedny-zbornik-povazia-xxv\" \/>\n<meta property=\"og:locale\" content=\"sk_SK\" \/>\n<meta property=\"og:type\" content=\"article\" \/>\n<meta property=\"og:title\" content=\"Vlastivedn\u00fd zborn\u00edk Pova\u017eia XXV - Pova\u017esk\u00e9 m\u00fazeum\" \/>\n<meta property=\"og:description\" content=\"Vlastivedn\u00fd zborn\u00edk Pova\u017eia XXV \u017dilina, Pova\u017esk\u00e9 m\u00fazeum, 2011 256 s. \u2013 rozmery 16,5 x 23,8 \u2013 bro\u017eovan\u00e1 v\u00e4zba, s\u010dasti vo farbe &nbsp; &nbsp; Z obsahu: HL\u00d4\u0160KA, L.: \u010casopriestorov\u00e9 zmeny taxocen\u00f3zy mikromam\u00e1li\u00ed horsk\u00e9ho \u00fadolia Kriv\u00e1nskej rizne v N\u00e1rodnom parku Mal\u00e1 Fatra; HL\u00d4\u0160KA, L.: Monitoring potenci\u00e1lneho vplyvu prev\u00e1dzky vetern\u00fdch elektr\u00e1rn\u00ed na distrib\u00faciu drobn\u00fdch zemn\u00fdch cicavcov \u2013 Rodentia, [&hellip;]\" \/>\n<meta property=\"og:url\" content=\"https:\/\/pmza.sk\/?product=vlastivedny-zbornik-povazia-xxv\" \/>\n<meta property=\"og:site_name\" content=\"Pova\u017esk\u00e9 m\u00fazeum\" \/>\n<meta property=\"article:publisher\" content=\"https:\/\/www.facebook.com\/povazskemuzeum\" \/>\n<meta property=\"article:modified_time\" content=\"2022-11-07T09:18:36+00:00\" \/>\n<meta property=\"og:image\" content=\"https:\/\/pmza.sk\/wp-content\/uploads\/2013\/11\/VZP-XXV-1.jpg\" \/>\n\t<meta property=\"og:image:width\" content=\"442\" \/>\n\t<meta property=\"og:image:height\" content=\"640\" \/>\n\t<meta property=\"og:image:type\" content=\"image\/jpeg\" \/>\n<meta name=\"twitter:card\" content=\"summary_large_image\" \/>\n<meta name=\"twitter:label1\" content=\"Predpokladan\u00fd \u010das \u010d\u00edtania\" \/>\n\t<meta name=\"twitter:data1\" content=\"1 min\u00fata\" \/>\n<script type=\"application\/ld+json\" class=\"yoast-schema-graph\">{\"@context\":\"https:\\\/\\\/schema.org\",\"@graph\":[{\"@type\":\"WebPage\",\"@id\":\"https:\\\/\\\/pmza.sk\\\/?product=vlastivedny-zbornik-povazia-xxv\",\"url\":\"https:\\\/\\\/pmza.sk\\\/?product=vlastivedny-zbornik-povazia-xxv\",\"name\":\"Vlastivedn\u00fd zborn\u00edk Pova\u017eia XXV - Pova\u017esk\u00e9 m\u00fazeum\",\"isPartOf\":{\"@id\":\"https:\\\/\\\/pmza.sk\\\/#website\"},\"primaryImageOfPage\":{\"@id\":\"https:\\\/\\\/pmza.sk\\\/?product=vlastivedny-zbornik-povazia-xxv#primaryimage\"},\"image\":{\"@id\":\"https:\\\/\\\/pmza.sk\\\/?product=vlastivedny-zbornik-povazia-xxv#primaryimage\"},\"thumbnailUrl\":\"https:\\\/\\\/pmza.sk\\\/wp-content\\\/uploads\\\/2013\\\/11\\\/VZP-XXV-1.jpg\",\"datePublished\":\"2011-11-26T12:26:48+00:00\",\"dateModified\":\"2022-11-07T09:18:36+00:00\",\"breadcrumb\":{\"@id\":\"https:\\\/\\\/pmza.sk\\\/?product=vlastivedny-zbornik-povazia-xxv#breadcrumb\"},\"inLanguage\":\"sk-SK\",\"potentialAction\":[{\"@type\":\"ReadAction\",\"target\":[\"https:\\\/\\\/pmza.sk\\\/?product=vlastivedny-zbornik-povazia-xxv\"]}]},{\"@type\":\"ImageObject\",\"inLanguage\":\"sk-SK\",\"@id\":\"https:\\\/\\\/pmza.sk\\\/?product=vlastivedny-zbornik-povazia-xxv#primaryimage\",\"url\":\"https:\\\/\\\/pmza.sk\\\/wp-content\\\/uploads\\\/2013\\\/11\\\/VZP-XXV-1.jpg\",\"contentUrl\":\"https:\\\/\\\/pmza.sk\\\/wp-content\\\/uploads\\\/2013\\\/11\\\/VZP-XXV-1.jpg\",\"width\":442,\"height\":640},{\"@type\":\"BreadcrumbList\",\"@id\":\"https:\\\/\\\/pmza.sk\\\/?product=vlastivedny-zbornik-povazia-xxv#breadcrumb\",\"itemListElement\":[{\"@type\":\"ListItem\",\"position\":1,\"name\":\"Domovsk\u00e1 str\u00e1nka\",\"item\":\"https:\\\/\\\/pmza.sk\\\/\"},{\"@type\":\"ListItem\",\"position\":2,\"name\":\"Obchod\",\"item\":\"https:\\\/\\\/pmza.sk\\\/?page_id=7\"},{\"@type\":\"ListItem\",\"position\":3,\"name\":\"Vlastivedn\u00fd zborn\u00edk Pova\u017eia XXV\"}]},{\"@type\":\"WebSite\",\"@id\":\"https:\\\/\\\/pmza.sk\\\/#website\",\"url\":\"https:\\\/\\\/pmza.sk\\\/\",\"name\":\"Pova\u017esk\u00e9 m\u00fazeum\",\"description\":\"Pova\u017esk\u00e9 m\u00fazeum v \u017diline je region\u00e1lne m\u00fazeum so s\u00eddlom v Budat\u00edne. Jeho expoz\u00edcie s\u00fa zameran\u00e9 na dejiny slovensk\u00e9ho umenia, kult\u00fary a dopravy.\",\"publisher\":{\"@id\":\"https:\\\/\\\/pmza.sk\\\/#organization\"},\"potentialAction\":[{\"@type\":\"SearchAction\",\"target\":{\"@type\":\"EntryPoint\",\"urlTemplate\":\"https:\\\/\\\/pmza.sk\\\/?s={search_term_string}\"},\"query-input\":{\"@type\":\"PropertyValueSpecification\",\"valueRequired\":true,\"valueName\":\"search_term_string\"}}],\"inLanguage\":\"sk-SK\"},{\"@type\":\"Organization\",\"@id\":\"https:\\\/\\\/pmza.sk\\\/#organization\",\"name\":\"Pova\u017esk\u00e9 m\u00fazeum\",\"url\":\"https:\\\/\\\/pmza.sk\\\/\",\"logo\":{\"@type\":\"ImageObject\",\"inLanguage\":\"sk-SK\",\"@id\":\"https:\\\/\\\/pmza.sk\\\/#\\\/schema\\\/logo\\\/image\\\/\",\"url\":\"https:\\\/\\\/pmza.sk\\\/wp-content\\\/uploads\\\/2022\\\/01\\\/logo_PM_horizontal.jpg\",\"contentUrl\":\"https:\\\/\\\/pmza.sk\\\/wp-content\\\/uploads\\\/2022\\\/01\\\/logo_PM_horizontal.jpg\",\"width\":231,\"height\":142,\"caption\":\"Pova\u017esk\u00e9 m\u00fazeum\"},\"image\":{\"@id\":\"https:\\\/\\\/pmza.sk\\\/#\\\/schema\\\/logo\\\/image\\\/\"},\"sameAs\":[\"https:\\\/\\\/www.facebook.com\\\/povazskemuzeum\",\"https:\\\/\\\/www.instagram.com\\\/povazskemuzeum\\\/\"]}]}<\/script>\n<!-- \/ Yoast SEO plugin. -->","yoast_head_json":{"title":"Vlastivedn\u00fd zborn\u00edk Pova\u017eia XXV - Pova\u017esk\u00e9 m\u00fazeum","robots":{"index":"index","follow":"follow","max-snippet":"max-snippet:-1","max-image-preview":"max-image-preview:large","max-video-preview":"max-video-preview:-1"},"canonical":"https:\/\/pmza.sk\/?product=vlastivedny-zbornik-povazia-xxv","og_locale":"sk_SK","og_type":"article","og_title":"Vlastivedn\u00fd zborn\u00edk Pova\u017eia XXV - Pova\u017esk\u00e9 m\u00fazeum","og_description":"Vlastivedn\u00fd zborn\u00edk Pova\u017eia XXV \u017dilina, Pova\u017esk\u00e9 m\u00fazeum, 2011 256 s. \u2013 rozmery 16,5 x 23,8 \u2013 bro\u017eovan\u00e1 v\u00e4zba, s\u010dasti vo farbe &nbsp; &nbsp; Z obsahu: HL\u00d4\u0160KA, L.: \u010casopriestorov\u00e9 zmeny taxocen\u00f3zy mikromam\u00e1li\u00ed horsk\u00e9ho \u00fadolia Kriv\u00e1nskej rizne v N\u00e1rodnom parku Mal\u00e1 Fatra; HL\u00d4\u0160KA, L.: Monitoring potenci\u00e1lneho vplyvu prev\u00e1dzky vetern\u00fdch elektr\u00e1rn\u00ed na distrib\u00faciu drobn\u00fdch zemn\u00fdch cicavcov \u2013 Rodentia, [&hellip;]","og_url":"https:\/\/pmza.sk\/?product=vlastivedny-zbornik-povazia-xxv","og_site_name":"Pova\u017esk\u00e9 m\u00fazeum","article_publisher":"https:\/\/www.facebook.com\/povazskemuzeum","article_modified_time":"2022-11-07T09:18:36+00:00","og_image":[{"width":442,"height":640,"url":"https:\/\/pmza.sk\/wp-content\/uploads\/2013\/11\/VZP-XXV-1.jpg","type":"image\/jpeg"}],"twitter_card":"summary_large_image","twitter_misc":{"Predpokladan\u00fd \u010das \u010d\u00edtania":"1 min\u00fata"},"schema":{"@context":"https:\/\/schema.org","@graph":[{"@type":"WebPage","@id":"https:\/\/pmza.sk\/?product=vlastivedny-zbornik-povazia-xxv","url":"https:\/\/pmza.sk\/?product=vlastivedny-zbornik-povazia-xxv","name":"Vlastivedn\u00fd zborn\u00edk Pova\u017eia XXV - Pova\u017esk\u00e9 m\u00fazeum","isPartOf":{"@id":"https:\/\/pmza.sk\/#website"},"primaryImageOfPage":{"@id":"https:\/\/pmza.sk\/?product=vlastivedny-zbornik-povazia-xxv#primaryimage"},"image":{"@id":"https:\/\/pmza.sk\/?product=vlastivedny-zbornik-povazia-xxv#primaryimage"},"thumbnailUrl":"https:\/\/pmza.sk\/wp-content\/uploads\/2013\/11\/VZP-XXV-1.jpg","datePublished":"2011-11-26T12:26:48+00:00","dateModified":"2022-11-07T09:18:36+00:00","breadcrumb":{"@id":"https:\/\/pmza.sk\/?product=vlastivedny-zbornik-povazia-xxv#breadcrumb"},"inLanguage":"sk-SK","potentialAction":[{"@type":"ReadAction","target":["https:\/\/pmza.sk\/?product=vlastivedny-zbornik-povazia-xxv"]}]},{"@type":"ImageObject","inLanguage":"sk-SK","@id":"https:\/\/pmza.sk\/?product=vlastivedny-zbornik-povazia-xxv#primaryimage","url":"https:\/\/pmza.sk\/wp-content\/uploads\/2013\/11\/VZP-XXV-1.jpg","contentUrl":"https:\/\/pmza.sk\/wp-content\/uploads\/2013\/11\/VZP-XXV-1.jpg","width":442,"height":640},{"@type":"BreadcrumbList","@id":"https:\/\/pmza.sk\/?product=vlastivedny-zbornik-povazia-xxv#breadcrumb","itemListElement":[{"@type":"ListItem","position":1,"name":"Domovsk\u00e1 str\u00e1nka","item":"https:\/\/pmza.sk\/"},{"@type":"ListItem","position":2,"name":"Obchod","item":"https:\/\/pmza.sk\/?page_id=7"},{"@type":"ListItem","position":3,"name":"Vlastivedn\u00fd zborn\u00edk Pova\u017eia XXV"}]},{"@type":"WebSite","@id":"https:\/\/pmza.sk\/#website","url":"https:\/\/pmza.sk\/","name":"Pova\u017esk\u00e9 m\u00fazeum","description":"Pova\u017esk\u00e9 m\u00fazeum v \u017diline je region\u00e1lne m\u00fazeum so s\u00eddlom v Budat\u00edne. Jeho expoz\u00edcie s\u00fa zameran\u00e9 na dejiny slovensk\u00e9ho umenia, kult\u00fary a dopravy.","publisher":{"@id":"https:\/\/pmza.sk\/#organization"},"potentialAction":[{"@type":"SearchAction","target":{"@type":"EntryPoint","urlTemplate":"https:\/\/pmza.sk\/?s={search_term_string}"},"query-input":{"@type":"PropertyValueSpecification","valueRequired":true,"valueName":"search_term_string"}}],"inLanguage":"sk-SK"},{"@type":"Organization","@id":"https:\/\/pmza.sk\/#organization","name":"Pova\u017esk\u00e9 m\u00fazeum","url":"https:\/\/pmza.sk\/","logo":{"@type":"ImageObject","inLanguage":"sk-SK","@id":"https:\/\/pmza.sk\/#\/schema\/logo\/image\/","url":"https:\/\/pmza.sk\/wp-content\/uploads\/2022\/01\/logo_PM_horizontal.jpg","contentUrl":"https:\/\/pmza.sk\/wp-content\/uploads\/2022\/01\/logo_PM_horizontal.jpg","width":231,"height":142,"caption":"Pova\u017esk\u00e9 m\u00fazeum"},"image":{"@id":"https:\/\/pmza.sk\/#\/schema\/logo\/image\/"},"sameAs":["https:\/\/www.facebook.com\/povazskemuzeum","https:\/\/www.instagram.com\/povazskemuzeum\/"]}]}},"_links":{"self":[{"href":"https:\/\/pmza.sk\/index.php?rest_route=\/wp\/v2\/product\/13316","targetHints":{"allow":["GET"]}}],"collection":[{"href":"https:\/\/pmza.sk\/index.php?rest_route=\/wp\/v2\/product"}],"about":[{"href":"https:\/\/pmza.sk\/index.php?rest_route=\/wp\/v2\/types\/product"}],"wp:featuredmedia":[{"embeddable":true,"href":"https:\/\/pmza.sk\/index.php?rest_route=\/wp\/v2\/media\/34093"}],"wp:attachment":[{"href":"https:\/\/pmza.sk\/index.php?rest_route=%2Fwp%2Fv2%2Fmedia&parent=13316"}],"wp:term":[{"taxonomy":"product_cat","embeddable":true,"href":"https:\/\/pmza.sk\/index.php?rest_route=%2Fwp%2Fv2%2Fproduct_cat&post=13316"},{"taxonomy":"product_tag","embeddable":true,"href":"https:\/\/pmza.sk\/index.php?rest_route=%2Fwp%2Fv2%2Fproduct_tag&post=13316"}],"curies":[{"name":"wp","href":"https:\/\/api.w.org\/{rel}","templated":true}]}}