{"id":13321,"date":"2004-11-26T15:32:40","date_gmt":"2004-11-26T14:32:40","guid":{"rendered":"https:\/\/pmza.sk.sk\/pl\/?post_type=product&#038;p=157"},"modified":"2022-11-07T10:33:08","modified_gmt":"2022-11-07T09:33:08","slug":"vlastivedny-zbornik-povazia-xxii","status":"publish","type":"product","link":"https:\/\/pmza.sk\/?product=vlastivedny-zbornik-povazia-xxii","title":{"rendered":"Vlastivedn\u00fd zborn\u00edk Pova\u017eia XXII"},"content":{"rendered":"<p><strong>Vlastivedn\u00fd zborn\u00edk Pova\u017eia XXII <\/strong><\/p>\n<p>\u017dilina, Pova\u017esk\u00e9 m\u00fazeum, 2004<\/p>\n<p><span style=\"font-weight: normal;\">172 s. \u2013 rozmery 16,5 x 23,8 \u2013 bro\u017eovan\u00e1 v\u00e4zba<\/span><\/p>\n<p>&nbsp;<\/p>\n<p><strong>Z obsahu:<\/strong><\/p>\n<p>DUDA, Josef \u2013 DUDA, Ji\u0159\u00ed: Pr\u00edspevok k poznaniu machorastov v\u00fdchodnej \u010dasti Javorn\u00edkov.<\/p>\n<p>HL\u00d4\u0160KA, L.: Vplyv antropick\u00e9ho naru\u0161enia na \u0161trukt\u00faru spolo\u010denstiev mikromam\u00e1li\u00ed.<\/p>\n<p>JANAS, K.: Slovensko-po\u013esk\u00e9 \u00fazemn\u00e9 spory a sp\u00f4soby ich rie\u0161enia na severoz\u00e1padnom Slovensku v rokoch 1839 \u2013 1939.<\/p>\n<p>MARSINA, R.: Privil\u00e9gium kr\u00e1\u013ea \u017digmunda pre \u017eilinsk\u00fdch me\u0161\u0165anov z roku 1414.<\/p>\n<p>MARTINICK\u00dd, M.: K dejin\u00e1m obc\u00ed pripojen\u00fdch k mestu \u017dilina.<\/p>\n<p>MI\u010cUROV\u00c1, M. \u2013 LICHNER, D.: Vznik a v\u00fdvoj \u017eeleznice \u017dilina \u2013 Rajec. Z hist\u00f3rie \u017eeleznice \u017dilina \u2013 Rajec.<\/p>\n<p>MORAVEC, J.: N\u00e1lezy kamenn\u00fdch n\u00e1strojov v Brodne.<\/p>\n<p>MORAV\u010c\u00cdK, J.: V\u00fdvoj n\u00e1zorov na vznik mesta \u017dilina a v\u00fdpove\u010f archeologick\u00fdch n\u00e1lezov.<\/p>\n<p>MRVA, M.: Inform\u00e1cie o \u010dinnosti Pova\u017esk\u00e9ho m\u00fazea v \u017diline.<\/p>\n<p>OK\u00c1NIKOV\u00c1, M.: Obchodn\u00e1 \u0161kola v \u017diline.<\/p>\n<p>R\u00c1BIK, V.: Nezn\u00e1me listiny mesta \u017diliny z rokov 1385 a 1503. Sonda do diplomatiky \u017eilinsk\u00fdch stredovek\u00fdch list\u00edn.<\/p>\n<p>STOLLMANN, A.: Storo\u010dnice ornitol\u00f3gov, na ktor\u00fdch sa nezab\u00fada.<\/p>\n<p>URBANOV\u00c1, V.: Nieko\u013eko zauj\u00edmav\u00fdch floristick\u00fdch n\u00e1lezov v oblasti severoz\u00e1padn\u00e9ho Slovenska.<\/p>\n","protected":false},"excerpt":{"rendered":"<p>Vlastivedn\u00fd zborn\u00edk Pova\u017eia XXII \u017dilina, Pova\u017esk\u00e9 m\u00fazeum, 2004 172 s. \u2013 rozmery 16,5 x 23,8 \u2013 bro\u017eovan\u00e1 v\u00e4zba &nbsp; Z obsahu: DUDA, Josef \u2013 DUDA, Ji\u0159\u00ed: Pr\u00edspevok k poznaniu machorastov v\u00fdchodnej \u010dasti Javorn\u00edkov. HL\u00d4\u0160KA, L.: Vplyv antropick\u00e9ho naru\u0161enia na \u0161trukt\u00faru spolo\u010denstiev mikromam\u00e1li\u00ed. JANAS, K.: Slovensko-po\u013esk\u00e9 \u00fazemn\u00e9 spory a sp\u00f4soby ich rie\u0161enia na severoz\u00e1padnom Slovensku v [&hellip;]<\/p>\n","protected":false},"featured_media":34089,"template":"","meta":{"site-sidebar-layout":"default","site-content-layout":"","ast-site-content-layout":"","site-content-style":"default","site-sidebar-style":"default","ast-global-header-display":"","ast-banner-title-visibility":"","ast-main-header-display":"","ast-hfb-above-header-display":"","ast-hfb-below-header-display":"","ast-hfb-mobile-header-display":"","site-post-title":"","ast-breadcrumbs-content":"","ast-featured-img":"","footer-sml-layout":"","theme-transparent-header-meta":"","adv-header-id-meta":"","stick-header-meta":"","header-above-stick-meta":"","header-main-stick-meta":"","header-below-stick-meta":"","astra-migrate-meta-layouts":"default","ast-page-background-enabled":"default","ast-page-background-meta":{"desktop":{"background-color":"var(--ast-global-color-4)","background-image":"","background-repeat":"repeat","background-position":"center center","background-size":"auto","background-attachment":"scroll","background-type":"","background-media":"","overlay-type":"","overlay-color":"","overlay-opacity":"","overlay-gradient":""},"tablet":{"background-color":"","background-image":"","background-repeat":"repeat","background-position":"center center","background-size":"auto","background-attachment":"scroll","background-type":"","background-media":"","overlay-type":"","overlay-color":"","overlay-opacity":"","overlay-gradient":""},"mobile":{"background-color":"","background-image":"","background-repeat":"repeat","background-position":"center center","background-size":"auto","background-attachment":"scroll","background-type":"","background-media":"","overlay-type":"","overlay-color":"","overlay-opacity":"","overlay-gradient":""}},"ast-content-background-meta":{"desktop":{"background-color":"var(--ast-global-color-5)","background-image":"","background-repeat":"repeat","background-position":"center center","background-size":"auto","background-attachment":"scroll","background-type":"","background-media":"","overlay-type":"","overlay-color":"","overlay-opacity":"","overlay-gradient":""},"tablet":{"background-color":"var(--ast-global-color-5)","background-image":"","background-repeat":"repeat","background-position":"center center","background-size":"auto","background-attachment":"scroll","background-type":"","background-media":"","overlay-type":"","overlay-color":"","overlay-opacity":"","overlay-gradient":""},"mobile":{"background-color":"var(--ast-global-color-5)","background-image":"","background-repeat":"repeat","background-position":"center center","background-size":"auto","background-attachment":"scroll","background-type":"","background-media":"","overlay-type":"","overlay-color":"","overlay-opacity":"","overlay-gradient":""}}},"product_cat":[22],"product_tag":[],"class_list":{"0":"post-13321","1":"product","2":"type-product","3":"status-publish","4":"has-post-thumbnail","6":"product_cat-vlastivedny-zbornik-povazia","7":"desktop-align-left","8":"tablet-align-left","9":"mobile-align-left","10":"ast-product-gallery-layout-horizontal-slider","11":"ast-magnify-disabled","12":"ast-product-tabs-layout-horizontal","14":"first","15":"instock","16":"shipping-taxable","17":"purchasable","18":"product-type-simple"},"yoast_head":"<!-- This site is optimized with the Yoast SEO plugin v27.4 - https:\/\/yoast.com\/product\/yoast-seo-wordpress\/ -->\n<title>Vlastivedn\u00fd zborn\u00edk Pova\u017eia XXII - Pova\u017esk\u00e9 m\u00fazeum<\/title>\n<meta name=\"robots\" content=\"index, follow, max-snippet:-1, max-image-preview:large, max-video-preview:-1\" \/>\n<link rel=\"canonical\" href=\"https:\/\/pmza.sk\/?product=vlastivedny-zbornik-povazia-xxii\" \/>\n<meta property=\"og:locale\" content=\"sk_SK\" \/>\n<meta property=\"og:type\" content=\"article\" \/>\n<meta property=\"og:title\" content=\"Vlastivedn\u00fd zborn\u00edk Pova\u017eia XXII - Pova\u017esk\u00e9 m\u00fazeum\" \/>\n<meta property=\"og:description\" content=\"Vlastivedn\u00fd zborn\u00edk Pova\u017eia XXII \u017dilina, Pova\u017esk\u00e9 m\u00fazeum, 2004 172 s. \u2013 rozmery 16,5 x 23,8 \u2013 bro\u017eovan\u00e1 v\u00e4zba &nbsp; Z obsahu: DUDA, Josef \u2013 DUDA, Ji\u0159\u00ed: Pr\u00edspevok k poznaniu machorastov v\u00fdchodnej \u010dasti Javorn\u00edkov. HL\u00d4\u0160KA, L.: Vplyv antropick\u00e9ho naru\u0161enia na \u0161trukt\u00faru spolo\u010denstiev mikromam\u00e1li\u00ed. JANAS, K.: Slovensko-po\u013esk\u00e9 \u00fazemn\u00e9 spory a sp\u00f4soby ich rie\u0161enia na severoz\u00e1padnom Slovensku v [&hellip;]\" \/>\n<meta property=\"og:url\" content=\"https:\/\/pmza.sk\/?product=vlastivedny-zbornik-povazia-xxii\" \/>\n<meta property=\"og:site_name\" content=\"Pova\u017esk\u00e9 m\u00fazeum\" \/>\n<meta property=\"article:publisher\" content=\"https:\/\/www.facebook.com\/povazskemuzeum\" \/>\n<meta property=\"article:modified_time\" content=\"2022-11-07T09:33:08+00:00\" \/>\n<meta property=\"og:image\" content=\"https:\/\/pmza.sk\/wp-content\/uploads\/2013\/11\/zbornik22-695x1024-2.jpg\" \/>\n\t<meta property=\"og:image:width\" content=\"695\" \/>\n\t<meta property=\"og:image:height\" content=\"1024\" \/>\n\t<meta property=\"og:image:type\" content=\"image\/jpeg\" \/>\n<meta name=\"twitter:card\" content=\"summary_large_image\" \/>\n<meta name=\"twitter:label1\" content=\"Predpokladan\u00fd \u010das \u010d\u00edtania\" \/>\n\t<meta name=\"twitter:data1\" content=\"1 min\u00fata\" \/>\n<script type=\"application\/ld+json\" class=\"yoast-schema-graph\">{\"@context\":\"https:\\\/\\\/schema.org\",\"@graph\":[{\"@type\":\"WebPage\",\"@id\":\"https:\\\/\\\/pmza.sk\\\/?product=vlastivedny-zbornik-povazia-xxii\",\"url\":\"https:\\\/\\\/pmza.sk\\\/?product=vlastivedny-zbornik-povazia-xxii\",\"name\":\"Vlastivedn\u00fd zborn\u00edk Pova\u017eia XXII - Pova\u017esk\u00e9 m\u00fazeum\",\"isPartOf\":{\"@id\":\"https:\\\/\\\/pmza.sk\\\/#website\"},\"primaryImageOfPage\":{\"@id\":\"https:\\\/\\\/pmza.sk\\\/?product=vlastivedny-zbornik-povazia-xxii#primaryimage\"},\"image\":{\"@id\":\"https:\\\/\\\/pmza.sk\\\/?product=vlastivedny-zbornik-povazia-xxii#primaryimage\"},\"thumbnailUrl\":\"https:\\\/\\\/pmza.sk\\\/wp-content\\\/uploads\\\/2013\\\/11\\\/zbornik22-695x1024-2.jpg\",\"datePublished\":\"2004-11-26T14:32:40+00:00\",\"dateModified\":\"2022-11-07T09:33:08+00:00\",\"breadcrumb\":{\"@id\":\"https:\\\/\\\/pmza.sk\\\/?product=vlastivedny-zbornik-povazia-xxii#breadcrumb\"},\"inLanguage\":\"sk-SK\",\"potentialAction\":[{\"@type\":\"ReadAction\",\"target\":[\"https:\\\/\\\/pmza.sk\\\/?product=vlastivedny-zbornik-povazia-xxii\"]}]},{\"@type\":\"ImageObject\",\"inLanguage\":\"sk-SK\",\"@id\":\"https:\\\/\\\/pmza.sk\\\/?product=vlastivedny-zbornik-povazia-xxii#primaryimage\",\"url\":\"https:\\\/\\\/pmza.sk\\\/wp-content\\\/uploads\\\/2013\\\/11\\\/zbornik22-695x1024-2.jpg\",\"contentUrl\":\"https:\\\/\\\/pmza.sk\\\/wp-content\\\/uploads\\\/2013\\\/11\\\/zbornik22-695x1024-2.jpg\",\"width\":695,\"height\":1024},{\"@type\":\"BreadcrumbList\",\"@id\":\"https:\\\/\\\/pmza.sk\\\/?product=vlastivedny-zbornik-povazia-xxii#breadcrumb\",\"itemListElement\":[{\"@type\":\"ListItem\",\"position\":1,\"name\":\"Domovsk\u00e1 str\u00e1nka\",\"item\":\"https:\\\/\\\/pmza.sk\\\/\"},{\"@type\":\"ListItem\",\"position\":2,\"name\":\"Obchod\",\"item\":\"https:\\\/\\\/pmza.sk\\\/?page_id=7\"},{\"@type\":\"ListItem\",\"position\":3,\"name\":\"Vlastivedn\u00fd zborn\u00edk Pova\u017eia XXII\"}]},{\"@type\":\"WebSite\",\"@id\":\"https:\\\/\\\/pmza.sk\\\/#website\",\"url\":\"https:\\\/\\\/pmza.sk\\\/\",\"name\":\"Pova\u017esk\u00e9 m\u00fazeum\",\"description\":\"Pova\u017esk\u00e9 m\u00fazeum v \u017diline je region\u00e1lne m\u00fazeum so s\u00eddlom v Budat\u00edne. Jeho expoz\u00edcie s\u00fa zameran\u00e9 na dejiny slovensk\u00e9ho umenia, kult\u00fary a dopravy.\",\"publisher\":{\"@id\":\"https:\\\/\\\/pmza.sk\\\/#organization\"},\"potentialAction\":[{\"@type\":\"SearchAction\",\"target\":{\"@type\":\"EntryPoint\",\"urlTemplate\":\"https:\\\/\\\/pmza.sk\\\/?s={search_term_string}\"},\"query-input\":{\"@type\":\"PropertyValueSpecification\",\"valueRequired\":true,\"valueName\":\"search_term_string\"}}],\"inLanguage\":\"sk-SK\"},{\"@type\":\"Organization\",\"@id\":\"https:\\\/\\\/pmza.sk\\\/#organization\",\"name\":\"Pova\u017esk\u00e9 m\u00fazeum\",\"url\":\"https:\\\/\\\/pmza.sk\\\/\",\"logo\":{\"@type\":\"ImageObject\",\"inLanguage\":\"sk-SK\",\"@id\":\"https:\\\/\\\/pmza.sk\\\/#\\\/schema\\\/logo\\\/image\\\/\",\"url\":\"https:\\\/\\\/pmza.sk\\\/wp-content\\\/uploads\\\/2022\\\/01\\\/logo_PM_horizontal.jpg\",\"contentUrl\":\"https:\\\/\\\/pmza.sk\\\/wp-content\\\/uploads\\\/2022\\\/01\\\/logo_PM_horizontal.jpg\",\"width\":231,\"height\":142,\"caption\":\"Pova\u017esk\u00e9 m\u00fazeum\"},\"image\":{\"@id\":\"https:\\\/\\\/pmza.sk\\\/#\\\/schema\\\/logo\\\/image\\\/\"},\"sameAs\":[\"https:\\\/\\\/www.facebook.com\\\/povazskemuzeum\",\"https:\\\/\\\/www.instagram.com\\\/povazskemuzeum\\\/\"]}]}<\/script>\n<!-- \/ Yoast SEO plugin. -->","yoast_head_json":{"title":"Vlastivedn\u00fd zborn\u00edk Pova\u017eia XXII - Pova\u017esk\u00e9 m\u00fazeum","robots":{"index":"index","follow":"follow","max-snippet":"max-snippet:-1","max-image-preview":"max-image-preview:large","max-video-preview":"max-video-preview:-1"},"canonical":"https:\/\/pmza.sk\/?product=vlastivedny-zbornik-povazia-xxii","og_locale":"sk_SK","og_type":"article","og_title":"Vlastivedn\u00fd zborn\u00edk Pova\u017eia XXII - Pova\u017esk\u00e9 m\u00fazeum","og_description":"Vlastivedn\u00fd zborn\u00edk Pova\u017eia XXII \u017dilina, Pova\u017esk\u00e9 m\u00fazeum, 2004 172 s. \u2013 rozmery 16,5 x 23,8 \u2013 bro\u017eovan\u00e1 v\u00e4zba &nbsp; Z obsahu: DUDA, Josef \u2013 DUDA, Ji\u0159\u00ed: Pr\u00edspevok k poznaniu machorastov v\u00fdchodnej \u010dasti Javorn\u00edkov. HL\u00d4\u0160KA, L.: Vplyv antropick\u00e9ho naru\u0161enia na \u0161trukt\u00faru spolo\u010denstiev mikromam\u00e1li\u00ed. JANAS, K.: Slovensko-po\u013esk\u00e9 \u00fazemn\u00e9 spory a sp\u00f4soby ich rie\u0161enia na severoz\u00e1padnom Slovensku v [&hellip;]","og_url":"https:\/\/pmza.sk\/?product=vlastivedny-zbornik-povazia-xxii","og_site_name":"Pova\u017esk\u00e9 m\u00fazeum","article_publisher":"https:\/\/www.facebook.com\/povazskemuzeum","article_modified_time":"2022-11-07T09:33:08+00:00","og_image":[{"width":695,"height":1024,"url":"https:\/\/pmza.sk\/wp-content\/uploads\/2013\/11\/zbornik22-695x1024-2.jpg","type":"image\/jpeg"}],"twitter_card":"summary_large_image","twitter_misc":{"Predpokladan\u00fd \u010das \u010d\u00edtania":"1 min\u00fata"},"schema":{"@context":"https:\/\/schema.org","@graph":[{"@type":"WebPage","@id":"https:\/\/pmza.sk\/?product=vlastivedny-zbornik-povazia-xxii","url":"https:\/\/pmza.sk\/?product=vlastivedny-zbornik-povazia-xxii","name":"Vlastivedn\u00fd zborn\u00edk Pova\u017eia XXII - Pova\u017esk\u00e9 m\u00fazeum","isPartOf":{"@id":"https:\/\/pmza.sk\/#website"},"primaryImageOfPage":{"@id":"https:\/\/pmza.sk\/?product=vlastivedny-zbornik-povazia-xxii#primaryimage"},"image":{"@id":"https:\/\/pmza.sk\/?product=vlastivedny-zbornik-povazia-xxii#primaryimage"},"thumbnailUrl":"https:\/\/pmza.sk\/wp-content\/uploads\/2013\/11\/zbornik22-695x1024-2.jpg","datePublished":"2004-11-26T14:32:40+00:00","dateModified":"2022-11-07T09:33:08+00:00","breadcrumb":{"@id":"https:\/\/pmza.sk\/?product=vlastivedny-zbornik-povazia-xxii#breadcrumb"},"inLanguage":"sk-SK","potentialAction":[{"@type":"ReadAction","target":["https:\/\/pmza.sk\/?product=vlastivedny-zbornik-povazia-xxii"]}]},{"@type":"ImageObject","inLanguage":"sk-SK","@id":"https:\/\/pmza.sk\/?product=vlastivedny-zbornik-povazia-xxii#primaryimage","url":"https:\/\/pmza.sk\/wp-content\/uploads\/2013\/11\/zbornik22-695x1024-2.jpg","contentUrl":"https:\/\/pmza.sk\/wp-content\/uploads\/2013\/11\/zbornik22-695x1024-2.jpg","width":695,"height":1024},{"@type":"BreadcrumbList","@id":"https:\/\/pmza.sk\/?product=vlastivedny-zbornik-povazia-xxii#breadcrumb","itemListElement":[{"@type":"ListItem","position":1,"name":"Domovsk\u00e1 str\u00e1nka","item":"https:\/\/pmza.sk\/"},{"@type":"ListItem","position":2,"name":"Obchod","item":"https:\/\/pmza.sk\/?page_id=7"},{"@type":"ListItem","position":3,"name":"Vlastivedn\u00fd zborn\u00edk Pova\u017eia XXII"}]},{"@type":"WebSite","@id":"https:\/\/pmza.sk\/#website","url":"https:\/\/pmza.sk\/","name":"Pova\u017esk\u00e9 m\u00fazeum","description":"Pova\u017esk\u00e9 m\u00fazeum v \u017diline je region\u00e1lne m\u00fazeum so s\u00eddlom v Budat\u00edne. Jeho expoz\u00edcie s\u00fa zameran\u00e9 na dejiny slovensk\u00e9ho umenia, kult\u00fary a dopravy.","publisher":{"@id":"https:\/\/pmza.sk\/#organization"},"potentialAction":[{"@type":"SearchAction","target":{"@type":"EntryPoint","urlTemplate":"https:\/\/pmza.sk\/?s={search_term_string}"},"query-input":{"@type":"PropertyValueSpecification","valueRequired":true,"valueName":"search_term_string"}}],"inLanguage":"sk-SK"},{"@type":"Organization","@id":"https:\/\/pmza.sk\/#organization","name":"Pova\u017esk\u00e9 m\u00fazeum","url":"https:\/\/pmza.sk\/","logo":{"@type":"ImageObject","inLanguage":"sk-SK","@id":"https:\/\/pmza.sk\/#\/schema\/logo\/image\/","url":"https:\/\/pmza.sk\/wp-content\/uploads\/2022\/01\/logo_PM_horizontal.jpg","contentUrl":"https:\/\/pmza.sk\/wp-content\/uploads\/2022\/01\/logo_PM_horizontal.jpg","width":231,"height":142,"caption":"Pova\u017esk\u00e9 m\u00fazeum"},"image":{"@id":"https:\/\/pmza.sk\/#\/schema\/logo\/image\/"},"sameAs":["https:\/\/www.facebook.com\/povazskemuzeum","https:\/\/www.instagram.com\/povazskemuzeum\/"]}]}},"_links":{"self":[{"href":"https:\/\/pmza.sk\/index.php?rest_route=\/wp\/v2\/product\/13321","targetHints":{"allow":["GET"]}}],"collection":[{"href":"https:\/\/pmza.sk\/index.php?rest_route=\/wp\/v2\/product"}],"about":[{"href":"https:\/\/pmza.sk\/index.php?rest_route=\/wp\/v2\/types\/product"}],"wp:featuredmedia":[{"embeddable":true,"href":"https:\/\/pmza.sk\/index.php?rest_route=\/wp\/v2\/media\/34089"}],"wp:attachment":[{"href":"https:\/\/pmza.sk\/index.php?rest_route=%2Fwp%2Fv2%2Fmedia&parent=13321"}],"wp:term":[{"taxonomy":"product_cat","embeddable":true,"href":"https:\/\/pmza.sk\/index.php?rest_route=%2Fwp%2Fv2%2Fproduct_cat&post=13321"},{"taxonomy":"product_tag","embeddable":true,"href":"https:\/\/pmza.sk\/index.php?rest_route=%2Fwp%2Fv2%2Fproduct_tag&post=13321"}],"curies":[{"name":"wp","href":"https:\/\/api.w.org\/{rel}","templated":true}]}}