{"id":13322,"date":"2002-11-26T15:38:20","date_gmt":"2002-11-26T14:38:20","guid":{"rendered":"https:\/\/pmza.sk.sk\/pl\/?post_type=product&#038;p=158"},"modified":"2022-11-07T10:32:26","modified_gmt":"2022-11-07T09:32:26","slug":"vlastivedny-zbornik-povazia-xxi","status":"publish","type":"product","link":"https:\/\/pmza.sk\/?product=vlastivedny-zbornik-povazia-xxi","title":{"rendered":"Vlastivedn\u00fd zborn\u00edk Pova\u017eia XXI"},"content":{"rendered":"<p><strong>Vlastivedn\u00fd zborn\u00edk Pova\u017eia XXI <\/strong><\/p>\n<p><span style=\"font-weight: normal;\">\u017dilina, Pova\u017esk\u00e9 m\u00fazeum, 2002 <\/span><\/p>\n<p><span style=\"font-weight: normal;\">268 s. \u2013 rozmery 16,5 x 23,8 \u2013 bro\u017eovan\u00e1 v\u00e4zba <\/span><\/p>\n<p>&nbsp;<\/p>\n<p><strong>Obsah:<\/strong><\/p>\n<p><span style=\"font-size: 1em; line-height: 1.5;\">Morav\u010d\u00edk, Jozef: Opevnenie severoz\u00e1padn\u00e9ho Slovenska<\/span><\/p>\n<p>Ok\u00e1nikov\u00e1, M\u00e1ria: Z hist\u00f3rie \u0161kolstva v \u017diline \u2013 Diev\u010densk\u00e9 gymn\u00e1zium\u00a0v \u017diline<\/p>\n<p>Mrvov\u00e1, Jaroslava: Porcel\u00e1n v zbierkach Pova\u017esk\u00e9ho m\u00fazea v \u017diline<\/p>\n<p>\u0160kvarnov\u00e1, Monika: V\u00fdtvarn\u00e9 diela s drot\u00e1rskou tematikou v slovensk\u00fdch m\u00faze\u00e1ch a gal\u00e9ri\u00e1ch<\/p>\n<p>Bellanov\u00e1, So\u0148a: Geologick\u00fd invetariza\u010dn\u00fd v\u00fdskum v NPR Str\u00e1\u017eov<\/p>\n<p>Urbanov\u00e1, Vikt\u00f3ria: Pr\u00edspevok k v\u00fdskytu inv\u00e1znach druhov fl\u00f3ry v \u017eilinskom regi\u00f3ne<\/p>\n<p>Urbanov\u00e1, Vikt\u00f3ria: Rastlinstvo na brehoch V\u00e1hu v \u00faseku Doma\u0161\u00ednskeho meandra<\/p>\n<p>Urbanov\u00e1, Vikt\u00f3ria: Zauj\u00edmavej\u0161ie floristick\u00e9 n\u00e1lezy v \u017dilinskej kotline a v bl\u00edzkom okol\u00ed<\/p>\n<p>Hl\u00f4\u0161ka, Ladislav: Terestrick\u00e9 stavovce (Vertebrata) Doma\u0161\u00ednskeho meandra<\/p>\n<p>Zatloukalov\u00e1, Andrea: Poddansk\u00e9 dediny mesta \u017diliny (Z\u00e1vodie, Kr\u00e1sno nad Kysucou, Horelica, O\u0161\u010dadnica, Zborov)<\/p>\n<p>Hunka, J\u00e1n: \u00a0V\u00fdnimo\u010dn\u00fd n\u00e1lez minc\u00ed zo za\u010diatku storo\u010dia z Tuchyne pri Ilave<\/p>\n<p>Hunka, J\u00e1n \u2013 \u017dilin\u010d\u00edk, Ivan: N\u00e1lez pokladu minc\u00ed v \u010cadci v roku 2000<\/p>\n<p>De\u00e1k, Ladislav: Po\u013esk\u00e9 \u00fazemn\u00e9 po\u017eiadavky na okolie \u010cadce v roku 1938<\/p>\n<p>Turzo, Igor: Mojm\u00edr Vlkola\u010dek. Maliar a v\u00fdskumn\u00edk starej \u017diliny<\/p>\n<p>R\u00e1bik, Vladim\u00edr: V\u00fdsadn\u00e1 listina Domani\u017ee z roku 1559. (Diplomaticko-paleografick\u00e1 a obsahov\u00e1 anal\u00fdza)<\/p>\n<p>Duda, Josef \u2013 Duda, Ji\u0159\u00ed: Mechorosty Kysuck\u00e9 vrchoviny<\/p>\n<p>Sabol, Martin: Morfometrick\u00e1 anal\u00fdza osteologick\u00fdch zvy\u0161kov medve\u010fov jaskynn\u00fdch (Ursus spelaeus ROSENMULLER et HEINROTH, 1794)<\/p>\n<p>Pa\u0161ka, \u0160tefan: \u017dilinsk\u00fd farsk\u00fd kostol kedysi a dnes<\/p>\n","protected":false},"excerpt":{"rendered":"<p>Vlastivedn\u00fd zborn\u00edk Pova\u017eia XXI \u017dilina, Pova\u017esk\u00e9 m\u00fazeum, 2002 268 s. \u2013 rozmery 16,5 x 23,8 \u2013 bro\u017eovan\u00e1 v\u00e4zba &nbsp; Obsah: Morav\u010d\u00edk, Jozef: Opevnenie severoz\u00e1padn\u00e9ho Slovenska Ok\u00e1nikov\u00e1, M\u00e1ria: Z hist\u00f3rie \u0161kolstva v \u017diline \u2013 Diev\u010densk\u00e9 gymn\u00e1zium\u00a0v \u017diline Mrvov\u00e1, Jaroslava: Porcel\u00e1n v zbierkach Pova\u017esk\u00e9ho m\u00fazea v \u017diline \u0160kvarnov\u00e1, Monika: V\u00fdtvarn\u00e9 diela s drot\u00e1rskou tematikou v slovensk\u00fdch m\u00faze\u00e1ch [&hellip;]<\/p>\n","protected":false},"featured_media":34088,"template":"","meta":{"site-sidebar-layout":"default","site-content-layout":"","ast-site-content-layout":"","site-content-style":"default","site-sidebar-style":"default","ast-global-header-display":"","ast-banner-title-visibility":"","ast-main-header-display":"","ast-hfb-above-header-display":"","ast-hfb-below-header-display":"","ast-hfb-mobile-header-display":"","site-post-title":"","ast-breadcrumbs-content":"","ast-featured-img":"","footer-sml-layout":"","theme-transparent-header-meta":"","adv-header-id-meta":"","stick-header-meta":"","header-above-stick-meta":"","header-main-stick-meta":"","header-below-stick-meta":"","astra-migrate-meta-layouts":"default","ast-page-background-enabled":"default","ast-page-background-meta":{"desktop":{"background-color":"var(--ast-global-color-4)","background-image":"","background-repeat":"repeat","background-position":"center center","background-size":"auto","background-attachment":"scroll","background-type":"","background-media":"","overlay-type":"","overlay-color":"","overlay-opacity":"","overlay-gradient":""},"tablet":{"background-color":"","background-image":"","background-repeat":"repeat","background-position":"center center","background-size":"auto","background-attachment":"scroll","background-type":"","background-media":"","overlay-type":"","overlay-color":"","overlay-opacity":"","overlay-gradient":""},"mobile":{"background-color":"","background-image":"","background-repeat":"repeat","background-position":"center center","background-size":"auto","background-attachment":"scroll","background-type":"","background-media":"","overlay-type":"","overlay-color":"","overlay-opacity":"","overlay-gradient":""}},"ast-content-background-meta":{"desktop":{"background-color":"var(--ast-global-color-5)","background-image":"","background-repeat":"repeat","background-position":"center center","background-size":"auto","background-attachment":"scroll","background-type":"","background-media":"","overlay-type":"","overlay-color":"","overlay-opacity":"","overlay-gradient":""},"tablet":{"background-color":"var(--ast-global-color-5)","background-image":"","background-repeat":"repeat","background-position":"center center","background-size":"auto","background-attachment":"scroll","background-type":"","background-media":"","overlay-type":"","overlay-color":"","overlay-opacity":"","overlay-gradient":""},"mobile":{"background-color":"var(--ast-global-color-5)","background-image":"","background-repeat":"repeat","background-position":"center center","background-size":"auto","background-attachment":"scroll","background-type":"","background-media":"","overlay-type":"","overlay-color":"","overlay-opacity":"","overlay-gradient":""}}},"product_cat":[22],"product_tag":[],"class_list":{"0":"post-13322","1":"product","2":"type-product","3":"status-publish","4":"has-post-thumbnail","6":"product_cat-vlastivedny-zbornik-povazia","7":"desktop-align-left","8":"tablet-align-left","9":"mobile-align-left","10":"ast-product-gallery-layout-horizontal-slider","11":"ast-magnify-disabled","12":"ast-product-tabs-layout-horizontal","14":"first","15":"instock","16":"shipping-taxable","17":"purchasable","18":"product-type-simple"},"yoast_head":"<!-- This site is optimized with the Yoast SEO plugin v27.4 - https:\/\/yoast.com\/product\/yoast-seo-wordpress\/ -->\n<title>Vlastivedn\u00fd zborn\u00edk Pova\u017eia XXI - Pova\u017esk\u00e9 m\u00fazeum<\/title>\n<meta name=\"robots\" content=\"index, follow, max-snippet:-1, max-image-preview:large, max-video-preview:-1\" \/>\n<link rel=\"canonical\" href=\"https:\/\/pmza.sk\/?product=vlastivedny-zbornik-povazia-xxi\" \/>\n<meta property=\"og:locale\" content=\"sk_SK\" \/>\n<meta property=\"og:type\" content=\"article\" \/>\n<meta property=\"og:title\" content=\"Vlastivedn\u00fd zborn\u00edk Pova\u017eia XXI - Pova\u017esk\u00e9 m\u00fazeum\" \/>\n<meta property=\"og:description\" content=\"Vlastivedn\u00fd zborn\u00edk Pova\u017eia XXI \u017dilina, Pova\u017esk\u00e9 m\u00fazeum, 2002 268 s. \u2013 rozmery 16,5 x 23,8 \u2013 bro\u017eovan\u00e1 v\u00e4zba &nbsp; Obsah: Morav\u010d\u00edk, Jozef: Opevnenie severoz\u00e1padn\u00e9ho Slovenska Ok\u00e1nikov\u00e1, M\u00e1ria: Z hist\u00f3rie \u0161kolstva v \u017diline \u2013 Diev\u010densk\u00e9 gymn\u00e1zium\u00a0v \u017diline Mrvov\u00e1, Jaroslava: Porcel\u00e1n v zbierkach Pova\u017esk\u00e9ho m\u00fazea v \u017diline \u0160kvarnov\u00e1, Monika: V\u00fdtvarn\u00e9 diela s drot\u00e1rskou tematikou v slovensk\u00fdch m\u00faze\u00e1ch [&hellip;]\" \/>\n<meta property=\"og:url\" content=\"https:\/\/pmza.sk\/?product=vlastivedny-zbornik-povazia-xxi\" \/>\n<meta property=\"og:site_name\" content=\"Pova\u017esk\u00e9 m\u00fazeum\" \/>\n<meta property=\"article:publisher\" content=\"https:\/\/www.facebook.com\/povazskemuzeum\" \/>\n<meta property=\"article:modified_time\" content=\"2022-11-07T09:32:26+00:00\" \/>\n<meta property=\"og:image\" content=\"https:\/\/pmza.sk\/wp-content\/uploads\/2013\/11\/zbornik21-706x1024-2.jpg\" \/>\n\t<meta property=\"og:image:width\" content=\"706\" \/>\n\t<meta property=\"og:image:height\" content=\"1024\" \/>\n\t<meta property=\"og:image:type\" content=\"image\/jpeg\" \/>\n<meta name=\"twitter:card\" content=\"summary_large_image\" \/>\n<meta name=\"twitter:label1\" content=\"Predpokladan\u00fd \u010das \u010d\u00edtania\" \/>\n\t<meta name=\"twitter:data1\" content=\"1 min\u00fata\" \/>\n<script type=\"application\/ld+json\" class=\"yoast-schema-graph\">{\"@context\":\"https:\\\/\\\/schema.org\",\"@graph\":[{\"@type\":\"WebPage\",\"@id\":\"https:\\\/\\\/pmza.sk\\\/?product=vlastivedny-zbornik-povazia-xxi\",\"url\":\"https:\\\/\\\/pmza.sk\\\/?product=vlastivedny-zbornik-povazia-xxi\",\"name\":\"Vlastivedn\u00fd zborn\u00edk Pova\u017eia XXI - Pova\u017esk\u00e9 m\u00fazeum\",\"isPartOf\":{\"@id\":\"https:\\\/\\\/pmza.sk\\\/#website\"},\"primaryImageOfPage\":{\"@id\":\"https:\\\/\\\/pmza.sk\\\/?product=vlastivedny-zbornik-povazia-xxi#primaryimage\"},\"image\":{\"@id\":\"https:\\\/\\\/pmza.sk\\\/?product=vlastivedny-zbornik-povazia-xxi#primaryimage\"},\"thumbnailUrl\":\"https:\\\/\\\/pmza.sk\\\/wp-content\\\/uploads\\\/2013\\\/11\\\/zbornik21-706x1024-2.jpg\",\"datePublished\":\"2002-11-26T14:38:20+00:00\",\"dateModified\":\"2022-11-07T09:32:26+00:00\",\"breadcrumb\":{\"@id\":\"https:\\\/\\\/pmza.sk\\\/?product=vlastivedny-zbornik-povazia-xxi#breadcrumb\"},\"inLanguage\":\"sk-SK\",\"potentialAction\":[{\"@type\":\"ReadAction\",\"target\":[\"https:\\\/\\\/pmza.sk\\\/?product=vlastivedny-zbornik-povazia-xxi\"]}]},{\"@type\":\"ImageObject\",\"inLanguage\":\"sk-SK\",\"@id\":\"https:\\\/\\\/pmza.sk\\\/?product=vlastivedny-zbornik-povazia-xxi#primaryimage\",\"url\":\"https:\\\/\\\/pmza.sk\\\/wp-content\\\/uploads\\\/2013\\\/11\\\/zbornik21-706x1024-2.jpg\",\"contentUrl\":\"https:\\\/\\\/pmza.sk\\\/wp-content\\\/uploads\\\/2013\\\/11\\\/zbornik21-706x1024-2.jpg\",\"width\":706,\"height\":1024},{\"@type\":\"BreadcrumbList\",\"@id\":\"https:\\\/\\\/pmza.sk\\\/?product=vlastivedny-zbornik-povazia-xxi#breadcrumb\",\"itemListElement\":[{\"@type\":\"ListItem\",\"position\":1,\"name\":\"Domovsk\u00e1 str\u00e1nka\",\"item\":\"https:\\\/\\\/pmza.sk\\\/\"},{\"@type\":\"ListItem\",\"position\":2,\"name\":\"Obchod\",\"item\":\"https:\\\/\\\/pmza.sk\\\/?page_id=7\"},{\"@type\":\"ListItem\",\"position\":3,\"name\":\"Vlastivedn\u00fd zborn\u00edk Pova\u017eia XXI\"}]},{\"@type\":\"WebSite\",\"@id\":\"https:\\\/\\\/pmza.sk\\\/#website\",\"url\":\"https:\\\/\\\/pmza.sk\\\/\",\"name\":\"Pova\u017esk\u00e9 m\u00fazeum\",\"description\":\"Pova\u017esk\u00e9 m\u00fazeum v \u017diline je region\u00e1lne m\u00fazeum so s\u00eddlom v Budat\u00edne. Jeho expoz\u00edcie s\u00fa zameran\u00e9 na dejiny slovensk\u00e9ho umenia, kult\u00fary a dopravy.\",\"publisher\":{\"@id\":\"https:\\\/\\\/pmza.sk\\\/#organization\"},\"potentialAction\":[{\"@type\":\"SearchAction\",\"target\":{\"@type\":\"EntryPoint\",\"urlTemplate\":\"https:\\\/\\\/pmza.sk\\\/?s={search_term_string}\"},\"query-input\":{\"@type\":\"PropertyValueSpecification\",\"valueRequired\":true,\"valueName\":\"search_term_string\"}}],\"inLanguage\":\"sk-SK\"},{\"@type\":\"Organization\",\"@id\":\"https:\\\/\\\/pmza.sk\\\/#organization\",\"name\":\"Pova\u017esk\u00e9 m\u00fazeum\",\"url\":\"https:\\\/\\\/pmza.sk\\\/\",\"logo\":{\"@type\":\"ImageObject\",\"inLanguage\":\"sk-SK\",\"@id\":\"https:\\\/\\\/pmza.sk\\\/#\\\/schema\\\/logo\\\/image\\\/\",\"url\":\"https:\\\/\\\/pmza.sk\\\/wp-content\\\/uploads\\\/2022\\\/01\\\/logo_PM_horizontal.jpg\",\"contentUrl\":\"https:\\\/\\\/pmza.sk\\\/wp-content\\\/uploads\\\/2022\\\/01\\\/logo_PM_horizontal.jpg\",\"width\":231,\"height\":142,\"caption\":\"Pova\u017esk\u00e9 m\u00fazeum\"},\"image\":{\"@id\":\"https:\\\/\\\/pmza.sk\\\/#\\\/schema\\\/logo\\\/image\\\/\"},\"sameAs\":[\"https:\\\/\\\/www.facebook.com\\\/povazskemuzeum\",\"https:\\\/\\\/www.instagram.com\\\/povazskemuzeum\\\/\"]}]}<\/script>\n<!-- \/ Yoast SEO plugin. -->","yoast_head_json":{"title":"Vlastivedn\u00fd zborn\u00edk Pova\u017eia XXI - Pova\u017esk\u00e9 m\u00fazeum","robots":{"index":"index","follow":"follow","max-snippet":"max-snippet:-1","max-image-preview":"max-image-preview:large","max-video-preview":"max-video-preview:-1"},"canonical":"https:\/\/pmza.sk\/?product=vlastivedny-zbornik-povazia-xxi","og_locale":"sk_SK","og_type":"article","og_title":"Vlastivedn\u00fd zborn\u00edk Pova\u017eia XXI - Pova\u017esk\u00e9 m\u00fazeum","og_description":"Vlastivedn\u00fd zborn\u00edk Pova\u017eia XXI \u017dilina, Pova\u017esk\u00e9 m\u00fazeum, 2002 268 s. \u2013 rozmery 16,5 x 23,8 \u2013 bro\u017eovan\u00e1 v\u00e4zba &nbsp; Obsah: Morav\u010d\u00edk, Jozef: Opevnenie severoz\u00e1padn\u00e9ho Slovenska Ok\u00e1nikov\u00e1, M\u00e1ria: Z hist\u00f3rie \u0161kolstva v \u017diline \u2013 Diev\u010densk\u00e9 gymn\u00e1zium\u00a0v \u017diline Mrvov\u00e1, Jaroslava: Porcel\u00e1n v zbierkach Pova\u017esk\u00e9ho m\u00fazea v \u017diline \u0160kvarnov\u00e1, Monika: V\u00fdtvarn\u00e9 diela s drot\u00e1rskou tematikou v slovensk\u00fdch m\u00faze\u00e1ch [&hellip;]","og_url":"https:\/\/pmza.sk\/?product=vlastivedny-zbornik-povazia-xxi","og_site_name":"Pova\u017esk\u00e9 m\u00fazeum","article_publisher":"https:\/\/www.facebook.com\/povazskemuzeum","article_modified_time":"2022-11-07T09:32:26+00:00","og_image":[{"width":706,"height":1024,"url":"https:\/\/pmza.sk\/wp-content\/uploads\/2013\/11\/zbornik21-706x1024-2.jpg","type":"image\/jpeg"}],"twitter_card":"summary_large_image","twitter_misc":{"Predpokladan\u00fd \u010das \u010d\u00edtania":"1 min\u00fata"},"schema":{"@context":"https:\/\/schema.org","@graph":[{"@type":"WebPage","@id":"https:\/\/pmza.sk\/?product=vlastivedny-zbornik-povazia-xxi","url":"https:\/\/pmza.sk\/?product=vlastivedny-zbornik-povazia-xxi","name":"Vlastivedn\u00fd zborn\u00edk Pova\u017eia XXI - Pova\u017esk\u00e9 m\u00fazeum","isPartOf":{"@id":"https:\/\/pmza.sk\/#website"},"primaryImageOfPage":{"@id":"https:\/\/pmza.sk\/?product=vlastivedny-zbornik-povazia-xxi#primaryimage"},"image":{"@id":"https:\/\/pmza.sk\/?product=vlastivedny-zbornik-povazia-xxi#primaryimage"},"thumbnailUrl":"https:\/\/pmza.sk\/wp-content\/uploads\/2013\/11\/zbornik21-706x1024-2.jpg","datePublished":"2002-11-26T14:38:20+00:00","dateModified":"2022-11-07T09:32:26+00:00","breadcrumb":{"@id":"https:\/\/pmza.sk\/?product=vlastivedny-zbornik-povazia-xxi#breadcrumb"},"inLanguage":"sk-SK","potentialAction":[{"@type":"ReadAction","target":["https:\/\/pmza.sk\/?product=vlastivedny-zbornik-povazia-xxi"]}]},{"@type":"ImageObject","inLanguage":"sk-SK","@id":"https:\/\/pmza.sk\/?product=vlastivedny-zbornik-povazia-xxi#primaryimage","url":"https:\/\/pmza.sk\/wp-content\/uploads\/2013\/11\/zbornik21-706x1024-2.jpg","contentUrl":"https:\/\/pmza.sk\/wp-content\/uploads\/2013\/11\/zbornik21-706x1024-2.jpg","width":706,"height":1024},{"@type":"BreadcrumbList","@id":"https:\/\/pmza.sk\/?product=vlastivedny-zbornik-povazia-xxi#breadcrumb","itemListElement":[{"@type":"ListItem","position":1,"name":"Domovsk\u00e1 str\u00e1nka","item":"https:\/\/pmza.sk\/"},{"@type":"ListItem","position":2,"name":"Obchod","item":"https:\/\/pmza.sk\/?page_id=7"},{"@type":"ListItem","position":3,"name":"Vlastivedn\u00fd zborn\u00edk Pova\u017eia XXI"}]},{"@type":"WebSite","@id":"https:\/\/pmza.sk\/#website","url":"https:\/\/pmza.sk\/","name":"Pova\u017esk\u00e9 m\u00fazeum","description":"Pova\u017esk\u00e9 m\u00fazeum v \u017diline je region\u00e1lne m\u00fazeum so s\u00eddlom v Budat\u00edne. Jeho expoz\u00edcie s\u00fa zameran\u00e9 na dejiny slovensk\u00e9ho umenia, kult\u00fary a dopravy.","publisher":{"@id":"https:\/\/pmza.sk\/#organization"},"potentialAction":[{"@type":"SearchAction","target":{"@type":"EntryPoint","urlTemplate":"https:\/\/pmza.sk\/?s={search_term_string}"},"query-input":{"@type":"PropertyValueSpecification","valueRequired":true,"valueName":"search_term_string"}}],"inLanguage":"sk-SK"},{"@type":"Organization","@id":"https:\/\/pmza.sk\/#organization","name":"Pova\u017esk\u00e9 m\u00fazeum","url":"https:\/\/pmza.sk\/","logo":{"@type":"ImageObject","inLanguage":"sk-SK","@id":"https:\/\/pmza.sk\/#\/schema\/logo\/image\/","url":"https:\/\/pmza.sk\/wp-content\/uploads\/2022\/01\/logo_PM_horizontal.jpg","contentUrl":"https:\/\/pmza.sk\/wp-content\/uploads\/2022\/01\/logo_PM_horizontal.jpg","width":231,"height":142,"caption":"Pova\u017esk\u00e9 m\u00fazeum"},"image":{"@id":"https:\/\/pmza.sk\/#\/schema\/logo\/image\/"},"sameAs":["https:\/\/www.facebook.com\/povazskemuzeum","https:\/\/www.instagram.com\/povazskemuzeum\/"]}]}},"_links":{"self":[{"href":"https:\/\/pmza.sk\/index.php?rest_route=\/wp\/v2\/product\/13322","targetHints":{"allow":["GET"]}}],"collection":[{"href":"https:\/\/pmza.sk\/index.php?rest_route=\/wp\/v2\/product"}],"about":[{"href":"https:\/\/pmza.sk\/index.php?rest_route=\/wp\/v2\/types\/product"}],"wp:featuredmedia":[{"embeddable":true,"href":"https:\/\/pmza.sk\/index.php?rest_route=\/wp\/v2\/media\/34088"}],"wp:attachment":[{"href":"https:\/\/pmza.sk\/index.php?rest_route=%2Fwp%2Fv2%2Fmedia&parent=13322"}],"wp:term":[{"taxonomy":"product_cat","embeddable":true,"href":"https:\/\/pmza.sk\/index.php?rest_route=%2Fwp%2Fv2%2Fproduct_cat&post=13322"},{"taxonomy":"product_tag","embeddable":true,"href":"https:\/\/pmza.sk\/index.php?rest_route=%2Fwp%2Fv2%2Fproduct_tag&post=13322"}],"curies":[{"name":"wp","href":"https:\/\/api.w.org\/{rel}","templated":true}]}}