{"id":172,"date":"2010-11-26T16:03:33","date_gmt":"2010-11-26T15:03:33","guid":{"rendered":"https:\/\/pmza.sk.sk\/pl\/?post_type=product&#038;p=172"},"modified":"2022-11-07T10:26:40","modified_gmt":"2022-11-07T09:26:40","slug":"premeny-drotu-10","status":"publish","type":"product","link":"https:\/\/pmza.sk\/?product=premeny-drotu-10","title":{"rendered":"Premeny dr\u00f4tu \u00b410"},"content":{"rendered":"<p>Monika \u0160kvarnov\u00e1, Katar\u00edna Hallonov\u00e1<\/p>\n<p><strong>Premeny dr\u00f4tu \u00b410<\/strong><\/p>\n<p>Pova\u017esk\u00e9 m\u00fazeum v\u00a0\u017diline, \u017dilina 2010,<\/p>\n<p>62 str\u00e1n, farebn\u00e9 a\u00a0\u010dierno-biele fotografie.<\/p>\n<p>V\u00a0porad\u00ed \u0161iesty katal\u00f3g z\u00a0v\u00fdstavy umeleck\u00fdch remeseln\u00edkov a\u00a0v\u00fdtvarn\u00edkov pracuj\u00facich s\u00a0dr\u00f4tom. Vych\u00e1dza v\u017edy v\u00a0trojro\u010dnej periodicite a\u00a0mapuje najaktu\u00e1lnej\u0161ie podoby pr\u00e1ce s\u00a0dr\u00f4tom. Zachyt\u00e1va \u00fa\u017eitkov\u00fa, ako aj vo\u013en\u00fa v\u00fdtvarn\u00fa tvorbu, po\u010dn\u00fac tradi\u010dn\u00fdmi polohami vych\u00e1dzaj\u00facimi z drot\u00e1rskeho remesla a\u017e po experiment\u00e1lne polohy spracovania dr\u00f4tu. Publik\u00e1cia vy\u0161la s\u00a0finan\u010dnou podporou Ministerstva kult\u00fary Slovenskej republiky, \u017dilinsk\u00e9ho samospr\u00e1vneho kraja a\u00a0vydavate\u013ea.<\/p>\n","protected":false},"excerpt":{"rendered":"<p>Monika \u0160kvarnov\u00e1, Katar\u00edna Hallonov\u00e1 Premeny dr\u00f4tu \u00b410 Pova\u017esk\u00e9 m\u00fazeum v\u00a0\u017diline, \u017dilina 2010, 62 str\u00e1n, farebn\u00e9 a\u00a0\u010dierno-biele fotografie. V\u00a0porad\u00ed \u0161iesty katal\u00f3g z\u00a0v\u00fdstavy umeleck\u00fdch remeseln\u00edkov a\u00a0v\u00fdtvarn\u00edkov pracuj\u00facich s\u00a0dr\u00f4tom. Vych\u00e1dza v\u017edy v\u00a0trojro\u010dnej periodicite a\u00a0mapuje najaktu\u00e1lnej\u0161ie podoby pr\u00e1ce s\u00a0dr\u00f4tom. Zachyt\u00e1va \u00fa\u017eitkov\u00fa, ako aj vo\u013en\u00fa v\u00fdtvarn\u00fa tvorbu, po\u010dn\u00fac tradi\u010dn\u00fdmi polohami vych\u00e1dzaj\u00facimi z drot\u00e1rskeho remesla a\u017e po experiment\u00e1lne polohy spracovania dr\u00f4tu. [&hellip;]<\/p>\n","protected":false},"featured_media":34082,"template":"","meta":{"site-sidebar-layout":"default","site-content-layout":"","ast-site-content-layout":"","site-content-style":"default","site-sidebar-style":"default","ast-global-header-display":"","ast-banner-title-visibility":"","ast-main-header-display":"","ast-hfb-above-header-display":"","ast-hfb-below-header-display":"","ast-hfb-mobile-header-display":"","site-post-title":"","ast-breadcrumbs-content":"","ast-featured-img":"","footer-sml-layout":"","theme-transparent-header-meta":"","adv-header-id-meta":"","stick-header-meta":"","header-above-stick-meta":"","header-main-stick-meta":"","header-below-stick-meta":"","astra-migrate-meta-layouts":"default","ast-page-background-enabled":"default","ast-page-background-meta":{"desktop":{"background-color":"var(--ast-global-color-4)","background-image":"","background-repeat":"repeat","background-position":"center center","background-size":"auto","background-attachment":"scroll","background-type":"","background-media":"","overlay-type":"","overlay-color":"","overlay-opacity":"","overlay-gradient":""},"tablet":{"background-color":"","background-image":"","background-repeat":"repeat","background-position":"center center","background-size":"auto","background-attachment":"scroll","background-type":"","background-media":"","overlay-type":"","overlay-color":"","overlay-opacity":"","overlay-gradient":""},"mobile":{"background-color":"","background-image":"","background-repeat":"repeat","background-position":"center center","background-size":"auto","background-attachment":"scroll","background-type":"","background-media":"","overlay-type":"","overlay-color":"","overlay-opacity":"","overlay-gradient":""}},"ast-content-background-meta":{"desktop":{"background-color":"var(--ast-global-color-5)","background-image":"","background-repeat":"repeat","background-position":"center center","background-size":"auto","background-attachment":"scroll","background-type":"","background-media":"","overlay-type":"","overlay-color":"","overlay-opacity":"","overlay-gradient":""},"tablet":{"background-color":"var(--ast-global-color-5)","background-image":"","background-repeat":"repeat","background-position":"center center","background-size":"auto","background-attachment":"scroll","background-type":"","background-media":"","overlay-type":"","overlay-color":"","overlay-opacity":"","overlay-gradient":""},"mobile":{"background-color":"var(--ast-global-color-5)","background-image":"","background-repeat":"repeat","background-position":"center center","background-size":"auto","background-attachment":"scroll","background-type":"","background-media":"","overlay-type":"","overlay-color":"","overlay-opacity":"","overlay-gradient":""}}},"product_cat":[24],"product_tag":[],"class_list":{"0":"post-172","1":"product","2":"type-product","3":"status-publish","4":"has-post-thumbnail","6":"product_cat-premeny-drotu","7":"desktop-align-left","8":"tablet-align-left","9":"mobile-align-left","10":"ast-product-gallery-layout-horizontal-slider","11":"ast-product-gallery-with-no-image","12":"ast-magnify-disabled","13":"ast-product-tabs-layout-horizontal","15":"first","16":"instock","17":"shipping-taxable","18":"purchasable","19":"product-type-simple"},"yoast_head":"<!-- This site is optimized with the Yoast SEO plugin v27.4 - https:\/\/yoast.com\/product\/yoast-seo-wordpress\/ -->\n<title>Premeny dr\u00f4tu \u00b410 - Pova\u017esk\u00e9 m\u00fazeum<\/title>\n<meta name=\"robots\" content=\"index, follow, max-snippet:-1, max-image-preview:large, max-video-preview:-1\" \/>\n<link rel=\"canonical\" href=\"https:\/\/pmza.sk\/?product=premeny-drotu-10\" \/>\n<meta property=\"og:locale\" content=\"sk_SK\" \/>\n<meta property=\"og:type\" content=\"article\" \/>\n<meta property=\"og:title\" content=\"Premeny dr\u00f4tu \u00b410 - Pova\u017esk\u00e9 m\u00fazeum\" \/>\n<meta property=\"og:description\" content=\"Monika \u0160kvarnov\u00e1, Katar\u00edna Hallonov\u00e1 Premeny dr\u00f4tu \u00b410 Pova\u017esk\u00e9 m\u00fazeum v\u00a0\u017diline, \u017dilina 2010, 62 str\u00e1n, farebn\u00e9 a\u00a0\u010dierno-biele fotografie. V\u00a0porad\u00ed \u0161iesty katal\u00f3g z\u00a0v\u00fdstavy umeleck\u00fdch remeseln\u00edkov a\u00a0v\u00fdtvarn\u00edkov pracuj\u00facich s\u00a0dr\u00f4tom. Vych\u00e1dza v\u017edy v\u00a0trojro\u010dnej periodicite a\u00a0mapuje najaktu\u00e1lnej\u0161ie podoby pr\u00e1ce s\u00a0dr\u00f4tom. Zachyt\u00e1va \u00fa\u017eitkov\u00fa, ako aj vo\u013en\u00fa v\u00fdtvarn\u00fa tvorbu, po\u010dn\u00fac tradi\u010dn\u00fdmi polohami vych\u00e1dzaj\u00facimi z drot\u00e1rskeho remesla a\u017e po experiment\u00e1lne polohy spracovania dr\u00f4tu. [&hellip;]\" \/>\n<meta property=\"og:url\" content=\"https:\/\/pmza.sk\/?product=premeny-drotu-10\" \/>\n<meta property=\"og:site_name\" content=\"Pova\u017esk\u00e9 m\u00fazeum\" \/>\n<meta property=\"article:publisher\" content=\"https:\/\/www.facebook.com\/povazskemuzeum\" \/>\n<meta property=\"article:modified_time\" content=\"2022-11-07T09:26:40+00:00\" \/>\n<meta property=\"og:image\" content=\"https:\/\/pmza.sk\/wp-content\/uploads\/2013\/11\/premeny10-822x1024-2.jpg\" \/>\n\t<meta property=\"og:image:width\" content=\"822\" \/>\n\t<meta property=\"og:image:height\" content=\"1024\" \/>\n\t<meta property=\"og:image:type\" content=\"image\/jpeg\" \/>\n<meta name=\"twitter:card\" content=\"summary_large_image\" \/>\n<meta name=\"twitter:label1\" content=\"Predpokladan\u00fd \u010das \u010d\u00edtania\" \/>\n\t<meta name=\"twitter:data1\" content=\"1 min\u00fata\" \/>\n<script type=\"application\/ld+json\" class=\"yoast-schema-graph\">{\"@context\":\"https:\\\/\\\/schema.org\",\"@graph\":[{\"@type\":\"WebPage\",\"@id\":\"https:\\\/\\\/pmza.sk\\\/?product=premeny-drotu-10\",\"url\":\"https:\\\/\\\/pmza.sk\\\/?product=premeny-drotu-10\",\"name\":\"Premeny dr\u00f4tu \u00b410 - Pova\u017esk\u00e9 m\u00fazeum\",\"isPartOf\":{\"@id\":\"https:\\\/\\\/pmza.sk\\\/#website\"},\"primaryImageOfPage\":{\"@id\":\"https:\\\/\\\/pmza.sk\\\/?product=premeny-drotu-10#primaryimage\"},\"image\":{\"@id\":\"https:\\\/\\\/pmza.sk\\\/?product=premeny-drotu-10#primaryimage\"},\"thumbnailUrl\":\"https:\\\/\\\/pmza.sk\\\/wp-content\\\/uploads\\\/2013\\\/11\\\/premeny10-822x1024-2.jpg\",\"datePublished\":\"2010-11-26T15:03:33+00:00\",\"dateModified\":\"2022-11-07T09:26:40+00:00\",\"breadcrumb\":{\"@id\":\"https:\\\/\\\/pmza.sk\\\/?product=premeny-drotu-10#breadcrumb\"},\"inLanguage\":\"sk-SK\",\"potentialAction\":[{\"@type\":\"ReadAction\",\"target\":[\"https:\\\/\\\/pmza.sk\\\/?product=premeny-drotu-10\"]}]},{\"@type\":\"ImageObject\",\"inLanguage\":\"sk-SK\",\"@id\":\"https:\\\/\\\/pmza.sk\\\/?product=premeny-drotu-10#primaryimage\",\"url\":\"https:\\\/\\\/pmza.sk\\\/wp-content\\\/uploads\\\/2013\\\/11\\\/premeny10-822x1024-2.jpg\",\"contentUrl\":\"https:\\\/\\\/pmza.sk\\\/wp-content\\\/uploads\\\/2013\\\/11\\\/premeny10-822x1024-2.jpg\",\"width\":822,\"height\":1024},{\"@type\":\"BreadcrumbList\",\"@id\":\"https:\\\/\\\/pmza.sk\\\/?product=premeny-drotu-10#breadcrumb\",\"itemListElement\":[{\"@type\":\"ListItem\",\"position\":1,\"name\":\"Domovsk\u00e1 str\u00e1nka\",\"item\":\"https:\\\/\\\/pmza.sk\\\/\"},{\"@type\":\"ListItem\",\"position\":2,\"name\":\"Obchod\",\"item\":\"https:\\\/\\\/pmza.sk\\\/?page_id=7\"},{\"@type\":\"ListItem\",\"position\":3,\"name\":\"Premeny dr\u00f4tu \u00b410\"}]},{\"@type\":\"WebSite\",\"@id\":\"https:\\\/\\\/pmza.sk\\\/#website\",\"url\":\"https:\\\/\\\/pmza.sk\\\/\",\"name\":\"Pova\u017esk\u00e9 m\u00fazeum\",\"description\":\"Pova\u017esk\u00e9 m\u00fazeum v \u017diline je region\u00e1lne m\u00fazeum so s\u00eddlom v Budat\u00edne. Jeho expoz\u00edcie s\u00fa zameran\u00e9 na dejiny slovensk\u00e9ho umenia, kult\u00fary a dopravy.\",\"publisher\":{\"@id\":\"https:\\\/\\\/pmza.sk\\\/#organization\"},\"potentialAction\":[{\"@type\":\"SearchAction\",\"target\":{\"@type\":\"EntryPoint\",\"urlTemplate\":\"https:\\\/\\\/pmza.sk\\\/?s={search_term_string}\"},\"query-input\":{\"@type\":\"PropertyValueSpecification\",\"valueRequired\":true,\"valueName\":\"search_term_string\"}}],\"inLanguage\":\"sk-SK\"},{\"@type\":\"Organization\",\"@id\":\"https:\\\/\\\/pmza.sk\\\/#organization\",\"name\":\"Pova\u017esk\u00e9 m\u00fazeum\",\"url\":\"https:\\\/\\\/pmza.sk\\\/\",\"logo\":{\"@type\":\"ImageObject\",\"inLanguage\":\"sk-SK\",\"@id\":\"https:\\\/\\\/pmza.sk\\\/#\\\/schema\\\/logo\\\/image\\\/\",\"url\":\"https:\\\/\\\/pmza.sk\\\/wp-content\\\/uploads\\\/2022\\\/01\\\/logo_PM_horizontal.jpg\",\"contentUrl\":\"https:\\\/\\\/pmza.sk\\\/wp-content\\\/uploads\\\/2022\\\/01\\\/logo_PM_horizontal.jpg\",\"width\":231,\"height\":142,\"caption\":\"Pova\u017esk\u00e9 m\u00fazeum\"},\"image\":{\"@id\":\"https:\\\/\\\/pmza.sk\\\/#\\\/schema\\\/logo\\\/image\\\/\"},\"sameAs\":[\"https:\\\/\\\/www.facebook.com\\\/povazskemuzeum\",\"https:\\\/\\\/www.instagram.com\\\/povazskemuzeum\\\/\"]}]}<\/script>\n<!-- \/ Yoast SEO plugin. -->","yoast_head_json":{"title":"Premeny dr\u00f4tu \u00b410 - Pova\u017esk\u00e9 m\u00fazeum","robots":{"index":"index","follow":"follow","max-snippet":"max-snippet:-1","max-image-preview":"max-image-preview:large","max-video-preview":"max-video-preview:-1"},"canonical":"https:\/\/pmza.sk\/?product=premeny-drotu-10","og_locale":"sk_SK","og_type":"article","og_title":"Premeny dr\u00f4tu \u00b410 - Pova\u017esk\u00e9 m\u00fazeum","og_description":"Monika \u0160kvarnov\u00e1, Katar\u00edna Hallonov\u00e1 Premeny dr\u00f4tu \u00b410 Pova\u017esk\u00e9 m\u00fazeum v\u00a0\u017diline, \u017dilina 2010, 62 str\u00e1n, farebn\u00e9 a\u00a0\u010dierno-biele fotografie. V\u00a0porad\u00ed \u0161iesty katal\u00f3g z\u00a0v\u00fdstavy umeleck\u00fdch remeseln\u00edkov a\u00a0v\u00fdtvarn\u00edkov pracuj\u00facich s\u00a0dr\u00f4tom. Vych\u00e1dza v\u017edy v\u00a0trojro\u010dnej periodicite a\u00a0mapuje najaktu\u00e1lnej\u0161ie podoby pr\u00e1ce s\u00a0dr\u00f4tom. Zachyt\u00e1va \u00fa\u017eitkov\u00fa, ako aj vo\u013en\u00fa v\u00fdtvarn\u00fa tvorbu, po\u010dn\u00fac tradi\u010dn\u00fdmi polohami vych\u00e1dzaj\u00facimi z drot\u00e1rskeho remesla a\u017e po experiment\u00e1lne polohy spracovania dr\u00f4tu. [&hellip;]","og_url":"https:\/\/pmza.sk\/?product=premeny-drotu-10","og_site_name":"Pova\u017esk\u00e9 m\u00fazeum","article_publisher":"https:\/\/www.facebook.com\/povazskemuzeum","article_modified_time":"2022-11-07T09:26:40+00:00","og_image":[{"width":822,"height":1024,"url":"https:\/\/pmza.sk\/wp-content\/uploads\/2013\/11\/premeny10-822x1024-2.jpg","type":"image\/jpeg"}],"twitter_card":"summary_large_image","twitter_misc":{"Predpokladan\u00fd \u010das \u010d\u00edtania":"1 min\u00fata"},"schema":{"@context":"https:\/\/schema.org","@graph":[{"@type":"WebPage","@id":"https:\/\/pmza.sk\/?product=premeny-drotu-10","url":"https:\/\/pmza.sk\/?product=premeny-drotu-10","name":"Premeny dr\u00f4tu \u00b410 - Pova\u017esk\u00e9 m\u00fazeum","isPartOf":{"@id":"https:\/\/pmza.sk\/#website"},"primaryImageOfPage":{"@id":"https:\/\/pmza.sk\/?product=premeny-drotu-10#primaryimage"},"image":{"@id":"https:\/\/pmza.sk\/?product=premeny-drotu-10#primaryimage"},"thumbnailUrl":"https:\/\/pmza.sk\/wp-content\/uploads\/2013\/11\/premeny10-822x1024-2.jpg","datePublished":"2010-11-26T15:03:33+00:00","dateModified":"2022-11-07T09:26:40+00:00","breadcrumb":{"@id":"https:\/\/pmza.sk\/?product=premeny-drotu-10#breadcrumb"},"inLanguage":"sk-SK","potentialAction":[{"@type":"ReadAction","target":["https:\/\/pmza.sk\/?product=premeny-drotu-10"]}]},{"@type":"ImageObject","inLanguage":"sk-SK","@id":"https:\/\/pmza.sk\/?product=premeny-drotu-10#primaryimage","url":"https:\/\/pmza.sk\/wp-content\/uploads\/2013\/11\/premeny10-822x1024-2.jpg","contentUrl":"https:\/\/pmza.sk\/wp-content\/uploads\/2013\/11\/premeny10-822x1024-2.jpg","width":822,"height":1024},{"@type":"BreadcrumbList","@id":"https:\/\/pmza.sk\/?product=premeny-drotu-10#breadcrumb","itemListElement":[{"@type":"ListItem","position":1,"name":"Domovsk\u00e1 str\u00e1nka","item":"https:\/\/pmza.sk\/"},{"@type":"ListItem","position":2,"name":"Obchod","item":"https:\/\/pmza.sk\/?page_id=7"},{"@type":"ListItem","position":3,"name":"Premeny dr\u00f4tu \u00b410"}]},{"@type":"WebSite","@id":"https:\/\/pmza.sk\/#website","url":"https:\/\/pmza.sk\/","name":"Pova\u017esk\u00e9 m\u00fazeum","description":"Pova\u017esk\u00e9 m\u00fazeum v \u017diline je region\u00e1lne m\u00fazeum so s\u00eddlom v Budat\u00edne. Jeho expoz\u00edcie s\u00fa zameran\u00e9 na dejiny slovensk\u00e9ho umenia, kult\u00fary a dopravy.","publisher":{"@id":"https:\/\/pmza.sk\/#organization"},"potentialAction":[{"@type":"SearchAction","target":{"@type":"EntryPoint","urlTemplate":"https:\/\/pmza.sk\/?s={search_term_string}"},"query-input":{"@type":"PropertyValueSpecification","valueRequired":true,"valueName":"search_term_string"}}],"inLanguage":"sk-SK"},{"@type":"Organization","@id":"https:\/\/pmza.sk\/#organization","name":"Pova\u017esk\u00e9 m\u00fazeum","url":"https:\/\/pmza.sk\/","logo":{"@type":"ImageObject","inLanguage":"sk-SK","@id":"https:\/\/pmza.sk\/#\/schema\/logo\/image\/","url":"https:\/\/pmza.sk\/wp-content\/uploads\/2022\/01\/logo_PM_horizontal.jpg","contentUrl":"https:\/\/pmza.sk\/wp-content\/uploads\/2022\/01\/logo_PM_horizontal.jpg","width":231,"height":142,"caption":"Pova\u017esk\u00e9 m\u00fazeum"},"image":{"@id":"https:\/\/pmza.sk\/#\/schema\/logo\/image\/"},"sameAs":["https:\/\/www.facebook.com\/povazskemuzeum","https:\/\/www.instagram.com\/povazskemuzeum\/"]}]}},"_links":{"self":[{"href":"https:\/\/pmza.sk\/index.php?rest_route=\/wp\/v2\/product\/172","targetHints":{"allow":["GET"]}}],"collection":[{"href":"https:\/\/pmza.sk\/index.php?rest_route=\/wp\/v2\/product"}],"about":[{"href":"https:\/\/pmza.sk\/index.php?rest_route=\/wp\/v2\/types\/product"}],"wp:featuredmedia":[{"embeddable":true,"href":"https:\/\/pmza.sk\/index.php?rest_route=\/wp\/v2\/media\/34082"}],"wp:attachment":[{"href":"https:\/\/pmza.sk\/index.php?rest_route=%2Fwp%2Fv2%2Fmedia&parent=172"}],"wp:term":[{"taxonomy":"product_cat","embeddable":true,"href":"https:\/\/pmza.sk\/index.php?rest_route=%2Fwp%2Fv2%2Fproduct_cat&post=172"},{"taxonomy":"product_tag","embeddable":true,"href":"https:\/\/pmza.sk\/index.php?rest_route=%2Fwp%2Fv2%2Fproduct_tag&post=172"}],"curies":[{"name":"wp","href":"https:\/\/api.w.org\/{rel}","templated":true}]}}