{"id":33502,"date":"2019-05-06T15:00:02","date_gmt":"2019-05-06T13:00:02","guid":{"rendered":"https:\/\/pmza.sk\/?post_type=product&amp;p=33502"},"modified":"2019-05-06T15:00:02","modified_gmt":"2019-05-06T13:00:02","slug":"ludia-a-poklady-luzickej-kultury","status":"publish","type":"product","link":"https:\/\/pmza.sk\/?product=ludia-a-poklady-luzickej-kultury","title":{"rendered":"\u013dudia a poklady lu\u017eickej kult\u00fary"},"content":{"rendered":"<p>Dominika Andre\u00e1nska &#8211; Marek Both &#8211; Barbora Danielov\u00e1 &#8211; Zuzana Stanekov\u00e1\u00a0\u00a0<\/p>\n<p><strong>\u013dudia a poklady lu\u017eickej kult\u00fary\u00a0\u00a0\u00a0 <br \/><\/strong><\/p>\n<p>rozsah: 77 str\u00e1n\u00a0\u00a0<\/p>\n<p>vydavate\u013e: Pova\u017esk\u00e9 m\u00fazeum v \u017diline v spolupr\u00e1ci s Oravsk\u00fdm m\u00fazeom P. O. Hviezdoslava v Dolnom Kub\u00edne\u00a0\u00a0\u00a0<\/p>\n<p>Publik\u00e1cia nie je len sprievodn\u00fdm katal\u00f3gom putovnej v\u00fdstavy o severoz\u00e1padnom Slovensku v dobe bronzovej a \u017eeleznej, ktor\u00e1 je v rokoch 2019 a 2020 prezentovan\u00e1 v r\u00f4znych m\u00faze\u00e1ch (SNM-Martin, Pova\u017esk\u00e9 m\u00fazeum, Oravsk\u00e9 m\u00fazeum), ale aj stru\u010dn\u00fdm preh\u013eadom tejto problematiky pre laick\u00e9ho \u010ditate\u013ea. Odborn\u00fa verejnos\u0165 ur\u010dite zaujm\u00fa kvalitn\u00e9 fotografie vybran\u00fdch zbierkov\u00fdch predmetov, ako aj rekon\u0161trukcie, ktor\u00e9 pribli\u017euj\u00fa os\u00eddlenie, vojenstvo, odievanie, \u010di pohrebn\u00e9 zvyklosti lu\u017eickej kult\u00fary.<br \/>Cie\u013eom je roz\u0161irova\u0165 poznatky o archeologickom dedi\u010dstve regi\u00f3nov severoz\u00e1padn\u00e9ho Slovenska medzi dom\u00e1cich aj zahrani\u010dn\u00fdch \u010ditate\u013eov (publik\u00e1cia je dvojjazy\u010dn\u00e1: slovensko-anglick\u00e1).<br \/>Organiz\u00e1tori v\u00fdstavy a autori publik\u00e1cie s\u00fa: Oravsk\u00e9 m\u00fazeum P. O. Hviezdoslava v Dolnom Kub\u00edne (Barbora Danielov\u00e1), Slovensk\u00e9 n\u00e1rodn\u00e9 m\u00fazeum v Martine (Marek Both), Pova\u017esk\u00e9 m\u00fazeum v \u017diline (Zuzana Stanekov\u00e1) a Dominika Andre\u00e1nska.<\/p>\n","protected":false},"excerpt":{"rendered":"<p>Dominika Andre\u00e1nska &#8211; Marek Both &#8211; Barbora Danielov\u00e1 &#8211; Zuzana Stanekov\u00e1\u00a0\u00a0 \u013dudia a poklady lu\u017eickej kult\u00fary\u00a0\u00a0\u00a0 rozsah: 77 str\u00e1n\u00a0\u00a0 vydavate\u013e: Pova\u017esk\u00e9 m\u00fazeum v \u017diline v spolupr\u00e1ci s Oravsk\u00fdm m\u00fazeom P. O. Hviezdoslava v Dolnom Kub\u00edne\u00a0\u00a0\u00a0 Publik\u00e1cia nie je len sprievodn\u00fdm katal\u00f3gom putovnej v\u00fdstavy o severoz\u00e1padnom Slovensku v dobe bronzovej a \u017eeleznej, ktor\u00e1 je v rokoch [&hellip;]<\/p>\n","protected":false},"featured_media":33509,"template":"","meta":{"site-sidebar-layout":"default","site-content-layout":"","ast-site-content-layout":"","site-content-style":"default","site-sidebar-style":"default","ast-global-header-display":"","ast-banner-title-visibility":"","ast-main-header-display":"","ast-hfb-above-header-display":"","ast-hfb-below-header-display":"","ast-hfb-mobile-header-display":"","site-post-title":"","ast-breadcrumbs-content":"","ast-featured-img":"","footer-sml-layout":"","theme-transparent-header-meta":"","adv-header-id-meta":"","stick-header-meta":"","header-above-stick-meta":"","header-main-stick-meta":"","header-below-stick-meta":"","astra-migrate-meta-layouts":"default","ast-page-background-enabled":"default","ast-page-background-meta":{"desktop":{"background-color":"var(--ast-global-color-4)","background-image":"","background-repeat":"repeat","background-position":"center center","background-size":"auto","background-attachment":"scroll","background-type":"","background-media":"","overlay-type":"","overlay-color":"","overlay-opacity":"","overlay-gradient":""},"tablet":{"background-color":"","background-image":"","background-repeat":"repeat","background-position":"center center","background-size":"auto","background-attachment":"scroll","background-type":"","background-media":"","overlay-type":"","overlay-color":"","overlay-opacity":"","overlay-gradient":""},"mobile":{"background-color":"","background-image":"","background-repeat":"repeat","background-position":"center center","background-size":"auto","background-attachment":"scroll","background-type":"","background-media":"","overlay-type":"","overlay-color":"","overlay-opacity":"","overlay-gradient":""}},"ast-content-background-meta":{"desktop":{"background-color":"var(--ast-global-color-5)","background-image":"","background-repeat":"repeat","background-position":"center center","background-size":"auto","background-attachment":"scroll","background-type":"","background-media":"","overlay-type":"","overlay-color":"","overlay-opacity":"","overlay-gradient":""},"tablet":{"background-color":"var(--ast-global-color-5)","background-image":"","background-repeat":"repeat","background-position":"center center","background-size":"auto","background-attachment":"scroll","background-type":"","background-media":"","overlay-type":"","overlay-color":"","overlay-opacity":"","overlay-gradient":""},"mobile":{"background-color":"var(--ast-global-color-5)","background-image":"","background-repeat":"repeat","background-position":"center center","background-size":"auto","background-attachment":"scroll","background-type":"","background-media":"","overlay-type":"","overlay-color":"","overlay-opacity":"","overlay-gradient":""}}},"product_cat":[27],"product_tag":[],"class_list":{"0":"post-33502","1":"product","2":"type-product","3":"status-publish","4":"has-post-thumbnail","6":"product_cat-katalogy-z-vystav","7":"desktop-align-left","8":"tablet-align-left","9":"mobile-align-left","10":"ast-product-gallery-layout-horizontal-slider","11":"ast-magnify-disabled","12":"ast-product-tabs-layout-horizontal","14":"first","15":"instock","16":"shipping-taxable","17":"purchasable","18":"product-type-simple"},"yoast_head":"<!-- This site is optimized with the Yoast SEO plugin v27.4 - https:\/\/yoast.com\/product\/yoast-seo-wordpress\/ -->\n<title>\u013dudia a poklady lu\u017eickej kult\u00fary - Pova\u017esk\u00e9 m\u00fazeum<\/title>\n<meta name=\"robots\" content=\"index, follow, max-snippet:-1, max-image-preview:large, max-video-preview:-1\" \/>\n<link rel=\"canonical\" href=\"https:\/\/pmza.sk\/?product=ludia-a-poklady-luzickej-kultury\" \/>\n<meta property=\"og:locale\" content=\"sk_SK\" \/>\n<meta property=\"og:type\" content=\"article\" \/>\n<meta property=\"og:title\" content=\"\u013dudia a poklady lu\u017eickej kult\u00fary - Pova\u017esk\u00e9 m\u00fazeum\" \/>\n<meta property=\"og:description\" content=\"Dominika Andre\u00e1nska &#8211; Marek Both &#8211; Barbora Danielov\u00e1 &#8211; Zuzana Stanekov\u00e1\u00a0\u00a0 \u013dudia a poklady lu\u017eickej kult\u00fary\u00a0\u00a0\u00a0 rozsah: 77 str\u00e1n\u00a0\u00a0 vydavate\u013e: Pova\u017esk\u00e9 m\u00fazeum v \u017diline v spolupr\u00e1ci s Oravsk\u00fdm m\u00fazeom P. O. Hviezdoslava v Dolnom Kub\u00edne\u00a0\u00a0\u00a0 Publik\u00e1cia nie je len sprievodn\u00fdm katal\u00f3gom putovnej v\u00fdstavy o severoz\u00e1padnom Slovensku v dobe bronzovej a \u017eeleznej, ktor\u00e1 je v rokoch [&hellip;]\" \/>\n<meta property=\"og:url\" content=\"https:\/\/pmza.sk\/?product=ludia-a-poklady-luzickej-kultury\" \/>\n<meta property=\"og:site_name\" content=\"Pova\u017esk\u00e9 m\u00fazeum\" \/>\n<meta property=\"article:publisher\" content=\"https:\/\/www.facebook.com\/povazskemuzeum\" \/>\n<meta property=\"og:image\" content=\"https:\/\/pmza.sk\/wp-content\/uploads\/2019\/05\/Ludia-a-poklady-luzickej-kultury-1.jpg\" \/>\n\t<meta property=\"og:image:width\" content=\"1024\" \/>\n\t<meta property=\"og:image:height\" content=\"1212\" \/>\n\t<meta property=\"og:image:type\" content=\"image\/jpeg\" \/>\n<meta name=\"twitter:card\" content=\"summary_large_image\" \/>\n<meta name=\"twitter:label1\" content=\"Predpokladan\u00fd \u010das \u010d\u00edtania\" \/>\n\t<meta name=\"twitter:data1\" content=\"1 min\u00fata\" \/>\n<script type=\"application\/ld+json\" class=\"yoast-schema-graph\">{\"@context\":\"https:\\\/\\\/schema.org\",\"@graph\":[{\"@type\":\"WebPage\",\"@id\":\"https:\\\/\\\/pmza.sk\\\/?product=ludia-a-poklady-luzickej-kultury\",\"url\":\"https:\\\/\\\/pmza.sk\\\/?product=ludia-a-poklady-luzickej-kultury\",\"name\":\"\u013dudia a poklady lu\u017eickej kult\u00fary - Pova\u017esk\u00e9 m\u00fazeum\",\"isPartOf\":{\"@id\":\"https:\\\/\\\/pmza.sk\\\/#website\"},\"primaryImageOfPage\":{\"@id\":\"https:\\\/\\\/pmza.sk\\\/?product=ludia-a-poklady-luzickej-kultury#primaryimage\"},\"image\":{\"@id\":\"https:\\\/\\\/pmza.sk\\\/?product=ludia-a-poklady-luzickej-kultury#primaryimage\"},\"thumbnailUrl\":\"https:\\\/\\\/pmza.sk\\\/wp-content\\\/uploads\\\/2019\\\/05\\\/Ludia-a-poklady-luzickej-kultury-1.jpg\",\"datePublished\":\"2019-05-06T13:00:02+00:00\",\"breadcrumb\":{\"@id\":\"https:\\\/\\\/pmza.sk\\\/?product=ludia-a-poklady-luzickej-kultury#breadcrumb\"},\"inLanguage\":\"sk-SK\",\"potentialAction\":[{\"@type\":\"ReadAction\",\"target\":[\"https:\\\/\\\/pmza.sk\\\/?product=ludia-a-poklady-luzickej-kultury\"]}]},{\"@type\":\"ImageObject\",\"inLanguage\":\"sk-SK\",\"@id\":\"https:\\\/\\\/pmza.sk\\\/?product=ludia-a-poklady-luzickej-kultury#primaryimage\",\"url\":\"https:\\\/\\\/pmza.sk\\\/wp-content\\\/uploads\\\/2019\\\/05\\\/Ludia-a-poklady-luzickej-kultury-1.jpg\",\"contentUrl\":\"https:\\\/\\\/pmza.sk\\\/wp-content\\\/uploads\\\/2019\\\/05\\\/Ludia-a-poklady-luzickej-kultury-1.jpg\",\"width\":1024,\"height\":1212},{\"@type\":\"BreadcrumbList\",\"@id\":\"https:\\\/\\\/pmza.sk\\\/?product=ludia-a-poklady-luzickej-kultury#breadcrumb\",\"itemListElement\":[{\"@type\":\"ListItem\",\"position\":1,\"name\":\"Domovsk\u00e1 str\u00e1nka\",\"item\":\"https:\\\/\\\/pmza.sk\\\/\"},{\"@type\":\"ListItem\",\"position\":2,\"name\":\"Obchod\",\"item\":\"https:\\\/\\\/pmza.sk\\\/?page_id=7\"},{\"@type\":\"ListItem\",\"position\":3,\"name\":\"\u013dudia a poklady lu\u017eickej kult\u00fary\"}]},{\"@type\":\"WebSite\",\"@id\":\"https:\\\/\\\/pmza.sk\\\/#website\",\"url\":\"https:\\\/\\\/pmza.sk\\\/\",\"name\":\"Pova\u017esk\u00e9 m\u00fazeum\",\"description\":\"Pova\u017esk\u00e9 m\u00fazeum v \u017diline je region\u00e1lne m\u00fazeum so s\u00eddlom v Budat\u00edne. Jeho expoz\u00edcie s\u00fa zameran\u00e9 na dejiny slovensk\u00e9ho umenia, kult\u00fary a dopravy.\",\"publisher\":{\"@id\":\"https:\\\/\\\/pmza.sk\\\/#organization\"},\"potentialAction\":[{\"@type\":\"SearchAction\",\"target\":{\"@type\":\"EntryPoint\",\"urlTemplate\":\"https:\\\/\\\/pmza.sk\\\/?s={search_term_string}\"},\"query-input\":{\"@type\":\"PropertyValueSpecification\",\"valueRequired\":true,\"valueName\":\"search_term_string\"}}],\"inLanguage\":\"sk-SK\"},{\"@type\":\"Organization\",\"@id\":\"https:\\\/\\\/pmza.sk\\\/#organization\",\"name\":\"Pova\u017esk\u00e9 m\u00fazeum\",\"url\":\"https:\\\/\\\/pmza.sk\\\/\",\"logo\":{\"@type\":\"ImageObject\",\"inLanguage\":\"sk-SK\",\"@id\":\"https:\\\/\\\/pmza.sk\\\/#\\\/schema\\\/logo\\\/image\\\/\",\"url\":\"https:\\\/\\\/pmza.sk\\\/wp-content\\\/uploads\\\/2022\\\/01\\\/logo_PM_horizontal.jpg\",\"contentUrl\":\"https:\\\/\\\/pmza.sk\\\/wp-content\\\/uploads\\\/2022\\\/01\\\/logo_PM_horizontal.jpg\",\"width\":231,\"height\":142,\"caption\":\"Pova\u017esk\u00e9 m\u00fazeum\"},\"image\":{\"@id\":\"https:\\\/\\\/pmza.sk\\\/#\\\/schema\\\/logo\\\/image\\\/\"},\"sameAs\":[\"https:\\\/\\\/www.facebook.com\\\/povazskemuzeum\",\"https:\\\/\\\/www.instagram.com\\\/povazskemuzeum\\\/\"]}]}<\/script>\n<!-- \/ Yoast SEO plugin. -->","yoast_head_json":{"title":"\u013dudia a poklady lu\u017eickej kult\u00fary - Pova\u017esk\u00e9 m\u00fazeum","robots":{"index":"index","follow":"follow","max-snippet":"max-snippet:-1","max-image-preview":"max-image-preview:large","max-video-preview":"max-video-preview:-1"},"canonical":"https:\/\/pmza.sk\/?product=ludia-a-poklady-luzickej-kultury","og_locale":"sk_SK","og_type":"article","og_title":"\u013dudia a poklady lu\u017eickej kult\u00fary - Pova\u017esk\u00e9 m\u00fazeum","og_description":"Dominika Andre\u00e1nska &#8211; Marek Both &#8211; Barbora Danielov\u00e1 &#8211; Zuzana Stanekov\u00e1\u00a0\u00a0 \u013dudia a poklady lu\u017eickej kult\u00fary\u00a0\u00a0\u00a0 rozsah: 77 str\u00e1n\u00a0\u00a0 vydavate\u013e: Pova\u017esk\u00e9 m\u00fazeum v \u017diline v spolupr\u00e1ci s Oravsk\u00fdm m\u00fazeom P. O. Hviezdoslava v Dolnom Kub\u00edne\u00a0\u00a0\u00a0 Publik\u00e1cia nie je len sprievodn\u00fdm katal\u00f3gom putovnej v\u00fdstavy o severoz\u00e1padnom Slovensku v dobe bronzovej a \u017eeleznej, ktor\u00e1 je v rokoch [&hellip;]","og_url":"https:\/\/pmza.sk\/?product=ludia-a-poklady-luzickej-kultury","og_site_name":"Pova\u017esk\u00e9 m\u00fazeum","article_publisher":"https:\/\/www.facebook.com\/povazskemuzeum","og_image":[{"width":1024,"height":1212,"url":"https:\/\/pmza.sk\/wp-content\/uploads\/2019\/05\/Ludia-a-poklady-luzickej-kultury-1.jpg","type":"image\/jpeg"}],"twitter_card":"summary_large_image","twitter_misc":{"Predpokladan\u00fd \u010das \u010d\u00edtania":"1 min\u00fata"},"schema":{"@context":"https:\/\/schema.org","@graph":[{"@type":"WebPage","@id":"https:\/\/pmza.sk\/?product=ludia-a-poklady-luzickej-kultury","url":"https:\/\/pmza.sk\/?product=ludia-a-poklady-luzickej-kultury","name":"\u013dudia a poklady lu\u017eickej kult\u00fary - Pova\u017esk\u00e9 m\u00fazeum","isPartOf":{"@id":"https:\/\/pmza.sk\/#website"},"primaryImageOfPage":{"@id":"https:\/\/pmza.sk\/?product=ludia-a-poklady-luzickej-kultury#primaryimage"},"image":{"@id":"https:\/\/pmza.sk\/?product=ludia-a-poklady-luzickej-kultury#primaryimage"},"thumbnailUrl":"https:\/\/pmza.sk\/wp-content\/uploads\/2019\/05\/Ludia-a-poklady-luzickej-kultury-1.jpg","datePublished":"2019-05-06T13:00:02+00:00","breadcrumb":{"@id":"https:\/\/pmza.sk\/?product=ludia-a-poklady-luzickej-kultury#breadcrumb"},"inLanguage":"sk-SK","potentialAction":[{"@type":"ReadAction","target":["https:\/\/pmza.sk\/?product=ludia-a-poklady-luzickej-kultury"]}]},{"@type":"ImageObject","inLanguage":"sk-SK","@id":"https:\/\/pmza.sk\/?product=ludia-a-poklady-luzickej-kultury#primaryimage","url":"https:\/\/pmza.sk\/wp-content\/uploads\/2019\/05\/Ludia-a-poklady-luzickej-kultury-1.jpg","contentUrl":"https:\/\/pmza.sk\/wp-content\/uploads\/2019\/05\/Ludia-a-poklady-luzickej-kultury-1.jpg","width":1024,"height":1212},{"@type":"BreadcrumbList","@id":"https:\/\/pmza.sk\/?product=ludia-a-poklady-luzickej-kultury#breadcrumb","itemListElement":[{"@type":"ListItem","position":1,"name":"Domovsk\u00e1 str\u00e1nka","item":"https:\/\/pmza.sk\/"},{"@type":"ListItem","position":2,"name":"Obchod","item":"https:\/\/pmza.sk\/?page_id=7"},{"@type":"ListItem","position":3,"name":"\u013dudia a poklady lu\u017eickej kult\u00fary"}]},{"@type":"WebSite","@id":"https:\/\/pmza.sk\/#website","url":"https:\/\/pmza.sk\/","name":"Pova\u017esk\u00e9 m\u00fazeum","description":"Pova\u017esk\u00e9 m\u00fazeum v \u017diline je region\u00e1lne m\u00fazeum so s\u00eddlom v Budat\u00edne. Jeho expoz\u00edcie s\u00fa zameran\u00e9 na dejiny slovensk\u00e9ho umenia, kult\u00fary a dopravy.","publisher":{"@id":"https:\/\/pmza.sk\/#organization"},"potentialAction":[{"@type":"SearchAction","target":{"@type":"EntryPoint","urlTemplate":"https:\/\/pmza.sk\/?s={search_term_string}"},"query-input":{"@type":"PropertyValueSpecification","valueRequired":true,"valueName":"search_term_string"}}],"inLanguage":"sk-SK"},{"@type":"Organization","@id":"https:\/\/pmza.sk\/#organization","name":"Pova\u017esk\u00e9 m\u00fazeum","url":"https:\/\/pmza.sk\/","logo":{"@type":"ImageObject","inLanguage":"sk-SK","@id":"https:\/\/pmza.sk\/#\/schema\/logo\/image\/","url":"https:\/\/pmza.sk\/wp-content\/uploads\/2022\/01\/logo_PM_horizontal.jpg","contentUrl":"https:\/\/pmza.sk\/wp-content\/uploads\/2022\/01\/logo_PM_horizontal.jpg","width":231,"height":142,"caption":"Pova\u017esk\u00e9 m\u00fazeum"},"image":{"@id":"https:\/\/pmza.sk\/#\/schema\/logo\/image\/"},"sameAs":["https:\/\/www.facebook.com\/povazskemuzeum","https:\/\/www.instagram.com\/povazskemuzeum\/"]}]}},"_links":{"self":[{"href":"https:\/\/pmza.sk\/index.php?rest_route=\/wp\/v2\/product\/33502","targetHints":{"allow":["GET"]}}],"collection":[{"href":"https:\/\/pmza.sk\/index.php?rest_route=\/wp\/v2\/product"}],"about":[{"href":"https:\/\/pmza.sk\/index.php?rest_route=\/wp\/v2\/types\/product"}],"wp:featuredmedia":[{"embeddable":true,"href":"https:\/\/pmza.sk\/index.php?rest_route=\/wp\/v2\/media\/33509"}],"wp:attachment":[{"href":"https:\/\/pmza.sk\/index.php?rest_route=%2Fwp%2Fv2%2Fmedia&parent=33502"}],"wp:term":[{"taxonomy":"product_cat","embeddable":true,"href":"https:\/\/pmza.sk\/index.php?rest_route=%2Fwp%2Fv2%2Fproduct_cat&post=33502"},{"taxonomy":"product_tag","embeddable":true,"href":"https:\/\/pmza.sk\/index.php?rest_route=%2Fwp%2Fv2%2Fproduct_tag&post=33502"}],"curies":[{"name":"wp","href":"https:\/\/api.w.org\/{rel}","templated":true}]}}