{"id":38194,"date":"2020-01-24T14:46:10","date_gmt":"2020-01-24T13:46:10","guid":{"rendered":"https:\/\/pmza.sk\/?post_type=product&#038;p=38194"},"modified":"2022-11-07T10:10:10","modified_gmt":"2022-11-07T09:10:10","slug":"vlastivedny-zbornik-povazia-xxix","status":"publish","type":"product","link":"https:\/\/pmza.sk\/?product=vlastivedny-zbornik-povazia-xxix","title":{"rendered":"Vlastivedn\u00fd zborn\u00edk Pova\u017eia XXIX"},"content":{"rendered":"<p><strong>Obsah<\/strong><\/p>\n<p>&nbsp;<\/p>\n<table style=\"width: 555px;\">\n<tbody>\n<tr>\n<td style=\"width: 545.333px;\">\n<p><strong>SPOLO\u010cENSKOVEDN\u00c1 \u010cAS\u0164\u00a0<\/strong><\/p>\n<\/td>\n<\/tr>\n<tr>\n<td style=\"width: 545.333px;\">\n<p>Martina Bern\u00e1tov\u00e1: <strong>S\u00fakenn\u00edcky rod Rekovcov zo \u017diliny\u00a0<\/strong><\/p>\n<\/td>\n<\/tr>\n<tr>\n<td style=\"width: 545.333px;\">\n<p>Dominika Hlob\u00edkov\u00e1: <strong>\u017dilinsk\u00e9 v\u00fdrobno-hospod\u00e1rske dru\u017estvo Interhelpo <br \/>(1923 \u2013 1943)<\/strong><\/p>\n<\/td>\n<\/tr>\n<tr>\n<td style=\"width: 545.333px;\">\n<p>Peter \u0160imko: <strong>V\u00fdvoj verejnej cestnej dopravy v\u00a0rokoch 1945 \u2013 1962 v\u00a0regi\u00f3noch Horn\u00e9 Pova\u017eie, Kysuce a\u00a0Turiec<\/strong>\u00a0<\/p>\n<\/td>\n<\/tr>\n<tr>\n<td style=\"width: 545.333px;\">\n<p>&nbsp;<\/p>\n<\/td>\n<\/tr>\n<tr>\n<td style=\"width: 545.333px;\">\n<p><strong>PR\u00cdRODOVEDN\u00c1 \u010cAS\u0164\u00a0<\/strong><\/p>\n<\/td>\n<\/tr>\n<tr>\n<td style=\"width: 545.333px;\">\n<p>Kv\u011bta Kickov\u00e1: <strong>Aktu\u00e1lny stav vegeta\u010dn\u00fdch pomerov H\u00fdrovskej slatiny\u00a0<\/strong><\/p>\n<\/td>\n<\/tr>\n<tr>\n<td style=\"width: 545.333px;\">\n<p>J\u00e1n Kicko: <strong>Aktu\u00e1lny stav popul\u00e1cie orla krik\u013eav\u00e9ho (<em>Clanga pomarina<\/em>) v\u00a0Turci \u2013 hniezdna \u00faspe\u0161nos\u0165, produktivita a\u00a0zanikanie terit\u00f3ri\u00ed\u00a0<\/strong><\/p>\n<\/td>\n<\/tr>\n<tr>\n<td style=\"width: 545.333px;\">\n<p>&nbsp;<\/p>\n<\/td>\n<\/tr>\n<tr>\n<td style=\"width: 545.333px;\">\n<p><strong>MISCELLANEA\u00a0<\/strong><\/p>\n<\/td>\n<\/tr>\n<tr>\n<td style=\"width: 545.333px;\">\n<p>Peter \u0160imko \u2013 Katar\u00edna Hallonov\u00e1: <strong>\u010c<em>innos\u0165 Pova\u017esk\u00e9ho m\u00fazea v\u00a0\u017diline <br \/>v rokoch 2018 \u2013\u00a02019\u00a0<\/em><\/strong><\/p>\n<\/td>\n<\/tr>\n<tr>\n<td style=\"width: 545.333px;\">\n<p><em>Zuzana Stanekov\u00e1: <\/em><strong><em>Aktivity Pova\u017esk\u00e9ho m\u00fazea v\u00a0\u017diline v\u00a0oblasti archeol\u00f3gie v\u00a0rokoch 2017 \u2013 2019<\/em><\/strong>\u00a0<\/p>\n<\/td>\n<\/tr>\n<tr>\n<td style=\"width: 545.333px;\">\n<p><em>Kv\u011bta Kickov\u00e1<\/em>: <strong>Prezent\u00e1cia odborn\u00fdch a\u00a0vzdel\u00e1vac\u00edch aktiv\u00edt v\u00a0Pova\u017eskom m\u00fazeu v\u00a0rokoch 2018 \u2013 2019\u00a0<\/strong><\/p>\n<\/td>\n<\/tr>\n<tr>\n<td style=\"width: 545.333px;\">\n<p><em>Zuzana Stanekov\u00e1: <\/em><strong><em>Tret\u00ed ro\u010dn\u00edk konferencie stredoslovensk\u00fdch archeol\u00f3gov<\/em><\/strong><\/p>\n<p><em>\u00a0<\/em><\/p>\n<\/td>\n<\/tr>\n<tr>\n<td style=\"width: 545.333px;\">\n<p><strong>FORTIFIK\u00c1CIE NA SLOVENSKO-MORAVSKOM POHRANI\u010c\u00cd <br \/>(pr\u00edspevky z\u00a0konferencie)\u00a0<\/strong><\/p>\n<\/td>\n<\/tr>\n<tr>\n<td style=\"width: 545.333px;\">\n<p>Jaroslav Pe\u0161ka \u2013 Jana Mellnerov\u00e1 \u0160utekov\u00e1 \u2013 Samuel \u0160panihel<strong>:<\/strong> <strong>Fortifikace eneolitu a\u00a0doby bronzov\u00e9 na \u0161ir\u0161\u00edm moravsko-slovensk\u00e9m pomez\u00ed\u00a0<\/strong><\/p>\n<\/td>\n<\/tr>\n<tr>\n<td style=\"width: 545.333px;\">\n<p>Ivan \u010ci\u017em\u00e1\u0159 a\u00a0kol.: <strong>Detektorov\u00e1 prospekce na v\u00fd\u0161inn\u00e9 lokalit\u011b Rysov u\u00a0Provodova (okr. Zl\u00edn) v\u00a0roce 2017<\/strong><\/p>\n<\/td>\n<\/tr>\n<tr>\n<td style=\"width: 545.333px;\">\n<p>Gabriel Fusek: <strong>Pevnostn\u00fd syst\u00e9m hradiska v\u00a0Divinke\u00a0<\/strong><\/p>\n<\/td>\n<\/tr>\n<tr>\n<td style=\"width: 545.333px;\">\n<p>Michal Hole\u0161\u010d\u00e1k \u2013 Andrea Slan\u00e1: <strong>Archeologick\u00fd v\u00fdskum stredovek\u00e9ho hr\u00e1dku v\u00a0Divinke, poloha Hradisko<\/strong>\u00a0<\/p>\n<\/td>\n<\/tr>\n<tr>\n<td style=\"width: 545.333px;\">\n<p>Peter Bedn\u00e1r: <strong>Drevozemn\u00e9 opevnenia v\u00a0Kysuckej vrchovine<\/strong>\u00a0<\/p>\n<\/td>\n<\/tr>\n<tr>\n<td style=\"width: 545.333px;\">\n<p>Adam Fojt\u00edk \u2013 Radim Vrla: <strong>Pozn\u00e1mky k\u00a0pr\u016fzkumu a\u00a0oprav\u011b severn\u00edho \u010dela hradu Brumov v\u00a0letech 2018 a\u00a02019\u00a0<\/strong><\/p>\n<\/td>\n<\/tr>\n<tr>\n<td style=\"width: 545.333px;\">\n<p>Jozef Mih\u00e1lik \u2013 M\u00e1ria Tak\u00e1\u010dov\u00e1: <strong>Stavebn\u00fd v\u00fdvoj hradu Hri\u010dov<\/strong>\u00a0<\/p>\n<\/td>\n<\/tr>\n<tr>\n<td style=\"width: 545.333px;\">\n<p>Marek Vojte\u010dek: <strong>Relikty novovek\u00e9ho fortifika\u010dn\u00e9ho syst\u00e9mu <br \/>v\u00a0\u010ciernom na Kysuciach\u00a0<\/strong><\/p>\n<\/td>\n<\/tr>\n<\/tbody>\n<\/table>\n","protected":false},"excerpt":{"rendered":"<p>Obsah &nbsp; SPOLO\u010cENSKOVEDN\u00c1 \u010cAS\u0164\u00a0 Martina Bern\u00e1tov\u00e1: S\u00fakenn\u00edcky rod Rekovcov zo \u017diliny\u00a0 Dominika Hlob\u00edkov\u00e1: \u017dilinsk\u00e9 v\u00fdrobno-hospod\u00e1rske dru\u017estvo Interhelpo (1923 \u2013 1943) Peter \u0160imko: V\u00fdvoj verejnej cestnej dopravy v\u00a0rokoch 1945 \u2013 1962 v\u00a0regi\u00f3noch Horn\u00e9 Pova\u017eie, Kysuce a\u00a0Turiec\u00a0 &nbsp; PR\u00cdRODOVEDN\u00c1 \u010cAS\u0164\u00a0 Kv\u011bta Kickov\u00e1: Aktu\u00e1lny stav vegeta\u010dn\u00fdch pomerov H\u00fdrovskej slatiny\u00a0 J\u00e1n Kicko: Aktu\u00e1lny stav popul\u00e1cie orla krik\u013eav\u00e9ho (Clanga pomarina) [&hellip;]<\/p>\n","protected":false},"featured_media":38197,"template":"","meta":{"site-sidebar-layout":"default","site-content-layout":"","ast-site-content-layout":"","site-content-style":"default","site-sidebar-style":"default","ast-global-header-display":"","ast-banner-title-visibility":"","ast-main-header-display":"","ast-hfb-above-header-display":"","ast-hfb-below-header-display":"","ast-hfb-mobile-header-display":"","site-post-title":"","ast-breadcrumbs-content":"","ast-featured-img":"","footer-sml-layout":"","theme-transparent-header-meta":"","adv-header-id-meta":"","stick-header-meta":"","header-above-stick-meta":"","header-main-stick-meta":"","header-below-stick-meta":"","astra-migrate-meta-layouts":"default","ast-page-background-enabled":"default","ast-page-background-meta":{"desktop":{"background-color":"var(--ast-global-color-4)","background-image":"","background-repeat":"repeat","background-position":"center center","background-size":"auto","background-attachment":"scroll","background-type":"","background-media":"","overlay-type":"","overlay-color":"","overlay-opacity":"","overlay-gradient":""},"tablet":{"background-color":"","background-image":"","background-repeat":"repeat","background-position":"center center","background-size":"auto","background-attachment":"scroll","background-type":"","background-media":"","overlay-type":"","overlay-color":"","overlay-opacity":"","overlay-gradient":""},"mobile":{"background-color":"","background-image":"","background-repeat":"repeat","background-position":"center center","background-size":"auto","background-attachment":"scroll","background-type":"","background-media":"","overlay-type":"","overlay-color":"","overlay-opacity":"","overlay-gradient":""}},"ast-content-background-meta":{"desktop":{"background-color":"var(--ast-global-color-5)","background-image":"","background-repeat":"repeat","background-position":"center center","background-size":"auto","background-attachment":"scroll","background-type":"","background-media":"","overlay-type":"","overlay-color":"","overlay-opacity":"","overlay-gradient":""},"tablet":{"background-color":"var(--ast-global-color-5)","background-image":"","background-repeat":"repeat","background-position":"center center","background-size":"auto","background-attachment":"scroll","background-type":"","background-media":"","overlay-type":"","overlay-color":"","overlay-opacity":"","overlay-gradient":""},"mobile":{"background-color":"var(--ast-global-color-5)","background-image":"","background-repeat":"repeat","background-position":"center center","background-size":"auto","background-attachment":"scroll","background-type":"","background-media":"","overlay-type":"","overlay-color":"","overlay-opacity":"","overlay-gradient":""}}},"product_cat":[22],"product_tag":[],"class_list":{"0":"post-38194","1":"product","2":"type-product","3":"status-publish","4":"has-post-thumbnail","6":"product_cat-vlastivedny-zbornik-povazia","7":"desktop-align-left","8":"tablet-align-left","9":"mobile-align-left","10":"ast-product-gallery-layout-horizontal-slider","11":"ast-magnify-disabled","12":"ast-product-tabs-layout-horizontal","14":"first","15":"instock","16":"shipping-taxable","17":"purchasable","18":"product-type-simple"},"yoast_head":"<!-- This site is optimized with the Yoast SEO plugin v27.4 - https:\/\/yoast.com\/product\/yoast-seo-wordpress\/ -->\n<title>Vlastivedn\u00fd zborn\u00edk Pova\u017eia XXIX - Pova\u017esk\u00e9 m\u00fazeum<\/title>\n<meta name=\"robots\" content=\"index, follow, max-snippet:-1, max-image-preview:large, max-video-preview:-1\" \/>\n<link rel=\"canonical\" href=\"https:\/\/pmza.sk\/?product=vlastivedny-zbornik-povazia-xxix\" \/>\n<meta property=\"og:locale\" content=\"sk_SK\" \/>\n<meta property=\"og:type\" content=\"article\" \/>\n<meta property=\"og:title\" content=\"Vlastivedn\u00fd zborn\u00edk Pova\u017eia XXIX - Pova\u017esk\u00e9 m\u00fazeum\" \/>\n<meta property=\"og:description\" content=\"Obsah &nbsp; SPOLO\u010cENSKOVEDN\u00c1 \u010cAS\u0164\u00a0 Martina Bern\u00e1tov\u00e1: S\u00fakenn\u00edcky rod Rekovcov zo \u017diliny\u00a0 Dominika Hlob\u00edkov\u00e1: \u017dilinsk\u00e9 v\u00fdrobno-hospod\u00e1rske dru\u017estvo Interhelpo (1923 \u2013 1943) Peter \u0160imko: V\u00fdvoj verejnej cestnej dopravy v\u00a0rokoch 1945 \u2013 1962 v\u00a0regi\u00f3noch Horn\u00e9 Pova\u017eie, Kysuce a\u00a0Turiec\u00a0 &nbsp; PR\u00cdRODOVEDN\u00c1 \u010cAS\u0164\u00a0 Kv\u011bta Kickov\u00e1: Aktu\u00e1lny stav vegeta\u010dn\u00fdch pomerov H\u00fdrovskej slatiny\u00a0 J\u00e1n Kicko: Aktu\u00e1lny stav popul\u00e1cie orla krik\u013eav\u00e9ho (Clanga pomarina) [&hellip;]\" \/>\n<meta property=\"og:url\" content=\"https:\/\/pmza.sk\/?product=vlastivedny-zbornik-povazia-xxix\" \/>\n<meta property=\"og:site_name\" content=\"Pova\u017esk\u00e9 m\u00fazeum\" \/>\n<meta property=\"article:publisher\" content=\"https:\/\/www.facebook.com\/povazskemuzeum\" \/>\n<meta property=\"article:modified_time\" content=\"2022-11-07T09:10:10+00:00\" \/>\n<meta property=\"og:image\" content=\"https:\/\/pmza.sk\/wp-content\/uploads\/2020\/01\/VZP-XXIX-obalka-\u2013-kopia-scaled-1.jpg\" \/>\n\t<meta property=\"og:image:width\" content=\"1814\" \/>\n\t<meta property=\"og:image:height\" content=\"2560\" \/>\n\t<meta property=\"og:image:type\" content=\"image\/jpeg\" \/>\n<meta name=\"twitter:card\" content=\"summary_large_image\" \/>\n<meta name=\"twitter:label1\" content=\"Predpokladan\u00fd \u010das \u010d\u00edtania\" \/>\n\t<meta name=\"twitter:data1\" content=\"1 min\u00fata\" \/>\n<script type=\"application\/ld+json\" class=\"yoast-schema-graph\">{\"@context\":\"https:\\\/\\\/schema.org\",\"@graph\":[{\"@type\":\"WebPage\",\"@id\":\"https:\\\/\\\/pmza.sk\\\/?product=vlastivedny-zbornik-povazia-xxix\",\"url\":\"https:\\\/\\\/pmza.sk\\\/?product=vlastivedny-zbornik-povazia-xxix\",\"name\":\"Vlastivedn\u00fd zborn\u00edk Pova\u017eia XXIX - Pova\u017esk\u00e9 m\u00fazeum\",\"isPartOf\":{\"@id\":\"https:\\\/\\\/pmza.sk\\\/#website\"},\"primaryImageOfPage\":{\"@id\":\"https:\\\/\\\/pmza.sk\\\/?product=vlastivedny-zbornik-povazia-xxix#primaryimage\"},\"image\":{\"@id\":\"https:\\\/\\\/pmza.sk\\\/?product=vlastivedny-zbornik-povazia-xxix#primaryimage\"},\"thumbnailUrl\":\"https:\\\/\\\/pmza.sk\\\/wp-content\\\/uploads\\\/2020\\\/01\\\/VZP-XXIX-obalka-\u2013-kopia-scaled-1.jpg\",\"datePublished\":\"2020-01-24T13:46:10+00:00\",\"dateModified\":\"2022-11-07T09:10:10+00:00\",\"breadcrumb\":{\"@id\":\"https:\\\/\\\/pmza.sk\\\/?product=vlastivedny-zbornik-povazia-xxix#breadcrumb\"},\"inLanguage\":\"sk-SK\",\"potentialAction\":[{\"@type\":\"ReadAction\",\"target\":[\"https:\\\/\\\/pmza.sk\\\/?product=vlastivedny-zbornik-povazia-xxix\"]}]},{\"@type\":\"ImageObject\",\"inLanguage\":\"sk-SK\",\"@id\":\"https:\\\/\\\/pmza.sk\\\/?product=vlastivedny-zbornik-povazia-xxix#primaryimage\",\"url\":\"https:\\\/\\\/pmza.sk\\\/wp-content\\\/uploads\\\/2020\\\/01\\\/VZP-XXIX-obalka-\u2013-kopia-scaled-1.jpg\",\"contentUrl\":\"https:\\\/\\\/pmza.sk\\\/wp-content\\\/uploads\\\/2020\\\/01\\\/VZP-XXIX-obalka-\u2013-kopia-scaled-1.jpg\",\"width\":1814,\"height\":2560},{\"@type\":\"BreadcrumbList\",\"@id\":\"https:\\\/\\\/pmza.sk\\\/?product=vlastivedny-zbornik-povazia-xxix#breadcrumb\",\"itemListElement\":[{\"@type\":\"ListItem\",\"position\":1,\"name\":\"Domovsk\u00e1 str\u00e1nka\",\"item\":\"https:\\\/\\\/pmza.sk\\\/\"},{\"@type\":\"ListItem\",\"position\":2,\"name\":\"Obchod\",\"item\":\"https:\\\/\\\/pmza.sk\\\/?page_id=7\"},{\"@type\":\"ListItem\",\"position\":3,\"name\":\"Vlastivedn\u00fd zborn\u00edk Pova\u017eia XXIX\"}]},{\"@type\":\"WebSite\",\"@id\":\"https:\\\/\\\/pmza.sk\\\/#website\",\"url\":\"https:\\\/\\\/pmza.sk\\\/\",\"name\":\"Pova\u017esk\u00e9 m\u00fazeum\",\"description\":\"Pova\u017esk\u00e9 m\u00fazeum v \u017diline je region\u00e1lne m\u00fazeum so s\u00eddlom v Budat\u00edne. Jeho expoz\u00edcie s\u00fa zameran\u00e9 na dejiny slovensk\u00e9ho umenia, kult\u00fary a dopravy.\",\"publisher\":{\"@id\":\"https:\\\/\\\/pmza.sk\\\/#organization\"},\"potentialAction\":[{\"@type\":\"SearchAction\",\"target\":{\"@type\":\"EntryPoint\",\"urlTemplate\":\"https:\\\/\\\/pmza.sk\\\/?s={search_term_string}\"},\"query-input\":{\"@type\":\"PropertyValueSpecification\",\"valueRequired\":true,\"valueName\":\"search_term_string\"}}],\"inLanguage\":\"sk-SK\"},{\"@type\":\"Organization\",\"@id\":\"https:\\\/\\\/pmza.sk\\\/#organization\",\"name\":\"Pova\u017esk\u00e9 m\u00fazeum\",\"url\":\"https:\\\/\\\/pmza.sk\\\/\",\"logo\":{\"@type\":\"ImageObject\",\"inLanguage\":\"sk-SK\",\"@id\":\"https:\\\/\\\/pmza.sk\\\/#\\\/schema\\\/logo\\\/image\\\/\",\"url\":\"https:\\\/\\\/pmza.sk\\\/wp-content\\\/uploads\\\/2022\\\/01\\\/logo_PM_horizontal.jpg\",\"contentUrl\":\"https:\\\/\\\/pmza.sk\\\/wp-content\\\/uploads\\\/2022\\\/01\\\/logo_PM_horizontal.jpg\",\"width\":231,\"height\":142,\"caption\":\"Pova\u017esk\u00e9 m\u00fazeum\"},\"image\":{\"@id\":\"https:\\\/\\\/pmza.sk\\\/#\\\/schema\\\/logo\\\/image\\\/\"},\"sameAs\":[\"https:\\\/\\\/www.facebook.com\\\/povazskemuzeum\",\"https:\\\/\\\/www.instagram.com\\\/povazskemuzeum\\\/\"]}]}<\/script>\n<!-- \/ Yoast SEO plugin. -->","yoast_head_json":{"title":"Vlastivedn\u00fd zborn\u00edk Pova\u017eia XXIX - Pova\u017esk\u00e9 m\u00fazeum","robots":{"index":"index","follow":"follow","max-snippet":"max-snippet:-1","max-image-preview":"max-image-preview:large","max-video-preview":"max-video-preview:-1"},"canonical":"https:\/\/pmza.sk\/?product=vlastivedny-zbornik-povazia-xxix","og_locale":"sk_SK","og_type":"article","og_title":"Vlastivedn\u00fd zborn\u00edk Pova\u017eia XXIX - Pova\u017esk\u00e9 m\u00fazeum","og_description":"Obsah &nbsp; SPOLO\u010cENSKOVEDN\u00c1 \u010cAS\u0164\u00a0 Martina Bern\u00e1tov\u00e1: S\u00fakenn\u00edcky rod Rekovcov zo \u017diliny\u00a0 Dominika Hlob\u00edkov\u00e1: \u017dilinsk\u00e9 v\u00fdrobno-hospod\u00e1rske dru\u017estvo Interhelpo (1923 \u2013 1943) Peter \u0160imko: V\u00fdvoj verejnej cestnej dopravy v\u00a0rokoch 1945 \u2013 1962 v\u00a0regi\u00f3noch Horn\u00e9 Pova\u017eie, Kysuce a\u00a0Turiec\u00a0 &nbsp; PR\u00cdRODOVEDN\u00c1 \u010cAS\u0164\u00a0 Kv\u011bta Kickov\u00e1: Aktu\u00e1lny stav vegeta\u010dn\u00fdch pomerov H\u00fdrovskej slatiny\u00a0 J\u00e1n Kicko: Aktu\u00e1lny stav popul\u00e1cie orla krik\u013eav\u00e9ho (Clanga pomarina) [&hellip;]","og_url":"https:\/\/pmza.sk\/?product=vlastivedny-zbornik-povazia-xxix","og_site_name":"Pova\u017esk\u00e9 m\u00fazeum","article_publisher":"https:\/\/www.facebook.com\/povazskemuzeum","article_modified_time":"2022-11-07T09:10:10+00:00","og_image":[{"width":1814,"height":2560,"url":"https:\/\/pmza.sk\/wp-content\/uploads\/2020\/01\/VZP-XXIX-obalka-\u2013-kopia-scaled-1.jpg","type":"image\/jpeg"}],"twitter_card":"summary_large_image","twitter_misc":{"Predpokladan\u00fd \u010das \u010d\u00edtania":"1 min\u00fata"},"schema":{"@context":"https:\/\/schema.org","@graph":[{"@type":"WebPage","@id":"https:\/\/pmza.sk\/?product=vlastivedny-zbornik-povazia-xxix","url":"https:\/\/pmza.sk\/?product=vlastivedny-zbornik-povazia-xxix","name":"Vlastivedn\u00fd zborn\u00edk Pova\u017eia XXIX - Pova\u017esk\u00e9 m\u00fazeum","isPartOf":{"@id":"https:\/\/pmza.sk\/#website"},"primaryImageOfPage":{"@id":"https:\/\/pmza.sk\/?product=vlastivedny-zbornik-povazia-xxix#primaryimage"},"image":{"@id":"https:\/\/pmza.sk\/?product=vlastivedny-zbornik-povazia-xxix#primaryimage"},"thumbnailUrl":"https:\/\/pmza.sk\/wp-content\/uploads\/2020\/01\/VZP-XXIX-obalka-\u2013-kopia-scaled-1.jpg","datePublished":"2020-01-24T13:46:10+00:00","dateModified":"2022-11-07T09:10:10+00:00","breadcrumb":{"@id":"https:\/\/pmza.sk\/?product=vlastivedny-zbornik-povazia-xxix#breadcrumb"},"inLanguage":"sk-SK","potentialAction":[{"@type":"ReadAction","target":["https:\/\/pmza.sk\/?product=vlastivedny-zbornik-povazia-xxix"]}]},{"@type":"ImageObject","inLanguage":"sk-SK","@id":"https:\/\/pmza.sk\/?product=vlastivedny-zbornik-povazia-xxix#primaryimage","url":"https:\/\/pmza.sk\/wp-content\/uploads\/2020\/01\/VZP-XXIX-obalka-\u2013-kopia-scaled-1.jpg","contentUrl":"https:\/\/pmza.sk\/wp-content\/uploads\/2020\/01\/VZP-XXIX-obalka-\u2013-kopia-scaled-1.jpg","width":1814,"height":2560},{"@type":"BreadcrumbList","@id":"https:\/\/pmza.sk\/?product=vlastivedny-zbornik-povazia-xxix#breadcrumb","itemListElement":[{"@type":"ListItem","position":1,"name":"Domovsk\u00e1 str\u00e1nka","item":"https:\/\/pmza.sk\/"},{"@type":"ListItem","position":2,"name":"Obchod","item":"https:\/\/pmza.sk\/?page_id=7"},{"@type":"ListItem","position":3,"name":"Vlastivedn\u00fd zborn\u00edk Pova\u017eia XXIX"}]},{"@type":"WebSite","@id":"https:\/\/pmza.sk\/#website","url":"https:\/\/pmza.sk\/","name":"Pova\u017esk\u00e9 m\u00fazeum","description":"Pova\u017esk\u00e9 m\u00fazeum v \u017diline je region\u00e1lne m\u00fazeum so s\u00eddlom v Budat\u00edne. Jeho expoz\u00edcie s\u00fa zameran\u00e9 na dejiny slovensk\u00e9ho umenia, kult\u00fary a dopravy.","publisher":{"@id":"https:\/\/pmza.sk\/#organization"},"potentialAction":[{"@type":"SearchAction","target":{"@type":"EntryPoint","urlTemplate":"https:\/\/pmza.sk\/?s={search_term_string}"},"query-input":{"@type":"PropertyValueSpecification","valueRequired":true,"valueName":"search_term_string"}}],"inLanguage":"sk-SK"},{"@type":"Organization","@id":"https:\/\/pmza.sk\/#organization","name":"Pova\u017esk\u00e9 m\u00fazeum","url":"https:\/\/pmza.sk\/","logo":{"@type":"ImageObject","inLanguage":"sk-SK","@id":"https:\/\/pmza.sk\/#\/schema\/logo\/image\/","url":"https:\/\/pmza.sk\/wp-content\/uploads\/2022\/01\/logo_PM_horizontal.jpg","contentUrl":"https:\/\/pmza.sk\/wp-content\/uploads\/2022\/01\/logo_PM_horizontal.jpg","width":231,"height":142,"caption":"Pova\u017esk\u00e9 m\u00fazeum"},"image":{"@id":"https:\/\/pmza.sk\/#\/schema\/logo\/image\/"},"sameAs":["https:\/\/www.facebook.com\/povazskemuzeum","https:\/\/www.instagram.com\/povazskemuzeum\/"]}]}},"_links":{"self":[{"href":"https:\/\/pmza.sk\/index.php?rest_route=\/wp\/v2\/product\/38194","targetHints":{"allow":["GET"]}}],"collection":[{"href":"https:\/\/pmza.sk\/index.php?rest_route=\/wp\/v2\/product"}],"about":[{"href":"https:\/\/pmza.sk\/index.php?rest_route=\/wp\/v2\/types\/product"}],"wp:featuredmedia":[{"embeddable":true,"href":"https:\/\/pmza.sk\/index.php?rest_route=\/wp\/v2\/media\/38197"}],"wp:attachment":[{"href":"https:\/\/pmza.sk\/index.php?rest_route=%2Fwp%2Fv2%2Fmedia&parent=38194"}],"wp:term":[{"taxonomy":"product_cat","embeddable":true,"href":"https:\/\/pmza.sk\/index.php?rest_route=%2Fwp%2Fv2%2Fproduct_cat&post=38194"},{"taxonomy":"product_tag","embeddable":true,"href":"https:\/\/pmza.sk\/index.php?rest_route=%2Fwp%2Fv2%2Fproduct_tag&post=38194"}],"curies":[{"name":"wp","href":"https:\/\/api.w.org\/{rel}","templated":true}]}}