{"id":38195,"date":"2023-06-24T14:48:15","date_gmt":"2023-06-24T12:48:15","guid":{"rendered":"https:\/\/pmza.sk\/?post_type=product&#038;p=38195"},"modified":"2023-08-07T13:11:09","modified_gmt":"2023-08-07T11:11:09","slug":"carovne-cicmany","status":"publish","type":"product","link":"https:\/\/pmza.sk\/?product=carovne-cicmany","title":{"rendered":"\u010carovn\u00e9 \u010ci\u010dmany"},"content":{"rendered":"<p>V obci \u010ci\u010dmany m\u00e1 Pova\u017esk\u00e9 m\u00fazeum v \u017diline v spr\u00e1ve dva objekty, v ktor\u00fdch s\u00fa expoz\u00edcie venovan\u00e9 \u013eudovej kult\u00fare a \u017eivotu obyvate\u013eov v \u010ci\u010dmanoch. Katal\u00f3g dop\u013a\u0148al inform\u00e1cie, ktor\u00e9 n\u00e1v\u0161tevn\u00edci z\u00edskaj\u00fa pri n\u00e1v\u0161teve expoz\u00edcie a taktie\u017e je pre turistov zdrojom inform\u00e1cii o hist\u00f3rii, \u013eudovej kult\u00fare obce a o expoz\u00edci\u00e1ch samotn\u00fdch. Katal\u00f3g v \u00favode zachyt\u00e1va hist\u00f3riu obce \u010ci\u010dmany, \u010falej sa venuje \u013eudovej kult\u00fare a tradi\u010dn\u00fdm remesl\u00e1m v obci a opisuje aj objekty \u013eudovej kult\u00fary v \u010ci\u010dmanoch, v ktor\u00fdch m\u00e1 Pova\u017esk\u00e9 m\u00fazeum expoz\u00edcie. Cel\u00fd katal\u00f3g dop\u013a\u0148aj\u00fa farebn\u00e9 fotografie. \u010cas\u0165 katal\u00f3gu je venovan\u00e1 aj de\u0165om. Obozn\u00e1mia sa s tradi\u010dn\u00fdmi remeslami, ktor\u00e9 si bud\u00fa m\u00f4c\u0165 dostupnou a hravou formou sami vysk\u00fa\u0161a\u0165 ( napr. modelovanie z papiera, vystrihovanie, tajni\u010dky&#8230;)<\/p>\n","protected":false},"excerpt":{"rendered":"<p>V obci \u010ci\u010dmany m\u00e1 Pova\u017esk\u00e9 m\u00fazeum v \u017diline v spr\u00e1ve dva objekty, v ktor\u00fdch s\u00fa expoz\u00edcie venovan\u00e9 \u013eudovej kult\u00fare a \u017eivotu obyvate\u013eov v \u010ci\u010dmanoch. Katal\u00f3g dop\u013a\u0148al inform\u00e1cie, ktor\u00e9 n\u00e1v\u0161tevn\u00edci z\u00edskaj\u00fa pri n\u00e1v\u0161teve expoz\u00edcie a taktie\u017e je pre turistov zdrojom inform\u00e1cii o hist\u00f3rii, \u013eudovej kult\u00fare obce a o expoz\u00edci\u00e1ch samotn\u00fdch. Katal\u00f3g v \u00favode zachyt\u00e1va hist\u00f3riu obce [&hellip;]<\/p>\n","protected":false},"featured_media":38189,"template":"","meta":{"site-sidebar-layout":"default","site-content-layout":"","ast-site-content-layout":"","site-content-style":"default","site-sidebar-style":"default","ast-global-header-display":"","ast-banner-title-visibility":"","ast-main-header-display":"","ast-hfb-above-header-display":"","ast-hfb-below-header-display":"","ast-hfb-mobile-header-display":"","site-post-title":"","ast-breadcrumbs-content":"","ast-featured-img":"","footer-sml-layout":"","theme-transparent-header-meta":"","adv-header-id-meta":"","stick-header-meta":"","header-above-stick-meta":"","header-main-stick-meta":"","header-below-stick-meta":"","astra-migrate-meta-layouts":"default","ast-page-background-enabled":"default","ast-page-background-meta":{"desktop":{"background-color":"var(--ast-global-color-4)","background-image":"","background-repeat":"repeat","background-position":"center center","background-size":"auto","background-attachment":"scroll","background-type":"","background-media":"","overlay-type":"","overlay-color":"","overlay-opacity":"","overlay-gradient":""},"tablet":{"background-color":"","background-image":"","background-repeat":"repeat","background-position":"center center","background-size":"auto","background-attachment":"scroll","background-type":"","background-media":"","overlay-type":"","overlay-color":"","overlay-opacity":"","overlay-gradient":""},"mobile":{"background-color":"","background-image":"","background-repeat":"repeat","background-position":"center center","background-size":"auto","background-attachment":"scroll","background-type":"","background-media":"","overlay-type":"","overlay-color":"","overlay-opacity":"","overlay-gradient":""}},"ast-content-background-meta":{"desktop":{"background-color":"var(--ast-global-color-5)","background-image":"","background-repeat":"repeat","background-position":"center center","background-size":"auto","background-attachment":"scroll","background-type":"","background-media":"","overlay-type":"","overlay-color":"","overlay-opacity":"","overlay-gradient":""},"tablet":{"background-color":"var(--ast-global-color-5)","background-image":"","background-repeat":"repeat","background-position":"center center","background-size":"auto","background-attachment":"scroll","background-type":"","background-media":"","overlay-type":"","overlay-color":"","overlay-opacity":"","overlay-gradient":""},"mobile":{"background-color":"var(--ast-global-color-5)","background-image":"","background-repeat":"repeat","background-position":"center center","background-size":"auto","background-attachment":"scroll","background-type":"","background-media":"","overlay-type":"","overlay-color":"","overlay-opacity":"","overlay-gradient":""}}},"product_cat":[20],"product_tag":[],"class_list":{"0":"post-38195","1":"product","2":"type-product","3":"status-publish","4":"has-post-thumbnail","6":"product_cat-publikacie-o-povazskom-muzeu-v-ziline","7":"desktop-align-left","8":"tablet-align-left","9":"mobile-align-left","10":"ast-product-gallery-layout-horizontal-slider","11":"ast-magnify-disabled","12":"ast-product-tabs-layout-horizontal","14":"first","15":"instock","16":"shipping-taxable","17":"purchasable","18":"product-type-simple"},"yoast_head":"<!-- This site is optimized with the Yoast SEO plugin v27.4 - https:\/\/yoast.com\/product\/yoast-seo-wordpress\/ -->\n<title>\u010carovn\u00e9 \u010ci\u010dmany - Pova\u017esk\u00e9 m\u00fazeum<\/title>\n<meta name=\"robots\" content=\"index, follow, max-snippet:-1, max-image-preview:large, max-video-preview:-1\" \/>\n<link rel=\"canonical\" href=\"https:\/\/pmza.sk\/?product=carovne-cicmany\" \/>\n<meta property=\"og:locale\" content=\"sk_SK\" \/>\n<meta property=\"og:type\" content=\"article\" \/>\n<meta property=\"og:title\" content=\"\u010carovn\u00e9 \u010ci\u010dmany - Pova\u017esk\u00e9 m\u00fazeum\" \/>\n<meta property=\"og:description\" content=\"V obci \u010ci\u010dmany m\u00e1 Pova\u017esk\u00e9 m\u00fazeum v \u017diline v spr\u00e1ve dva objekty, v ktor\u00fdch s\u00fa expoz\u00edcie venovan\u00e9 \u013eudovej kult\u00fare a \u017eivotu obyvate\u013eov v \u010ci\u010dmanoch. Katal\u00f3g dop\u013a\u0148al inform\u00e1cie, ktor\u00e9 n\u00e1v\u0161tevn\u00edci z\u00edskaj\u00fa pri n\u00e1v\u0161teve expoz\u00edcie a taktie\u017e je pre turistov zdrojom inform\u00e1cii o hist\u00f3rii, \u013eudovej kult\u00fare obce a o expoz\u00edci\u00e1ch samotn\u00fdch. Katal\u00f3g v \u00favode zachyt\u00e1va hist\u00f3riu obce [&hellip;]\" \/>\n<meta property=\"og:url\" content=\"https:\/\/pmza.sk\/?product=carovne-cicmany\" \/>\n<meta property=\"og:site_name\" content=\"Pova\u017esk\u00e9 m\u00fazeum\" \/>\n<meta property=\"article:publisher\" content=\"https:\/\/www.facebook.com\/povazskemuzeum\" \/>\n<meta property=\"article:modified_time\" content=\"2023-08-07T11:11:09+00:00\" \/>\n<meta property=\"og:image\" content=\"https:\/\/pmza.sk\/wp-content\/uploads\/2020\/01\/obalka-web.jpg\" \/>\n\t<meta property=\"og:image:width\" content=\"768\" \/>\n\t<meta property=\"og:image:height\" content=\"768\" \/>\n\t<meta property=\"og:image:type\" content=\"image\/jpeg\" \/>\n<meta name=\"twitter:card\" content=\"summary_large_image\" \/>\n<meta name=\"twitter:label1\" content=\"Predpokladan\u00fd \u010das \u010d\u00edtania\" \/>\n\t<meta name=\"twitter:data1\" content=\"1 min\u00fata\" \/>\n<script type=\"application\/ld+json\" class=\"yoast-schema-graph\">{\"@context\":\"https:\\\/\\\/schema.org\",\"@graph\":[{\"@type\":\"WebPage\",\"@id\":\"https:\\\/\\\/pmza.sk\\\/?product=carovne-cicmany\",\"url\":\"https:\\\/\\\/pmza.sk\\\/?product=carovne-cicmany\",\"name\":\"\u010carovn\u00e9 \u010ci\u010dmany - Pova\u017esk\u00e9 m\u00fazeum\",\"isPartOf\":{\"@id\":\"https:\\\/\\\/pmza.sk\\\/#website\"},\"primaryImageOfPage\":{\"@id\":\"https:\\\/\\\/pmza.sk\\\/?product=carovne-cicmany#primaryimage\"},\"image\":{\"@id\":\"https:\\\/\\\/pmza.sk\\\/?product=carovne-cicmany#primaryimage\"},\"thumbnailUrl\":\"https:\\\/\\\/pmza.sk\\\/wp-content\\\/uploads\\\/2020\\\/01\\\/obalka-web.jpg\",\"datePublished\":\"2023-06-24T12:48:15+00:00\",\"dateModified\":\"2023-08-07T11:11:09+00:00\",\"breadcrumb\":{\"@id\":\"https:\\\/\\\/pmza.sk\\\/?product=carovne-cicmany#breadcrumb\"},\"inLanguage\":\"sk-SK\",\"potentialAction\":[{\"@type\":\"ReadAction\",\"target\":[\"https:\\\/\\\/pmza.sk\\\/?product=carovne-cicmany\"]}]},{\"@type\":\"ImageObject\",\"inLanguage\":\"sk-SK\",\"@id\":\"https:\\\/\\\/pmza.sk\\\/?product=carovne-cicmany#primaryimage\",\"url\":\"https:\\\/\\\/pmza.sk\\\/wp-content\\\/uploads\\\/2020\\\/01\\\/obalka-web.jpg\",\"contentUrl\":\"https:\\\/\\\/pmza.sk\\\/wp-content\\\/uploads\\\/2020\\\/01\\\/obalka-web.jpg\",\"width\":768,\"height\":768},{\"@type\":\"BreadcrumbList\",\"@id\":\"https:\\\/\\\/pmza.sk\\\/?product=carovne-cicmany#breadcrumb\",\"itemListElement\":[{\"@type\":\"ListItem\",\"position\":1,\"name\":\"Domovsk\u00e1 str\u00e1nka\",\"item\":\"https:\\\/\\\/pmza.sk\\\/\"},{\"@type\":\"ListItem\",\"position\":2,\"name\":\"Obchod\",\"item\":\"https:\\\/\\\/pmza.sk\\\/?page_id=7\"},{\"@type\":\"ListItem\",\"position\":3,\"name\":\"\u010carovn\u00e9 \u010ci\u010dmany\"}]},{\"@type\":\"WebSite\",\"@id\":\"https:\\\/\\\/pmza.sk\\\/#website\",\"url\":\"https:\\\/\\\/pmza.sk\\\/\",\"name\":\"Pova\u017esk\u00e9 m\u00fazeum\",\"description\":\"Pova\u017esk\u00e9 m\u00fazeum v \u017diline je region\u00e1lne m\u00fazeum so s\u00eddlom v Budat\u00edne. Jeho expoz\u00edcie s\u00fa zameran\u00e9 na dejiny slovensk\u00e9ho umenia, kult\u00fary a dopravy.\",\"publisher\":{\"@id\":\"https:\\\/\\\/pmza.sk\\\/#organization\"},\"potentialAction\":[{\"@type\":\"SearchAction\",\"target\":{\"@type\":\"EntryPoint\",\"urlTemplate\":\"https:\\\/\\\/pmza.sk\\\/?s={search_term_string}\"},\"query-input\":{\"@type\":\"PropertyValueSpecification\",\"valueRequired\":true,\"valueName\":\"search_term_string\"}}],\"inLanguage\":\"sk-SK\"},{\"@type\":\"Organization\",\"@id\":\"https:\\\/\\\/pmza.sk\\\/#organization\",\"name\":\"Pova\u017esk\u00e9 m\u00fazeum\",\"url\":\"https:\\\/\\\/pmza.sk\\\/\",\"logo\":{\"@type\":\"ImageObject\",\"inLanguage\":\"sk-SK\",\"@id\":\"https:\\\/\\\/pmza.sk\\\/#\\\/schema\\\/logo\\\/image\\\/\",\"url\":\"https:\\\/\\\/pmza.sk\\\/wp-content\\\/uploads\\\/2022\\\/01\\\/logo_PM_horizontal.jpg\",\"contentUrl\":\"https:\\\/\\\/pmza.sk\\\/wp-content\\\/uploads\\\/2022\\\/01\\\/logo_PM_horizontal.jpg\",\"width\":231,\"height\":142,\"caption\":\"Pova\u017esk\u00e9 m\u00fazeum\"},\"image\":{\"@id\":\"https:\\\/\\\/pmza.sk\\\/#\\\/schema\\\/logo\\\/image\\\/\"},\"sameAs\":[\"https:\\\/\\\/www.facebook.com\\\/povazskemuzeum\",\"https:\\\/\\\/www.instagram.com\\\/povazskemuzeum\\\/\"]}]}<\/script>\n<!-- \/ Yoast SEO plugin. -->","yoast_head_json":{"title":"\u010carovn\u00e9 \u010ci\u010dmany - Pova\u017esk\u00e9 m\u00fazeum","robots":{"index":"index","follow":"follow","max-snippet":"max-snippet:-1","max-image-preview":"max-image-preview:large","max-video-preview":"max-video-preview:-1"},"canonical":"https:\/\/pmza.sk\/?product=carovne-cicmany","og_locale":"sk_SK","og_type":"article","og_title":"\u010carovn\u00e9 \u010ci\u010dmany - Pova\u017esk\u00e9 m\u00fazeum","og_description":"V obci \u010ci\u010dmany m\u00e1 Pova\u017esk\u00e9 m\u00fazeum v \u017diline v spr\u00e1ve dva objekty, v ktor\u00fdch s\u00fa expoz\u00edcie venovan\u00e9 \u013eudovej kult\u00fare a \u017eivotu obyvate\u013eov v \u010ci\u010dmanoch. Katal\u00f3g dop\u013a\u0148al inform\u00e1cie, ktor\u00e9 n\u00e1v\u0161tevn\u00edci z\u00edskaj\u00fa pri n\u00e1v\u0161teve expoz\u00edcie a taktie\u017e je pre turistov zdrojom inform\u00e1cii o hist\u00f3rii, \u013eudovej kult\u00fare obce a o expoz\u00edci\u00e1ch samotn\u00fdch. Katal\u00f3g v \u00favode zachyt\u00e1va hist\u00f3riu obce [&hellip;]","og_url":"https:\/\/pmza.sk\/?product=carovne-cicmany","og_site_name":"Pova\u017esk\u00e9 m\u00fazeum","article_publisher":"https:\/\/www.facebook.com\/povazskemuzeum","article_modified_time":"2023-08-07T11:11:09+00:00","og_image":[{"width":768,"height":768,"url":"https:\/\/pmza.sk\/wp-content\/uploads\/2020\/01\/obalka-web.jpg","type":"image\/jpeg"}],"twitter_card":"summary_large_image","twitter_misc":{"Predpokladan\u00fd \u010das \u010d\u00edtania":"1 min\u00fata"},"schema":{"@context":"https:\/\/schema.org","@graph":[{"@type":"WebPage","@id":"https:\/\/pmza.sk\/?product=carovne-cicmany","url":"https:\/\/pmza.sk\/?product=carovne-cicmany","name":"\u010carovn\u00e9 \u010ci\u010dmany - Pova\u017esk\u00e9 m\u00fazeum","isPartOf":{"@id":"https:\/\/pmza.sk\/#website"},"primaryImageOfPage":{"@id":"https:\/\/pmza.sk\/?product=carovne-cicmany#primaryimage"},"image":{"@id":"https:\/\/pmza.sk\/?product=carovne-cicmany#primaryimage"},"thumbnailUrl":"https:\/\/pmza.sk\/wp-content\/uploads\/2020\/01\/obalka-web.jpg","datePublished":"2023-06-24T12:48:15+00:00","dateModified":"2023-08-07T11:11:09+00:00","breadcrumb":{"@id":"https:\/\/pmza.sk\/?product=carovne-cicmany#breadcrumb"},"inLanguage":"sk-SK","potentialAction":[{"@type":"ReadAction","target":["https:\/\/pmza.sk\/?product=carovne-cicmany"]}]},{"@type":"ImageObject","inLanguage":"sk-SK","@id":"https:\/\/pmza.sk\/?product=carovne-cicmany#primaryimage","url":"https:\/\/pmza.sk\/wp-content\/uploads\/2020\/01\/obalka-web.jpg","contentUrl":"https:\/\/pmza.sk\/wp-content\/uploads\/2020\/01\/obalka-web.jpg","width":768,"height":768},{"@type":"BreadcrumbList","@id":"https:\/\/pmza.sk\/?product=carovne-cicmany#breadcrumb","itemListElement":[{"@type":"ListItem","position":1,"name":"Domovsk\u00e1 str\u00e1nka","item":"https:\/\/pmza.sk\/"},{"@type":"ListItem","position":2,"name":"Obchod","item":"https:\/\/pmza.sk\/?page_id=7"},{"@type":"ListItem","position":3,"name":"\u010carovn\u00e9 \u010ci\u010dmany"}]},{"@type":"WebSite","@id":"https:\/\/pmza.sk\/#website","url":"https:\/\/pmza.sk\/","name":"Pova\u017esk\u00e9 m\u00fazeum","description":"Pova\u017esk\u00e9 m\u00fazeum v \u017diline je region\u00e1lne m\u00fazeum so s\u00eddlom v Budat\u00edne. Jeho expoz\u00edcie s\u00fa zameran\u00e9 na dejiny slovensk\u00e9ho umenia, kult\u00fary a dopravy.","publisher":{"@id":"https:\/\/pmza.sk\/#organization"},"potentialAction":[{"@type":"SearchAction","target":{"@type":"EntryPoint","urlTemplate":"https:\/\/pmza.sk\/?s={search_term_string}"},"query-input":{"@type":"PropertyValueSpecification","valueRequired":true,"valueName":"search_term_string"}}],"inLanguage":"sk-SK"},{"@type":"Organization","@id":"https:\/\/pmza.sk\/#organization","name":"Pova\u017esk\u00e9 m\u00fazeum","url":"https:\/\/pmza.sk\/","logo":{"@type":"ImageObject","inLanguage":"sk-SK","@id":"https:\/\/pmza.sk\/#\/schema\/logo\/image\/","url":"https:\/\/pmza.sk\/wp-content\/uploads\/2022\/01\/logo_PM_horizontal.jpg","contentUrl":"https:\/\/pmza.sk\/wp-content\/uploads\/2022\/01\/logo_PM_horizontal.jpg","width":231,"height":142,"caption":"Pova\u017esk\u00e9 m\u00fazeum"},"image":{"@id":"https:\/\/pmza.sk\/#\/schema\/logo\/image\/"},"sameAs":["https:\/\/www.facebook.com\/povazskemuzeum","https:\/\/www.instagram.com\/povazskemuzeum\/"]}]}},"_links":{"self":[{"href":"https:\/\/pmza.sk\/index.php?rest_route=\/wp\/v2\/product\/38195","targetHints":{"allow":["GET"]}}],"collection":[{"href":"https:\/\/pmza.sk\/index.php?rest_route=\/wp\/v2\/product"}],"about":[{"href":"https:\/\/pmza.sk\/index.php?rest_route=\/wp\/v2\/types\/product"}],"wp:featuredmedia":[{"embeddable":true,"href":"https:\/\/pmza.sk\/index.php?rest_route=\/wp\/v2\/media\/38189"}],"wp:attachment":[{"href":"https:\/\/pmza.sk\/index.php?rest_route=%2Fwp%2Fv2%2Fmedia&parent=38195"}],"wp:term":[{"taxonomy":"product_cat","embeddable":true,"href":"https:\/\/pmza.sk\/index.php?rest_route=%2Fwp%2Fv2%2Fproduct_cat&post=38195"},{"taxonomy":"product_tag","embeddable":true,"href":"https:\/\/pmza.sk\/index.php?rest_route=%2Fwp%2Fv2%2Fproduct_tag&post=38195"}],"curies":[{"name":"wp","href":"https:\/\/api.w.org\/{rel}","templated":true}]}}