{"id":43649,"date":"2020-12-09T18:40:43","date_gmt":"2020-12-09T17:40:43","guid":{"rendered":"https:\/\/pmza.sk\/?post_type=product&#038;p=43649"},"modified":"2022-11-07T10:09:35","modified_gmt":"2022-11-07T09:09:35","slug":"foto-rek-zilina-tajomstvo-jedneho-kufra","status":"publish","type":"product","link":"https:\/\/pmza.sk\/?product=foto-rek-zilina-tajomstvo-jedneho-kufra","title":{"rendered":"Foto Rek \u017dilina &#8211; tajomstvo jedn\u00e9ho kufra"},"content":{"rendered":"<p>[cherry_row]<\/p>\n<p>[cherry_col size_md=&#8220;12&#8243;]<\/p>\n<p>Martina Bern\u00e1tov\u00e1<\/p>\n<p>FOTO REK \u017dILINA &#8211; TAJOMSTVO JEDN\u00c9HO KUFRA<\/p>\n<p>&nbsp;<\/p>\n<p>Kniha <em>Foto Rek \u017dilina, tajomstvo jedn\u00e9ho<\/em> kufra sa zaober\u00e1 dejinami ateli\u00e9ru Rekovcov v\u00a0\u017diline, ktor\u00fd fungoval v\u00a0rokoch 1889 \u2013 1933 na ulici J\u00e1na Reka v\u00a0\u017diline, na mieste, kde sa dnes nach\u00e1dza Mestsk\u00fd \u00farad. Kniha vych\u00e1dza z\u00a0genealogick\u00e9ho a arch\u00edvneho v\u00fdskumu rodiny Rekovcov a poukazuje na prepojenie \u017eilinsk\u00fdch fotografiek Anny a Matildy Rekov\u00fdch s\u00a0t\u011b\u0161\u00ednskym fotografom Heinrichom Jandarekom. Prezentuje nielen fotografie z\u00a0produkcie ateli\u00e9ru a portr\u00e9ty \u010dlenov rodiny n\u00e1rodovca J\u00e1na Silvestra Reka, ktor\u00e9 s\u00fa s\u00fa\u010das\u0165ou zbierkov\u00e9ho fondu Pova\u017esk\u00e9ho m\u00fazea v\u00a0\u017diline, ale aj modern\u00fa s\u00fa\u010dasn\u00fa tvorbu \u017eilinsk\u00e9ho fotografa Juraja Reka, vnuka Matildy a J\u00e1na Silvestra Rekov\u00fdch. Publik\u00e1cia tie\u017e prin\u00e1\u0161a v\u00fdsledky z\u00a0odbornej identifik\u00e1cie historick\u00fdch fotografick\u00fdch techn\u00edk vybrat\u00fdch fotografick\u00fdch pozit\u00edvov z\u00a0dielne ateli\u00e9ru Rek, ktor\u00e1 prebehla v\u00a0roku 2020 v Slovenskej n\u00e1rodnej gal\u00e9rii v\u00a0Bratislave.<\/p>\n<p>Vydanie knihy z\u00a0verejn\u00fdch zdrojov podporil Fond na podporu umenia Slovenskej republiky.<\/p>\n<p>[\/cherry_col]<\/p>\n<p>[\/cherry_row]<\/p>\n<p>[cherry_row type=&#8220;full-width&#8220; bg_type=&#8220;none&#8220; bg_position=&#8220;center&#8220; bg_repeat=&#8220;no-repeat&#8220; bg_attachment=&#8220;scroll&#8220; bg_size=&#8220;auto&#8220; parallax_speed=&#8220;1.5&#8243; parallax_invert=&#8220;no&#8220; min_height=&#8220;300&#8243; speed=&#8220;1.5&#8243; invert=&#8220;no&#8220;]<\/p>\n<p>[cherry_col size_md=&#8220;12&#8243; size_xs=&#8220;none&#8220; size_sm=&#8220;none&#8220; size_lg=&#8220;none&#8220; offset_xs=&#8220;none&#8220; offset_sm=&#8220;none&#8220; offset_md=&#8220;none&#8220; offset_lg=&#8220;none&#8220; pull_xs=&#8220;none&#8220; pull_sm=&#8220;none&#8220; pull_md=&#8220;none&#8220; pull_lg=&#8220;none&#8220; push_xs=&#8220;none&#8220; push_sm=&#8220;none&#8220; push_md=&#8220;none&#8220; push_lg=&#8220;none&#8220; collapse=&#8220;no&#8220; bg_type=&#8220;none&#8220; bg_position=&#8220;center&#8220; bg_repeat=&#8220;no-repeat&#8220; bg_attachment=&#8220;scroll&#8220; bg_size=&#8220;auto&#8220;]<\/p>\n<\/p>\n<p>[\/cherry_col]<\/p>\n<p>[\/cherry_row]<\/p>\n","protected":false},"excerpt":{"rendered":"<p>[cherry_row] [cherry_col size_md=&#8220;12&#8243;] Martina Bern\u00e1tov\u00e1 FOTO REK \u017dILINA &#8211; TAJOMSTVO JEDN\u00c9HO KUFRA &nbsp; Kniha Foto Rek \u017dilina, tajomstvo jedn\u00e9ho kufra sa zaober\u00e1 dejinami ateli\u00e9ru Rekovcov v\u00a0\u017diline, ktor\u00fd fungoval v\u00a0rokoch 1889 \u2013 1933 na ulici J\u00e1na Reka v\u00a0\u017diline, na mieste, kde sa dnes nach\u00e1dza Mestsk\u00fd \u00farad. Kniha vych\u00e1dza z\u00a0genealogick\u00e9ho a arch\u00edvneho v\u00fdskumu rodiny Rekovcov a poukazuje [&hellip;]<\/p>\n","protected":false},"featured_media":43650,"template":"","meta":{"site-sidebar-layout":"default","site-content-layout":"","ast-site-content-layout":"","site-content-style":"default","site-sidebar-style":"default","ast-global-header-display":"","ast-banner-title-visibility":"","ast-main-header-display":"","ast-hfb-above-header-display":"","ast-hfb-below-header-display":"","ast-hfb-mobile-header-display":"","site-post-title":"","ast-breadcrumbs-content":"","ast-featured-img":"","footer-sml-layout":"","theme-transparent-header-meta":"","adv-header-id-meta":"","stick-header-meta":"","header-above-stick-meta":"","header-main-stick-meta":"","header-below-stick-meta":"","astra-migrate-meta-layouts":"default","ast-page-background-enabled":"default","ast-page-background-meta":{"desktop":{"background-color":"var(--ast-global-color-4)","background-image":"","background-repeat":"repeat","background-position":"center center","background-size":"auto","background-attachment":"scroll","background-type":"","background-media":"","overlay-type":"","overlay-color":"","overlay-opacity":"","overlay-gradient":""},"tablet":{"background-color":"","background-image":"","background-repeat":"repeat","background-position":"center center","background-size":"auto","background-attachment":"scroll","background-type":"","background-media":"","overlay-type":"","overlay-color":"","overlay-opacity":"","overlay-gradient":""},"mobile":{"background-color":"","background-image":"","background-repeat":"repeat","background-position":"center center","background-size":"auto","background-attachment":"scroll","background-type":"","background-media":"","overlay-type":"","overlay-color":"","overlay-opacity":"","overlay-gradient":""}},"ast-content-background-meta":{"desktop":{"background-color":"var(--ast-global-color-5)","background-image":"","background-repeat":"repeat","background-position":"center center","background-size":"auto","background-attachment":"scroll","background-type":"","background-media":"","overlay-type":"","overlay-color":"","overlay-opacity":"","overlay-gradient":""},"tablet":{"background-color":"var(--ast-global-color-5)","background-image":"","background-repeat":"repeat","background-position":"center center","background-size":"auto","background-attachment":"scroll","background-type":"","background-media":"","overlay-type":"","overlay-color":"","overlay-opacity":"","overlay-gradient":""},"mobile":{"background-color":"var(--ast-global-color-5)","background-image":"","background-repeat":"repeat","background-position":"center center","background-size":"auto","background-attachment":"scroll","background-type":"","background-media":"","overlay-type":"","overlay-color":"","overlay-opacity":"","overlay-gradient":""}}},"product_cat":[28,27],"product_tag":[],"class_list":{"0":"post-43649","1":"product","2":"type-product","3":"status-publish","4":"has-post-thumbnail","6":"product_cat-dejiny-ziliny","7":"product_cat-katalogy-z-vystav","8":"desktop-align-left","9":"tablet-align-left","10":"mobile-align-left","11":"ast-product-gallery-layout-horizontal-slider","12":"ast-magnify-disabled","13":"ast-product-tabs-layout-horizontal","15":"first","16":"instock","17":"shipping-taxable","18":"purchasable","19":"product-type-simple"},"yoast_head":"<!-- This site is optimized with the Yoast SEO plugin v27.4 - https:\/\/yoast.com\/product\/yoast-seo-wordpress\/ -->\n<title>Foto Rek \u017dilina - tajomstvo jedn\u00e9ho kufra - Pova\u017esk\u00e9 m\u00fazeum<\/title>\n<meta name=\"robots\" content=\"index, follow, max-snippet:-1, max-image-preview:large, max-video-preview:-1\" \/>\n<link rel=\"canonical\" href=\"https:\/\/pmza.sk\/?product=foto-rek-zilina-tajomstvo-jedneho-kufra\" \/>\n<meta property=\"og:locale\" content=\"sk_SK\" \/>\n<meta property=\"og:type\" content=\"article\" \/>\n<meta property=\"og:title\" content=\"Foto Rek \u017dilina - tajomstvo jedn\u00e9ho kufra - Pova\u017esk\u00e9 m\u00fazeum\" \/>\n<meta property=\"og:description\" content=\"[cherry_row] [cherry_col size_md=&#8220;12&#8243;] Martina Bern\u00e1tov\u00e1 FOTO REK \u017dILINA &#8211; TAJOMSTVO JEDN\u00c9HO KUFRA &nbsp; Kniha Foto Rek \u017dilina, tajomstvo jedn\u00e9ho kufra sa zaober\u00e1 dejinami ateli\u00e9ru Rekovcov v\u00a0\u017diline, ktor\u00fd fungoval v\u00a0rokoch 1889 \u2013 1933 na ulici J\u00e1na Reka v\u00a0\u017diline, na mieste, kde sa dnes nach\u00e1dza Mestsk\u00fd \u00farad. Kniha vych\u00e1dza z\u00a0genealogick\u00e9ho a arch\u00edvneho v\u00fdskumu rodiny Rekovcov a poukazuje [&hellip;]\" \/>\n<meta property=\"og:url\" content=\"https:\/\/pmza.sk\/?product=foto-rek-zilina-tajomstvo-jedneho-kufra\" \/>\n<meta property=\"og:site_name\" content=\"Pova\u017esk\u00e9 m\u00fazeum\" \/>\n<meta property=\"article:publisher\" content=\"https:\/\/www.facebook.com\/povazskemuzeum\" \/>\n<meta property=\"article:modified_time\" content=\"2022-11-07T09:09:35+00:00\" \/>\n<meta property=\"og:image\" content=\"https:\/\/pmza.sk\/wp-content\/uploads\/2020\/12\/S30C-920120915480.jpg\" \/>\n\t<meta property=\"og:image:width\" content=\"768\" \/>\n\t<meta property=\"og:image:height\" content=\"840\" \/>\n\t<meta property=\"og:image:type\" content=\"image\/jpeg\" \/>\n<meta name=\"twitter:card\" content=\"summary_large_image\" \/>\n<meta name=\"twitter:label1\" content=\"Predpokladan\u00fd \u010das \u010d\u00edtania\" \/>\n\t<meta name=\"twitter:data1\" content=\"1 min\u00fata\" \/>\n<script type=\"application\/ld+json\" class=\"yoast-schema-graph\">{\"@context\":\"https:\\\/\\\/schema.org\",\"@graph\":[{\"@type\":\"WebPage\",\"@id\":\"https:\\\/\\\/pmza.sk\\\/?product=foto-rek-zilina-tajomstvo-jedneho-kufra\",\"url\":\"https:\\\/\\\/pmza.sk\\\/?product=foto-rek-zilina-tajomstvo-jedneho-kufra\",\"name\":\"Foto Rek \u017dilina - tajomstvo jedn\u00e9ho kufra - Pova\u017esk\u00e9 m\u00fazeum\",\"isPartOf\":{\"@id\":\"https:\\\/\\\/pmza.sk\\\/#website\"},\"primaryImageOfPage\":{\"@id\":\"https:\\\/\\\/pmza.sk\\\/?product=foto-rek-zilina-tajomstvo-jedneho-kufra#primaryimage\"},\"image\":{\"@id\":\"https:\\\/\\\/pmza.sk\\\/?product=foto-rek-zilina-tajomstvo-jedneho-kufra#primaryimage\"},\"thumbnailUrl\":\"https:\\\/\\\/pmza.sk\\\/wp-content\\\/uploads\\\/2020\\\/12\\\/S30C-920120915480.jpg\",\"datePublished\":\"2020-12-09T17:40:43+00:00\",\"dateModified\":\"2022-11-07T09:09:35+00:00\",\"breadcrumb\":{\"@id\":\"https:\\\/\\\/pmza.sk\\\/?product=foto-rek-zilina-tajomstvo-jedneho-kufra#breadcrumb\"},\"inLanguage\":\"sk-SK\",\"potentialAction\":[{\"@type\":\"ReadAction\",\"target\":[\"https:\\\/\\\/pmza.sk\\\/?product=foto-rek-zilina-tajomstvo-jedneho-kufra\"]}]},{\"@type\":\"ImageObject\",\"inLanguage\":\"sk-SK\",\"@id\":\"https:\\\/\\\/pmza.sk\\\/?product=foto-rek-zilina-tajomstvo-jedneho-kufra#primaryimage\",\"url\":\"https:\\\/\\\/pmza.sk\\\/wp-content\\\/uploads\\\/2020\\\/12\\\/S30C-920120915480.jpg\",\"contentUrl\":\"https:\\\/\\\/pmza.sk\\\/wp-content\\\/uploads\\\/2020\\\/12\\\/S30C-920120915480.jpg\",\"width\":768,\"height\":840,\"caption\":\"?????????\"},{\"@type\":\"BreadcrumbList\",\"@id\":\"https:\\\/\\\/pmza.sk\\\/?product=foto-rek-zilina-tajomstvo-jedneho-kufra#breadcrumb\",\"itemListElement\":[{\"@type\":\"ListItem\",\"position\":1,\"name\":\"Domovsk\u00e1 str\u00e1nka\",\"item\":\"https:\\\/\\\/pmza.sk\\\/\"},{\"@type\":\"ListItem\",\"position\":2,\"name\":\"Obchod\",\"item\":\"https:\\\/\\\/pmza.sk\\\/?page_id=7\"},{\"@type\":\"ListItem\",\"position\":3,\"name\":\"Foto Rek \u017dilina &#8211; tajomstvo jedn\u00e9ho kufra\"}]},{\"@type\":\"WebSite\",\"@id\":\"https:\\\/\\\/pmza.sk\\\/#website\",\"url\":\"https:\\\/\\\/pmza.sk\\\/\",\"name\":\"Pova\u017esk\u00e9 m\u00fazeum\",\"description\":\"Pova\u017esk\u00e9 m\u00fazeum v \u017diline je region\u00e1lne m\u00fazeum so s\u00eddlom v Budat\u00edne. Jeho expoz\u00edcie s\u00fa zameran\u00e9 na dejiny slovensk\u00e9ho umenia, kult\u00fary a dopravy.\",\"publisher\":{\"@id\":\"https:\\\/\\\/pmza.sk\\\/#organization\"},\"potentialAction\":[{\"@type\":\"SearchAction\",\"target\":{\"@type\":\"EntryPoint\",\"urlTemplate\":\"https:\\\/\\\/pmza.sk\\\/?s={search_term_string}\"},\"query-input\":{\"@type\":\"PropertyValueSpecification\",\"valueRequired\":true,\"valueName\":\"search_term_string\"}}],\"inLanguage\":\"sk-SK\"},{\"@type\":\"Organization\",\"@id\":\"https:\\\/\\\/pmza.sk\\\/#organization\",\"name\":\"Pova\u017esk\u00e9 m\u00fazeum\",\"url\":\"https:\\\/\\\/pmza.sk\\\/\",\"logo\":{\"@type\":\"ImageObject\",\"inLanguage\":\"sk-SK\",\"@id\":\"https:\\\/\\\/pmza.sk\\\/#\\\/schema\\\/logo\\\/image\\\/\",\"url\":\"https:\\\/\\\/pmza.sk\\\/wp-content\\\/uploads\\\/2022\\\/01\\\/logo_PM_horizontal.jpg\",\"contentUrl\":\"https:\\\/\\\/pmza.sk\\\/wp-content\\\/uploads\\\/2022\\\/01\\\/logo_PM_horizontal.jpg\",\"width\":231,\"height\":142,\"caption\":\"Pova\u017esk\u00e9 m\u00fazeum\"},\"image\":{\"@id\":\"https:\\\/\\\/pmza.sk\\\/#\\\/schema\\\/logo\\\/image\\\/\"},\"sameAs\":[\"https:\\\/\\\/www.facebook.com\\\/povazskemuzeum\",\"https:\\\/\\\/www.instagram.com\\\/povazskemuzeum\\\/\"]}]}<\/script>\n<!-- \/ Yoast SEO plugin. -->","yoast_head_json":{"title":"Foto Rek \u017dilina - tajomstvo jedn\u00e9ho kufra - Pova\u017esk\u00e9 m\u00fazeum","robots":{"index":"index","follow":"follow","max-snippet":"max-snippet:-1","max-image-preview":"max-image-preview:large","max-video-preview":"max-video-preview:-1"},"canonical":"https:\/\/pmza.sk\/?product=foto-rek-zilina-tajomstvo-jedneho-kufra","og_locale":"sk_SK","og_type":"article","og_title":"Foto Rek \u017dilina - tajomstvo jedn\u00e9ho kufra - Pova\u017esk\u00e9 m\u00fazeum","og_description":"[cherry_row] [cherry_col size_md=&#8220;12&#8243;] Martina Bern\u00e1tov\u00e1 FOTO REK \u017dILINA &#8211; TAJOMSTVO JEDN\u00c9HO KUFRA &nbsp; Kniha Foto Rek \u017dilina, tajomstvo jedn\u00e9ho kufra sa zaober\u00e1 dejinami ateli\u00e9ru Rekovcov v\u00a0\u017diline, ktor\u00fd fungoval v\u00a0rokoch 1889 \u2013 1933 na ulici J\u00e1na Reka v\u00a0\u017diline, na mieste, kde sa dnes nach\u00e1dza Mestsk\u00fd \u00farad. Kniha vych\u00e1dza z\u00a0genealogick\u00e9ho a arch\u00edvneho v\u00fdskumu rodiny Rekovcov a poukazuje [&hellip;]","og_url":"https:\/\/pmza.sk\/?product=foto-rek-zilina-tajomstvo-jedneho-kufra","og_site_name":"Pova\u017esk\u00e9 m\u00fazeum","article_publisher":"https:\/\/www.facebook.com\/povazskemuzeum","article_modified_time":"2022-11-07T09:09:35+00:00","og_image":[{"width":768,"height":840,"url":"https:\/\/pmza.sk\/wp-content\/uploads\/2020\/12\/S30C-920120915480.jpg","type":"image\/jpeg"}],"twitter_card":"summary_large_image","twitter_misc":{"Predpokladan\u00fd \u010das \u010d\u00edtania":"1 min\u00fata"},"schema":{"@context":"https:\/\/schema.org","@graph":[{"@type":"WebPage","@id":"https:\/\/pmza.sk\/?product=foto-rek-zilina-tajomstvo-jedneho-kufra","url":"https:\/\/pmza.sk\/?product=foto-rek-zilina-tajomstvo-jedneho-kufra","name":"Foto Rek \u017dilina - tajomstvo jedn\u00e9ho kufra - Pova\u017esk\u00e9 m\u00fazeum","isPartOf":{"@id":"https:\/\/pmza.sk\/#website"},"primaryImageOfPage":{"@id":"https:\/\/pmza.sk\/?product=foto-rek-zilina-tajomstvo-jedneho-kufra#primaryimage"},"image":{"@id":"https:\/\/pmza.sk\/?product=foto-rek-zilina-tajomstvo-jedneho-kufra#primaryimage"},"thumbnailUrl":"https:\/\/pmza.sk\/wp-content\/uploads\/2020\/12\/S30C-920120915480.jpg","datePublished":"2020-12-09T17:40:43+00:00","dateModified":"2022-11-07T09:09:35+00:00","breadcrumb":{"@id":"https:\/\/pmza.sk\/?product=foto-rek-zilina-tajomstvo-jedneho-kufra#breadcrumb"},"inLanguage":"sk-SK","potentialAction":[{"@type":"ReadAction","target":["https:\/\/pmza.sk\/?product=foto-rek-zilina-tajomstvo-jedneho-kufra"]}]},{"@type":"ImageObject","inLanguage":"sk-SK","@id":"https:\/\/pmza.sk\/?product=foto-rek-zilina-tajomstvo-jedneho-kufra#primaryimage","url":"https:\/\/pmza.sk\/wp-content\/uploads\/2020\/12\/S30C-920120915480.jpg","contentUrl":"https:\/\/pmza.sk\/wp-content\/uploads\/2020\/12\/S30C-920120915480.jpg","width":768,"height":840,"caption":"?????????"},{"@type":"BreadcrumbList","@id":"https:\/\/pmza.sk\/?product=foto-rek-zilina-tajomstvo-jedneho-kufra#breadcrumb","itemListElement":[{"@type":"ListItem","position":1,"name":"Domovsk\u00e1 str\u00e1nka","item":"https:\/\/pmza.sk\/"},{"@type":"ListItem","position":2,"name":"Obchod","item":"https:\/\/pmza.sk\/?page_id=7"},{"@type":"ListItem","position":3,"name":"Foto Rek \u017dilina &#8211; tajomstvo jedn\u00e9ho kufra"}]},{"@type":"WebSite","@id":"https:\/\/pmza.sk\/#website","url":"https:\/\/pmza.sk\/","name":"Pova\u017esk\u00e9 m\u00fazeum","description":"Pova\u017esk\u00e9 m\u00fazeum v \u017diline je region\u00e1lne m\u00fazeum so s\u00eddlom v Budat\u00edne. Jeho expoz\u00edcie s\u00fa zameran\u00e9 na dejiny slovensk\u00e9ho umenia, kult\u00fary a dopravy.","publisher":{"@id":"https:\/\/pmza.sk\/#organization"},"potentialAction":[{"@type":"SearchAction","target":{"@type":"EntryPoint","urlTemplate":"https:\/\/pmza.sk\/?s={search_term_string}"},"query-input":{"@type":"PropertyValueSpecification","valueRequired":true,"valueName":"search_term_string"}}],"inLanguage":"sk-SK"},{"@type":"Organization","@id":"https:\/\/pmza.sk\/#organization","name":"Pova\u017esk\u00e9 m\u00fazeum","url":"https:\/\/pmza.sk\/","logo":{"@type":"ImageObject","inLanguage":"sk-SK","@id":"https:\/\/pmza.sk\/#\/schema\/logo\/image\/","url":"https:\/\/pmza.sk\/wp-content\/uploads\/2022\/01\/logo_PM_horizontal.jpg","contentUrl":"https:\/\/pmza.sk\/wp-content\/uploads\/2022\/01\/logo_PM_horizontal.jpg","width":231,"height":142,"caption":"Pova\u017esk\u00e9 m\u00fazeum"},"image":{"@id":"https:\/\/pmza.sk\/#\/schema\/logo\/image\/"},"sameAs":["https:\/\/www.facebook.com\/povazskemuzeum","https:\/\/www.instagram.com\/povazskemuzeum\/"]}]}},"_links":{"self":[{"href":"https:\/\/pmza.sk\/index.php?rest_route=\/wp\/v2\/product\/43649","targetHints":{"allow":["GET"]}}],"collection":[{"href":"https:\/\/pmza.sk\/index.php?rest_route=\/wp\/v2\/product"}],"about":[{"href":"https:\/\/pmza.sk\/index.php?rest_route=\/wp\/v2\/types\/product"}],"wp:featuredmedia":[{"embeddable":true,"href":"https:\/\/pmza.sk\/index.php?rest_route=\/wp\/v2\/media\/43650"}],"wp:attachment":[{"href":"https:\/\/pmza.sk\/index.php?rest_route=%2Fwp%2Fv2%2Fmedia&parent=43649"}],"wp:term":[{"taxonomy":"product_cat","embeddable":true,"href":"https:\/\/pmza.sk\/index.php?rest_route=%2Fwp%2Fv2%2Fproduct_cat&post=43649"},{"taxonomy":"product_tag","embeddable":true,"href":"https:\/\/pmza.sk\/index.php?rest_route=%2Fwp%2Fv2%2Fproduct_tag&post=43649"}],"curies":[{"name":"wp","href":"https:\/\/api.w.org\/{rel}","templated":true}]}}