{"id":54906,"date":"2023-01-11T10:53:06","date_gmt":"2023-01-11T09:53:06","guid":{"rendered":"https:\/\/pmza.sk\/?post_type=product&#038;p=54906"},"modified":"2023-01-23T10:54:29","modified_gmt":"2023-01-23T09:54:29","slug":"z-ruzomberka-do-korytnice","status":"publish","type":"product","link":"https:\/\/pmza.sk\/?product=z-ruzomberka-do-korytnice","title":{"rendered":"Z Ru\u017eomberka do Korytnice"},"content":{"rendered":"<p><strong>SLAVOM\u00cdR KONT\u00daR: Z Ru\u017eomberka do Korytnice<\/strong><\/p>\n<p>vydavate\u013e: Fornex plus, 2021<\/p>\n<p>Rozsah: 368 str\u00e1n; form\u00e1t: 18 x 24,7 cm; tvrd\u00e1 v\u00e4zba<\/p>\n<p>Slavom\u00edr Kont\u00far svoju knihu po\u0148al ako dobrodru\u017en\u00fa cestu za poznan\u00edm. Vyr\u00e1stol na \u017eelezni\u010dnej stanici \u00fazkorozchodnej \u017eeleznice v Liptovskej Osade, cez ktor\u00fa od roku 1908 prem\u00e1vali o\u010daruj\u00face vl\u00e1\u010diky do kedysi pr\u00ed\u0165a\u017eliv\u00fdch a vyh\u013ead\u00e1van\u00fdch k\u00fape\u013eov v Korytnici. Ke\u010f v roku 1976 u\u017easnuto sledoval buldoz\u00e9r, ktor\u00fd po celej trati na pomedz\u00ed N\u00edzkych Tatier a Ve\u013ekej Fatry vytrh\u00e1val ko\u013eajnice, zakorenila sa v \u0148om t\u00fa\u017eba porozumie\u0165 tomu, \u010do sa vlastne stalo. Naozaj sa spolo\u010dnos\u0165 tak\u00fdmto sp\u00f4sobom zbavila akejsi nepotrebnej pr\u00ed\u0165a\u017ee? Nebola t\u00e1 \u017eeleznica pre svoje okolie sk\u00f4r prame\u0148om, vz\u00e1cnym pokladom? Kniha mimoriadne podrobne a so snahou o p\u00fatav\u00e9 rozpr\u00e1vanie mapuje dejiny vzniku Ru\u017eombersko-korytnickej miestnej \u017eeleznice, vr\u00e1tane vzniku a rozvoja dnes u\u017e zaniknut\u00fdch, ale kedysi vz\u00e1cnych k\u00fape\u013eov v Korytnici. Opiera sa o rozsiahle mno\u017estvo arch\u00edvnych prame\u0148ov a to aj s odkazmi na ne. Obsahuje vy\u0161e 200 kvalitne reprodukovan\u00fdch fotografi\u00ed, viacero n\u00e1kresov a pl\u00e1nov. Kniha prekvapuje mno\u017estvom zozbieran\u00fdch poznatkov, ktor\u00e9 nenech\u00e1vaj\u00fa pochybnosti o tom, \u017ee \u017eeleznica z Ru\u017eomberka do Korytnice a korytnick\u00e9 k\u00fapele sa svojho \u010dasu budovali so snahou podnecova\u0165 rozvoj nielen cel\u00e9ho Liptova. Kto si to obdobie chce spr\u00edtomni\u0165, uvedomi\u0165 si, ako \u0165a\u017eko sa niektor\u00e9 pamiatky rodili, pr\u00edpadne sa chce odviez\u0165 p\u00f4vabn\u00fdm vl\u00e1\u010dikom, kniha je ur\u010den\u00e1 aj jemu.<\/p>\n<p>&nbsp;<\/p>\n<div class=\"wp-block-image\"><img fetchpriority=\"high\" decoding=\"async\" class=\"alignnone wp-image-54908 size-large\" src=\"https:\/\/pmza.sk\/wp-content\/uploads\/2023\/01\/doc01866120230123104022_001-1040x736.jpg\" alt=\"\" width=\"1040\" height=\"736\" srcset=\"https:\/\/pmza.sk\/wp-content\/uploads\/2023\/01\/doc01866120230123104022_001-1040x736.jpg 1040w, https:\/\/pmza.sk\/wp-content\/uploads\/2023\/01\/doc01866120230123104022_001-509x360.jpg 509w, https:\/\/pmza.sk\/wp-content\/uploads\/2023\/01\/doc01866120230123104022_001-768x544.jpg 768w, https:\/\/pmza.sk\/wp-content\/uploads\/2023\/01\/doc01866120230123104022_001-1536x1087.jpg 1536w, https:\/\/pmza.sk\/wp-content\/uploads\/2023\/01\/doc01866120230123104022_001-2048x1449.jpg 2048w, https:\/\/pmza.sk\/wp-content\/uploads\/2023\/01\/doc01866120230123104022_001-600x425.jpg 600w\" sizes=\"(max-width: 1040px) 100vw, 1040px\" \/><\/div>\n","protected":false},"excerpt":{"rendered":"<p>SLAVOM\u00cdR KONT\u00daR: Z Ru\u017eomberka do Korytnice vydavate\u013e: Fornex plus, 2021 Rozsah: 368 str\u00e1n; form\u00e1t: 18 x 24,7 cm; tvrd\u00e1 v\u00e4zba Slavom\u00edr Kont\u00far svoju knihu po\u0148al ako dobrodru\u017en\u00fa cestu za poznan\u00edm. Vyr\u00e1stol na \u017eelezni\u010dnej stanici \u00fazkorozchodnej \u017eeleznice v Liptovskej Osade, cez ktor\u00fa od roku 1908 prem\u00e1vali o\u010daruj\u00face vl\u00e1\u010diky do kedysi pr\u00ed\u0165a\u017eliv\u00fdch a vyh\u013ead\u00e1van\u00fdch k\u00fape\u013eov v Korytnici. [&hellip;]<\/p>\n","protected":false},"featured_media":54907,"template":"","meta":{"site-sidebar-layout":"default","site-content-layout":"default","ast-site-content-layout":"","site-content-style":"default","site-sidebar-style":"default","ast-global-header-display":"","ast-banner-title-visibility":"","ast-main-header-display":"","ast-hfb-above-header-display":"","ast-hfb-below-header-display":"","ast-hfb-mobile-header-display":"","site-post-title":"","ast-breadcrumbs-content":"","ast-featured-img":"","footer-sml-layout":"","theme-transparent-header-meta":"default","adv-header-id-meta":"","stick-header-meta":"default","header-above-stick-meta":"","header-main-stick-meta":"","header-below-stick-meta":"","astra-migrate-meta-layouts":"default","ast-page-background-enabled":"default","ast-page-background-meta":{"desktop":{"background-color":"var(--ast-global-color-4)","background-image":"","background-repeat":"repeat","background-position":"center center","background-size":"auto","background-attachment":"scroll","background-type":"","background-media":"","overlay-type":"","overlay-color":"","overlay-opacity":"","overlay-gradient":""},"tablet":{"background-color":"","background-image":"","background-repeat":"repeat","background-position":"center center","background-size":"auto","background-attachment":"scroll","background-type":"","background-media":"","overlay-type":"","overlay-color":"","overlay-opacity":"","overlay-gradient":""},"mobile":{"background-color":"","background-image":"","background-repeat":"repeat","background-position":"center center","background-size":"auto","background-attachment":"scroll","background-type":"","background-media":"","overlay-type":"","overlay-color":"","overlay-opacity":"","overlay-gradient":""}},"ast-content-background-meta":{"desktop":{"background-color":"var(--ast-global-color-5)","background-image":"","background-repeat":"repeat","background-position":"center center","background-size":"auto","background-attachment":"scroll","background-type":"","background-media":"","overlay-type":"","overlay-color":"","overlay-opacity":"","overlay-gradient":""},"tablet":{"background-color":"var(--ast-global-color-5)","background-image":"","background-repeat":"repeat","background-position":"center center","background-size":"auto","background-attachment":"scroll","background-type":"","background-media":"","overlay-type":"","overlay-color":"","overlay-opacity":"","overlay-gradient":""},"mobile":{"background-color":"var(--ast-global-color-5)","background-image":"","background-repeat":"repeat","background-position":"center center","background-size":"auto","background-attachment":"scroll","background-type":"","background-media":"","overlay-type":"","overlay-color":"","overlay-opacity":"","overlay-gradient":""}}},"product_cat":[16],"product_tag":[],"class_list":{"0":"post-54906","1":"product","2":"type-product","3":"status-publish","4":"has-post-thumbnail","6":"product_cat-edicia-historia-dopravy","7":"desktop-align-left","8":"tablet-align-left","9":"mobile-align-left","10":"ast-product-gallery-layout-horizontal-slider","11":"ast-product-gallery-with-no-image","12":"ast-magnify-disabled","13":"ast-product-tabs-layout-horizontal","15":"first","16":"instock","17":"shipping-taxable","18":"purchasable","19":"product-type-simple"},"yoast_head":"<!-- This site is optimized with the Yoast SEO plugin v27.4 - https:\/\/yoast.com\/product\/yoast-seo-wordpress\/ -->\n<title>Z Ru\u017eomberka do Korytnice - Pova\u017esk\u00e9 m\u00fazeum<\/title>\n<meta name=\"robots\" content=\"index, follow, max-snippet:-1, max-image-preview:large, max-video-preview:-1\" \/>\n<link rel=\"canonical\" href=\"https:\/\/pmza.sk\/?product=z-ruzomberka-do-korytnice\" \/>\n<meta property=\"og:locale\" content=\"sk_SK\" \/>\n<meta property=\"og:type\" content=\"article\" \/>\n<meta property=\"og:title\" content=\"Z Ru\u017eomberka do Korytnice - Pova\u017esk\u00e9 m\u00fazeum\" \/>\n<meta property=\"og:description\" content=\"SLAVOM\u00cdR KONT\u00daR: Z Ru\u017eomberka do Korytnice vydavate\u013e: Fornex plus, 2021 Rozsah: 368 str\u00e1n; form\u00e1t: 18 x 24,7 cm; tvrd\u00e1 v\u00e4zba Slavom\u00edr Kont\u00far svoju knihu po\u0148al ako dobrodru\u017en\u00fa cestu za poznan\u00edm. Vyr\u00e1stol na \u017eelezni\u010dnej stanici \u00fazkorozchodnej \u017eeleznice v Liptovskej Osade, cez ktor\u00fa od roku 1908 prem\u00e1vali o\u010daruj\u00face vl\u00e1\u010diky do kedysi pr\u00ed\u0165a\u017eliv\u00fdch a vyh\u013ead\u00e1van\u00fdch k\u00fape\u013eov v Korytnici. [&hellip;]\" \/>\n<meta property=\"og:url\" content=\"https:\/\/pmza.sk\/?product=z-ruzomberka-do-korytnice\" \/>\n<meta property=\"og:site_name\" content=\"Pova\u017esk\u00e9 m\u00fazeum\" \/>\n<meta property=\"article:publisher\" content=\"https:\/\/www.facebook.com\/povazskemuzeum\" \/>\n<meta property=\"article:modified_time\" content=\"2023-01-23T09:54:29+00:00\" \/>\n<meta property=\"og:image\" content=\"https:\/\/pmza.sk\/wp-content\/uploads\/2023\/01\/166340-scaled.jpeg\" \/>\n\t<meta property=\"og:image:width\" content=\"1792\" \/>\n\t<meta property=\"og:image:height\" content=\"2560\" \/>\n\t<meta property=\"og:image:type\" content=\"image\/jpeg\" \/>\n<meta name=\"twitter:card\" content=\"summary_large_image\" \/>\n<meta name=\"twitter:label1\" content=\"Predpokladan\u00fd \u010das \u010d\u00edtania\" \/>\n\t<meta name=\"twitter:data1\" content=\"1 min\u00fata\" \/>\n<script type=\"application\/ld+json\" class=\"yoast-schema-graph\">{\"@context\":\"https:\\\/\\\/schema.org\",\"@graph\":[{\"@type\":\"WebPage\",\"@id\":\"https:\\\/\\\/pmza.sk\\\/?product=z-ruzomberka-do-korytnice\",\"url\":\"https:\\\/\\\/pmza.sk\\\/?product=z-ruzomberka-do-korytnice\",\"name\":\"Z Ru\u017eomberka do Korytnice - Pova\u017esk\u00e9 m\u00fazeum\",\"isPartOf\":{\"@id\":\"https:\\\/\\\/pmza.sk\\\/#website\"},\"primaryImageOfPage\":{\"@id\":\"https:\\\/\\\/pmza.sk\\\/?product=z-ruzomberka-do-korytnice#primaryimage\"},\"image\":{\"@id\":\"https:\\\/\\\/pmza.sk\\\/?product=z-ruzomberka-do-korytnice#primaryimage\"},\"thumbnailUrl\":\"https:\\\/\\\/pmza.sk\\\/wp-content\\\/uploads\\\/2023\\\/01\\\/166340-scaled.jpeg\",\"datePublished\":\"2023-01-11T09:53:06+00:00\",\"dateModified\":\"2023-01-23T09:54:29+00:00\",\"breadcrumb\":{\"@id\":\"https:\\\/\\\/pmza.sk\\\/?product=z-ruzomberka-do-korytnice#breadcrumb\"},\"inLanguage\":\"sk-SK\",\"potentialAction\":[{\"@type\":\"ReadAction\",\"target\":[\"https:\\\/\\\/pmza.sk\\\/?product=z-ruzomberka-do-korytnice\"]}]},{\"@type\":\"ImageObject\",\"inLanguage\":\"sk-SK\",\"@id\":\"https:\\\/\\\/pmza.sk\\\/?product=z-ruzomberka-do-korytnice#primaryimage\",\"url\":\"https:\\\/\\\/pmza.sk\\\/wp-content\\\/uploads\\\/2023\\\/01\\\/166340-scaled.jpeg\",\"contentUrl\":\"https:\\\/\\\/pmza.sk\\\/wp-content\\\/uploads\\\/2023\\\/01\\\/166340-scaled.jpeg\",\"width\":1792,\"height\":2560},{\"@type\":\"BreadcrumbList\",\"@id\":\"https:\\\/\\\/pmza.sk\\\/?product=z-ruzomberka-do-korytnice#breadcrumb\",\"itemListElement\":[{\"@type\":\"ListItem\",\"position\":1,\"name\":\"Domovsk\u00e1 str\u00e1nka\",\"item\":\"https:\\\/\\\/pmza.sk\\\/\"},{\"@type\":\"ListItem\",\"position\":2,\"name\":\"Obchod\",\"item\":\"https:\\\/\\\/pmza.sk\\\/?page_id=7\"},{\"@type\":\"ListItem\",\"position\":3,\"name\":\"Z Ru\u017eomberka do Korytnice\"}]},{\"@type\":\"WebSite\",\"@id\":\"https:\\\/\\\/pmza.sk\\\/#website\",\"url\":\"https:\\\/\\\/pmza.sk\\\/\",\"name\":\"Pova\u017esk\u00e9 m\u00fazeum\",\"description\":\"Pova\u017esk\u00e9 m\u00fazeum v \u017diline je region\u00e1lne m\u00fazeum so s\u00eddlom v Budat\u00edne. Jeho expoz\u00edcie s\u00fa zameran\u00e9 na dejiny slovensk\u00e9ho umenia, kult\u00fary a dopravy.\",\"publisher\":{\"@id\":\"https:\\\/\\\/pmza.sk\\\/#organization\"},\"potentialAction\":[{\"@type\":\"SearchAction\",\"target\":{\"@type\":\"EntryPoint\",\"urlTemplate\":\"https:\\\/\\\/pmza.sk\\\/?s={search_term_string}\"},\"query-input\":{\"@type\":\"PropertyValueSpecification\",\"valueRequired\":true,\"valueName\":\"search_term_string\"}}],\"inLanguage\":\"sk-SK\"},{\"@type\":\"Organization\",\"@id\":\"https:\\\/\\\/pmza.sk\\\/#organization\",\"name\":\"Pova\u017esk\u00e9 m\u00fazeum\",\"url\":\"https:\\\/\\\/pmza.sk\\\/\",\"logo\":{\"@type\":\"ImageObject\",\"inLanguage\":\"sk-SK\",\"@id\":\"https:\\\/\\\/pmza.sk\\\/#\\\/schema\\\/logo\\\/image\\\/\",\"url\":\"https:\\\/\\\/pmza.sk\\\/wp-content\\\/uploads\\\/2022\\\/01\\\/logo_PM_horizontal.jpg\",\"contentUrl\":\"https:\\\/\\\/pmza.sk\\\/wp-content\\\/uploads\\\/2022\\\/01\\\/logo_PM_horizontal.jpg\",\"width\":231,\"height\":142,\"caption\":\"Pova\u017esk\u00e9 m\u00fazeum\"},\"image\":{\"@id\":\"https:\\\/\\\/pmza.sk\\\/#\\\/schema\\\/logo\\\/image\\\/\"},\"sameAs\":[\"https:\\\/\\\/www.facebook.com\\\/povazskemuzeum\",\"https:\\\/\\\/www.instagram.com\\\/povazskemuzeum\\\/\"]}]}<\/script>\n<!-- \/ Yoast SEO plugin. -->","yoast_head_json":{"title":"Z Ru\u017eomberka do Korytnice - Pova\u017esk\u00e9 m\u00fazeum","robots":{"index":"index","follow":"follow","max-snippet":"max-snippet:-1","max-image-preview":"max-image-preview:large","max-video-preview":"max-video-preview:-1"},"canonical":"https:\/\/pmza.sk\/?product=z-ruzomberka-do-korytnice","og_locale":"sk_SK","og_type":"article","og_title":"Z Ru\u017eomberka do Korytnice - Pova\u017esk\u00e9 m\u00fazeum","og_description":"SLAVOM\u00cdR KONT\u00daR: Z Ru\u017eomberka do Korytnice vydavate\u013e: Fornex plus, 2021 Rozsah: 368 str\u00e1n; form\u00e1t: 18 x 24,7 cm; tvrd\u00e1 v\u00e4zba Slavom\u00edr Kont\u00far svoju knihu po\u0148al ako dobrodru\u017en\u00fa cestu za poznan\u00edm. Vyr\u00e1stol na \u017eelezni\u010dnej stanici \u00fazkorozchodnej \u017eeleznice v Liptovskej Osade, cez ktor\u00fa od roku 1908 prem\u00e1vali o\u010daruj\u00face vl\u00e1\u010diky do kedysi pr\u00ed\u0165a\u017eliv\u00fdch a vyh\u013ead\u00e1van\u00fdch k\u00fape\u013eov v Korytnici. [&hellip;]","og_url":"https:\/\/pmza.sk\/?product=z-ruzomberka-do-korytnice","og_site_name":"Pova\u017esk\u00e9 m\u00fazeum","article_publisher":"https:\/\/www.facebook.com\/povazskemuzeum","article_modified_time":"2023-01-23T09:54:29+00:00","og_image":[{"width":1792,"height":2560,"url":"https:\/\/pmza.sk\/wp-content\/uploads\/2023\/01\/166340-scaled.jpeg","type":"image\/jpeg"}],"twitter_card":"summary_large_image","twitter_misc":{"Predpokladan\u00fd \u010das \u010d\u00edtania":"1 min\u00fata"},"schema":{"@context":"https:\/\/schema.org","@graph":[{"@type":"WebPage","@id":"https:\/\/pmza.sk\/?product=z-ruzomberka-do-korytnice","url":"https:\/\/pmza.sk\/?product=z-ruzomberka-do-korytnice","name":"Z Ru\u017eomberka do Korytnice - Pova\u017esk\u00e9 m\u00fazeum","isPartOf":{"@id":"https:\/\/pmza.sk\/#website"},"primaryImageOfPage":{"@id":"https:\/\/pmza.sk\/?product=z-ruzomberka-do-korytnice#primaryimage"},"image":{"@id":"https:\/\/pmza.sk\/?product=z-ruzomberka-do-korytnice#primaryimage"},"thumbnailUrl":"https:\/\/pmza.sk\/wp-content\/uploads\/2023\/01\/166340-scaled.jpeg","datePublished":"2023-01-11T09:53:06+00:00","dateModified":"2023-01-23T09:54:29+00:00","breadcrumb":{"@id":"https:\/\/pmza.sk\/?product=z-ruzomberka-do-korytnice#breadcrumb"},"inLanguage":"sk-SK","potentialAction":[{"@type":"ReadAction","target":["https:\/\/pmza.sk\/?product=z-ruzomberka-do-korytnice"]}]},{"@type":"ImageObject","inLanguage":"sk-SK","@id":"https:\/\/pmza.sk\/?product=z-ruzomberka-do-korytnice#primaryimage","url":"https:\/\/pmza.sk\/wp-content\/uploads\/2023\/01\/166340-scaled.jpeg","contentUrl":"https:\/\/pmza.sk\/wp-content\/uploads\/2023\/01\/166340-scaled.jpeg","width":1792,"height":2560},{"@type":"BreadcrumbList","@id":"https:\/\/pmza.sk\/?product=z-ruzomberka-do-korytnice#breadcrumb","itemListElement":[{"@type":"ListItem","position":1,"name":"Domovsk\u00e1 str\u00e1nka","item":"https:\/\/pmza.sk\/"},{"@type":"ListItem","position":2,"name":"Obchod","item":"https:\/\/pmza.sk\/?page_id=7"},{"@type":"ListItem","position":3,"name":"Z Ru\u017eomberka do Korytnice"}]},{"@type":"WebSite","@id":"https:\/\/pmza.sk\/#website","url":"https:\/\/pmza.sk\/","name":"Pova\u017esk\u00e9 m\u00fazeum","description":"Pova\u017esk\u00e9 m\u00fazeum v \u017diline je region\u00e1lne m\u00fazeum so s\u00eddlom v Budat\u00edne. Jeho expoz\u00edcie s\u00fa zameran\u00e9 na dejiny slovensk\u00e9ho umenia, kult\u00fary a dopravy.","publisher":{"@id":"https:\/\/pmza.sk\/#organization"},"potentialAction":[{"@type":"SearchAction","target":{"@type":"EntryPoint","urlTemplate":"https:\/\/pmza.sk\/?s={search_term_string}"},"query-input":{"@type":"PropertyValueSpecification","valueRequired":true,"valueName":"search_term_string"}}],"inLanguage":"sk-SK"},{"@type":"Organization","@id":"https:\/\/pmza.sk\/#organization","name":"Pova\u017esk\u00e9 m\u00fazeum","url":"https:\/\/pmza.sk\/","logo":{"@type":"ImageObject","inLanguage":"sk-SK","@id":"https:\/\/pmza.sk\/#\/schema\/logo\/image\/","url":"https:\/\/pmza.sk\/wp-content\/uploads\/2022\/01\/logo_PM_horizontal.jpg","contentUrl":"https:\/\/pmza.sk\/wp-content\/uploads\/2022\/01\/logo_PM_horizontal.jpg","width":231,"height":142,"caption":"Pova\u017esk\u00e9 m\u00fazeum"},"image":{"@id":"https:\/\/pmza.sk\/#\/schema\/logo\/image\/"},"sameAs":["https:\/\/www.facebook.com\/povazskemuzeum","https:\/\/www.instagram.com\/povazskemuzeum\/"]}]}},"_links":{"self":[{"href":"https:\/\/pmza.sk\/index.php?rest_route=\/wp\/v2\/product\/54906","targetHints":{"allow":["GET"]}}],"collection":[{"href":"https:\/\/pmza.sk\/index.php?rest_route=\/wp\/v2\/product"}],"about":[{"href":"https:\/\/pmza.sk\/index.php?rest_route=\/wp\/v2\/types\/product"}],"wp:featuredmedia":[{"embeddable":true,"href":"https:\/\/pmza.sk\/index.php?rest_route=\/wp\/v2\/media\/54907"}],"wp:attachment":[{"href":"https:\/\/pmza.sk\/index.php?rest_route=%2Fwp%2Fv2%2Fmedia&parent=54906"}],"wp:term":[{"taxonomy":"product_cat","embeddable":true,"href":"https:\/\/pmza.sk\/index.php?rest_route=%2Fwp%2Fv2%2Fproduct_cat&post=54906"},{"taxonomy":"product_tag","embeddable":true,"href":"https:\/\/pmza.sk\/index.php?rest_route=%2Fwp%2Fv2%2Fproduct_tag&post=54906"}],"curies":[{"name":"wp","href":"https:\/\/api.w.org\/{rel}","templated":true}]}}