{"id":54919,"date":"2023-01-12T09:42:31","date_gmt":"2023-01-12T08:42:31","guid":{"rendered":"https:\/\/pmza.sk\/?post_type=product&#038;p=54919"},"modified":"2023-01-24T09:43:24","modified_gmt":"2023-01-24T08:43:24","slug":"zivot-v-srdci-drotarie","status":"publish","type":"product","link":"https:\/\/pmza.sk\/?product=zivot-v-srdci-drotarie","title":{"rendered":"\u017divot v srdci drot\u00e1rie"},"content":{"rendered":"<p>Katar\u00edna Kendrov\u00e1<br \/>\n<strong>\u017divot v srdci drot\u00e1rie<\/strong><br \/>\nVplyv drot\u00e1rstva na sp\u00f4sob odievania v obciach Ve\u013ek\u00e9 Rovn\u00e9 a Dlh\u00e9 Pole<\/p>\n<p>\u017dilina, Pova\u017esk\u00e9 m\u00fazeum, 2022<br \/>\nISBN: 978-80-88877-95-0<\/p>\n<p>Publik\u00e1ciu venovan\u00fa odevnej kult\u00fare najv\u00fdznamnej\u0161\u00edch drot\u00e1rskych centier severoz\u00e1padn\u00e9ho Slovenska sa podarilo vyda\u0165 v\u010faka podpore Fondu na podporu umenia. Sumarizuje poznatky z\u00edskan\u00e9 priamym v\u00fdskumom v\u00a0ter\u00e9ne, \u0161t\u00fadiom hmotn\u00fdch dokladov ulo\u017een\u00fdch v\u00a0zbierkov\u00fdch fondoch Pova\u017esk\u00e9ho m\u00fazea, Slovensk\u00e9ho n\u00e1rodn\u00e9ho m\u00fazea v\u00a0Martine a\u00a0t\u00fdch, ktor\u00e9 sa nach\u00e1dzaj\u00fa v\u00a0s\u00fakromnom vlastn\u00edctve obyvate\u013eov poch\u00e1dzaj\u00facich z oboch obc\u00ed.\u00a0Autorka pri jej tvorbe tie\u017e \u010derpala zo star\u0161\u00edch v\u00fdskumn\u00fdch projektov a z inform\u00e1ci\u00ed v odbornej literat\u00fare \u010di v dobovej tla\u010di.\u00a0 Textov\u00fa \u010das\u0165 obohacuje rozsiahly s\u00fabor fotografi\u00ed p\u00f4vodn\u00fdch odevn\u00fdch s\u00fa\u010dast\u00ed, dobov\u00fdch sn\u00edmok z\u00e1mo\u017en\u00fdch majstrov a ich rod\u00edn, ale aj umeleck\u00fdch vyobrazen\u00ed drot\u00e1rov. Problematika je tak predstaven\u00e1 v ucelenej podobe cez spomienky pam\u00e4tn\u00edkov, dostupn\u00e9 p\u00edsomn\u00e9 pramene a najm\u00e4 autentick\u00e9 zbierkov\u00e9 predmety.<\/p>\n<div class=\"wp-block-image\"><img fetchpriority=\"high\" decoding=\"async\" class=\"aligncenter wp-image-54920 size-large\" src=\"https:\/\/pmza.sk\/wp-content\/uploads\/2023\/01\/doc01870020230124093750_001-725x736.jpg\" alt=\"\" width=\"725\" height=\"736\" srcset=\"https:\/\/pmza.sk\/wp-content\/uploads\/2023\/01\/doc01870020230124093750_001-725x736.jpg 725w, https:\/\/pmza.sk\/wp-content\/uploads\/2023\/01\/doc01870020230124093750_001-355x360.jpg 355w, https:\/\/pmza.sk\/wp-content\/uploads\/2023\/01\/doc01870020230124093750_001-768x779.jpg 768w, https:\/\/pmza.sk\/wp-content\/uploads\/2023\/01\/doc01870020230124093750_001-1514x1536.jpg 1514w, https:\/\/pmza.sk\/wp-content\/uploads\/2023\/01\/doc01870020230124093750_001-2018x2048.jpg 2018w, https:\/\/pmza.sk\/wp-content\/uploads\/2023\/01\/doc01870020230124093750_001-600x609.jpg 600w\" sizes=\"(max-width: 725px) 100vw, 725px\" \/><\/div>\n<div><\/div>\n<div>\n<div class=\"wp-block-image\"><img decoding=\"async\" class=\"aligncenter wp-image-54921 size-large\" src=\"https:\/\/pmza.sk\/wp-content\/uploads\/2023\/01\/doc01870120230124093857_001-693x736.jpg\" alt=\"\" width=\"693\" height=\"736\" srcset=\"https:\/\/pmza.sk\/wp-content\/uploads\/2023\/01\/doc01870120230124093857_001-693x736.jpg 693w, https:\/\/pmza.sk\/wp-content\/uploads\/2023\/01\/doc01870120230124093857_001-339x360.jpg 339w, https:\/\/pmza.sk\/wp-content\/uploads\/2023\/01\/doc01870120230124093857_001-768x815.jpg 768w, https:\/\/pmza.sk\/wp-content\/uploads\/2023\/01\/doc01870120230124093857_001-1447x1536.jpg 1447w, https:\/\/pmza.sk\/wp-content\/uploads\/2023\/01\/doc01870120230124093857_001-1930x2048.jpg 1930w, https:\/\/pmza.sk\/wp-content\/uploads\/2023\/01\/doc01870120230124093857_001-600x637.jpg 600w\" sizes=\"(max-width: 693px) 100vw, 693px\" \/><\/div>\n<\/div>\n","protected":false},"excerpt":{"rendered":"<p>Katar\u00edna Kendrov\u00e1 \u017divot v srdci drot\u00e1rie Vplyv drot\u00e1rstva na sp\u00f4sob odievania v obciach Ve\u013ek\u00e9 Rovn\u00e9 a Dlh\u00e9 Pole \u017dilina, Pova\u017esk\u00e9 m\u00fazeum, 2022 ISBN: 978-80-88877-95-0 Publik\u00e1ciu venovan\u00fa odevnej kult\u00fare najv\u00fdznamnej\u0161\u00edch drot\u00e1rskych centier severoz\u00e1padn\u00e9ho Slovenska sa podarilo vyda\u0165 v\u010faka podpore Fondu na podporu umenia. Sumarizuje poznatky z\u00edskan\u00e9 priamym v\u00fdskumom v\u00a0ter\u00e9ne, \u0161t\u00fadiom hmotn\u00fdch dokladov ulo\u017een\u00fdch v\u00a0zbierkov\u00fdch fondoch Pova\u017esk\u00e9ho [&hellip;]<\/p>\n","protected":false},"featured_media":54922,"template":"","meta":{"site-sidebar-layout":"default","site-content-layout":"default","ast-site-content-layout":"","site-content-style":"default","site-sidebar-style":"default","ast-global-header-display":"","ast-banner-title-visibility":"","ast-main-header-display":"","ast-hfb-above-header-display":"","ast-hfb-below-header-display":"","ast-hfb-mobile-header-display":"","site-post-title":"","ast-breadcrumbs-content":"","ast-featured-img":"","footer-sml-layout":"","theme-transparent-header-meta":"default","adv-header-id-meta":"","stick-header-meta":"default","header-above-stick-meta":"","header-main-stick-meta":"","header-below-stick-meta":"","astra-migrate-meta-layouts":"default","ast-page-background-enabled":"default","ast-page-background-meta":{"desktop":{"background-color":"var(--ast-global-color-4)","background-image":"","background-repeat":"repeat","background-position":"center center","background-size":"auto","background-attachment":"scroll","background-type":"","background-media":"","overlay-type":"","overlay-color":"","overlay-opacity":"","overlay-gradient":""},"tablet":{"background-color":"","background-image":"","background-repeat":"repeat","background-position":"center center","background-size":"auto","background-attachment":"scroll","background-type":"","background-media":"","overlay-type":"","overlay-color":"","overlay-opacity":"","overlay-gradient":""},"mobile":{"background-color":"","background-image":"","background-repeat":"repeat","background-position":"center center","background-size":"auto","background-attachment":"scroll","background-type":"","background-media":"","overlay-type":"","overlay-color":"","overlay-opacity":"","overlay-gradient":""}},"ast-content-background-meta":{"desktop":{"background-color":"var(--ast-global-color-5)","background-image":"","background-repeat":"repeat","background-position":"center center","background-size":"auto","background-attachment":"scroll","background-type":"","background-media":"","overlay-type":"","overlay-color":"","overlay-opacity":"","overlay-gradient":""},"tablet":{"background-color":"var(--ast-global-color-5)","background-image":"","background-repeat":"repeat","background-position":"center center","background-size":"auto","background-attachment":"scroll","background-type":"","background-media":"","overlay-type":"","overlay-color":"","overlay-opacity":"","overlay-gradient":""},"mobile":{"background-color":"var(--ast-global-color-5)","background-image":"","background-repeat":"repeat","background-position":"center center","background-size":"auto","background-attachment":"scroll","background-type":"","background-media":"","overlay-type":"","overlay-color":"","overlay-opacity":"","overlay-gradient":""}}},"product_cat":[17],"product_tag":[],"class_list":{"0":"post-54919","1":"product","2":"type-product","3":"status-publish","4":"has-post-thumbnail","6":"product_cat-edicia-mala-kniznica-drotara","7":"desktop-align-left","8":"tablet-align-left","9":"mobile-align-left","10":"ast-product-gallery-layout-horizontal-slider","11":"ast-product-gallery-with-no-image","12":"ast-magnify-disabled","13":"ast-product-tabs-layout-horizontal","15":"first","16":"instock","17":"shipping-taxable","18":"purchasable","19":"product-type-simple"},"yoast_head":"<!-- This site is optimized with the Yoast SEO plugin v27.4 - https:\/\/yoast.com\/product\/yoast-seo-wordpress\/ -->\n<title>\u017divot v srdci drot\u00e1rie - Pova\u017esk\u00e9 m\u00fazeum<\/title>\n<meta name=\"robots\" content=\"index, follow, max-snippet:-1, max-image-preview:large, max-video-preview:-1\" \/>\n<link rel=\"canonical\" href=\"https:\/\/pmza.sk\/?product=zivot-v-srdci-drotarie\" \/>\n<meta property=\"og:locale\" content=\"sk_SK\" \/>\n<meta property=\"og:type\" content=\"article\" \/>\n<meta property=\"og:title\" content=\"\u017divot v srdci drot\u00e1rie - Pova\u017esk\u00e9 m\u00fazeum\" \/>\n<meta property=\"og:description\" content=\"Katar\u00edna Kendrov\u00e1 \u017divot v srdci drot\u00e1rie Vplyv drot\u00e1rstva na sp\u00f4sob odievania v obciach Ve\u013ek\u00e9 Rovn\u00e9 a Dlh\u00e9 Pole \u017dilina, Pova\u017esk\u00e9 m\u00fazeum, 2022 ISBN: 978-80-88877-95-0 Publik\u00e1ciu venovan\u00fa odevnej kult\u00fare najv\u00fdznamnej\u0161\u00edch drot\u00e1rskych centier severoz\u00e1padn\u00e9ho Slovenska sa podarilo vyda\u0165 v\u010faka podpore Fondu na podporu umenia. Sumarizuje poznatky z\u00edskan\u00e9 priamym v\u00fdskumom v\u00a0ter\u00e9ne, \u0161t\u00fadiom hmotn\u00fdch dokladov ulo\u017een\u00fdch v\u00a0zbierkov\u00fdch fondoch Pova\u017esk\u00e9ho [&hellip;]\" \/>\n<meta property=\"og:url\" content=\"https:\/\/pmza.sk\/?product=zivot-v-srdci-drotarie\" \/>\n<meta property=\"og:site_name\" content=\"Pova\u017esk\u00e9 m\u00fazeum\" \/>\n<meta property=\"article:publisher\" content=\"https:\/\/www.facebook.com\/povazskemuzeum\" \/>\n<meta property=\"article:modified_time\" content=\"2023-01-24T08:43:24+00:00\" \/>\n<meta property=\"og:image\" content=\"https:\/\/pmza.sk\/wp-content\/uploads\/2023\/01\/doc01869920230124092651_001.jpg\" \/>\n\t<meta property=\"og:image:width\" content=\"2451\" \/>\n\t<meta property=\"og:image:height\" content=\"2433\" \/>\n\t<meta property=\"og:image:type\" content=\"image\/jpeg\" \/>\n<meta name=\"twitter:card\" content=\"summary_large_image\" \/>\n<meta name=\"twitter:label1\" content=\"Predpokladan\u00fd \u010das \u010d\u00edtania\" \/>\n\t<meta name=\"twitter:data1\" content=\"1 min\u00fata\" \/>\n<script type=\"application\/ld+json\" class=\"yoast-schema-graph\">{\"@context\":\"https:\\\/\\\/schema.org\",\"@graph\":[{\"@type\":\"WebPage\",\"@id\":\"https:\\\/\\\/pmza.sk\\\/?product=zivot-v-srdci-drotarie\",\"url\":\"https:\\\/\\\/pmza.sk\\\/?product=zivot-v-srdci-drotarie\",\"name\":\"\u017divot v srdci drot\u00e1rie - Pova\u017esk\u00e9 m\u00fazeum\",\"isPartOf\":{\"@id\":\"https:\\\/\\\/pmza.sk\\\/#website\"},\"primaryImageOfPage\":{\"@id\":\"https:\\\/\\\/pmza.sk\\\/?product=zivot-v-srdci-drotarie#primaryimage\"},\"image\":{\"@id\":\"https:\\\/\\\/pmza.sk\\\/?product=zivot-v-srdci-drotarie#primaryimage\"},\"thumbnailUrl\":\"https:\\\/\\\/pmza.sk\\\/wp-content\\\/uploads\\\/2023\\\/01\\\/doc01869920230124092651_001.jpg\",\"datePublished\":\"2023-01-12T08:42:31+00:00\",\"dateModified\":\"2023-01-24T08:43:24+00:00\",\"breadcrumb\":{\"@id\":\"https:\\\/\\\/pmza.sk\\\/?product=zivot-v-srdci-drotarie#breadcrumb\"},\"inLanguage\":\"sk-SK\",\"potentialAction\":[{\"@type\":\"ReadAction\",\"target\":[\"https:\\\/\\\/pmza.sk\\\/?product=zivot-v-srdci-drotarie\"]}]},{\"@type\":\"ImageObject\",\"inLanguage\":\"sk-SK\",\"@id\":\"https:\\\/\\\/pmza.sk\\\/?product=zivot-v-srdci-drotarie#primaryimage\",\"url\":\"https:\\\/\\\/pmza.sk\\\/wp-content\\\/uploads\\\/2023\\\/01\\\/doc01869920230124092651_001.jpg\",\"contentUrl\":\"https:\\\/\\\/pmza.sk\\\/wp-content\\\/uploads\\\/2023\\\/01\\\/doc01869920230124092651_001.jpg\",\"width\":2451,\"height\":2433},{\"@type\":\"BreadcrumbList\",\"@id\":\"https:\\\/\\\/pmza.sk\\\/?product=zivot-v-srdci-drotarie#breadcrumb\",\"itemListElement\":[{\"@type\":\"ListItem\",\"position\":1,\"name\":\"Domovsk\u00e1 str\u00e1nka\",\"item\":\"https:\\\/\\\/pmza.sk\\\/\"},{\"@type\":\"ListItem\",\"position\":2,\"name\":\"Obchod\",\"item\":\"https:\\\/\\\/pmza.sk\\\/?page_id=7\"},{\"@type\":\"ListItem\",\"position\":3,\"name\":\"\u017divot v srdci drot\u00e1rie\"}]},{\"@type\":\"WebSite\",\"@id\":\"https:\\\/\\\/pmza.sk\\\/#website\",\"url\":\"https:\\\/\\\/pmza.sk\\\/\",\"name\":\"Pova\u017esk\u00e9 m\u00fazeum\",\"description\":\"Pova\u017esk\u00e9 m\u00fazeum v \u017diline je region\u00e1lne m\u00fazeum so s\u00eddlom v Budat\u00edne. Jeho expoz\u00edcie s\u00fa zameran\u00e9 na dejiny slovensk\u00e9ho umenia, kult\u00fary a dopravy.\",\"publisher\":{\"@id\":\"https:\\\/\\\/pmza.sk\\\/#organization\"},\"potentialAction\":[{\"@type\":\"SearchAction\",\"target\":{\"@type\":\"EntryPoint\",\"urlTemplate\":\"https:\\\/\\\/pmza.sk\\\/?s={search_term_string}\"},\"query-input\":{\"@type\":\"PropertyValueSpecification\",\"valueRequired\":true,\"valueName\":\"search_term_string\"}}],\"inLanguage\":\"sk-SK\"},{\"@type\":\"Organization\",\"@id\":\"https:\\\/\\\/pmza.sk\\\/#organization\",\"name\":\"Pova\u017esk\u00e9 m\u00fazeum\",\"url\":\"https:\\\/\\\/pmza.sk\\\/\",\"logo\":{\"@type\":\"ImageObject\",\"inLanguage\":\"sk-SK\",\"@id\":\"https:\\\/\\\/pmza.sk\\\/#\\\/schema\\\/logo\\\/image\\\/\",\"url\":\"https:\\\/\\\/pmza.sk\\\/wp-content\\\/uploads\\\/2022\\\/01\\\/logo_PM_horizontal.jpg\",\"contentUrl\":\"https:\\\/\\\/pmza.sk\\\/wp-content\\\/uploads\\\/2022\\\/01\\\/logo_PM_horizontal.jpg\",\"width\":231,\"height\":142,\"caption\":\"Pova\u017esk\u00e9 m\u00fazeum\"},\"image\":{\"@id\":\"https:\\\/\\\/pmza.sk\\\/#\\\/schema\\\/logo\\\/image\\\/\"},\"sameAs\":[\"https:\\\/\\\/www.facebook.com\\\/povazskemuzeum\",\"https:\\\/\\\/www.instagram.com\\\/povazskemuzeum\\\/\"]}]}<\/script>\n<!-- \/ Yoast SEO plugin. -->","yoast_head_json":{"title":"\u017divot v srdci drot\u00e1rie - Pova\u017esk\u00e9 m\u00fazeum","robots":{"index":"index","follow":"follow","max-snippet":"max-snippet:-1","max-image-preview":"max-image-preview:large","max-video-preview":"max-video-preview:-1"},"canonical":"https:\/\/pmza.sk\/?product=zivot-v-srdci-drotarie","og_locale":"sk_SK","og_type":"article","og_title":"\u017divot v srdci drot\u00e1rie - Pova\u017esk\u00e9 m\u00fazeum","og_description":"Katar\u00edna Kendrov\u00e1 \u017divot v srdci drot\u00e1rie Vplyv drot\u00e1rstva na sp\u00f4sob odievania v obciach Ve\u013ek\u00e9 Rovn\u00e9 a Dlh\u00e9 Pole \u017dilina, Pova\u017esk\u00e9 m\u00fazeum, 2022 ISBN: 978-80-88877-95-0 Publik\u00e1ciu venovan\u00fa odevnej kult\u00fare najv\u00fdznamnej\u0161\u00edch drot\u00e1rskych centier severoz\u00e1padn\u00e9ho Slovenska sa podarilo vyda\u0165 v\u010faka podpore Fondu na podporu umenia. Sumarizuje poznatky z\u00edskan\u00e9 priamym v\u00fdskumom v\u00a0ter\u00e9ne, \u0161t\u00fadiom hmotn\u00fdch dokladov ulo\u017een\u00fdch v\u00a0zbierkov\u00fdch fondoch Pova\u017esk\u00e9ho [&hellip;]","og_url":"https:\/\/pmza.sk\/?product=zivot-v-srdci-drotarie","og_site_name":"Pova\u017esk\u00e9 m\u00fazeum","article_publisher":"https:\/\/www.facebook.com\/povazskemuzeum","article_modified_time":"2023-01-24T08:43:24+00:00","og_image":[{"width":2451,"height":2433,"url":"https:\/\/pmza.sk\/wp-content\/uploads\/2023\/01\/doc01869920230124092651_001.jpg","type":"image\/jpeg"}],"twitter_card":"summary_large_image","twitter_misc":{"Predpokladan\u00fd \u010das \u010d\u00edtania":"1 min\u00fata"},"schema":{"@context":"https:\/\/schema.org","@graph":[{"@type":"WebPage","@id":"https:\/\/pmza.sk\/?product=zivot-v-srdci-drotarie","url":"https:\/\/pmza.sk\/?product=zivot-v-srdci-drotarie","name":"\u017divot v srdci drot\u00e1rie - Pova\u017esk\u00e9 m\u00fazeum","isPartOf":{"@id":"https:\/\/pmza.sk\/#website"},"primaryImageOfPage":{"@id":"https:\/\/pmza.sk\/?product=zivot-v-srdci-drotarie#primaryimage"},"image":{"@id":"https:\/\/pmza.sk\/?product=zivot-v-srdci-drotarie#primaryimage"},"thumbnailUrl":"https:\/\/pmza.sk\/wp-content\/uploads\/2023\/01\/doc01869920230124092651_001.jpg","datePublished":"2023-01-12T08:42:31+00:00","dateModified":"2023-01-24T08:43:24+00:00","breadcrumb":{"@id":"https:\/\/pmza.sk\/?product=zivot-v-srdci-drotarie#breadcrumb"},"inLanguage":"sk-SK","potentialAction":[{"@type":"ReadAction","target":["https:\/\/pmza.sk\/?product=zivot-v-srdci-drotarie"]}]},{"@type":"ImageObject","inLanguage":"sk-SK","@id":"https:\/\/pmza.sk\/?product=zivot-v-srdci-drotarie#primaryimage","url":"https:\/\/pmza.sk\/wp-content\/uploads\/2023\/01\/doc01869920230124092651_001.jpg","contentUrl":"https:\/\/pmza.sk\/wp-content\/uploads\/2023\/01\/doc01869920230124092651_001.jpg","width":2451,"height":2433},{"@type":"BreadcrumbList","@id":"https:\/\/pmza.sk\/?product=zivot-v-srdci-drotarie#breadcrumb","itemListElement":[{"@type":"ListItem","position":1,"name":"Domovsk\u00e1 str\u00e1nka","item":"https:\/\/pmza.sk\/"},{"@type":"ListItem","position":2,"name":"Obchod","item":"https:\/\/pmza.sk\/?page_id=7"},{"@type":"ListItem","position":3,"name":"\u017divot v srdci drot\u00e1rie"}]},{"@type":"WebSite","@id":"https:\/\/pmza.sk\/#website","url":"https:\/\/pmza.sk\/","name":"Pova\u017esk\u00e9 m\u00fazeum","description":"Pova\u017esk\u00e9 m\u00fazeum v \u017diline je region\u00e1lne m\u00fazeum so s\u00eddlom v Budat\u00edne. Jeho expoz\u00edcie s\u00fa zameran\u00e9 na dejiny slovensk\u00e9ho umenia, kult\u00fary a dopravy.","publisher":{"@id":"https:\/\/pmza.sk\/#organization"},"potentialAction":[{"@type":"SearchAction","target":{"@type":"EntryPoint","urlTemplate":"https:\/\/pmza.sk\/?s={search_term_string}"},"query-input":{"@type":"PropertyValueSpecification","valueRequired":true,"valueName":"search_term_string"}}],"inLanguage":"sk-SK"},{"@type":"Organization","@id":"https:\/\/pmza.sk\/#organization","name":"Pova\u017esk\u00e9 m\u00fazeum","url":"https:\/\/pmza.sk\/","logo":{"@type":"ImageObject","inLanguage":"sk-SK","@id":"https:\/\/pmza.sk\/#\/schema\/logo\/image\/","url":"https:\/\/pmza.sk\/wp-content\/uploads\/2022\/01\/logo_PM_horizontal.jpg","contentUrl":"https:\/\/pmza.sk\/wp-content\/uploads\/2022\/01\/logo_PM_horizontal.jpg","width":231,"height":142,"caption":"Pova\u017esk\u00e9 m\u00fazeum"},"image":{"@id":"https:\/\/pmza.sk\/#\/schema\/logo\/image\/"},"sameAs":["https:\/\/www.facebook.com\/povazskemuzeum","https:\/\/www.instagram.com\/povazskemuzeum\/"]}]}},"_links":{"self":[{"href":"https:\/\/pmza.sk\/index.php?rest_route=\/wp\/v2\/product\/54919","targetHints":{"allow":["GET"]}}],"collection":[{"href":"https:\/\/pmza.sk\/index.php?rest_route=\/wp\/v2\/product"}],"about":[{"href":"https:\/\/pmza.sk\/index.php?rest_route=\/wp\/v2\/types\/product"}],"wp:featuredmedia":[{"embeddable":true,"href":"https:\/\/pmza.sk\/index.php?rest_route=\/wp\/v2\/media\/54922"}],"wp:attachment":[{"href":"https:\/\/pmza.sk\/index.php?rest_route=%2Fwp%2Fv2%2Fmedia&parent=54919"}],"wp:term":[{"taxonomy":"product_cat","embeddable":true,"href":"https:\/\/pmza.sk\/index.php?rest_route=%2Fwp%2Fv2%2Fproduct_cat&post=54919"},{"taxonomy":"product_tag","embeddable":true,"href":"https:\/\/pmza.sk\/index.php?rest_route=%2Fwp%2Fv2%2Fproduct_tag&post=54919"}],"curies":[{"name":"wp","href":"https:\/\/api.w.org\/{rel}","templated":true}]}}