{"id":61929,"date":"2024-02-29T10:38:48","date_gmt":"2024-02-29T09:38:48","guid":{"rendered":"https:\/\/pmza.sk\/?post_type=product&#038;p=61929"},"modified":"2024-06-10T14:39:41","modified_gmt":"2024-06-10T12:39:41","slug":"vlastivedny-zbornik-povazia-xxxi-e-kniha","status":"publish","type":"product","link":"https:\/\/pmza.sk\/?product=vlastivedny-zbornik-povazia-xxxi-e-kniha","title":{"rendered":"Vlastivedn\u00fd zborn\u00edk Pova\u017eia XXXI &#8211; e-kniha"},"content":{"rendered":"<p>Dom\u00e1ci recenzovan\u00fd vedeck\u00fd zborn\u00edk, ktor\u00fd uverej\u0148uje v\u00fdsledky v\u00fdskumov v oblasti spolo\u010densk\u00fdch a pr\u00edrodn\u00fdch vied v regi\u00f3ne Horn\u00e9ho Pova\u017eia (okresy \u017dilina a Byt\u010da).<\/p>\n<p>(c) Pova\u017esk\u00e9 m\u00fazeum, 2023, ISBN:978-80-88877-98-1<br \/>\n<span style=\"color: #0000ff;\">elektronick\u00fd dokument vo form\u00e1te pdf. Po objednan\u00ed produktu a zaplaten\u00ed ceny prostredn\u00edctvom platobnej br\u00e1ny 24-pay V\u00e1m pr\u00edde odkaz na stiahnutie s\u00faboru do V\u00e1\u0161ho po\u010d\u00edta\u010da. Produkt je potrebn\u00e9 stiahnu\u0165 do 14 dn\u00ed od objednania.\u00a0<\/span><\/p>\n<p>&nbsp;<\/p>\n<h3><strong>Obsah:<\/strong><\/h3>\n<p><strong>Stanislava Oporoskov\u00e1:<\/strong> Pozn\u00e1mky k stavebn\u00e9mu v\u00fdvoju S\u00fa\u013eovsk\u00e9ho hradu<br \/>\n<strong>Zuzana Stanekov\u00e1 \u2013 Dana Majer\u010d\u00edkov\u00e1 \u2013 Marek Both:<\/strong> Predbe\u017en\u00e9 v\u00fdsledky archeologick\u00e9ho v\u00fdskumu ka\u0161tie\u013ea v Byt\u010di v rokoch 2021 &#8211; 2022<br \/>\n<strong>Peter Chlepko:<\/strong> Iure Theutonicali, eo iure, quolocata est civitas Silniensis&#8230; Nieko\u013eko pozn\u00e1mok k povahe a v\u00fdznamu \u017eilinsk\u00e9ho pr\u00e1va v stredoveku<br \/>\n<strong>Drahom\u00edr Veli\u010dka:<\/strong> Brodi\u0161ova Lopata alebo Brodi sew Lopata? (pokus o interpret\u00e1ciu spornej lokality z don\u00e1cie zeme Kysuca z roku 1244)<br \/>\n<strong>Martina Bern\u00e1tov\u00e1:<\/strong> Vlastn\u00edctvo domov na Mari\u00e1nskom n\u00e1mest\u00ed v \u017diline v 17. \u2013 18. storo\u010d\u00ed (domy \u010d. 2, 3, 4)<br \/>\n<strong>Krist\u00edna Zvedelov\u00e1 \u2013 Peter \u0160imko:<\/strong> V\u00fdvoj a stavebno-historick\u00e1 anal\u00fdza v\u00fdpravnej budovy \u017eelezni\u010dnej stanice \u017dilina<br \/>\n<strong>Jana Str\u00e1ska:<\/strong> Spolo\u010densko-politick\u00e1 situ\u00e1cia v okrese \u017dilina v obdob\u00ed auton\u00f3mie Slovenska (okt\u00f3ber 1938 \u2013 marec 1939)<br \/>\n<strong>Kv\u011bta Kickov\u00e1:<\/strong> Floristick\u00e1 charakteristika mokrade Pod Vraninami v Rajeckej kotline<br \/>\n<strong>Ladislav Hl\u00f4\u0161ka:<\/strong> Ornitocen\u00f3zy Vodn\u00e9ho diela \u017dilina a s\u00favisiacich biotopov a ich zmeny v rokoch 1992 \u2013 2023<\/p>\n<p>MISCELLANEA<br \/>\n<strong>Jozef Mih\u00e1lik:<\/strong> Z\u00e1chrana m\u00fdtnice v obci Doln\u00fd Hri\u010dov<br \/>\n<strong>Andrea Slan\u00e1:<\/strong> \u017divotn\u00e9 jubileum Jozefa Morav\u010d\u00edka<br \/>\n<strong>Peter \u0160imko \u2013 Kv\u011bta Kickov\u00e1:<\/strong> \u010cinnos\u0165 Pova\u017esk\u00e9ho m\u00fazea v rokoch 2022 \u2013 2023<\/p>\n","protected":false},"excerpt":{"rendered":"<p>Dom\u00e1ci recenzovan\u00fd vedeck\u00fd zborn\u00edk, ktor\u00fd uverej\u0148uje v\u00fdsledky v\u00fdskumov v oblasti spolo\u010densk\u00fdch a pr\u00edrodn\u00fdch vied v regi\u00f3ne Horn\u00e9ho Pova\u017eia (okresy \u017dilina a Byt\u010da). (c) Pova\u017esk\u00e9 m\u00fazeum, 2023, ISBN:978-80-88877-98-1 elektronick\u00fd dokument vo form\u00e1te pdf. Po objednan\u00ed produktu a zaplaten\u00ed ceny prostredn\u00edctvom platobnej br\u00e1ny 24-pay V\u00e1m pr\u00edde odkaz na stiahnutie s\u00faboru do V\u00e1\u0161ho po\u010d\u00edta\u010da. Produkt je potrebn\u00e9 stiahnu\u0165 [&hellip;]<\/p>\n","protected":false},"featured_media":61930,"template":"","meta":{"site-sidebar-layout":"default","site-content-layout":"default","ast-site-content-layout":"","site-content-style":"default","site-sidebar-style":"default","ast-global-header-display":"","ast-banner-title-visibility":"","ast-main-header-display":"","ast-hfb-above-header-display":"","ast-hfb-below-header-display":"","ast-hfb-mobile-header-display":"","site-post-title":"","ast-breadcrumbs-content":"","ast-featured-img":"","footer-sml-layout":"","theme-transparent-header-meta":"default","adv-header-id-meta":"","stick-header-meta":"default","header-above-stick-meta":"","header-main-stick-meta":"","header-below-stick-meta":"","astra-migrate-meta-layouts":"default","ast-page-background-enabled":"default","ast-page-background-meta":{"desktop":{"background-color":"var(--ast-global-color-4)","background-image":"","background-repeat":"repeat","background-position":"center center","background-size":"auto","background-attachment":"scroll","background-type":"","background-media":"","overlay-type":"","overlay-color":"","overlay-opacity":"","overlay-gradient":""},"tablet":{"background-color":"","background-image":"","background-repeat":"repeat","background-position":"center center","background-size":"auto","background-attachment":"scroll","background-type":"","background-media":"","overlay-type":"","overlay-color":"","overlay-opacity":"","overlay-gradient":""},"mobile":{"background-color":"","background-image":"","background-repeat":"repeat","background-position":"center center","background-size":"auto","background-attachment":"scroll","background-type":"","background-media":"","overlay-type":"","overlay-color":"","overlay-opacity":"","overlay-gradient":""}},"ast-content-background-meta":{"desktop":{"background-color":"var(--ast-global-color-5)","background-image":"","background-repeat":"repeat","background-position":"center center","background-size":"auto","background-attachment":"scroll","background-type":"","background-media":"","overlay-type":"","overlay-color":"","overlay-opacity":"","overlay-gradient":""},"tablet":{"background-color":"var(--ast-global-color-5)","background-image":"","background-repeat":"repeat","background-position":"center center","background-size":"auto","background-attachment":"scroll","background-type":"","background-media":"","overlay-type":"","overlay-color":"","overlay-opacity":"","overlay-gradient":""},"mobile":{"background-color":"var(--ast-global-color-5)","background-image":"","background-repeat":"repeat","background-position":"center center","background-size":"auto","background-attachment":"scroll","background-type":"","background-media":"","overlay-type":"","overlay-color":"","overlay-opacity":"","overlay-gradient":""}}},"product_cat":[22],"product_tag":[],"class_list":{"0":"post-61929","1":"product","2":"type-product","3":"status-publish","4":"has-post-thumbnail","6":"product_cat-vlastivedny-zbornik-povazia","7":"desktop-align-left","8":"tablet-align-left","9":"mobile-align-left","10":"ast-product-gallery-layout-horizontal-slider","11":"ast-magnify-disabled","12":"ast-product-tabs-layout-horizontal","14":"first","15":"instock","16":"downloadable","17":"virtual","18":"purchasable","19":"product-type-simple"},"yoast_head":"<!-- This site is optimized with the Yoast SEO plugin v27.4 - https:\/\/yoast.com\/product\/yoast-seo-wordpress\/ -->\n<title>Vlastivedn\u00fd zborn\u00edk Pova\u017eia XXXI - e-kniha - Pova\u017esk\u00e9 m\u00fazeum<\/title>\n<meta name=\"robots\" content=\"index, follow, max-snippet:-1, max-image-preview:large, max-video-preview:-1\" \/>\n<link rel=\"canonical\" href=\"https:\/\/pmza.sk\/?product=vlastivedny-zbornik-povazia-xxxi-e-kniha\" \/>\n<meta property=\"og:locale\" content=\"sk_SK\" \/>\n<meta property=\"og:type\" content=\"article\" \/>\n<meta property=\"og:title\" content=\"Vlastivedn\u00fd zborn\u00edk Pova\u017eia XXXI - e-kniha - Pova\u017esk\u00e9 m\u00fazeum\" \/>\n<meta property=\"og:description\" content=\"Dom\u00e1ci recenzovan\u00fd vedeck\u00fd zborn\u00edk, ktor\u00fd uverej\u0148uje v\u00fdsledky v\u00fdskumov v oblasti spolo\u010densk\u00fdch a pr\u00edrodn\u00fdch vied v regi\u00f3ne Horn\u00e9ho Pova\u017eia (okresy \u017dilina a Byt\u010da). (c) Pova\u017esk\u00e9 m\u00fazeum, 2023, ISBN:978-80-88877-98-1 elektronick\u00fd dokument vo form\u00e1te pdf. Po objednan\u00ed produktu a zaplaten\u00ed ceny prostredn\u00edctvom platobnej br\u00e1ny 24-pay V\u00e1m pr\u00edde odkaz na stiahnutie s\u00faboru do V\u00e1\u0161ho po\u010d\u00edta\u010da. Produkt je potrebn\u00e9 stiahnu\u0165 [&hellip;]\" \/>\n<meta property=\"og:url\" content=\"https:\/\/pmza.sk\/?product=vlastivedny-zbornik-povazia-xxxi-e-kniha\" \/>\n<meta property=\"og:site_name\" content=\"Pova\u017esk\u00e9 m\u00fazeum\" \/>\n<meta property=\"article:publisher\" content=\"https:\/\/www.facebook.com\/povazskemuzeum\" \/>\n<meta property=\"article:modified_time\" content=\"2024-06-10T12:39:41+00:00\" \/>\n<meta property=\"og:image\" content=\"https:\/\/pmza.sk\/wp-content\/uploads\/2024\/02\/VZP-XXXI.jpg\" \/>\n\t<meta property=\"og:image:width\" content=\"640\" \/>\n\t<meta property=\"og:image:height\" content=\"913\" \/>\n\t<meta property=\"og:image:type\" content=\"image\/jpeg\" \/>\n<meta name=\"twitter:card\" content=\"summary_large_image\" \/>\n<meta name=\"twitter:label1\" content=\"Predpokladan\u00fd \u010das \u010d\u00edtania\" \/>\n\t<meta name=\"twitter:data1\" content=\"1 min\u00fata\" \/>\n<script type=\"application\/ld+json\" class=\"yoast-schema-graph\">{\"@context\":\"https:\\\/\\\/schema.org\",\"@graph\":[{\"@type\":\"WebPage\",\"@id\":\"https:\\\/\\\/pmza.sk\\\/?product=vlastivedny-zbornik-povazia-xxxi-e-kniha\",\"url\":\"https:\\\/\\\/pmza.sk\\\/?product=vlastivedny-zbornik-povazia-xxxi-e-kniha\",\"name\":\"Vlastivedn\u00fd zborn\u00edk Pova\u017eia XXXI - e-kniha - Pova\u017esk\u00e9 m\u00fazeum\",\"isPartOf\":{\"@id\":\"https:\\\/\\\/pmza.sk\\\/#website\"},\"primaryImageOfPage\":{\"@id\":\"https:\\\/\\\/pmza.sk\\\/?product=vlastivedny-zbornik-povazia-xxxi-e-kniha#primaryimage\"},\"image\":{\"@id\":\"https:\\\/\\\/pmza.sk\\\/?product=vlastivedny-zbornik-povazia-xxxi-e-kniha#primaryimage\"},\"thumbnailUrl\":\"https:\\\/\\\/pmza.sk\\\/wp-content\\\/uploads\\\/2024\\\/02\\\/VZP-XXXI.jpg\",\"datePublished\":\"2024-02-29T09:38:48+00:00\",\"dateModified\":\"2024-06-10T12:39:41+00:00\",\"breadcrumb\":{\"@id\":\"https:\\\/\\\/pmza.sk\\\/?product=vlastivedny-zbornik-povazia-xxxi-e-kniha#breadcrumb\"},\"inLanguage\":\"sk-SK\",\"potentialAction\":[{\"@type\":\"ReadAction\",\"target\":[\"https:\\\/\\\/pmza.sk\\\/?product=vlastivedny-zbornik-povazia-xxxi-e-kniha\"]}]},{\"@type\":\"ImageObject\",\"inLanguage\":\"sk-SK\",\"@id\":\"https:\\\/\\\/pmza.sk\\\/?product=vlastivedny-zbornik-povazia-xxxi-e-kniha#primaryimage\",\"url\":\"https:\\\/\\\/pmza.sk\\\/wp-content\\\/uploads\\\/2024\\\/02\\\/VZP-XXXI.jpg\",\"contentUrl\":\"https:\\\/\\\/pmza.sk\\\/wp-content\\\/uploads\\\/2024\\\/02\\\/VZP-XXXI.jpg\",\"width\":640,\"height\":913},{\"@type\":\"BreadcrumbList\",\"@id\":\"https:\\\/\\\/pmza.sk\\\/?product=vlastivedny-zbornik-povazia-xxxi-e-kniha#breadcrumb\",\"itemListElement\":[{\"@type\":\"ListItem\",\"position\":1,\"name\":\"Domovsk\u00e1 str\u00e1nka\",\"item\":\"https:\\\/\\\/pmza.sk\\\/\"},{\"@type\":\"ListItem\",\"position\":2,\"name\":\"Obchod\",\"item\":\"https:\\\/\\\/pmza.sk\\\/?page_id=7\"},{\"@type\":\"ListItem\",\"position\":3,\"name\":\"Vlastivedn\u00fd zborn\u00edk Pova\u017eia XXXI &#8211; e-kniha\"}]},{\"@type\":\"WebSite\",\"@id\":\"https:\\\/\\\/pmza.sk\\\/#website\",\"url\":\"https:\\\/\\\/pmza.sk\\\/\",\"name\":\"Pova\u017esk\u00e9 m\u00fazeum\",\"description\":\"Pova\u017esk\u00e9 m\u00fazeum v \u017diline je region\u00e1lne m\u00fazeum so s\u00eddlom v Budat\u00edne. Jeho expoz\u00edcie s\u00fa zameran\u00e9 na dejiny slovensk\u00e9ho umenia, kult\u00fary a dopravy.\",\"publisher\":{\"@id\":\"https:\\\/\\\/pmza.sk\\\/#organization\"},\"potentialAction\":[{\"@type\":\"SearchAction\",\"target\":{\"@type\":\"EntryPoint\",\"urlTemplate\":\"https:\\\/\\\/pmza.sk\\\/?s={search_term_string}\"},\"query-input\":{\"@type\":\"PropertyValueSpecification\",\"valueRequired\":true,\"valueName\":\"search_term_string\"}}],\"inLanguage\":\"sk-SK\"},{\"@type\":\"Organization\",\"@id\":\"https:\\\/\\\/pmza.sk\\\/#organization\",\"name\":\"Pova\u017esk\u00e9 m\u00fazeum\",\"url\":\"https:\\\/\\\/pmza.sk\\\/\",\"logo\":{\"@type\":\"ImageObject\",\"inLanguage\":\"sk-SK\",\"@id\":\"https:\\\/\\\/pmza.sk\\\/#\\\/schema\\\/logo\\\/image\\\/\",\"url\":\"https:\\\/\\\/pmza.sk\\\/wp-content\\\/uploads\\\/2022\\\/01\\\/logo_PM_horizontal.jpg\",\"contentUrl\":\"https:\\\/\\\/pmza.sk\\\/wp-content\\\/uploads\\\/2022\\\/01\\\/logo_PM_horizontal.jpg\",\"width\":231,\"height\":142,\"caption\":\"Pova\u017esk\u00e9 m\u00fazeum\"},\"image\":{\"@id\":\"https:\\\/\\\/pmza.sk\\\/#\\\/schema\\\/logo\\\/image\\\/\"},\"sameAs\":[\"https:\\\/\\\/www.facebook.com\\\/povazskemuzeum\",\"https:\\\/\\\/www.instagram.com\\\/povazskemuzeum\\\/\"]}]}<\/script>\n<!-- \/ Yoast SEO plugin. -->","yoast_head_json":{"title":"Vlastivedn\u00fd zborn\u00edk Pova\u017eia XXXI - e-kniha - Pova\u017esk\u00e9 m\u00fazeum","robots":{"index":"index","follow":"follow","max-snippet":"max-snippet:-1","max-image-preview":"max-image-preview:large","max-video-preview":"max-video-preview:-1"},"canonical":"https:\/\/pmza.sk\/?product=vlastivedny-zbornik-povazia-xxxi-e-kniha","og_locale":"sk_SK","og_type":"article","og_title":"Vlastivedn\u00fd zborn\u00edk Pova\u017eia XXXI - e-kniha - Pova\u017esk\u00e9 m\u00fazeum","og_description":"Dom\u00e1ci recenzovan\u00fd vedeck\u00fd zborn\u00edk, ktor\u00fd uverej\u0148uje v\u00fdsledky v\u00fdskumov v oblasti spolo\u010densk\u00fdch a pr\u00edrodn\u00fdch vied v regi\u00f3ne Horn\u00e9ho Pova\u017eia (okresy \u017dilina a Byt\u010da). (c) Pova\u017esk\u00e9 m\u00fazeum, 2023, ISBN:978-80-88877-98-1 elektronick\u00fd dokument vo form\u00e1te pdf. Po objednan\u00ed produktu a zaplaten\u00ed ceny prostredn\u00edctvom platobnej br\u00e1ny 24-pay V\u00e1m pr\u00edde odkaz na stiahnutie s\u00faboru do V\u00e1\u0161ho po\u010d\u00edta\u010da. Produkt je potrebn\u00e9 stiahnu\u0165 [&hellip;]","og_url":"https:\/\/pmza.sk\/?product=vlastivedny-zbornik-povazia-xxxi-e-kniha","og_site_name":"Pova\u017esk\u00e9 m\u00fazeum","article_publisher":"https:\/\/www.facebook.com\/povazskemuzeum","article_modified_time":"2024-06-10T12:39:41+00:00","og_image":[{"width":640,"height":913,"url":"https:\/\/pmza.sk\/wp-content\/uploads\/2024\/02\/VZP-XXXI.jpg","type":"image\/jpeg"}],"twitter_card":"summary_large_image","twitter_misc":{"Predpokladan\u00fd \u010das \u010d\u00edtania":"1 min\u00fata"},"schema":{"@context":"https:\/\/schema.org","@graph":[{"@type":"WebPage","@id":"https:\/\/pmza.sk\/?product=vlastivedny-zbornik-povazia-xxxi-e-kniha","url":"https:\/\/pmza.sk\/?product=vlastivedny-zbornik-povazia-xxxi-e-kniha","name":"Vlastivedn\u00fd zborn\u00edk Pova\u017eia XXXI - e-kniha - Pova\u017esk\u00e9 m\u00fazeum","isPartOf":{"@id":"https:\/\/pmza.sk\/#website"},"primaryImageOfPage":{"@id":"https:\/\/pmza.sk\/?product=vlastivedny-zbornik-povazia-xxxi-e-kniha#primaryimage"},"image":{"@id":"https:\/\/pmza.sk\/?product=vlastivedny-zbornik-povazia-xxxi-e-kniha#primaryimage"},"thumbnailUrl":"https:\/\/pmza.sk\/wp-content\/uploads\/2024\/02\/VZP-XXXI.jpg","datePublished":"2024-02-29T09:38:48+00:00","dateModified":"2024-06-10T12:39:41+00:00","breadcrumb":{"@id":"https:\/\/pmza.sk\/?product=vlastivedny-zbornik-povazia-xxxi-e-kniha#breadcrumb"},"inLanguage":"sk-SK","potentialAction":[{"@type":"ReadAction","target":["https:\/\/pmza.sk\/?product=vlastivedny-zbornik-povazia-xxxi-e-kniha"]}]},{"@type":"ImageObject","inLanguage":"sk-SK","@id":"https:\/\/pmza.sk\/?product=vlastivedny-zbornik-povazia-xxxi-e-kniha#primaryimage","url":"https:\/\/pmza.sk\/wp-content\/uploads\/2024\/02\/VZP-XXXI.jpg","contentUrl":"https:\/\/pmza.sk\/wp-content\/uploads\/2024\/02\/VZP-XXXI.jpg","width":640,"height":913},{"@type":"BreadcrumbList","@id":"https:\/\/pmza.sk\/?product=vlastivedny-zbornik-povazia-xxxi-e-kniha#breadcrumb","itemListElement":[{"@type":"ListItem","position":1,"name":"Domovsk\u00e1 str\u00e1nka","item":"https:\/\/pmza.sk\/"},{"@type":"ListItem","position":2,"name":"Obchod","item":"https:\/\/pmza.sk\/?page_id=7"},{"@type":"ListItem","position":3,"name":"Vlastivedn\u00fd zborn\u00edk Pova\u017eia XXXI &#8211; e-kniha"}]},{"@type":"WebSite","@id":"https:\/\/pmza.sk\/#website","url":"https:\/\/pmza.sk\/","name":"Pova\u017esk\u00e9 m\u00fazeum","description":"Pova\u017esk\u00e9 m\u00fazeum v \u017diline je region\u00e1lne m\u00fazeum so s\u00eddlom v Budat\u00edne. Jeho expoz\u00edcie s\u00fa zameran\u00e9 na dejiny slovensk\u00e9ho umenia, kult\u00fary a dopravy.","publisher":{"@id":"https:\/\/pmza.sk\/#organization"},"potentialAction":[{"@type":"SearchAction","target":{"@type":"EntryPoint","urlTemplate":"https:\/\/pmza.sk\/?s={search_term_string}"},"query-input":{"@type":"PropertyValueSpecification","valueRequired":true,"valueName":"search_term_string"}}],"inLanguage":"sk-SK"},{"@type":"Organization","@id":"https:\/\/pmza.sk\/#organization","name":"Pova\u017esk\u00e9 m\u00fazeum","url":"https:\/\/pmza.sk\/","logo":{"@type":"ImageObject","inLanguage":"sk-SK","@id":"https:\/\/pmza.sk\/#\/schema\/logo\/image\/","url":"https:\/\/pmza.sk\/wp-content\/uploads\/2022\/01\/logo_PM_horizontal.jpg","contentUrl":"https:\/\/pmza.sk\/wp-content\/uploads\/2022\/01\/logo_PM_horizontal.jpg","width":231,"height":142,"caption":"Pova\u017esk\u00e9 m\u00fazeum"},"image":{"@id":"https:\/\/pmza.sk\/#\/schema\/logo\/image\/"},"sameAs":["https:\/\/www.facebook.com\/povazskemuzeum","https:\/\/www.instagram.com\/povazskemuzeum\/"]}]}},"_links":{"self":[{"href":"https:\/\/pmza.sk\/index.php?rest_route=\/wp\/v2\/product\/61929","targetHints":{"allow":["GET"]}}],"collection":[{"href":"https:\/\/pmza.sk\/index.php?rest_route=\/wp\/v2\/product"}],"about":[{"href":"https:\/\/pmza.sk\/index.php?rest_route=\/wp\/v2\/types\/product"}],"wp:featuredmedia":[{"embeddable":true,"href":"https:\/\/pmza.sk\/index.php?rest_route=\/wp\/v2\/media\/61930"}],"wp:attachment":[{"href":"https:\/\/pmza.sk\/index.php?rest_route=%2Fwp%2Fv2%2Fmedia&parent=61929"}],"wp:term":[{"taxonomy":"product_cat","embeddable":true,"href":"https:\/\/pmza.sk\/index.php?rest_route=%2Fwp%2Fv2%2Fproduct_cat&post=61929"},{"taxonomy":"product_tag","embeddable":true,"href":"https:\/\/pmza.sk\/index.php?rest_route=%2Fwp%2Fv2%2Fproduct_tag&post=61929"}],"curies":[{"name":"wp","href":"https:\/\/api.w.org\/{rel}","templated":true}]}}