{"id":62411,"date":"2024-03-26T11:51:26","date_gmt":"2024-03-26T10:51:26","guid":{"rendered":"https:\/\/pmza.sk\/?post_type=product&#038;p=62411"},"modified":"2024-03-26T13:30:49","modified_gmt":"2024-03-26T12:30:49","slug":"tajomna-terchova-mysterious-terchova","status":"publish","type":"product","link":"https:\/\/pmza.sk\/?product=tajomna-terchova-mysterious-terchova","title":{"rendered":"Tajomn\u00e1 Terchov\u00e1 \/ Mysterious Terchov\u00e1"},"content":{"rendered":"<h3>Tajomn\u00e1 Terchov\u00e1 \/ Mysterious Terchov\u00e1<\/h3>\n<h6>Mal\u00fd sprievodca nielen pre mal\u00fdch n\u00e1v\u0161tevn\u00edkov<\/h6>\n<p>&nbsp;<\/p>\n<p>Bro\u017eovan\u00e1 v\u00e4zba, 21 x 21 cm, 76 s., plnofarebn\u00e1 tla\u010d, kriedov\u00fd papier<\/p>\n<p>kniha + 3 pr\u00edlohy: vystrihova\u010dka &#8211; pastiersk\u00fd zvonec, hra \u010dierny Peter, \u010d\u00edslova\u010dka &#8211; J\u00e1no\u0161\u00edk pod \u0161ibenicou<\/p>\n<p>&nbsp;<\/p>\n<p>Kniha predstavuje nasleduj\u00face t\u00e9my: dejiny obce, Adam Franti\u0161ek Koll\u00e1r, R\u00edmskokatol\u00edcky kostol, dom\u00e1ce hospod\u00e1rstvo, na sala\u0161i, b\u00fdvanie, odev, zvykoslovie, hudobn\u00e9 trad\u00edcie, zo \u017eivota Juraja J\u00e1no\u0161\u00edka, J\u00e1no\u0161\u00edk v \u013eudovej a umeleckej tvorbe.<\/p>\n<p>V Terchovej m\u00e1 Pova\u017esk\u00e9 m\u00fazeum expoz\u00edciu venovan\u00fa \u013eudovej kult\u00fare a \u017eivotu obyvate\u013eov obce a aj Jurajovi J\u00e1no\u0161\u00edkovi. Katal\u00f3g dop\u013a\u0148a inform\u00e1cie, ktor\u00e9 n\u00e1v\u0161tevn\u00edci z\u00edskaj\u00fa pri n\u00e1v\u0161teve expoz\u00edcie a je pre turistov zdrojom poznatkov o hist\u00f3rii, \u013eudovej kult\u00fare obce a o expoz\u00edcii samotnej. S\u00fa\u010das\u0165ou publik\u00e1cie je aj tvoriv\u00e1 \u010das\u0165. M\u00f4\u017eete si vyrobi\u0165 zvonec, zahra\u0165 \u010cierneho Petra a vytvori\u0165 J\u00e1no\u0161\u00edka.<\/p>\n<p>&nbsp;<\/p>\n","protected":false},"excerpt":{"rendered":"<p>Tajomn\u00e1 Terchov\u00e1 \/ Mysterious Terchov\u00e1 Mal\u00fd sprievodca nielen pre mal\u00fdch n\u00e1v\u0161tevn\u00edkov &nbsp; Bro\u017eovan\u00e1 v\u00e4zba, 21 x 21 cm, 76 s., plnofarebn\u00e1 tla\u010d, kriedov\u00fd papier kniha + 3 pr\u00edlohy: vystrihova\u010dka &#8211; pastiersk\u00fd zvonec, hra \u010dierny Peter, \u010d\u00edslova\u010dka &#8211; J\u00e1no\u0161\u00edk pod \u0161ibenicou &nbsp; Kniha predstavuje nasleduj\u00face t\u00e9my: dejiny obce, Adam Franti\u0161ek Koll\u00e1r, R\u00edmskokatol\u00edcky kostol, dom\u00e1ce hospod\u00e1rstvo, na [&hellip;]<\/p>\n","protected":false},"featured_media":62412,"template":"","meta":{"site-sidebar-layout":"default","site-content-layout":"default","ast-site-content-layout":"","site-content-style":"default","site-sidebar-style":"default","ast-global-header-display":"","ast-banner-title-visibility":"","ast-main-header-display":"","ast-hfb-above-header-display":"","ast-hfb-below-header-display":"","ast-hfb-mobile-header-display":"","site-post-title":"","ast-breadcrumbs-content":"","ast-featured-img":"","footer-sml-layout":"","theme-transparent-header-meta":"default","adv-header-id-meta":"","stick-header-meta":"default","header-above-stick-meta":"","header-main-stick-meta":"","header-below-stick-meta":"","astra-migrate-meta-layouts":"default","ast-page-background-enabled":"default","ast-page-background-meta":{"desktop":{"background-color":"var(--ast-global-color-4)","background-image":"","background-repeat":"repeat","background-position":"center center","background-size":"auto","background-attachment":"scroll","background-type":"","background-media":"","overlay-type":"","overlay-color":"","overlay-opacity":"","overlay-gradient":""},"tablet":{"background-color":"","background-image":"","background-repeat":"repeat","background-position":"center center","background-size":"auto","background-attachment":"scroll","background-type":"","background-media":"","overlay-type":"","overlay-color":"","overlay-opacity":"","overlay-gradient":""},"mobile":{"background-color":"","background-image":"","background-repeat":"repeat","background-position":"center center","background-size":"auto","background-attachment":"scroll","background-type":"","background-media":"","overlay-type":"","overlay-color":"","overlay-opacity":"","overlay-gradient":""}},"ast-content-background-meta":{"desktop":{"background-color":"var(--ast-global-color-5)","background-image":"","background-repeat":"repeat","background-position":"center center","background-size":"auto","background-attachment":"scroll","background-type":"","background-media":"","overlay-type":"","overlay-color":"","overlay-opacity":"","overlay-gradient":""},"tablet":{"background-color":"var(--ast-global-color-5)","background-image":"","background-repeat":"repeat","background-position":"center center","background-size":"auto","background-attachment":"scroll","background-type":"","background-media":"","overlay-type":"","overlay-color":"","overlay-opacity":"","overlay-gradient":""},"mobile":{"background-color":"var(--ast-global-color-5)","background-image":"","background-repeat":"repeat","background-position":"center center","background-size":"auto","background-attachment":"scroll","background-type":"","background-media":"","overlay-type":"","overlay-color":"","overlay-opacity":"","overlay-gradient":""}}},"product_cat":[20],"product_tag":[],"class_list":{"0":"post-62411","1":"product","2":"type-product","3":"status-publish","4":"has-post-thumbnail","6":"product_cat-publikacie-o-povazskom-muzeu-v-ziline","7":"desktop-align-left","8":"tablet-align-left","9":"mobile-align-left","10":"ast-product-gallery-layout-horizontal-slider","11":"ast-magnify-disabled","12":"ast-product-tabs-layout-horizontal","14":"first","15":"instock","16":"shipping-taxable","17":"purchasable","18":"product-type-simple"},"yoast_head":"<!-- This site is optimized with the Yoast SEO plugin v27.4 - https:\/\/yoast.com\/product\/yoast-seo-wordpress\/ -->\n<title>Tajomn\u00e1 Terchov\u00e1 \/ Mysterious Terchov\u00e1 - Pova\u017esk\u00e9 m\u00fazeum<\/title>\n<meta name=\"robots\" content=\"index, follow, max-snippet:-1, max-image-preview:large, max-video-preview:-1\" \/>\n<link rel=\"canonical\" href=\"https:\/\/pmza.sk\/?product=tajomna-terchova-mysterious-terchova\" \/>\n<meta property=\"og:locale\" content=\"sk_SK\" \/>\n<meta property=\"og:type\" content=\"article\" \/>\n<meta property=\"og:title\" content=\"Tajomn\u00e1 Terchov\u00e1 \/ Mysterious Terchov\u00e1 - Pova\u017esk\u00e9 m\u00fazeum\" \/>\n<meta property=\"og:description\" content=\"Tajomn\u00e1 Terchov\u00e1 \/ Mysterious Terchov\u00e1 Mal\u00fd sprievodca nielen pre mal\u00fdch n\u00e1v\u0161tevn\u00edkov &nbsp; Bro\u017eovan\u00e1 v\u00e4zba, 21 x 21 cm, 76 s., plnofarebn\u00e1 tla\u010d, kriedov\u00fd papier kniha + 3 pr\u00edlohy: vystrihova\u010dka &#8211; pastiersk\u00fd zvonec, hra \u010dierny Peter, \u010d\u00edslova\u010dka &#8211; J\u00e1no\u0161\u00edk pod \u0161ibenicou &nbsp; Kniha predstavuje nasleduj\u00face t\u00e9my: dejiny obce, Adam Franti\u0161ek Koll\u00e1r, R\u00edmskokatol\u00edcky kostol, dom\u00e1ce hospod\u00e1rstvo, na [&hellip;]\" \/>\n<meta property=\"og:url\" content=\"https:\/\/pmza.sk\/?product=tajomna-terchova-mysterious-terchova\" \/>\n<meta property=\"og:site_name\" content=\"Pova\u017esk\u00e9 m\u00fazeum\" \/>\n<meta property=\"article:publisher\" content=\"https:\/\/www.facebook.com\/povazskemuzeum\" \/>\n<meta property=\"article:modified_time\" content=\"2024-03-26T12:30:49+00:00\" \/>\n<meta property=\"og:image\" content=\"https:\/\/pmza.sk\/wp-content\/uploads\/2024\/03\/doc04274620240326103814_001.jpg\" \/>\n\t<meta property=\"og:image:width\" content=\"2462\" \/>\n\t<meta property=\"og:image:height\" content=\"2447\" \/>\n\t<meta property=\"og:image:type\" content=\"image\/jpeg\" \/>\n<meta name=\"twitter:card\" content=\"summary_large_image\" \/>\n<meta name=\"twitter:label1\" content=\"Predpokladan\u00fd \u010das \u010d\u00edtania\" \/>\n\t<meta name=\"twitter:data1\" content=\"1 min\u00fata\" \/>\n<script type=\"application\/ld+json\" class=\"yoast-schema-graph\">{\"@context\":\"https:\\\/\\\/schema.org\",\"@graph\":[{\"@type\":\"WebPage\",\"@id\":\"https:\\\/\\\/pmza.sk\\\/?product=tajomna-terchova-mysterious-terchova\",\"url\":\"https:\\\/\\\/pmza.sk\\\/?product=tajomna-terchova-mysterious-terchova\",\"name\":\"Tajomn\u00e1 Terchov\u00e1 \\\/ Mysterious Terchov\u00e1 - Pova\u017esk\u00e9 m\u00fazeum\",\"isPartOf\":{\"@id\":\"https:\\\/\\\/pmza.sk\\\/#website\"},\"primaryImageOfPage\":{\"@id\":\"https:\\\/\\\/pmza.sk\\\/?product=tajomna-terchova-mysterious-terchova#primaryimage\"},\"image\":{\"@id\":\"https:\\\/\\\/pmza.sk\\\/?product=tajomna-terchova-mysterious-terchova#primaryimage\"},\"thumbnailUrl\":\"https:\\\/\\\/pmza.sk\\\/wp-content\\\/uploads\\\/2024\\\/03\\\/doc04274620240326103814_001.jpg\",\"datePublished\":\"2024-03-26T10:51:26+00:00\",\"dateModified\":\"2024-03-26T12:30:49+00:00\",\"breadcrumb\":{\"@id\":\"https:\\\/\\\/pmza.sk\\\/?product=tajomna-terchova-mysterious-terchova#breadcrumb\"},\"inLanguage\":\"sk-SK\",\"potentialAction\":[{\"@type\":\"ReadAction\",\"target\":[\"https:\\\/\\\/pmza.sk\\\/?product=tajomna-terchova-mysterious-terchova\"]}]},{\"@type\":\"ImageObject\",\"inLanguage\":\"sk-SK\",\"@id\":\"https:\\\/\\\/pmza.sk\\\/?product=tajomna-terchova-mysterious-terchova#primaryimage\",\"url\":\"https:\\\/\\\/pmza.sk\\\/wp-content\\\/uploads\\\/2024\\\/03\\\/doc04274620240326103814_001.jpg\",\"contentUrl\":\"https:\\\/\\\/pmza.sk\\\/wp-content\\\/uploads\\\/2024\\\/03\\\/doc04274620240326103814_001.jpg\",\"width\":2462,\"height\":2447},{\"@type\":\"BreadcrumbList\",\"@id\":\"https:\\\/\\\/pmza.sk\\\/?product=tajomna-terchova-mysterious-terchova#breadcrumb\",\"itemListElement\":[{\"@type\":\"ListItem\",\"position\":1,\"name\":\"Domovsk\u00e1 str\u00e1nka\",\"item\":\"https:\\\/\\\/pmza.sk\\\/\"},{\"@type\":\"ListItem\",\"position\":2,\"name\":\"Obchod\",\"item\":\"https:\\\/\\\/pmza.sk\\\/?page_id=7\"},{\"@type\":\"ListItem\",\"position\":3,\"name\":\"Tajomn\u00e1 Terchov\u00e1 \\\/ Mysterious Terchov\u00e1\"}]},{\"@type\":\"WebSite\",\"@id\":\"https:\\\/\\\/pmza.sk\\\/#website\",\"url\":\"https:\\\/\\\/pmza.sk\\\/\",\"name\":\"Pova\u017esk\u00e9 m\u00fazeum\",\"description\":\"Pova\u017esk\u00e9 m\u00fazeum v \u017diline je region\u00e1lne m\u00fazeum so s\u00eddlom v Budat\u00edne. Jeho expoz\u00edcie s\u00fa zameran\u00e9 na dejiny slovensk\u00e9ho umenia, kult\u00fary a dopravy.\",\"publisher\":{\"@id\":\"https:\\\/\\\/pmza.sk\\\/#organization\"},\"potentialAction\":[{\"@type\":\"SearchAction\",\"target\":{\"@type\":\"EntryPoint\",\"urlTemplate\":\"https:\\\/\\\/pmza.sk\\\/?s={search_term_string}\"},\"query-input\":{\"@type\":\"PropertyValueSpecification\",\"valueRequired\":true,\"valueName\":\"search_term_string\"}}],\"inLanguage\":\"sk-SK\"},{\"@type\":\"Organization\",\"@id\":\"https:\\\/\\\/pmza.sk\\\/#organization\",\"name\":\"Pova\u017esk\u00e9 m\u00fazeum\",\"url\":\"https:\\\/\\\/pmza.sk\\\/\",\"logo\":{\"@type\":\"ImageObject\",\"inLanguage\":\"sk-SK\",\"@id\":\"https:\\\/\\\/pmza.sk\\\/#\\\/schema\\\/logo\\\/image\\\/\",\"url\":\"https:\\\/\\\/pmza.sk\\\/wp-content\\\/uploads\\\/2022\\\/01\\\/logo_PM_horizontal.jpg\",\"contentUrl\":\"https:\\\/\\\/pmza.sk\\\/wp-content\\\/uploads\\\/2022\\\/01\\\/logo_PM_horizontal.jpg\",\"width\":231,\"height\":142,\"caption\":\"Pova\u017esk\u00e9 m\u00fazeum\"},\"image\":{\"@id\":\"https:\\\/\\\/pmza.sk\\\/#\\\/schema\\\/logo\\\/image\\\/\"},\"sameAs\":[\"https:\\\/\\\/www.facebook.com\\\/povazskemuzeum\",\"https:\\\/\\\/www.instagram.com\\\/povazskemuzeum\\\/\"]}]}<\/script>\n<!-- \/ Yoast SEO plugin. -->","yoast_head_json":{"title":"Tajomn\u00e1 Terchov\u00e1 \/ Mysterious Terchov\u00e1 - Pova\u017esk\u00e9 m\u00fazeum","robots":{"index":"index","follow":"follow","max-snippet":"max-snippet:-1","max-image-preview":"max-image-preview:large","max-video-preview":"max-video-preview:-1"},"canonical":"https:\/\/pmza.sk\/?product=tajomna-terchova-mysterious-terchova","og_locale":"sk_SK","og_type":"article","og_title":"Tajomn\u00e1 Terchov\u00e1 \/ Mysterious Terchov\u00e1 - Pova\u017esk\u00e9 m\u00fazeum","og_description":"Tajomn\u00e1 Terchov\u00e1 \/ Mysterious Terchov\u00e1 Mal\u00fd sprievodca nielen pre mal\u00fdch n\u00e1v\u0161tevn\u00edkov &nbsp; Bro\u017eovan\u00e1 v\u00e4zba, 21 x 21 cm, 76 s., plnofarebn\u00e1 tla\u010d, kriedov\u00fd papier kniha + 3 pr\u00edlohy: vystrihova\u010dka &#8211; pastiersk\u00fd zvonec, hra \u010dierny Peter, \u010d\u00edslova\u010dka &#8211; J\u00e1no\u0161\u00edk pod \u0161ibenicou &nbsp; Kniha predstavuje nasleduj\u00face t\u00e9my: dejiny obce, Adam Franti\u0161ek Koll\u00e1r, R\u00edmskokatol\u00edcky kostol, dom\u00e1ce hospod\u00e1rstvo, na [&hellip;]","og_url":"https:\/\/pmza.sk\/?product=tajomna-terchova-mysterious-terchova","og_site_name":"Pova\u017esk\u00e9 m\u00fazeum","article_publisher":"https:\/\/www.facebook.com\/povazskemuzeum","article_modified_time":"2024-03-26T12:30:49+00:00","og_image":[{"width":2462,"height":2447,"url":"https:\/\/pmza.sk\/wp-content\/uploads\/2024\/03\/doc04274620240326103814_001.jpg","type":"image\/jpeg"}],"twitter_card":"summary_large_image","twitter_misc":{"Predpokladan\u00fd \u010das \u010d\u00edtania":"1 min\u00fata"},"schema":{"@context":"https:\/\/schema.org","@graph":[{"@type":"WebPage","@id":"https:\/\/pmza.sk\/?product=tajomna-terchova-mysterious-terchova","url":"https:\/\/pmza.sk\/?product=tajomna-terchova-mysterious-terchova","name":"Tajomn\u00e1 Terchov\u00e1 \/ Mysterious Terchov\u00e1 - Pova\u017esk\u00e9 m\u00fazeum","isPartOf":{"@id":"https:\/\/pmza.sk\/#website"},"primaryImageOfPage":{"@id":"https:\/\/pmza.sk\/?product=tajomna-terchova-mysterious-terchova#primaryimage"},"image":{"@id":"https:\/\/pmza.sk\/?product=tajomna-terchova-mysterious-terchova#primaryimage"},"thumbnailUrl":"https:\/\/pmza.sk\/wp-content\/uploads\/2024\/03\/doc04274620240326103814_001.jpg","datePublished":"2024-03-26T10:51:26+00:00","dateModified":"2024-03-26T12:30:49+00:00","breadcrumb":{"@id":"https:\/\/pmza.sk\/?product=tajomna-terchova-mysterious-terchova#breadcrumb"},"inLanguage":"sk-SK","potentialAction":[{"@type":"ReadAction","target":["https:\/\/pmza.sk\/?product=tajomna-terchova-mysterious-terchova"]}]},{"@type":"ImageObject","inLanguage":"sk-SK","@id":"https:\/\/pmza.sk\/?product=tajomna-terchova-mysterious-terchova#primaryimage","url":"https:\/\/pmza.sk\/wp-content\/uploads\/2024\/03\/doc04274620240326103814_001.jpg","contentUrl":"https:\/\/pmza.sk\/wp-content\/uploads\/2024\/03\/doc04274620240326103814_001.jpg","width":2462,"height":2447},{"@type":"BreadcrumbList","@id":"https:\/\/pmza.sk\/?product=tajomna-terchova-mysterious-terchova#breadcrumb","itemListElement":[{"@type":"ListItem","position":1,"name":"Domovsk\u00e1 str\u00e1nka","item":"https:\/\/pmza.sk\/"},{"@type":"ListItem","position":2,"name":"Obchod","item":"https:\/\/pmza.sk\/?page_id=7"},{"@type":"ListItem","position":3,"name":"Tajomn\u00e1 Terchov\u00e1 \/ Mysterious Terchov\u00e1"}]},{"@type":"WebSite","@id":"https:\/\/pmza.sk\/#website","url":"https:\/\/pmza.sk\/","name":"Pova\u017esk\u00e9 m\u00fazeum","description":"Pova\u017esk\u00e9 m\u00fazeum v \u017diline je region\u00e1lne m\u00fazeum so s\u00eddlom v Budat\u00edne. Jeho expoz\u00edcie s\u00fa zameran\u00e9 na dejiny slovensk\u00e9ho umenia, kult\u00fary a dopravy.","publisher":{"@id":"https:\/\/pmza.sk\/#organization"},"potentialAction":[{"@type":"SearchAction","target":{"@type":"EntryPoint","urlTemplate":"https:\/\/pmza.sk\/?s={search_term_string}"},"query-input":{"@type":"PropertyValueSpecification","valueRequired":true,"valueName":"search_term_string"}}],"inLanguage":"sk-SK"},{"@type":"Organization","@id":"https:\/\/pmza.sk\/#organization","name":"Pova\u017esk\u00e9 m\u00fazeum","url":"https:\/\/pmza.sk\/","logo":{"@type":"ImageObject","inLanguage":"sk-SK","@id":"https:\/\/pmza.sk\/#\/schema\/logo\/image\/","url":"https:\/\/pmza.sk\/wp-content\/uploads\/2022\/01\/logo_PM_horizontal.jpg","contentUrl":"https:\/\/pmza.sk\/wp-content\/uploads\/2022\/01\/logo_PM_horizontal.jpg","width":231,"height":142,"caption":"Pova\u017esk\u00e9 m\u00fazeum"},"image":{"@id":"https:\/\/pmza.sk\/#\/schema\/logo\/image\/"},"sameAs":["https:\/\/www.facebook.com\/povazskemuzeum","https:\/\/www.instagram.com\/povazskemuzeum\/"]}]}},"_links":{"self":[{"href":"https:\/\/pmza.sk\/index.php?rest_route=\/wp\/v2\/product\/62411","targetHints":{"allow":["GET"]}}],"collection":[{"href":"https:\/\/pmza.sk\/index.php?rest_route=\/wp\/v2\/product"}],"about":[{"href":"https:\/\/pmza.sk\/index.php?rest_route=\/wp\/v2\/types\/product"}],"wp:featuredmedia":[{"embeddable":true,"href":"https:\/\/pmza.sk\/index.php?rest_route=\/wp\/v2\/media\/62412"}],"wp:attachment":[{"href":"https:\/\/pmza.sk\/index.php?rest_route=%2Fwp%2Fv2%2Fmedia&parent=62411"}],"wp:term":[{"taxonomy":"product_cat","embeddable":true,"href":"https:\/\/pmza.sk\/index.php?rest_route=%2Fwp%2Fv2%2Fproduct_cat&post=62411"},{"taxonomy":"product_tag","embeddable":true,"href":"https:\/\/pmza.sk\/index.php?rest_route=%2Fwp%2Fv2%2Fproduct_tag&post=62411"}],"curies":[{"name":"wp","href":"https:\/\/api.w.org\/{rel}","templated":true}]}}