{"id":77079,"date":"2026-04-08T08:58:06","date_gmt":"2026-04-08T06:58:06","guid":{"rendered":"https:\/\/pmza.sk\/?post_type=product&#038;p=77079"},"modified":"2026-04-08T08:58:51","modified_gmt":"2026-04-08T06:58:51","slug":"vlastivedny-zbornik-povazia-xxxii-tlacena-kniha","status":"publish","type":"product","link":"https:\/\/pmza.sk\/?product=vlastivedny-zbornik-povazia-xxxii-tlacena-kniha","title":{"rendered":"Vlastivedn\u00fd zborn\u00edk Pova\u017eia XXXII &#8211; tla\u010den\u00e1 kniha"},"content":{"rendered":"<p>Dom\u00e1ci recenzovan\u00fd vedeck\u00fd zborn\u00edk, ktor\u00fd uverej\u0148uje v\u00fdsledky v\u00fdskumov v oblasti spolo\u010densk\u00fdch a pr\u00edrodn\u00fdch vied v regi\u00f3ne Horn\u00e9ho Pova\u017eia (okresy \u017dilina a Byt\u010da).<\/p>\n<p>(c) Pova\u017esk\u00e9 m\u00fazeum, 2025, ISBN:978-80-69080-03-4<br \/>\nm\u00e4kk\u00e1 v\u00e4zba, 220 s., form\u00e1t 16 x 23 cm.<\/p>\n<p>&nbsp;<\/p>\n<h3><strong>Obsah:<\/strong><\/h3>\n<p><strong>SPOLO\u010cENSKOVEDN\u00c1 \u010cAS\u0164<\/strong><br \/>\nMICHAELA KERE\u0160OV\u00c1: Hist\u00f3ria S\u00fa\u013eovsk\u00e9ho hradu a jej myln\u00e9 interpret\u00e1cie<br \/>\nMARTINA BERN\u00c1TOV\u00c1: Vlastn\u00edctvo domov severov\u00fdchodnej \u010dasti Mari\u00e1nskeho n\u00e1mestia v \u017diline (domy \u010d. 5 \u2013 8)<br \/>\nKATAR\u00cdNA KENDROV\u00c1: Divadeln\u00e1 \u010dinnos\u0165 v Rosine<\/p>\n<p><strong>PR\u00cdSPEVKY Z KONFERENCIE \u201eV\u00ddSLEDKY NOV\u00ddCH ARCHEOLOGICK\u00ddCH V\u00ddSKUMOV NA STREDNOM SLOVENSKU\u201d, BYT\u010cA, 27. FEBRU\u00c1R 2025<\/strong><br \/>\nZUZANA STANEKOV\u00c1, DANKA MAJER\u010c\u00cdKOV\u00c1, MAREK BOTH: Predbe\u017en\u00e9 v\u00fdsledky archeologick\u00e9ho v\u00fdskumu ka\u0161tie\u013ea v Byt\u010di v rokoch 2023 \u2013 2024<br \/>\nZUZANA STANEKOV\u00c1, DANKA MAJER\u010c\u00cdKOV\u00c1, MAREK BOTH: Detektorov\u00fd prieskum vybran\u00fdch lokal\u00edt na Pova\u017e\u00ed<br \/>\nALEXANDER BOTO\u0160: Zaniknut\u00fd hrad Drienok (k. \u00fa. obce Rybn\u00edk, okres Rev\u00faca)<br \/>\nMARTIN MI\u0147O: Kontinuita vidieckeho os\u00eddlenia jednej parcely na pr\u00edklade n\u00e1lezu z Podbrezovej \u2013 Lopeja<br \/>\nMAREK BOTH, ZUZANA STANEKOV\u00c1: Archeologick\u00fd v\u00fdskum na hrade Zniev (okr. Martin). Sez\u00f3ny 2023 a 2024<\/p>\n<p><strong>R\u00d4ZNE<\/strong><br \/>\nKV\u011aTA KICKOV\u00c1: Spomienkov\u00fd medail\u00f3n Vikt\u00f3rie Urbanovej<br \/>\nREDAKCIA: \u010cinnos\u0165 Pova\u017esk\u00e9ho m\u00fazea v rokoch 2024 \u2013 2025<\/p>\n","protected":false},"excerpt":{"rendered":"<p>Dom\u00e1ci recenzovan\u00fd vedeck\u00fd zborn\u00edk, ktor\u00fd uverej\u0148uje v\u00fdsledky v\u00fdskumov v oblasti spolo\u010densk\u00fdch a pr\u00edrodn\u00fdch vied v regi\u00f3ne Horn\u00e9ho Pova\u017eia (okresy \u017dilina a Byt\u010da). (c) Pova\u017esk\u00e9 m\u00fazeum, 2025, ISBN:978-80-69080-03-4 m\u00e4kk\u00e1 v\u00e4zba, 220 s., form\u00e1t 16 x 23 cm. &nbsp; Obsah: SPOLO\u010cENSKOVEDN\u00c1 \u010cAS\u0164 MICHAELA KERE\u0160OV\u00c1: Hist\u00f3ria S\u00fa\u013eovsk\u00e9ho hradu a jej myln\u00e9 interpret\u00e1cie MARTINA BERN\u00c1TOV\u00c1: Vlastn\u00edctvo domov severov\u00fdchodnej \u010dasti [&hellip;]<\/p>\n","protected":false},"featured_media":77080,"template":"","meta":{"site-sidebar-layout":"default","site-content-layout":"","ast-site-content-layout":"default","site-content-style":"default","site-sidebar-style":"default","ast-global-header-display":"","ast-banner-title-visibility":"","ast-main-header-display":"","ast-hfb-above-header-display":"","ast-hfb-below-header-display":"","ast-hfb-mobile-header-display":"","site-post-title":"","ast-breadcrumbs-content":"","ast-featured-img":"","footer-sml-layout":"","theme-transparent-header-meta":"default","adv-header-id-meta":"","stick-header-meta":"default","header-above-stick-meta":"","header-main-stick-meta":"","header-below-stick-meta":"","astra-migrate-meta-layouts":"set","ast-page-background-enabled":"default","ast-page-background-meta":{"desktop":{"background-color":"var(--ast-global-color-4)","background-image":"","background-repeat":"repeat","background-position":"center center","background-size":"auto","background-attachment":"scroll","background-type":"","background-media":"","overlay-type":"","overlay-color":"","overlay-opacity":"","overlay-gradient":""},"tablet":{"background-color":"","background-image":"","background-repeat":"repeat","background-position":"center center","background-size":"auto","background-attachment":"scroll","background-type":"","background-media":"","overlay-type":"","overlay-color":"","overlay-opacity":"","overlay-gradient":""},"mobile":{"background-color":"","background-image":"","background-repeat":"repeat","background-position":"center center","background-size":"auto","background-attachment":"scroll","background-type":"","background-media":"","overlay-type":"","overlay-color":"","overlay-opacity":"","overlay-gradient":""}},"ast-content-background-meta":{"desktop":{"background-color":"var(--ast-global-color-5)","background-image":"","background-repeat":"repeat","background-position":"center center","background-size":"auto","background-attachment":"scroll","background-type":"","background-media":"","overlay-type":"","overlay-color":"","overlay-opacity":"","overlay-gradient":""},"tablet":{"background-color":"var(--ast-global-color-5)","background-image":"","background-repeat":"repeat","background-position":"center center","background-size":"auto","background-attachment":"scroll","background-type":"","background-media":"","overlay-type":"","overlay-color":"","overlay-opacity":"","overlay-gradient":""},"mobile":{"background-color":"var(--ast-global-color-5)","background-image":"","background-repeat":"repeat","background-position":"center center","background-size":"auto","background-attachment":"scroll","background-type":"","background-media":"","overlay-type":"","overlay-color":"","overlay-opacity":"","overlay-gradient":""}}},"product_cat":[22],"product_tag":[],"class_list":{"0":"post-77079","1":"product","2":"type-product","3":"status-publish","4":"has-post-thumbnail","6":"product_cat-vlastivedny-zbornik-povazia","7":"desktop-align-left","8":"tablet-align-left","9":"mobile-align-left","10":"ast-product-gallery-layout-horizontal-slider","11":"ast-magnify-disabled","12":"ast-product-tabs-layout-horizontal","14":"first","15":"instock","16":"shipping-taxable","17":"purchasable","18":"product-type-simple"},"yoast_head":"<!-- This site is optimized with the Yoast SEO plugin v27.4 - https:\/\/yoast.com\/product\/yoast-seo-wordpress\/ -->\n<title>Vlastivedn\u00fd zborn\u00edk Pova\u017eia XXXII - tla\u010den\u00e1 kniha - Pova\u017esk\u00e9 m\u00fazeum<\/title>\n<meta name=\"robots\" content=\"index, follow, max-snippet:-1, max-image-preview:large, max-video-preview:-1\" \/>\n<link rel=\"canonical\" href=\"https:\/\/pmza.sk\/?product=vlastivedny-zbornik-povazia-xxxii-tlacena-kniha\" \/>\n<meta property=\"og:locale\" content=\"sk_SK\" \/>\n<meta property=\"og:type\" content=\"article\" \/>\n<meta property=\"og:title\" content=\"Vlastivedn\u00fd zborn\u00edk Pova\u017eia XXXII - tla\u010den\u00e1 kniha - Pova\u017esk\u00e9 m\u00fazeum\" \/>\n<meta property=\"og:description\" content=\"Dom\u00e1ci recenzovan\u00fd vedeck\u00fd zborn\u00edk, ktor\u00fd uverej\u0148uje v\u00fdsledky v\u00fdskumov v oblasti spolo\u010densk\u00fdch a pr\u00edrodn\u00fdch vied v regi\u00f3ne Horn\u00e9ho Pova\u017eia (okresy \u017dilina a Byt\u010da). (c) Pova\u017esk\u00e9 m\u00fazeum, 2025, ISBN:978-80-69080-03-4 m\u00e4kk\u00e1 v\u00e4zba, 220 s., form\u00e1t 16 x 23 cm. &nbsp; Obsah: SPOLO\u010cENSKOVEDN\u00c1 \u010cAS\u0164 MICHAELA KERE\u0160OV\u00c1: Hist\u00f3ria S\u00fa\u013eovsk\u00e9ho hradu a jej myln\u00e9 interpret\u00e1cie MARTINA BERN\u00c1TOV\u00c1: Vlastn\u00edctvo domov severov\u00fdchodnej \u010dasti [&hellip;]\" \/>\n<meta property=\"og:url\" content=\"https:\/\/pmza.sk\/?product=vlastivedny-zbornik-povazia-xxxii-tlacena-kniha\" \/>\n<meta property=\"og:site_name\" content=\"Pova\u017esk\u00e9 m\u00fazeum\" \/>\n<meta property=\"article:publisher\" content=\"https:\/\/www.facebook.com\/povazskemuzeum\" \/>\n<meta property=\"article:modified_time\" content=\"2026-04-08T06:58:51+00:00\" \/>\n<meta property=\"og:image\" content=\"https:\/\/pmza.sk\/wp-content\/uploads\/2026\/04\/VZP-XXXII-1.jpg\" \/>\n\t<meta property=\"og:image:width\" content=\"573\" \/>\n\t<meta property=\"og:image:height\" content=\"826\" \/>\n\t<meta property=\"og:image:type\" content=\"image\/jpeg\" \/>\n<meta name=\"twitter:card\" content=\"summary_large_image\" \/>\n<meta name=\"twitter:label1\" content=\"Predpokladan\u00fd \u010das \u010d\u00edtania\" \/>\n\t<meta name=\"twitter:data1\" content=\"1 min\u00fata\" \/>\n<script type=\"application\/ld+json\" class=\"yoast-schema-graph\">{\"@context\":\"https:\\\/\\\/schema.org\",\"@graph\":[{\"@type\":\"WebPage\",\"@id\":\"https:\\\/\\\/pmza.sk\\\/?product=vlastivedny-zbornik-povazia-xxxii-tlacena-kniha\",\"url\":\"https:\\\/\\\/pmza.sk\\\/?product=vlastivedny-zbornik-povazia-xxxii-tlacena-kniha\",\"name\":\"Vlastivedn\u00fd zborn\u00edk Pova\u017eia XXXII - tla\u010den\u00e1 kniha - Pova\u017esk\u00e9 m\u00fazeum\",\"isPartOf\":{\"@id\":\"https:\\\/\\\/pmza.sk\\\/#website\"},\"primaryImageOfPage\":{\"@id\":\"https:\\\/\\\/pmza.sk\\\/?product=vlastivedny-zbornik-povazia-xxxii-tlacena-kniha#primaryimage\"},\"image\":{\"@id\":\"https:\\\/\\\/pmza.sk\\\/?product=vlastivedny-zbornik-povazia-xxxii-tlacena-kniha#primaryimage\"},\"thumbnailUrl\":\"https:\\\/\\\/pmza.sk\\\/wp-content\\\/uploads\\\/2026\\\/04\\\/VZP-XXXII-1.jpg\",\"datePublished\":\"2026-04-08T06:58:06+00:00\",\"dateModified\":\"2026-04-08T06:58:51+00:00\",\"breadcrumb\":{\"@id\":\"https:\\\/\\\/pmza.sk\\\/?product=vlastivedny-zbornik-povazia-xxxii-tlacena-kniha#breadcrumb\"},\"inLanguage\":\"sk-SK\",\"potentialAction\":[{\"@type\":\"ReadAction\",\"target\":[\"https:\\\/\\\/pmza.sk\\\/?product=vlastivedny-zbornik-povazia-xxxii-tlacena-kniha\"]}]},{\"@type\":\"ImageObject\",\"inLanguage\":\"sk-SK\",\"@id\":\"https:\\\/\\\/pmza.sk\\\/?product=vlastivedny-zbornik-povazia-xxxii-tlacena-kniha#primaryimage\",\"url\":\"https:\\\/\\\/pmza.sk\\\/wp-content\\\/uploads\\\/2026\\\/04\\\/VZP-XXXII-1.jpg\",\"contentUrl\":\"https:\\\/\\\/pmza.sk\\\/wp-content\\\/uploads\\\/2026\\\/04\\\/VZP-XXXII-1.jpg\",\"width\":573,\"height\":826},{\"@type\":\"BreadcrumbList\",\"@id\":\"https:\\\/\\\/pmza.sk\\\/?product=vlastivedny-zbornik-povazia-xxxii-tlacena-kniha#breadcrumb\",\"itemListElement\":[{\"@type\":\"ListItem\",\"position\":1,\"name\":\"Domovsk\u00e1 str\u00e1nka\",\"item\":\"https:\\\/\\\/pmza.sk\\\/\"},{\"@type\":\"ListItem\",\"position\":2,\"name\":\"Obchod\",\"item\":\"https:\\\/\\\/pmza.sk\\\/?page_id=7\"},{\"@type\":\"ListItem\",\"position\":3,\"name\":\"Vlastivedn\u00fd zborn\u00edk Pova\u017eia XXXII &#8211; tla\u010den\u00e1 kniha\"}]},{\"@type\":\"WebSite\",\"@id\":\"https:\\\/\\\/pmza.sk\\\/#website\",\"url\":\"https:\\\/\\\/pmza.sk\\\/\",\"name\":\"Pova\u017esk\u00e9 m\u00fazeum\",\"description\":\"Pova\u017esk\u00e9 m\u00fazeum v \u017diline je region\u00e1lne m\u00fazeum so s\u00eddlom v Budat\u00edne. Jeho expoz\u00edcie s\u00fa zameran\u00e9 na dejiny slovensk\u00e9ho umenia, kult\u00fary a dopravy.\",\"publisher\":{\"@id\":\"https:\\\/\\\/pmza.sk\\\/#organization\"},\"potentialAction\":[{\"@type\":\"SearchAction\",\"target\":{\"@type\":\"EntryPoint\",\"urlTemplate\":\"https:\\\/\\\/pmza.sk\\\/?s={search_term_string}\"},\"query-input\":{\"@type\":\"PropertyValueSpecification\",\"valueRequired\":true,\"valueName\":\"search_term_string\"}}],\"inLanguage\":\"sk-SK\"},{\"@type\":\"Organization\",\"@id\":\"https:\\\/\\\/pmza.sk\\\/#organization\",\"name\":\"Pova\u017esk\u00e9 m\u00fazeum\",\"url\":\"https:\\\/\\\/pmza.sk\\\/\",\"logo\":{\"@type\":\"ImageObject\",\"inLanguage\":\"sk-SK\",\"@id\":\"https:\\\/\\\/pmza.sk\\\/#\\\/schema\\\/logo\\\/image\\\/\",\"url\":\"https:\\\/\\\/pmza.sk\\\/wp-content\\\/uploads\\\/2022\\\/01\\\/logo_PM_horizontal.jpg\",\"contentUrl\":\"https:\\\/\\\/pmza.sk\\\/wp-content\\\/uploads\\\/2022\\\/01\\\/logo_PM_horizontal.jpg\",\"width\":231,\"height\":142,\"caption\":\"Pova\u017esk\u00e9 m\u00fazeum\"},\"image\":{\"@id\":\"https:\\\/\\\/pmza.sk\\\/#\\\/schema\\\/logo\\\/image\\\/\"},\"sameAs\":[\"https:\\\/\\\/www.facebook.com\\\/povazskemuzeum\",\"https:\\\/\\\/www.instagram.com\\\/povazskemuzeum\\\/\"]}]}<\/script>\n<!-- \/ Yoast SEO plugin. -->","yoast_head_json":{"title":"Vlastivedn\u00fd zborn\u00edk Pova\u017eia XXXII - tla\u010den\u00e1 kniha - Pova\u017esk\u00e9 m\u00fazeum","robots":{"index":"index","follow":"follow","max-snippet":"max-snippet:-1","max-image-preview":"max-image-preview:large","max-video-preview":"max-video-preview:-1"},"canonical":"https:\/\/pmza.sk\/?product=vlastivedny-zbornik-povazia-xxxii-tlacena-kniha","og_locale":"sk_SK","og_type":"article","og_title":"Vlastivedn\u00fd zborn\u00edk Pova\u017eia XXXII - tla\u010den\u00e1 kniha - Pova\u017esk\u00e9 m\u00fazeum","og_description":"Dom\u00e1ci recenzovan\u00fd vedeck\u00fd zborn\u00edk, ktor\u00fd uverej\u0148uje v\u00fdsledky v\u00fdskumov v oblasti spolo\u010densk\u00fdch a pr\u00edrodn\u00fdch vied v regi\u00f3ne Horn\u00e9ho Pova\u017eia (okresy \u017dilina a Byt\u010da). (c) Pova\u017esk\u00e9 m\u00fazeum, 2025, ISBN:978-80-69080-03-4 m\u00e4kk\u00e1 v\u00e4zba, 220 s., form\u00e1t 16 x 23 cm. &nbsp; Obsah: SPOLO\u010cENSKOVEDN\u00c1 \u010cAS\u0164 MICHAELA KERE\u0160OV\u00c1: Hist\u00f3ria S\u00fa\u013eovsk\u00e9ho hradu a jej myln\u00e9 interpret\u00e1cie MARTINA BERN\u00c1TOV\u00c1: Vlastn\u00edctvo domov severov\u00fdchodnej \u010dasti [&hellip;]","og_url":"https:\/\/pmza.sk\/?product=vlastivedny-zbornik-povazia-xxxii-tlacena-kniha","og_site_name":"Pova\u017esk\u00e9 m\u00fazeum","article_publisher":"https:\/\/www.facebook.com\/povazskemuzeum","article_modified_time":"2026-04-08T06:58:51+00:00","og_image":[{"width":573,"height":826,"url":"https:\/\/pmza.sk\/wp-content\/uploads\/2026\/04\/VZP-XXXII-1.jpg","type":"image\/jpeg"}],"twitter_card":"summary_large_image","twitter_misc":{"Predpokladan\u00fd \u010das \u010d\u00edtania":"1 min\u00fata"},"schema":{"@context":"https:\/\/schema.org","@graph":[{"@type":"WebPage","@id":"https:\/\/pmza.sk\/?product=vlastivedny-zbornik-povazia-xxxii-tlacena-kniha","url":"https:\/\/pmza.sk\/?product=vlastivedny-zbornik-povazia-xxxii-tlacena-kniha","name":"Vlastivedn\u00fd zborn\u00edk Pova\u017eia XXXII - tla\u010den\u00e1 kniha - Pova\u017esk\u00e9 m\u00fazeum","isPartOf":{"@id":"https:\/\/pmza.sk\/#website"},"primaryImageOfPage":{"@id":"https:\/\/pmza.sk\/?product=vlastivedny-zbornik-povazia-xxxii-tlacena-kniha#primaryimage"},"image":{"@id":"https:\/\/pmza.sk\/?product=vlastivedny-zbornik-povazia-xxxii-tlacena-kniha#primaryimage"},"thumbnailUrl":"https:\/\/pmza.sk\/wp-content\/uploads\/2026\/04\/VZP-XXXII-1.jpg","datePublished":"2026-04-08T06:58:06+00:00","dateModified":"2026-04-08T06:58:51+00:00","breadcrumb":{"@id":"https:\/\/pmza.sk\/?product=vlastivedny-zbornik-povazia-xxxii-tlacena-kniha#breadcrumb"},"inLanguage":"sk-SK","potentialAction":[{"@type":"ReadAction","target":["https:\/\/pmza.sk\/?product=vlastivedny-zbornik-povazia-xxxii-tlacena-kniha"]}]},{"@type":"ImageObject","inLanguage":"sk-SK","@id":"https:\/\/pmza.sk\/?product=vlastivedny-zbornik-povazia-xxxii-tlacena-kniha#primaryimage","url":"https:\/\/pmza.sk\/wp-content\/uploads\/2026\/04\/VZP-XXXII-1.jpg","contentUrl":"https:\/\/pmza.sk\/wp-content\/uploads\/2026\/04\/VZP-XXXII-1.jpg","width":573,"height":826},{"@type":"BreadcrumbList","@id":"https:\/\/pmza.sk\/?product=vlastivedny-zbornik-povazia-xxxii-tlacena-kniha#breadcrumb","itemListElement":[{"@type":"ListItem","position":1,"name":"Domovsk\u00e1 str\u00e1nka","item":"https:\/\/pmza.sk\/"},{"@type":"ListItem","position":2,"name":"Obchod","item":"https:\/\/pmza.sk\/?page_id=7"},{"@type":"ListItem","position":3,"name":"Vlastivedn\u00fd zborn\u00edk Pova\u017eia XXXII &#8211; tla\u010den\u00e1 kniha"}]},{"@type":"WebSite","@id":"https:\/\/pmza.sk\/#website","url":"https:\/\/pmza.sk\/","name":"Pova\u017esk\u00e9 m\u00fazeum","description":"Pova\u017esk\u00e9 m\u00fazeum v \u017diline je region\u00e1lne m\u00fazeum so s\u00eddlom v Budat\u00edne. Jeho expoz\u00edcie s\u00fa zameran\u00e9 na dejiny slovensk\u00e9ho umenia, kult\u00fary a dopravy.","publisher":{"@id":"https:\/\/pmza.sk\/#organization"},"potentialAction":[{"@type":"SearchAction","target":{"@type":"EntryPoint","urlTemplate":"https:\/\/pmza.sk\/?s={search_term_string}"},"query-input":{"@type":"PropertyValueSpecification","valueRequired":true,"valueName":"search_term_string"}}],"inLanguage":"sk-SK"},{"@type":"Organization","@id":"https:\/\/pmza.sk\/#organization","name":"Pova\u017esk\u00e9 m\u00fazeum","url":"https:\/\/pmza.sk\/","logo":{"@type":"ImageObject","inLanguage":"sk-SK","@id":"https:\/\/pmza.sk\/#\/schema\/logo\/image\/","url":"https:\/\/pmza.sk\/wp-content\/uploads\/2022\/01\/logo_PM_horizontal.jpg","contentUrl":"https:\/\/pmza.sk\/wp-content\/uploads\/2022\/01\/logo_PM_horizontal.jpg","width":231,"height":142,"caption":"Pova\u017esk\u00e9 m\u00fazeum"},"image":{"@id":"https:\/\/pmza.sk\/#\/schema\/logo\/image\/"},"sameAs":["https:\/\/www.facebook.com\/povazskemuzeum","https:\/\/www.instagram.com\/povazskemuzeum\/"]}]}},"_links":{"self":[{"href":"https:\/\/pmza.sk\/index.php?rest_route=\/wp\/v2\/product\/77079","targetHints":{"allow":["GET"]}}],"collection":[{"href":"https:\/\/pmza.sk\/index.php?rest_route=\/wp\/v2\/product"}],"about":[{"href":"https:\/\/pmza.sk\/index.php?rest_route=\/wp\/v2\/types\/product"}],"wp:featuredmedia":[{"embeddable":true,"href":"https:\/\/pmza.sk\/index.php?rest_route=\/wp\/v2\/media\/77080"}],"wp:attachment":[{"href":"https:\/\/pmza.sk\/index.php?rest_route=%2Fwp%2Fv2%2Fmedia&parent=77079"}],"wp:term":[{"taxonomy":"product_cat","embeddable":true,"href":"https:\/\/pmza.sk\/index.php?rest_route=%2Fwp%2Fv2%2Fproduct_cat&post=77079"},{"taxonomy":"product_tag","embeddable":true,"href":"https:\/\/pmza.sk\/index.php?rest_route=%2Fwp%2Fv2%2Fproduct_tag&post=77079"}],"curies":[{"name":"wp","href":"https:\/\/api.w.org\/{rel}","templated":true}]}}